{"id":881,"date":"2019-11-24T09:01:15","date_gmt":"2019-11-24T08:01:15","guid":{"rendered":"http:\/\/paroisses-vic-bigorre.com\/?page_id=881"},"modified":"2024-06-19T13:06:30","modified_gmt":"2024-06-19T11:06:30","slug":"servants-dautel","status":"publish","type":"page","link":"https:\/\/paroisses-vic-bigorre.fr\/?page_id=881","title":{"rendered":"Servants &#038; servantes  de messe"},"content":{"rendered":"<p style=\"text-align: center;\">\n<p><img loading=\"lazy\" decoding=\"async\" class=\"alignnone size-medium wp-image-14220 aligncenter\" src=\"https:\/\/paroisses-vic-bigorre.fr\/wp-content\/uploads\/2024\/06\/Servants-1-300x225.jpg\" alt=\"\" width=\"300\" height=\"225\" srcset=\"https:\/\/paroisses-vic-bigorre.fr\/wp-content\/uploads\/2024\/06\/Servants-1-300x225.jpg 300w, https:\/\/paroisses-vic-bigorre.fr\/wp-content\/uploads\/2024\/06\/Servants-1-150x113.jpg 150w, https:\/\/paroisses-vic-bigorre.fr\/wp-content\/uploads\/2024\/06\/Servants-1-373x280.jpg 373w, https:\/\/paroisses-vic-bigorre.fr\/wp-content\/uploads\/2024\/06\/Servants-1.jpg 600w\" sizes=\"auto, (max-width: 300px) 100vw, 300px\" \/><\/p>\n<p style=\"text-align: justify;\">les servants d&rsquo;autel (traditionnellement appel\u00e9s \u00ab\u00a0enfants de ch\u0153ur\u00a0\u00bb, <span style=\"font-family: Calibri, Arian, sans-serif;\">et de filles servantes d&rsquo;assembl\u00e9e contribuent aux c\u00e9r\u00e9monies de notre \u00e9lise.<\/span><\/p>\n<p style=\"text-align: justify;\">Les servants d&rsquo;autel assistent le pr\u00eatre dans le ch\u0153ur,\u00a0 lors de la c\u00e9l\u00e9bration des messes dominicales : <a title=\"\" href=\"https:\/\/fr.wikipedia.org\/wiki\/C%C3%A9r%C3%A9moniaire\">c\u00e9r\u00e9moniaire<\/a> ,\u00a0<a title=\"Thurif\u00e9raire\" href=\"https:\/\/fr.wikipedia.org\/wiki\/Thurif%C3%A9raire\">thurif\u00e9raire, \u00a0<\/a><a title=\"\" href=\"https:\/\/fr.wikipedia.org\/wiki\/Naviculaire\">naviculaire<\/a>, <a title=\"\" href=\"https:\/\/fr.wikipedia.org\/wiki\/Acolyte\">acolytes<\/a><a title=\"Thurif\u00e9raire\" href=\"https:\/\/fr.wikipedia.org\/wiki\/Thurif%C3%A9raire\"> , <\/a><a title=\"\" href=\"https:\/\/fr.wikipedia.org\/wiki\/C%C3%A9rof%C3%A9raire\">c\u00e9rof\u00e9raires<\/a><a title=\"Thurif\u00e9raire\" href=\"https:\/\/fr.wikipedia.org\/wiki\/Thurif%C3%A9raire\"> , <\/a><a title=\"\" href=\"https:\/\/fr.wikipedia.org\/wiki\/Crucif%C3%A9raire\">crucif\u00e9raire<\/a><a title=\"Thurif\u00e9raire\" href=\"https:\/\/fr.wikipedia.org\/wiki\/Thurif%C3%A9raire\"> &#8230; <\/a> Les plus grands peuvent assurer des lectures ou distribuer la communion.<\/p>\n<p style=\"text-align: justify;\">Les servantes d&rsquo;assembl\u00e9e : distribuent les feuilles de chants, lors des grandes f\u00eates accompagnent si besoin les paroissiens \u00e0 trouver une place, porte la lumi\u00e8re a l&rsquo;\u00e9vangile, diffusent le geste de paix, assurent la procession des offrandes et de\u00a0 communion, pour les plus grandes :\u00a0 lecture.<\/p>\n<p style=\"text-align: justify;\">Tout enfant d\u00e9sireux d&rsquo;\u00eatre enfants de ch\u0153ur ou servantes d&rsquo;assembl\u00e9e doit avoir au moins 6 ans, l&rsquo;envie d&rsquo;apprendre et d&rsquo;\u00eatre au service des autres.<\/p>\n<h5 style=\"text-align: center;\"><span style=\"color: #008000;\"><a style=\"color: #008000;\" href=\"https:\/\/fr.wikipedia.org\/wiki\/Servant_d%27autel\" target=\"_blank\" rel=\"noopener noreferrer\"><span style=\"text-decoration: underline;\">En savoir plus, sur les fonctions de servants d&rsquo;aute<\/span><\/a>l<\/span><\/h5>\n<h5 style=\"text-align: center;\"><span style=\"color: #008000;\"><a style=\"color: #008000;\" href=\"https:\/\/fr.aleteia.org\/2017\/09\/08\/cinq-bonnes-raisons-de-devenir-enfant-de-choeur\/\" target=\"_blank\" rel=\"noopener noreferrer\"><span style=\"text-decoration: underline;\">Cinq bonnes raisons d&rsquo;\u00eatre enfant de choeur &#8211; site ALETEIA<\/span><\/a><\/span><\/h5>\n<p style=\"text-align: center;\"><img loading=\"lazy\" decoding=\"async\" class=\"alignnone size-medium wp-image-1006\" src=\"http:\/\/paroisses-vic-bigorre.com\/wp-content\/uploads\/2019\/11\/Servants-1-500x375.jpg\" alt=\"\" width=\"500\" height=\"375\" \/><\/p>\n<p style=\"text-align: center;\">contact : 05 62 37 90 13<\/p>\n","protected":false},"excerpt":{"rendered":"<p>les servants d&rsquo;autel (traditionnellement appel\u00e9s \u00ab\u00a0enfants de ch\u0153ur\u00a0\u00bb, et de filles servantes d&rsquo;assembl\u00e9e contribuent aux c\u00e9r\u00e9monies de notre \u00e9lise. Les servants d&rsquo;autel assistent le pr\u00eatre dans le ch\u0153ur,\u00a0 lors de&#8230;<\/p>\n<p> <a class=\"continue-reading-link\" href=\"https:\/\/paroisses-vic-bigorre.fr\/?page_id=881\"><span>LIRE LA SUITE<\/span><i class=\"crycon-right-dir\"><\/i><\/a> <\/p>\n","protected":false},"author":2,"featured_media":0,"parent":0,"menu_order":0,"comment_status":"closed","ping_status":"closed","template":"","meta":{"footnotes":""},"class_list":["post-881","page","type-page","status-publish","hentry"],"jetpack_sharing_enabled":true,"_links":{"self":[{"href":"https:\/\/paroisses-vic-bigorre.fr\/index.php?rest_route=\/wp\/v2\/pages\/881","targetHints":{"allow":["GET"]}}],"collection":[{"href":"https:\/\/paroisses-vic-bigorre.fr\/index.php?rest_route=\/wp\/v2\/pages"}],"about":[{"href":"https:\/\/paroisses-vic-bigorre.fr\/index.php?rest_route=\/wp\/v2\/types\/page"}],"author":[{"embeddable":true,"href":"https:\/\/paroisses-vic-bigorre.fr\/index.php?rest_route=\/wp\/v2\/users\/2"}],"replies":[{"embeddable":true,"href":"https:\/\/paroisses-vic-bigorre.fr\/index.php?rest_route=%2Fwp%2Fv2%2Fcomments&post=881"}],"version-history":[{"count":2,"href":"https:\/\/paroisses-vic-bigorre.fr\/index.php?rest_route=\/wp\/v2\/pages\/881\/revisions"}],"predecessor-version":[{"id":14221,"href":"https:\/\/paroisses-vic-bigorre.fr\/index.php?rest_route=\/wp\/v2\/pages\/881\/revisions\/14221"}],"wp:attachment":[{"href":"https:\/\/paroisses-vic-bigorre.fr\/index.php?rest_route=%2Fwp%2Fv2%2Fmedia&parent=881"}],"curies":[{"name":"wp","href":"https:\/\/api.w.org\/{rel}","templated":true}]}}