{"id":86,"date":"2019-11-15T20:45:34","date_gmt":"2019-11-15T19:45:34","guid":{"rendered":"http:\/\/paroisses-vic-bigorre.com\/?page_id=86"},"modified":"2026-01-02T12:26:18","modified_gmt":"2026-01-02T11:26:18","slug":"les-messes","status":"publish","type":"page","link":"https:\/\/paroisses-vic-bigorre.fr\/?page_id=86","title":{"rendered":"Culte et sacrements"},"content":{"rendered":"<p><strong><span style=\"text-decoration: underline;\">D\u00e9finition<\/span><\/strong><\/p>\n<p style=\"text-align: justify;\">Le culte est un ensemble de pratiques d&rsquo;hommage ou de v\u00e9n\u00e9ration rendu par un groupe \u00e0 une divinit\u00e9, un \u00eatre vivant mythique ou r\u00e9el, un inanim\u00e9 ou un ph\u00e9nom\u00e8ne \u00e0 qui ce groupe reconna\u00eet une dimension \u00ab de sup\u00e9riorit\u00e9, d&rsquo;excellence ou de sacr\u00e9 \u00bb et attribue des qualit\u00e9s remarquables ou exceptionnelles qui peuvent \u00eatre consid\u00e9r\u00e9es comme exemplaires. Le culte est un des \u00e9l\u00e9ments des religions.<\/p>\n","protected":false},"excerpt":{"rendered":"<p>D\u00e9finition Le culte est un ensemble de pratiques d&rsquo;hommage ou de v\u00e9n\u00e9ration rendu par un groupe \u00e0 une divinit\u00e9, un \u00eatre vivant mythique ou r\u00e9el, un inanim\u00e9 ou un ph\u00e9nom\u00e8ne&#8230;<\/p>\n<p> <a class=\"continue-reading-link\" href=\"https:\/\/paroisses-vic-bigorre.fr\/?page_id=86\"><span>LIRE LA SUITE<\/span><i class=\"crycon-right-dir\"><\/i><\/a> <\/p>\n","protected":false},"author":2,"featured_media":0,"parent":0,"menu_order":0,"comment_status":"closed","ping_status":"closed","template":"","meta":{"footnotes":""},"class_list":["post-86","page","type-page","status-publish","hentry"],"jetpack_sharing_enabled":true,"_links":{"self":[{"href":"https:\/\/paroisses-vic-bigorre.fr\/index.php?rest_route=\/wp\/v2\/pages\/86","targetHints":{"allow":["GET"]}}],"collection":[{"href":"https:\/\/paroisses-vic-bigorre.fr\/index.php?rest_route=\/wp\/v2\/pages"}],"about":[{"href":"https:\/\/paroisses-vic-bigorre.fr\/index.php?rest_route=\/wp\/v2\/types\/page"}],"author":[{"embeddable":true,"href":"https:\/\/paroisses-vic-bigorre.fr\/index.php?rest_route=\/wp\/v2\/users\/2"}],"replies":[{"embeddable":true,"href":"https:\/\/paroisses-vic-bigorre.fr\/index.php?rest_route=%2Fwp%2Fv2%2Fcomments&post=86"}],"version-history":[{"count":1,"href":"https:\/\/paroisses-vic-bigorre.fr\/index.php?rest_route=\/wp\/v2\/pages\/86\/revisions"}],"predecessor-version":[{"id":13917,"href":"https:\/\/paroisses-vic-bigorre.fr\/index.php?rest_route=\/wp\/v2\/pages\/86\/revisions\/13917"}],"wp:attachment":[{"href":"https:\/\/paroisses-vic-bigorre.fr\/index.php?rest_route=%2Fwp%2Fv2%2Fmedia&parent=86"}],"curies":[{"name":"wp","href":"https:\/\/api.w.org\/{rel}","templated":true}]}}