{"id":836,"date":"2019-11-23T15:11:50","date_gmt":"2019-11-23T14:11:50","guid":{"rendered":"http:\/\/paroisses-vic-bigorre.com\/?page_id=836"},"modified":"2026-01-28T23:30:53","modified_gmt":"2026-01-28T22:30:53","slug":"marsac-2","status":"publish","type":"page","link":"https:\/\/paroisses-vic-bigorre.fr\/?page_id=836","title":{"rendered":"Marsac : \u00e9glise St-Andr\u00e9"},"content":{"rendered":"<p><img loading=\"lazy\" decoding=\"async\" class=\"aligncenter\" src=\"https:\/\/upload.wikimedia.org\/wikipedia\/commons\/thumb\/0\/05\/Blason_ville_fr_Marsac_%2865%29.svg\/545px-Blason_ville_fr_Marsac_%2865%29.svg.png\" alt=\"Fichier:Blason ville fr Marsac (65).svg\" width=\"138\" height=\"152\" \/><\/p>\n<h4 style=\"text-align: center;\"><span style=\"color: #ff6600;\"><strong style=\"font-size: 1.025em;\">La Commune<\/strong><\/span><\/h4>\n<p style=\"text-align: right;\"><em>235 habitants (2023)<\/em><\/p>\n<p style=\"text-align: justify;\">Le village de Marsac est implant\u00e9 au bord de l&rsquo;Adour qui le s\u00e9pare de Tostat. Il dispose d&rsquo;une vue d\u00e9gag\u00e9e sur la cha\u00eene des Pyr\u00e9n\u00e9es. L&rsquo;habitat est group\u00e9e autour de l&rsquo;\u00e9glise et des deux axes de circulation. Au carrefour central, un grand b\u00e2timent abrite la mairie, l&rsquo;\u00e9cole et un logement de fonction.<\/p>\n<h5 style=\"text-align: center;\"><strong><span style=\"color: #ff6600;\">L<\/span><\/strong><\/h5>\n<h4 style=\"text-align: center;\"><strong><span style=\"color: #ff6600;\">L&rsquo;\u00e9glise Saint-Andr\u00e9<\/span><\/strong><\/h4>\n<p><a href=\"https:\/\/paroisses-vic-bigorre.fr\/wp-content\/uploads\/2024\/06\/Marsac-1.jpg\"><img loading=\"lazy\" decoding=\"async\" class=\"wp-image-14017 size-medium aligncenter\" src=\"https:\/\/paroisses-vic-bigorre.fr\/wp-content\/uploads\/2024\/06\/Marsac-1-235x300.jpg\" alt=\"\" width=\"235\" height=\"300\" srcset=\"https:\/\/paroisses-vic-bigorre.fr\/wp-content\/uploads\/2024\/06\/Marsac-1-235x300.jpg 235w, https:\/\/paroisses-vic-bigorre.fr\/wp-content\/uploads\/2024\/06\/Marsac-1-117x150.jpg 117w, https:\/\/paroisses-vic-bigorre.fr\/wp-content\/uploads\/2024\/06\/Marsac-1-219x280.jpg 219w, https:\/\/paroisses-vic-bigorre.fr\/wp-content\/uploads\/2024\/06\/Marsac-1.jpg 398w\" sizes=\"auto, (max-width: 235px) 100vw, 235px\" \/><\/a><\/p>\n<p style=\"text-align: justify;\">Elle a \u00e9t\u00e9 construite en 1882 en remplacement d&rsquo;une \u00e9glise incendi\u00e9e. Apr\u00e8s bien des discussions, l&rsquo;\u00e9difice a \u00e9t\u00e9 b\u00e2ti au centre d&rsquo;un petit parc. Elle a \u00e9t\u00e9 dot\u00e9e \u00e0 la fin du XXe si\u00e8cle,\u00a0 d&rsquo;une horloge pr\u00e9vue pour l&rsquo;ancienne \u00e9glise mais qui n&rsquo;avait jamais pu \u00eatre financ\u00e9e. L&rsquo;int\u00e9rieur comporte un ch\u0153ur et une chaire sculpt\u00e9e.\u00a0A noter que le seul Monument aux morts de la commune est install\u00e9 \u00e0 l&rsquo;int\u00e9rieur de l&rsquo;\u00e9glise, ce qui est rarisssime.<\/p>\n<p><img loading=\"lazy\" decoding=\"async\" class=\"size-medium wp-image-13948 aligncenter\" src=\"https:\/\/paroisses-vic-bigorre.fr\/wp-content\/uploads\/2024\/06\/Marsac-eglise-int-300x200.jpg\" alt=\"\" width=\"300\" height=\"200\" srcset=\"https:\/\/paroisses-vic-bigorre.fr\/wp-content\/uploads\/2024\/06\/Marsac-eglise-int-300x200.jpg 300w, https:\/\/paroisses-vic-bigorre.fr\/wp-content\/uploads\/2024\/06\/Marsac-eglise-int-1024x683.jpg 1024w, https:\/\/paroisses-vic-bigorre.fr\/wp-content\/uploads\/2024\/06\/Marsac-eglise-int-768x512.jpg 768w, https:\/\/paroisses-vic-bigorre.fr\/wp-content\/uploads\/2024\/06\/Marsac-eglise-int-1536x1024.jpg 1536w, https:\/\/paroisses-vic-bigorre.fr\/wp-content\/uploads\/2024\/06\/Marsac-eglise-int-2048x1365.jpg 2048w, https:\/\/paroisses-vic-bigorre.fr\/wp-content\/uploads\/2024\/06\/Marsac-eglise-int-150x100.jpg 150w, https:\/\/paroisses-vic-bigorre.fr\/wp-content\/uploads\/2024\/06\/Marsac-eglise-int-420x280.jpg 420w\" sizes=\"auto, (max-width: 300px) 100vw, 300px\" \/><\/p>\n<h5 style=\"text-align: center;\"><strong><span style=\"color: #ff6600;\">Saint-Andr\u00e9 Ap\u00f4tre<\/span><\/strong><\/h5>\n<p style=\"text-align: justify;\">Originaire de Bethsa\u00efde en Galil\u00e9e, sur les bords du lac de Tib\u00e9riade. Avec son fr\u00e8re Pierre, il vivait de la p\u00eache. C&rsquo;\u00e9tait un assoiff\u00e9 de Dieu. Il avait entendu la pr\u00e9dication de Jean le Baptiste, avait sans doute re\u00e7u son bapt\u00eame de p\u00e9nitence et \u00e9tait devenu l&rsquo;un de ses disciples. Il avait su discerner l&rsquo;exacte mission de Jean. Aussi, quand il l&rsquo;entendit d\u00e9signer J\u00e9sus: \u00a0\u00bb Voici l&rsquo;agneau de Dieu \u00ab\u00a0, il le suivit pour ne plus le quitter. D\u00e8s cet appel, Andr\u00e9 devient ap\u00f4tre, avant m\u00eame d&rsquo;en avoir re\u00e7u le titre. Il rencontre son fr\u00e8re Pierre et l&rsquo;am\u00e8ne \u00e0 J\u00e9sus. Il est l&rsquo;homme qui sait nouer des contacts. Lors de la multiplication des pains, c&rsquo;est Andr\u00e9 qui am\u00e8ne le jeune gar\u00e7on portant ses cinq pains et ses deux poissons. Quand des Grecs veulent rencontrer J\u00e9sus, c&rsquo;est \u00e0 lui qu&rsquo;ils s&rsquo;adressent tout naturellement. Saint Andr\u00e9, cath\u00e9drale de BordeauxDes sources tardives font \u00e9tat de son supplice \u00e0 Patras en Gr\u00e8ce. Au IVe si\u00e8cle, ses reliques furent transf\u00e9r\u00e9es \u00e0 Constantinople. Une importante relique, qui avait \u00e9t\u00e9 d\u00e9pos\u00e9e au XVe si\u00e8cle au Vatican, fut restitu\u00e9e en 1966 aux Orientaux en signe de la volont\u00e9 de communion entre l&rsquo;\u00c9glise de Rome et les patriarcats orientaux. L&rsquo;Ukraine voudrait qu&rsquo;il ait \u00e9t\u00e9 le premier \u00e9vang\u00e9lisateur de Kiev et l&rsquo;\u00c9cosse l&rsquo;a choisi comme patron national.<br \/>\nLe 30 novembre 2009, comme chaque ann\u00e9e, le Saint-P\u00e8re a adress\u00e9 un message au Patriarche \u0153cum\u00e9nique de Constantinople \u00e0 l&rsquo;occasion de la f\u00eate de saint Andr\u00e9, remis \u00e0 SS Barth\u00e9l\u00e9my I par le Cardinal Kasper, qui conduit la d\u00e9l\u00e9gation romaine \u00e0 Istanbul. Il y rappelle que la comm\u00e9moration du patron de ce patriarcat, fr\u00e8re de saint Pierre, \u00ab\u00a0doit encourager tous les chr\u00e9tiens \u00e0 r\u00e9pondre aux grands enjeux du moment, aux probl\u00e8mes de plus en plus complexes qui se posent \u00e0 la chr\u00e9tient\u00e9\u00a0\u00bb. Nos Eglises, \u00e9crit Beno\u00eet XVI, \u00ab\u00a0se sont engag\u00e9es depuis plusieurs d\u00e9cades dans la voie du r\u00e9tablissement de la pleine communion. Et m\u00eame si l&rsquo;objectif n&rsquo;est pas atteint, de grands pas en avant ont \u00e9t\u00e9 faits, qui ont permis un approfondissement de nos liens\u00a0\u00bb. Cette ouverture guide les travaux de la Commission mixte pour le dialogue qui s&rsquo;est r\u00e9cemment r\u00e9unie \u00e0 Chypre, consacr\u00e9s \u00ab\u00a0\u00e0 la mission de l&rsquo;Ev\u00eaque de Rome dans la communion eccl\u00e9siale du premier mill\u00e9naire\u00a0\u00bb, un th\u00e8me reconna\u00eet le Pape, \u00ab\u00a0qui m\u00e9rite une \u00e9tude approfondie et un dialogue prudent dans la perspective de rapprocher les traditions eccl\u00e9siales orientales et occidentales pour les int\u00e9grer&#8230; L&rsquo;Eglise catholique voit dans le minist\u00e8re p\u00e9trinien un don du Seigneur fait \u00e0 son Eglise, qui ne peut \u00eatre interpr\u00e9t\u00e9 comme pouvoir mais comme communion au service de la v\u00e9rit\u00e9 et de la charit\u00e9. L&rsquo;Ev\u00eaque de Rome, qui pr\u00e9side cette charit\u00e9&#8230;est le Serviteur des Serviteurs de Dieu&#8230; A la lumi\u00e8re du mod\u00e8le du premier mill\u00e9naire, il convient de trouver ensemble les formes permettant au Successeur de Pierre d&rsquo;accomplir un service d&rsquo;amour envers tous et reconnu de tous\u00a0\u00bb. Au long de ce chemin vers la pleine communion, \u00ab\u00a0il faut offrir un t\u00e9moignage commun en \u0153uvrant ensemble au bien de l&rsquo;humanit\u00e9, en d\u00e9fendant la dignit\u00e9 de la personne, en affirmant les valeurs fondamentales, en favorisant la justice et la paix. Les Eglises orthodoxe et catholiques peuvent collaborer aussi dans la sensibilisation des gens aux responsabilit\u00e9s de l&rsquo;humanit\u00e9 et \u00e0 la d\u00e9fense de la cr\u00e9ation\u00a0\u00bb. (source: VIS 091130 350)<br \/>\nN\u00e9 \u00e0 Bethsa\u00efde en Galil\u00e9e, fr\u00e8re de Simon Pierre et p\u00eacheur avec lui, disciple de Jean-Baptiste, il fut le premier appel\u00e9 par J\u00e9sus sur les bords du Jourdain ; il le suivit et lui amena son fr\u00e8re. La tradition rapporte qu&rsquo;apr\u00e8s la Pentec\u00f4te, il annon\u00e7a l&rsquo;\u00c9vangile en Acha\u00efe et mourut en croix \u00e0 Patras. L&rsquo;\u00c9glise de Constantinople le v\u00e9n\u00e8re comme son illustre patron.<\/p>\n<p style=\"text-align: center;\">\n<h6 style=\"text-align: center;\"><span style=\"color: #0000ff;\"><strong>F\u00eate : 30 novembre<\/strong><\/span><\/h6>\n<p style=\"text-align: right;\"><em>Source : Martyrologe romain<\/em><\/p>\n<div id=\"attachment_851\" style=\"width: 510px\" class=\"wp-caption alignright\"><img loading=\"lazy\" decoding=\"async\" aria-describedby=\"caption-attachment-851\" class=\"wp-image-851 size-medium\" src=\"http:\/\/paroisses-vic-bigorre.com\/wp-content\/uploads\/2019\/11\/Marsac-\u00e9glise-int-500x333.jpg\" alt=\"\" width=\"500\" height=\"333\" \/><p id=\"caption-attachment-851\" class=\"wp-caption-text\">Int\u00e9rieur \u00e9glise<\/p><\/div>\n<p><img loading=\"lazy\" decoding=\"async\" class=\"wp-image-853 alignleft\" src=\"http:\/\/paroisses-vic-bigorre.com\/wp-content\/uploads\/2019\/11\/Marsac-croix-281x500.jpg\" alt=\"\" width=\"204\" height=\"363\" \/><\/p>\n<p>&nbsp;<\/p>\n","protected":false},"excerpt":{"rendered":"<p>La Commune 235 habitants (2023) Le village de Marsac est implant\u00e9 au bord de l&rsquo;Adour qui le s\u00e9pare de Tostat. Il dispose d&rsquo;une vue d\u00e9gag\u00e9e sur la cha\u00eene des Pyr\u00e9n\u00e9es&#8230;.<\/p>\n<p> <a class=\"continue-reading-link\" href=\"https:\/\/paroisses-vic-bigorre.fr\/?page_id=836\"><span>LIRE LA SUITE<\/span><i class=\"crycon-right-dir\"><\/i><\/a> <\/p>\n","protected":false},"author":2,"featured_media":0,"parent":0,"menu_order":0,"comment_status":"closed","ping_status":"closed","template":"","meta":{"footnotes":""},"class_list":["post-836","page","type-page","status-publish","hentry"],"jetpack_sharing_enabled":true,"_links":{"self":[{"href":"https:\/\/paroisses-vic-bigorre.fr\/index.php?rest_route=\/wp\/v2\/pages\/836","targetHints":{"allow":["GET"]}}],"collection":[{"href":"https:\/\/paroisses-vic-bigorre.fr\/index.php?rest_route=\/wp\/v2\/pages"}],"about":[{"href":"https:\/\/paroisses-vic-bigorre.fr\/index.php?rest_route=\/wp\/v2\/types\/page"}],"author":[{"embeddable":true,"href":"https:\/\/paroisses-vic-bigorre.fr\/index.php?rest_route=\/wp\/v2\/users\/2"}],"replies":[{"embeddable":true,"href":"https:\/\/paroisses-vic-bigorre.fr\/index.php?rest_route=%2Fwp%2Fv2%2Fcomments&post=836"}],"version-history":[{"count":4,"href":"https:\/\/paroisses-vic-bigorre.fr\/index.php?rest_route=\/wp\/v2\/pages\/836\/revisions"}],"predecessor-version":[{"id":16343,"href":"https:\/\/paroisses-vic-bigorre.fr\/index.php?rest_route=\/wp\/v2\/pages\/836\/revisions\/16343"}],"wp:attachment":[{"href":"https:\/\/paroisses-vic-bigorre.fr\/index.php?rest_route=%2Fwp%2Fv2%2Fmedia&parent=836"}],"curies":[{"name":"wp","href":"https:\/\/api.w.org\/{rel}","templated":true}]}}