{"id":80,"date":"2019-11-15T20:45:03","date_gmt":"2019-11-15T19:45:03","guid":{"rendered":"http:\/\/paroisses-vic-bigorre.com\/?page_id=80"},"modified":"2026-01-16T16:00:04","modified_gmt":"2026-01-16T15:00:04","slug":"catechisme","status":"publish","type":"page","link":"https:\/\/paroisses-vic-bigorre.fr\/?page_id=80","title":{"rendered":"Cat\u00e9chisme"},"content":{"rendered":"<h3><\/h3>\n<p><img loading=\"lazy\" decoding=\"async\" class=\"aligncenter\" src=\"https:\/\/media.rcf.fr\/sites\/default\/files\/styles\/800x450\/public\/2022-08\/flyer-page-001-1-0a95039.jpg.webp\" alt=\"-\" width=\"521\" height=\"293\" \/><\/p>\n<h6 style=\"text-align: center;\"><em>Cr\u00e9dit photo : paroisses Nice Menton Vall\u00e9es<\/em><\/h6>\n<h3 class=\"h1rouge\" style=\"text-align: center;\"><span style=\"color: #ff6600;\"><strong>Quelq<\/strong><strong>ues r\u00e9ponses \u00e0 vos questions&#8230;<\/strong><\/span><\/h3>\n<h4 style=\"text-align: center;\"><span style=\"color: #008000;\">Pourquoi inscrire mon enfant au cat\u00e9 ?<\/span><br \/>\n<span style=\"color: #008000;\">Qu&rsquo;est-ce que cela lui apportera ?<\/span><\/h4>\n<p>Inscrire mon enfant au cat\u00e9, c&rsquo;est lui permettre de rencontrer J\u00e9sus, et de d\u00e9couvrir que Dieu aime chacun d&rsquo;entre nous comme un P\u00e8re.<br \/>\nCest lui faire conna\u00eetre la richesse de la tradition chr\u00e9tienne.<br \/>\nCest aussi lui donner l&rsquo;occasion de r\u00e9fl\u00e9chir aux questions qu&rsquo;il se pose sur lui m\u00eame, sur le monde et Dieu; avec d&rsquo;autres chr\u00e9tiens: adultes, enfants, cat\u00e9chistes et pr\u00eatres.<\/p>\n<hr \/>\n<h4 style=\"text-align: center;\"><span style=\"color: #008000;\">Est-ce que je ne l&#8217;emp\u00eache pas de choisir en lui imposant le cat\u00e9\u00a0?<\/span><\/h4>\n<p>Pour qu&rsquo;un enfant puisse choisir s&rsquo;il d\u00e9sire \u00eatre chr\u00e9tien,\u00a0<strong>il faut lui en donner la possibilit\u00e9<\/strong>.<br \/>\nAu d\u00e9part, les parents choisissent pour lui ce qu&rsquo;ils pensent \u00eatre le meilleur, comme dans tous les domaines de la vie. Ce n&rsquo;est pas entraver sa libert\u00e9 que de lui parler de J\u00e9sus.<br \/>\n<strong>Cest une occasion de le faire grandir dans tout son \u00eatre<\/strong>.<\/p>\n<hr \/>\n<h4 style=\"text-align: center;\"><span style=\"color: #008000;\">Ne peut-on pas lui faire d\u00e9couvrir J\u00e9sus sans l&rsquo;\u00c9glise\u00a0?<\/span><\/h4>\n<p>Faire d\u00e9couvrir J\u00e9sus sans l&rsquo;\u00c9glise, c&rsquo;est un peu comme si on privait un enfant d&rsquo;une famille.<br \/>\nOn n&rsquo;est pas chr\u00e9tien tout seul ! Sans l&rsquo;\u00c9glise, l&rsquo;\u00c9vangile ne serait jamais parvenu jusqu&rsquo;\u00e0 nous.<br \/>\nJ\u00e9sus a voulu que les chr\u00e9tiens forment une communaut\u00e9; qu&rsquo;ils y \u00e9coutent la Parole de Dieu, prient et re\u00e7oivent les<br \/>\nsacrements.<\/p>\n<hr \/>\n<h4 style=\"text-align: center;\"><span style=\"color: #008000;\">Est-ce que le cat\u00e9 va l&rsquo;armer pour la vie\u00a0?<\/span><\/h4>\n<p>\u00catre arm\u00e9 pour la vie, qu&rsquo;est-ce que cela veut dire?<br \/>\nEst-ce attaquer pour se d\u00e9fendre? Consid\u00e9rer les autres comme une menace?<br \/>\nOu plut\u00f4t avoir confiance en soi et prendre des risques?<br \/>\n<strong>Au cat\u00e9 les enfants d\u00e9couvrent un Dieu dont la seule arme est l&rsquo;amour<\/strong><br \/>\nD\u00e9couvrir ce Dieu l\u00e0, \u00e7a arme dr\u00f4lement pour la vie!<\/p>\n<hr \/>\n<h4 style=\"text-align: center;\"><span style=\"color: #008000;\">Le cat\u00e9, est-ce bien raisonnable avec toutes les activit\u00e9s qu&rsquo;il a d\u00e9j\u00e0\u00a0?<\/span><\/h4>\n<p>Cest vrai, les enfants sont parfois d\u00e9bord\u00e9s\u00a0!&#8230;.<br \/>\nMais le cat\u00e9 n&rsquo;est pas une activit\u00e9,\u00a0<strong>c&rsquo;est un lieu o\u00f9 ils peuvent \u00eatre eux-m\u00eames et partager ensemble tout ce qu&rsquo;ils vivent, poser des questions et r\u00e9fl\u00e9chir, avec d&rsquo;autres, sur ce qui leur tient \u00e0 coeur<\/strong>.<br \/>\nCest un lieu unique de rencontres o\u00f9 se nouent de belles amiti\u00e9s.<\/p>\n<table>\n<tbody>\n<tr>\n<td><\/td>\n<td><\/td>\n<td><\/td>\n<td><\/td>\n<\/tr>\n<\/tbody>\n<\/table>\n<h4 style=\"text-align: center;\"><span style=\"color: #008000;\">Peut-on aller au cat\u00e9 sans \u00eatre baptis\u00e9 ?<\/span><\/h4>\n<p>Bien s\u00fbr, de plus en plus d&rsquo;enfants sont dans cette situation.\u00a0<strong>Au cours de ses ann\u00e9es de cat\u00e9 et s&rsquo;il le d\u00e9sire, l&rsquo;enfant pourra demander le Bapt\u00eame<\/strong>.<br \/>\nAvec l&rsquo;accord de ses parents, et en lien avec les cat\u00e9chistes et le pr\u00eatre, il suivra une pr\u00e9paration en plusieurs \u00e9tapes.<br \/>\n<strong>Quelle joie d&rsquo;entrer dans la grande famille de Dieu !<\/strong><\/p>\n<p>&nbsp;<\/p>\n<h3 style=\"text-align: center;\"><span style=\"color: #800000;\"><strong>Le cat\u00e9chisme est organis\u00e9 par secteur g\u00e9ographique<\/strong><\/span><\/h3>\n<h4 style=\"text-align: center;\"><span style=\"color: #800080;\"><strong><a style=\"color: #800080;\" href=\"http:\/\/paroisses-vic-bigorre.com\/wp-admin\/post.php?post=379&amp;action=edit\">Andrest<\/a><\/strong><\/span><\/h4>\n<div>\n<div>Contacter la responsable : Karine V\u00e9d\u00e8re\u00a0 <span style=\"background-color: transparent; font-size: 16px; font-style: italic; font-weight: bold;\">\u00a0 \u00a006 61 07 13 14<\/span><\/div>\n<div><\/div>\n<\/div>\n<h4 style=\"text-align: center;\"><span style=\"color: #800080;\"><strong><a style=\"color: #800080;\" href=\"http:\/\/paroisses-vic-bigorre.com\/wp-admin\/post.php?post=383&amp;action=edit\">Enclaves &#8211; S\u00e9ron<\/a><\/strong><\/span><\/h4>\n<div style=\"text-align: center;\">Contacter la responsable : Fany \u00e0 S\u00e9ron\u00a0 06 79 65 92 39<\/div>\n<div style=\"text-align: center;\"><\/div>\n<div><\/div>\n<h4 style=\"text-align: center;\"><span style=\"color: #800080;\"><strong><a style=\"color: #800080;\" href=\"http:\/\/paroisses-vic-bigorre.com\/wp-admin\/post.php?post=381&amp;action=edit\">Vic-Bigorre<\/a><\/strong><\/span><\/h4>\n<p style=\"text-align: center;\">\u00a0contact presbyt\u00e8re: 05 62 37 90 13<\/p>\n<p style=\"text-align: justify;\"><span style=\"color: #000000;\">A Vic, nous proposerons un cat\u00e9chisme bas\u00e9 sur la fraternit\u00e9, les jeux. Oui, apprendre qui est J\u00e9sus et comment vivre avec Lui au quotidien est tout \u00e0 fait possible en s\u2019amusant ! Nous ne voulons plus proposer un cat\u00e9chisme, o\u00f9 l\u2019enfant \u00e9coute, assis \u00e0 sa table. Nous souhaitons quelque chose de dynamique, qui s\u2019adapte \u00e0 chacun, dans le respect de tous.<\/span><\/p>\n<p style=\"text-align: justify;\"><span style=\"color: #000000;\">C\u2019est aussi permettre \u00e0 l\u2019enfant de rentrer et de participer avec une communaut\u00e9 chr\u00e9tienne. Nous sommes tous en chemin pour mieux conna\u00eetre J\u00e9sus\u00a0! Ainsi,\u00a0 tout le monde est accept\u00e9, baptis\u00e9 ou pas. Nous faisons la pr\u00e9paration aux diff\u00e9rents sacrements\u00a0: Bapt\u00eame, Eucharistie, Confirmation.<\/span><\/p>\n<h3 style=\"text-align: center;\"><a href=\"https:\/\/paroisses-vic-bigorre.fr\/wp-content\/uploads\/2024\/06\/Formulaire-Kte-pdf.pdf\" target=\"_blank\" rel=\"noopener\"><span style=\"color: #ff0000;\"><strong>Fiche d&rsquo;inscription <\/strong><\/span><\/a><\/h3>\n<a href=\"https:\/\/paroisses-vic-bigorre.fr\/wp-content\/uploads\/2026\/01\/Formulaire-Kte-word-PVA-janv-2026.pdf\" class=\"pdfemb-viewer\" style=\"\" data-width=\"max\" data-height=\"max\" data-toolbar=\"bottom\" data-toolbar-fixed=\"on\">Formulaire Kt\u00e9 word PVA janv 2026<\/a>\n<p style=\"text-align: center;\"><span style=\"color: #ff6600;\"><a style=\"color: #ff6600;\" href=\"https:\/\/paroisses-vic-bigorre.fr\/wp-content\/uploads\/2026\/01\/Formulaire-Kte-word-PVA-janv-2026.pdf\" target=\"_blank\" rel=\"noopener\">TELECHARGER LA FICHE<\/a><\/span><\/p>\n<p>&nbsp;<\/p>\n<p>&nbsp;<\/p>\n<h4 style=\"text-align: center;\"><span style=\"color: #008080;\">Le site<a href=\"https:\/\/www.jeveuxteconnaitre.com\/\" target=\"_blank\" rel=\"noopener noreferrer\"> https:\/\/www.jeveuxteconnaitre.com\/ e<\/a>st utilis\u00e9 pour le cat\u00e9chisme dans les paroisses<\/span><\/h4>\n<p>&nbsp;<\/p>\n<h3 style=\"text-align: center;\"><span style=\"color: #ff6600;\"><strong>Le cat\u00e9chisme en image avec KTO<\/strong><\/span><\/h3>\n<p><iframe loading=\"lazy\" title=\"Cat\u00e9chisme\" width=\"1150\" height=\"863\" src=\"https:\/\/www.youtube.com\/embed\/TNefvHGDnQY?feature=oembed\" frameborder=\"0\" allow=\"accelerometer; autoplay; clipboard-write; encrypted-media; gyroscope; picture-in-picture; web-share\" referrerpolicy=\"strict-origin-when-cross-origin\" allowfullscreen><\/iframe><\/p>\n<p>&nbsp;<\/p>\n<p><iframe loading=\"lazy\" title=\"Cat\u00e9chisme : le r\u00f4le des parents (2\/3)\" width=\"1150\" height=\"863\" src=\"https:\/\/www.youtube.com\/embed\/VIKCMPSZcfY?feature=oembed\" frameborder=\"0\" allow=\"accelerometer; autoplay; clipboard-write; encrypted-media; gyroscope; picture-in-picture; web-share\" referrerpolicy=\"strict-origin-when-cross-origin\" allowfullscreen><\/iframe><\/p>\n<p><iframe loading=\"lazy\" title=\"Cat\u00e9chisme : les enjeux (3\/3)\" width=\"1150\" height=\"863\" src=\"https:\/\/www.youtube.com\/embed\/P5mHxUP5KLw?feature=oembed\" frameborder=\"0\" allow=\"accelerometer; autoplay; clipboard-write; encrypted-media; gyroscope; picture-in-picture; web-share\" referrerpolicy=\"strict-origin-when-cross-origin\" allowfullscreen><\/iframe><\/p>\n","protected":false},"excerpt":{"rendered":"<p>Cr\u00e9dit photo : paroisses Nice Menton Vall\u00e9es Quelques r\u00e9ponses \u00e0 vos questions&#8230; Pourquoi inscrire mon enfant au cat\u00e9 ? Qu&rsquo;est-ce que cela lui apportera ? Inscrire mon enfant au cat\u00e9,&#8230;<\/p>\n<p> <a class=\"continue-reading-link\" href=\"https:\/\/paroisses-vic-bigorre.fr\/?page_id=80\"><span>LIRE LA SUITE<\/span><i class=\"crycon-right-dir\"><\/i><\/a> <\/p>\n","protected":false},"author":2,"featured_media":0,"parent":0,"menu_order":0,"comment_status":"closed","ping_status":"closed","template":"","meta":{"footnotes":""},"class_list":["post-80","page","type-page","status-publish","hentry"],"jetpack_sharing_enabled":true,"_links":{"self":[{"href":"https:\/\/paroisses-vic-bigorre.fr\/index.php?rest_route=\/wp\/v2\/pages\/80","targetHints":{"allow":["GET"]}}],"collection":[{"href":"https:\/\/paroisses-vic-bigorre.fr\/index.php?rest_route=\/wp\/v2\/pages"}],"about":[{"href":"https:\/\/paroisses-vic-bigorre.fr\/index.php?rest_route=\/wp\/v2\/types\/page"}],"author":[{"embeddable":true,"href":"https:\/\/paroisses-vic-bigorre.fr\/index.php?rest_route=\/wp\/v2\/users\/2"}],"replies":[{"embeddable":true,"href":"https:\/\/paroisses-vic-bigorre.fr\/index.php?rest_route=%2Fwp%2Fv2%2Fcomments&post=80"}],"version-history":[{"count":7,"href":"https:\/\/paroisses-vic-bigorre.fr\/index.php?rest_route=\/wp\/v2\/pages\/80\/revisions"}],"predecessor-version":[{"id":16287,"href":"https:\/\/paroisses-vic-bigorre.fr\/index.php?rest_route=\/wp\/v2\/pages\/80\/revisions\/16287"}],"wp:attachment":[{"href":"https:\/\/paroisses-vic-bigorre.fr\/index.php?rest_route=%2Fwp%2Fv2%2Fmedia&parent=80"}],"curies":[{"name":"wp","href":"https:\/\/api.w.org\/{rel}","templated":true}]}}