{"id":655,"date":"2019-11-21T17:24:46","date_gmt":"2019-11-21T16:24:46","guid":{"rendered":"http:\/\/paroisses-vic-bigorre.com\/?page_id=655"},"modified":"2025-04-06T20:44:56","modified_gmt":"2025-04-06T18:44:56","slug":"655-2","status":"publish","type":"page","link":"https:\/\/paroisses-vic-bigorre.fr\/?page_id=655","title":{"rendered":"Les Enclaves"},"content":{"rendered":"<h5 style=\"text-align: center;\"><strong>Les enclaves des Hautes-Pyr\u00e9n\u00e9es : une curiosit\u00e9 historique<\/strong><\/h5>\n<p><strong><img loading=\"lazy\" decoding=\"async\" class=\"aligncenter\" src=\"http:\/\/www.garderes.fr\/images\/stories\/dsc_3444.jpg\" alt=\"dsc_3444\" width=\"118\" height=\"188\" \/><\/strong><\/p>\n<p>&nbsp;<\/p>\n<p style=\"text-align: justify;\">\u00a0Le d\u00e9partement des Hautes-Pyr\u00e9n\u00e9es comporte la particularit\u00e9 administrative de poss\u00e9der deux petits territoires dans le d\u00e9partement voisin des Pyr\u00e9n\u00e9es Atlantiques.<\/p>\n<p style=\"text-align: justify;\">Ces enclaves, localis\u00e9es \u00e0 20 km de Tarbes et 25 km de Lourdes et Pau,regroupent cinq villages qui totalisent environ 1200 habitants : Gard\u00e8res et Luquet constituent l&rsquo;enclave sud\u00a0 alors que S\u00e9ron,<\/p>\n<p style=\"text-align: justify;\">Escaunets et Villenave-pr\u00e8s-B\u00e9arn forment l&rsquo;enclave nord s\u00e9par\u00e9e de sa voisine par un couloir b\u00e9arnais d&rsquo;environ 400 m de large.<\/p>\n<p style=\"text-align: justify;\">L&rsquo;appartenance des cinq paroisses au dioc\u00e8se de Tarbes a contribu\u00e9 \u00e9galement \u00e0 faire perdurer l&rsquo;attachement des habitants \u00e0 la Bigorre et Bertrand Bar\u00e8re, qui en 1790 avait besoin de territoires pour constituer \u00ab\u00a0son\u00a0\u00bb d\u00e9partement des Hautes-Pyr\u00e9n\u00e9es, a trouv\u00e9 l\u00e0 des alli\u00e9s d\u00e9termin\u00e9s.<\/p>\n<p style=\"text-align: justify;\">Ainsi, cette singularit\u00e9 a donc travers\u00e9 plus de 9 si\u00e8cles d&rsquo;histoire et r\u00e9sist\u00e9 \u00e0 toutes les tentatives de suppression par les adeptes de la logique administrative.<\/p>\n<p style=\"text-align: justify;\">Sur place, elle a fait na\u00eetre un sentiment d&rsquo;identit\u00e9 que les habitants continuent \u00e0 cultiver et \u00e0 d\u00e9fendre, \u00e0 l&rsquo;heure o\u00f9 les regroupements administratifs sont plut\u00f4t d&rsquo;actualit\u00e9.<\/p>\n<p style=\"text-align: justify;\">Plusieurs historiens se sont pench\u00e9s sur cette \u00ab\u00a0anomalie administrative\u00a0\u00bb. Ils font remonter au XI\u00a0<sup>e<\/sup>\u00a0si\u00e8cle cette survivance d&rsquo;une division f\u00e9odale mise en place \u00e0 la fin du Haut Moyen-\u00e2ge. Voici ce qu&rsquo;en dit notamment Guy Cassagnet :<\/p>\n<p style=\"text-align: justify;\">La cl\u00e9 des enclaves est d\u00e9tenue par Thal\u00e8ze d&rsquo;Aragon. Unique h\u00e9riti\u00e8re du vicomt\u00e9 du Montan\u00e9r\u00e8s, qui \u00e9tait un territoire de la Bigorre dont faisait partie les cinq communes des enclaves, elle \u00e9pouse en 1085 le vicomte de B\u00e9arn, Gaston IV le Crois\u00e9. Dans sa corbeille de mariage, elle apporte le Montan\u00e9r\u00e8s avec l&rsquo;accord du comte de Bigorre qui tient toutefois \u00e0 conserver la propri\u00e9t\u00e9 des terres du plateau sur lesquelles se trouvent nos villages des enclaves.<\/p>\n<p style=\"text-align: justify;\">Pour quelles raisons ?<\/p>\n<p style=\"text-align: justify;\">A cette \u00e9poque la capitale du B\u00e9arn est Morla\u00e0s et le comte de Bigorre, disposant d&rsquo;une t\u00eate de pont chez son voisin peut ainsi mieux le surveiller et se pr\u00e9venir des agressions \u00e9ventuelles. Sur un plan \u00e9conomique, le comte de Bigorre a pu vouloir conserver la garde de l&rsquo;espace transhumant, du charbon de bois, des gisements de fer et des carri\u00e8res d&rsquo;argile qui faisaient la richesse du plateau.<\/p>\n","protected":false},"excerpt":{"rendered":"<p>Les enclaves des Hautes-Pyr\u00e9n\u00e9es : une curiosit\u00e9 historique &nbsp; \u00a0Le d\u00e9partement des Hautes-Pyr\u00e9n\u00e9es comporte la particularit\u00e9 administrative de poss\u00e9der deux petits territoires dans le d\u00e9partement voisin des Pyr\u00e9n\u00e9es Atlantiques. Ces&#8230;<\/p>\n<p> <a class=\"continue-reading-link\" href=\"https:\/\/paroisses-vic-bigorre.fr\/?page_id=655\"><span>LIRE LA SUITE<\/span><i class=\"crycon-right-dir\"><\/i><\/a> <\/p>\n","protected":false},"author":2,"featured_media":0,"parent":0,"menu_order":0,"comment_status":"closed","ping_status":"closed","template":"","meta":{"footnotes":""},"class_list":["post-655","page","type-page","status-publish","hentry"],"jetpack_sharing_enabled":true,"_links":{"self":[{"href":"https:\/\/paroisses-vic-bigorre.fr\/index.php?rest_route=\/wp\/v2\/pages\/655","targetHints":{"allow":["GET"]}}],"collection":[{"href":"https:\/\/paroisses-vic-bigorre.fr\/index.php?rest_route=\/wp\/v2\/pages"}],"about":[{"href":"https:\/\/paroisses-vic-bigorre.fr\/index.php?rest_route=\/wp\/v2\/types\/page"}],"author":[{"embeddable":true,"href":"https:\/\/paroisses-vic-bigorre.fr\/index.php?rest_route=\/wp\/v2\/users\/2"}],"replies":[{"embeddable":true,"href":"https:\/\/paroisses-vic-bigorre.fr\/index.php?rest_route=%2Fwp%2Fv2%2Fcomments&post=655"}],"version-history":[{"count":1,"href":"https:\/\/paroisses-vic-bigorre.fr\/index.php?rest_route=\/wp\/v2\/pages\/655\/revisions"}],"predecessor-version":[{"id":15320,"href":"https:\/\/paroisses-vic-bigorre.fr\/index.php?rest_route=\/wp\/v2\/pages\/655\/revisions\/15320"}],"wp:attachment":[{"href":"https:\/\/paroisses-vic-bigorre.fr\/index.php?rest_route=%2Fwp%2Fv2%2Fmedia&parent=655"}],"curies":[{"name":"wp","href":"https:\/\/api.w.org\/{rel}","templated":true}]}}