{"id":641,"date":"2019-11-21T16:38:14","date_gmt":"2019-11-21T15:38:14","guid":{"rendered":"http:\/\/paroisses-vic-bigorre.com\/?page_id=641"},"modified":"2026-01-11T18:12:03","modified_gmt":"2026-01-11T17:12:03","slug":"641-2","status":"publish","type":"page","link":"https:\/\/paroisses-vic-bigorre.fr\/?page_id=641","title":{"rendered":"Escaunets : \u00e9glise St-Etienne"},"content":{"rendered":"<blockquote>\n<h4 style=\"text-align: center;\"><\/h4>\n<\/blockquote>\n<p style=\"text-align: right;\"><span style=\"color: #ff0000;\"><em><img loading=\"lazy\" decoding=\"async\" class=\"aligncenter\" src=\"https:\/\/upload.wikimedia.org\/wikipedia\/commons\/thumb\/4\/44\/Blason_ville_fr_Escaunets_%2865%29.svg\/800px-Blason_ville_fr_Escaunets_%2865%29.svg.png\" alt=\"Blason de Escaunets\" width=\"87\" height=\"96\" \/><\/em><\/span><\/p>\n<h4 style=\"text-align: center;\"><strong>La Commune<\/strong><\/h4>\n<p style=\"text-align: right;\"><span style=\"color: #ff0000;\"><em>119 h<\/em><\/span><span style=\"color: #ff0000;\"><em>abitants (2021)<\/em><\/span><\/p>\n<p style=\"text-align: justify;\">Situ\u00e9e en bordure du plateau de Ger, Comme S\u00e9ron et Villenave-pr\u00e8s-B\u00e9arn, la commune d&rsquo;Escaunets est une enclave (nord) des Hautes-Pyr\u00e9n\u00e9es (r\u00e9gion Occitanie) dans les Pyr\u00e9n\u00e9es-Atlantiques (r\u00e9gion Aquitaine). Une deuxi\u00e8me enclave (sud) voisine comprend les communes de Gard\u00e8res, Luquet\u00a0 Ces cinq communes rel\u00e8vent de la Communaut\u00e9 paroissiale de Vic-Bigorre.<\/p>\n<p style=\"text-align: justify;\">Le village est cit\u00e9 d\u00e8s l&rsquo;an Mil o\u00f9 se situait une motte f\u00e9odale et son ch\u00e2teau. Escaunets a \u00e9t\u00e9 fond\u00e9 dans le Comt\u00e9 de Bigorre (Scaunetum) et bien qu&rsquo;enclav\u00e9 dans le B\u00e9arn a \u00e9t\u00e9 rattach\u00e9 au d\u00e9partement des Hautes-Pyr\u00e9n\u00e9es en 1790. Il l&rsquo;est rest\u00e9 depuis malgr\u00e9 les r\u00e9formes administratives qui l&rsquo;aurait volontiers rattach\u00e9\u00a0 au d\u00e9partement des Pyr\u00e9n\u00e9es-Atlantiques<\/p>\n<p style=\"text-align: center;\"><a href=\"https:\/\/paroisses-vic-bigorre.fr\/?page_id=655\" target=\"_blank\" rel=\"noopener\"><span style=\"color: #ff6600;\">En savoir plus sur les Enclaves<\/span><\/a><\/p>\n<p>&nbsp;<\/p>\n<h4 style=\"text-align: center;\"><span style=\"color: #ff6600;\">L&rsquo;\u00e9glise Saint-Etienne<\/span><\/h4>\n<h4 style=\"text-align: center;\"><a href=\"https:\/\/paroisses-vic-bigorre.fr\/wp-content\/uploads\/2024\/06\/Escaunets.jpg\"><img loading=\"lazy\" decoding=\"async\" class=\"alignnone wp-image-13956 size-medium\" src=\"https:\/\/paroisses-vic-bigorre.fr\/wp-content\/uploads\/2024\/06\/Escaunets-300x212.jpg\" alt=\"\" width=\"300\" height=\"212\" srcset=\"https:\/\/paroisses-vic-bigorre.fr\/wp-content\/uploads\/2024\/06\/Escaunets-300x212.jpg 300w, https:\/\/paroisses-vic-bigorre.fr\/wp-content\/uploads\/2024\/06\/Escaunets-768x542.jpg 768w, https:\/\/paroisses-vic-bigorre.fr\/wp-content\/uploads\/2024\/06\/Escaunets-150x106.jpg 150w, https:\/\/paroisses-vic-bigorre.fr\/wp-content\/uploads\/2024\/06\/Escaunets-396x280.jpg 396w, https:\/\/paroisses-vic-bigorre.fr\/wp-content\/uploads\/2024\/06\/Escaunets.jpg 800w\" sizes=\"auto, (max-width: 300px) 100vw, 300px\" \/><\/a><\/h4>\n<p style=\"text-align: justify;\">L&rsquo;\u00e9glise\u00a0 est pr\u00e9cis\u00e9ment vou\u00e9e \u00a0\u00e0 <strong>\u00ab\u00a0<em>l&rsquo;invention\u00a0<\/em><em>des reliques\u00a0<\/em><em>de St-Etienne<\/em><\/strong>\u00a0\u00bb\u00a0 du latin \u00ab\u00a0<em>inventio reliquarum<\/em>\u00ab\u00a0, c&rsquo;est dire la d\u00e9couverte des reliques de St-Etienne. Ces inventions ont souvent donn\u00e9es lieu \u00e0 des r\u00e9cits hagiographiques.<\/p>\n<h4 style=\"text-align: center;\"><strong><span style=\"color: #ff6600;\">Saint-Etienne<\/span><\/strong><\/h4>\n<p style=\"text-align: justify;\">Saint \u00c9tienne est un pr\u00e9dicateur juif du 1r si\u00e8cle consid\u00e9r\u00e9 a posteriori comme le premier diacre (protodiacre) et le premier martyr (protomartyr) de la chr\u00e9tient\u00e9. \u00c9tienne est un personnage des Actes des Ap\u00f4tres, oeuvre de Luc l&rsquo;\u00c9vang\u00e9liste qui forme le cinqui\u00e8me livre du Nouveau Testament. Comme Philippe le Diacre \u00c9tienne est pr\u00e9sent\u00e9 dans le r\u00e9cit, au d\u00e9but du chapitre 6 des Actes, dans l&rsquo;\u00e9pisode dit de l&rsquo;Institution des Sept . \u00c9tienne et Philippe sont les deux principaux personnages des trois chapitres suivants.\u00a0 Il fait aussi partie des Septante disciples choisis par J\u00e9sus-Christ.\u00a0Il \u00e9t\u00e9 condamn\u00e9 \u00e0 mort pour blasph\u00e8me et est lapid\u00e9.<\/p>\n<p><span style=\"color: #333333;\"><strong>L&rsquo;invention des reliques :<\/strong><\/span><\/p>\n<h6 style=\"text-align: justify;\"><span style=\"color: #333333;\">Les restes des martyrs \u00c9tienne et Laurent sont trouv\u00e9s dans la basilique Saint-Laurent-hors-les-Murs \u00e0 Rome. \u00ab Des hommes pieux ensevelirent \u00c9tienne et lui firent de belles fun\u00e9railles \u00bb (Ac 8:2).\u00a0<\/span><\/h6>\n<h6 style=\"text-align: justify;\"><span style=\"color: #333333;\">Une tradition chr\u00e9tienne du ve si\u00e8cle \u00e9voque l&rsquo;apparition de Gamaliel l&rsquo;Ancien au pr\u00eatre Lucien, cur\u00e9 de Cafargamala (Kfar-Gamala, actuelle Beit Jamal) le vendredi 3 ao\u00fbt 415, le rabbi indiquant o\u00f9 se trouvait sa relique qui aurait \u00e9t\u00e9 alors retrouv\u00e9e dans le m\u00eame tombeau que celle de son fils Abibas, ainsi que Nicod\u00e8me. Un vase de roses rouges \u00e0 c\u00f4t\u00e9 de la t\u00eate de saint \u00c9tienne permet d&rsquo;identifier le corps du martyr32.<\/span><\/h6>\n<h6 style=\"text-align: justify;\"><span style=\"color: #333333;\">L\u2019\u00e9v\u00eaque Jean de J\u00e9rusalem fait alors proc\u00e9der solennellement \u00e0 la translation du corps du martyr \u00e0 l\u2019\u00e9glise du Mont-Sion de J\u00e9rusalem, le 26 d\u00e9cembre 415, jour anniversaire de la mort d&rsquo;\u00c9tienne. L\u2019\u00e9v\u00eaque Juv\u00e9nal, successeur de Jean, commence la construction \u00e0 J\u00e9rusalem d\u2019une basilique destin\u00e9e \u00e0 recueillir la d\u00e9pouille de saint \u00c9tienne. Les travaux sont repris en 438 sous l\u2019impulsion de l\u2019imp\u00e9ratrice Eudoxie (Eudocie), \u00e9pouse de Th\u00e9odose II. Les restes du martyr sont transf\u00e9r\u00e9s dans la nouvelle basilique, qui ne sera d\u2019ailleurs achev\u00e9e que vingt ans plus tard, lors de la c\u00e9r\u00e9monie de d\u00e9dicace par saint Cyrille, patriarche d\u2019Alexandrie, peut-\u00eatre le 15 mai 439. L\u2019actuelle basilique a \u00e9t\u00e9 construite \u00e0 l\u2019emplacement de l\u2019ancien ouvrage par les dominicains \u00e0 la fin du xixe si\u00e8cle.<\/span><\/h6>\n<h6 style=\"text-align: justify;\"><span style=\"color: #333333;\">D\u00e8s 416, des reliques du martyr sont emport\u00e9es \u00e0 Minorque et en Afrique (notamment \u00e0 Hippone) par Paul Orose35. Une tradition m\u00e9di\u00e9vale \u00e9voque la translation des reliques du martyr \u00e0 Rome par le pape P\u00e9lage II \u00e0 la fin du vie si\u00e8cle. Les restes de saint \u00c9tienne et de saint Laurent seraient enferm\u00e9s dans une caisse de marbre, qu&rsquo;entourent de fortes grilles de fer, dans la Confession sous le ma\u00eetre-autel de la basilique Saint-Laurent-hors-les-Murs.<\/span><\/h6>\n<h6 style=\"text-align: justify;\"><span style=\"color: #0000ff;\">La f\u00eate de l\u2019Invention des reliques de saint \u00c9tienne, ou Saint-\u00c9tienne d\u2019\u00e9t\u00e9, \u00e9tait c\u00e9l\u00e9br\u00e9e le 3 ao\u00fbt. Elle fut supprim\u00e9e du calendrier romain par Jean XXIII.<\/span><\/h6>\n<p>&nbsp;<\/p>\n<p style=\"text-align: right;\"><em>Source : Wikip\u00e9dia<\/em><\/p>\n<p><img loading=\"lazy\" decoding=\"async\" class=\"alignnone size-full wp-image-682 aligncenter\" src=\"http:\/\/paroisses-vic-bigorre.com\/wp-content\/uploads\/2019\/11\/St-Etienne.jpg\" alt=\"\" width=\"220\" height=\"302\" \/><\/p>\n","protected":false},"excerpt":{"rendered":"<p>La Commune 119 habitants (2021) Situ\u00e9e en bordure du plateau de Ger, Comme S\u00e9ron et Villenave-pr\u00e8s-B\u00e9arn, la commune d&rsquo;Escaunets est une enclave (nord) des Hautes-Pyr\u00e9n\u00e9es (r\u00e9gion Occitanie) dans les Pyr\u00e9n\u00e9es-Atlantiques&#8230;<\/p>\n<p> <a class=\"continue-reading-link\" href=\"https:\/\/paroisses-vic-bigorre.fr\/?page_id=641\"><span>LIRE LA SUITE<\/span><i class=\"crycon-right-dir\"><\/i><\/a> <\/p>\n","protected":false},"author":2,"featured_media":0,"parent":0,"menu_order":0,"comment_status":"closed","ping_status":"closed","template":"","meta":{"footnotes":""},"class_list":["post-641","page","type-page","status-publish","hentry"],"jetpack_sharing_enabled":true,"_links":{"self":[{"href":"https:\/\/paroisses-vic-bigorre.fr\/index.php?rest_route=\/wp\/v2\/pages\/641","targetHints":{"allow":["GET"]}}],"collection":[{"href":"https:\/\/paroisses-vic-bigorre.fr\/index.php?rest_route=\/wp\/v2\/pages"}],"about":[{"href":"https:\/\/paroisses-vic-bigorre.fr\/index.php?rest_route=\/wp\/v2\/types\/page"}],"author":[{"embeddable":true,"href":"https:\/\/paroisses-vic-bigorre.fr\/index.php?rest_route=\/wp\/v2\/users\/2"}],"replies":[{"embeddable":true,"href":"https:\/\/paroisses-vic-bigorre.fr\/index.php?rest_route=%2Fwp%2Fv2%2Fcomments&post=641"}],"version-history":[{"count":5,"href":"https:\/\/paroisses-vic-bigorre.fr\/index.php?rest_route=\/wp\/v2\/pages\/641\/revisions"}],"predecessor-version":[{"id":16172,"href":"https:\/\/paroisses-vic-bigorre.fr\/index.php?rest_route=\/wp\/v2\/pages\/641\/revisions\/16172"}],"wp:attachment":[{"href":"https:\/\/paroisses-vic-bigorre.fr\/index.php?rest_route=%2Fwp%2Fv2%2Fmedia&parent=641"}],"curies":[{"name":"wp","href":"https:\/\/api.w.org\/{rel}","templated":true}]}}