{"id":567,"date":"2019-11-20T20:41:42","date_gmt":"2019-11-20T19:41:42","guid":{"rendered":"http:\/\/paroisses-vic-bigorre.com\/?page_id=567"},"modified":"2026-01-11T18:06:54","modified_gmt":"2026-01-11T17:06:54","slug":"camales-eglise-ste-eulalie","status":"publish","type":"page","link":"https:\/\/paroisses-vic-bigorre.fr\/?page_id=567","title":{"rendered":"Camal\u00e8s : \u00e9glise Ste-Eulalie"},"content":{"rendered":"<h4><img loading=\"lazy\" decoding=\"async\" class=\"aligncenter\" src=\"https:\/\/upload.wikimedia.org\/wikipedia\/commons\/thumb\/c\/ce\/Blason_ville_fr_Camales_%2865%29.svg\/545px-Blason_ville_fr_Camales_%2865%29.svg.png\" alt=\"Fichier:Blason ville fr Camales (65).svg\" width=\"137\" height=\"151\" \/><\/h4>\n<h4 style=\"text-align: center;\"><span style=\"text-decoration: underline; color: #ff6600;\">La\u00a0 commune<\/span><\/h4>\n<p style=\"text-align: right;\"><span style=\"color: #ff0000;\"><em>371 habitants (2023)<\/em><\/span><\/p>\n<p style=\"text-align: justify;\">Camal\u00e8s, proche de Vic-Bigorre,\u00a0 est au carrefour de routes menant \u00e0 de nombreux villages (Bazillac, Tostat, Marsac, Pujo&#8230;). Au Moyen-Age d\u00e9j\u00e0, la route principale de Tarbes \u00e0 Maubourguet passait par Camal\u00e8s (<em>sensiblement l&rsquo;actuelle route Camales-Artagnan<\/em>) o\u00f9 se situait un octroi au lieu-dit &#8211;\u00a0 pour cette raison &#8211;\u00a0 ferme du Guillet. Un passage \u00e0 gu\u00e9 traversait l&rsquo;Adour (<em>lieu-dit Bout-du-Pont<\/em>) menant vers le hameau de Silhac pr\u00e8s de Bazillac. Un important r\u00e9seau hydraulique (<em>dont l&rsquo;actuel canal de Camal\u00e8s)<\/em> permettait outre d&rsquo;irriguer, de nombreuses activit\u00e9s : moulin (<em>existant<\/em>), scieries etc&#8230; Le territoire comportait de nombreux noyers ,comme en atteste le blason de la commune.<\/p>\n<p style=\"text-align: justify;\">Le village est structur\u00e9\u00a0 en deux parties : une \u00e0 l&rsquo;est autour de l&rsquo;\u00e9glise et l&rsquo;autre \u00e0 l&rsquo;ouest autour du ch\u00e2teau. Celui-ci date du d\u00e9but du XVIIe si\u00e8cle, remani\u00e9 au XVIIIe si\u00e8cle et au d\u00e9but du XIXe si\u00e8cle. Il porte le souvenir d&rsquo;une famille de Terride dont l&rsquo;un des membres fut envoy\u00e9 en Bigorre par Charles IX afin d&rsquo;y restaurer la foi catholique. On y acc\u00e8de au nord, par une majestueuse all\u00e9e plant\u00e9e de marronnier s\u00e9culaires (classement ISMH du 03\/03\/1999).<\/p>\n<h4 style=\"text-align: center;\"><span style=\"text-decoration: underline; color: #ff6600;\">L&rsquo;\u00e9glise Sainte-Eulalie<\/span><\/h4>\n<h4><a href=\"https:\/\/paroisses-vic-bigorre.fr\/wp-content\/uploads\/2024\/06\/Camales.jpg\"><img loading=\"lazy\" decoding=\"async\" class=\"aligncenter wp-image-13904 size-full\" src=\"https:\/\/paroisses-vic-bigorre.fr\/wp-content\/uploads\/2024\/06\/Camales.jpg\" alt=\"\" width=\"285\" height=\"177\" srcset=\"https:\/\/paroisses-vic-bigorre.fr\/wp-content\/uploads\/2024\/06\/Camales.jpg 285w, https:\/\/paroisses-vic-bigorre.fr\/wp-content\/uploads\/2024\/06\/Camales-150x93.jpg 150w\" sizes=\"auto, (max-width: 285px) 100vw, 285px\" \/><\/a><\/h4>\n<p style=\"padding-left: 40px; text-align: justify;\">L&rsquo;\u00e9glise pour la partie la plus ancienne date du XIVe si\u00e8cle. De son clocher-mur initial, il ne reste que quelques \u00e9l\u00e9ments \u00e0 l&rsquo;ouest. Martyris\u00e9e lors des Guerres de Religion au XVIe si\u00e8cle, elle a bien chang\u00e9 d&rsquo;allure. Depuis une reprise en style baroque au XVII\u00e8 et XVIII\u00e8 si\u00e8cle, elle a h\u00e9rit\u00e9 d&rsquo;un clocher parall\u00e9l\u00e9pip\u00e9dique coiff\u00e9 d&rsquo;une magnifique d\u00f4me en bulbe. Ce clocher-donjon a longtemps abrit\u00e9 la \u00ab\u00a0maison commune\u00a0\u00bb (mairie et \u00e9cole). A l&rsquo;int\u00e9rieur, les trois retables baroques class\u00e9s des fr\u00e8res Ferrere ont \u00e9t\u00e9 restaur\u00e9s \u00e0 la fin du XXe si\u00e8cle. On y trouve aussi , une fresque repr\u00e9sente un moine barbu tenant une croix gothique<\/p>\n<p>&nbsp;<\/p>\n<h4 style=\"text-align: center;\"><span style=\"color: #ff6600;\"><strong>Sainte Eulalie<\/strong><\/span><\/h4>\n<p style=\"text-align: center;\"><span style=\"color: #000080;\">F\u00eate le : 24 ao\u00fbt<\/span><\/p>\n<div align=\"justify\">Cit\u00e9e par saint Augustin, nous n&rsquo;avons d&rsquo;elle qu&rsquo;un hymne de l&rsquo;\u00e9crivain Prudence qui chante son supplice en des termes l\u00e9gendaires. Elle eut pour compagne de martyre, sainte Julie de Merida. Elle avait treize ans quand elle fut condamn\u00e9e \u00e0 mourir br\u00fbl\u00e9e sur un b\u00fbcher, ce qui en fait une des martyres les plus v\u00e9n\u00e9r\u00e9es de la tradition espagnole.<br \/>\nA Ravenne, d\u00e8s le milieu du VIe si\u00e8cle, dans une procession c\u00e9leste des mosa\u00efques de l&rsquo;\u00e9glise Saint-Apollinaire-le-Neuf, appara\u00eet une Eulalie parmi les vierges.\u00a0 L&rsquo;hymne latin de Prudence n&rsquo;est pas le seul texte que l&rsquo;on ait sur Sainte-Eulalie.\u00a0Saint Augustin,\u00a0Fortunat\u00a0(\u00e9v\u00eaque de Poitiers),\u00a0Gr\u00e9goire de Tours\u00a0la citent&#8230; et surtout l&rsquo;auteur de la fameuse \u00ab\u00a0Cantil\u00e8ne\u00a0\u00bb ou \u00ab\u00a0S\u00e9quence de Sainte Eulalie\u00a0\u00bb, 29 vers \u00e9crits en langue romane vers 881 et qui constitue le premier texte de la po\u00e9sie fran\u00e7aise&#8230; Ce qui fait de ce texte, hors son caract\u00e8re hagiographique, un texte de tr\u00e8s haute importance historique, linguistique, litt\u00e9raire et musicologique.<br \/>\nPour ce qui est de\u00a0l&rsquo;Eulalie de Barcelone, rien ne nous incite \u00e0 la diff\u00e9rencier de la premi\u00e8re (notez que ces deux martyres datent de la m\u00eame ann\u00e9e!) De m\u00eame: dans la \u00ab\u00a0S\u00e9quence\u00a0\u00bb, il est dit qu&rsquo;Eulalie est pr\u00e9sent\u00e9e \u00e0 Maximilien, ce qui situerait la sc\u00e8ne en Italie&#8230;<br \/>\nAutant de variantes et de l\u00e9gendes diff\u00e9rentes sur le m\u00eame personnage!<br \/>\n\u00ab\u00a0La Cantil\u00e8ne de sainte Eulalie raconte comment, au cours de la pers\u00e9cution des Chr\u00e9tiens ordonn\u00e9e dans tout l&#8217;empire romain par Diocl\u00e9tien, une jeune fille de treize ans appartenant \u00e0 une riche famille de M\u00e9rida refusa de renier sa foi. C&rsquo;\u00e9tait aller au-devant du martyre qu&rsquo;Eulalie subit avec un courage exemplaire.\u00a0 Au moment o\u00f9 Eulalie expira, on vit une colombe blanche sortir de la bouche de celle-ci et s&rsquo;\u00e9lever vers le ciel. C&rsquo;est par cette image, suivie d&rsquo;une pri\u00e8re, que s&rsquo;ach\u00e8ve le texte de la Cantil\u00e8ne.\u00a0\u00bb (cantil\u00e8ne de sainte Eulalie\u00a0et sa\u00a0transcription\u00a0&#8211; Biblioth\u00e8que de Valenciennes)<\/div>\n<p style=\"text-align: right;\"><em>Source : Martyrologe romain &#8211; Nominis<\/em><\/p>\n<p>&nbsp;<\/p>\n<p>&nbsp;<\/p>\n<p>&nbsp;<\/p>\n","protected":false},"excerpt":{"rendered":"<p>La\u00a0 commune 371 habitants (2023) Camal\u00e8s, proche de Vic-Bigorre,\u00a0 est au carrefour de routes menant \u00e0 de nombreux villages (Bazillac, Tostat, Marsac, Pujo&#8230;). Au Moyen-Age d\u00e9j\u00e0, la route principale de&#8230;<\/p>\n<p> <a class=\"continue-reading-link\" href=\"https:\/\/paroisses-vic-bigorre.fr\/?page_id=567\"><span>LIRE LA SUITE<\/span><i class=\"crycon-right-dir\"><\/i><\/a> <\/p>\n","protected":false},"author":2,"featured_media":0,"parent":0,"menu_order":0,"comment_status":"closed","ping_status":"closed","template":"","meta":{"footnotes":""},"class_list":["post-567","page","type-page","status-publish","hentry"],"jetpack_sharing_enabled":true,"_links":{"self":[{"href":"https:\/\/paroisses-vic-bigorre.fr\/index.php?rest_route=\/wp\/v2\/pages\/567","targetHints":{"allow":["GET"]}}],"collection":[{"href":"https:\/\/paroisses-vic-bigorre.fr\/index.php?rest_route=\/wp\/v2\/pages"}],"about":[{"href":"https:\/\/paroisses-vic-bigorre.fr\/index.php?rest_route=\/wp\/v2\/types\/page"}],"author":[{"embeddable":true,"href":"https:\/\/paroisses-vic-bigorre.fr\/index.php?rest_route=\/wp\/v2\/users\/2"}],"replies":[{"embeddable":true,"href":"https:\/\/paroisses-vic-bigorre.fr\/index.php?rest_route=%2Fwp%2Fv2%2Fcomments&post=567"}],"version-history":[{"count":5,"href":"https:\/\/paroisses-vic-bigorre.fr\/index.php?rest_route=\/wp\/v2\/pages\/567\/revisions"}],"predecessor-version":[{"id":16170,"href":"https:\/\/paroisses-vic-bigorre.fr\/index.php?rest_route=\/wp\/v2\/pages\/567\/revisions\/16170"}],"wp:attachment":[{"href":"https:\/\/paroisses-vic-bigorre.fr\/index.php?rest_route=%2Fwp%2Fv2%2Fmedia&parent=567"}],"curies":[{"name":"wp","href":"https:\/\/api.w.org\/{rel}","templated":true}]}}