{"id":555,"date":"2019-11-20T18:42:07","date_gmt":"2019-11-20T17:42:07","guid":{"rendered":"http:\/\/paroisses-vic-bigorre.com\/?page_id=555"},"modified":"2026-01-11T18:04:50","modified_gmt":"2026-01-11T17:04:50","slug":"555-2","status":"publish","type":"page","link":"https:\/\/paroisses-vic-bigorre.fr\/?page_id=555","title":{"rendered":"Caixon : \u00e9glise Ste-Marie"},"content":{"rendered":"<h4 style=\"text-align: center;\"><img loading=\"lazy\" decoding=\"async\" class=\"alignnone aligncenter\" src=\"https:\/\/encrypted-tbn0.gstatic.com\/images?q=tbn:ANd9GcRKRstVVbTKBy28veIY6yoAOtN9pFE1CMPnfxTlUbgrMhJTOTtHzA&amp;s\" alt=\"R\u00e9sultat de recherche d'images pour &quot;caixon 65&quot;\" width=\"116\" height=\"148\" \/><\/h4>\n<h4 style=\"text-align: center;\"><span style=\"text-decoration: underline; color: #ff6600;\">La\u00a0 commune<\/span><\/h4>\n<p style=\"text-align: right;\"><span style=\"color: #ff0000;\"><em>340 habitants (2023)<\/em><\/span><\/p>\n<p style=\"text-align: justify;\">Caixon a vraisemblablement pour origine le domaine gallo-romain de Cassius. Au xiie si\u00e8cle, le village comprenait le ch\u00e2teau, l&rsquo;\u00e9glise, un enclos eccl\u00e9sial, un moulin. Caixon a \u00e9t\u00e9 la r\u00e9sidence de l&rsquo;\u00e9v\u00eaque de Bigorre dont il fut la propri\u00e9t\u00e9, jusqu&rsquo;en 1598. Le blason de Caixon atteste de pass\u00e9 espicopal avec la pr\u00e9sence de la crosse de l\u2019\u00e9v\u00eaque.<br \/>\nLe village a souffert des guerres de religion au XVI\u00e8 si\u00e8cle. En 1569, les troupes calvinistes du comte de Montgommery, lieutenant g\u00e9n\u00e9ral de la reine de Navarre Jeanne d&rsquo;Albret, ravag\u00e8rent le pays en faisant route de Maubourguet \u00e0 Tarbes, br\u00fblant l&rsquo;\u00e9glise.<br \/>\nAu d\u00e9but du xxe si\u00e8cle, la commune se signalait par l&rsquo;existence de quatre tuileries employant une cinquantaine d&rsquo;ouvriers, tant et si bien que les habitants \u00e9taient d\u00e9sign\u00e9s comme Los teul\u00e8rs : \u00ab\u00a0les tuiliers\u00a0\u00bb.<\/p>\n<p>&nbsp;<\/p>\n<h4 style=\"text-align: center;\"><span style=\"text-decoration: underline; color: #ff6600;\">L&rsquo;\u00e9glise Sainte-Marie<\/span><\/h4>\n<p><a href=\"https:\/\/paroisses-vic-bigorre.fr\/wp-content\/uploads\/2024\/06\/Caixon.jpg\"><img loading=\"lazy\" decoding=\"async\" class=\"aligncenter wp-image-13899 size-full\" src=\"https:\/\/paroisses-vic-bigorre.fr\/wp-content\/uploads\/2024\/06\/Caixon.jpg\" alt=\"\" width=\"282\" height=\"179\" srcset=\"https:\/\/paroisses-vic-bigorre.fr\/wp-content\/uploads\/2024\/06\/Caixon.jpg 282w, https:\/\/paroisses-vic-bigorre.fr\/wp-content\/uploads\/2024\/06\/Caixon-150x95.jpg 150w\" sizes=\"auto, (max-width: 282px) 100vw, 282px\" \/><\/a><\/p>\n<p><span style=\"color: #0000ff;\"><strong>F\u00eate le 15 ao\u00fbt<\/strong> : Sainte-Marie : (<em>Assomption de la Vierge<\/em>)<\/span><\/p>\n<p style=\"text-align: justify;\">L&rsquo;\u00e9glise Sainte-Marie de Caixon pr\u00e9sente une architecture remarquable de par l&rsquo;originalit\u00e9 de son clocher. Quatre clochetons sont surmont\u00e9s d&rsquo;un clocher de forme hexagonale peu pr\u00e9sent sur le territoire.<br \/>\nLe retable de cette m\u00eame \u00e9glise est particuli\u00e8rement remarquable. Il s&rsquo;agit d&rsquo;une \u0153uvre baroque de Marc Ferr\u00e8re. Il est constitu\u00e9 :<br \/>\n&#8211; d&rsquo;un tabernacle repr\u00e9sentant une sc\u00e8ne de l&rsquo;Apocalypse ;<br \/>\n&#8211; d&rsquo;un autel tombeau symbolisant J\u00e9sus-Christ nourri par les oiseaux ;<br \/>\n&#8211; d&rsquo;un panneau central d\u00e9di\u00e9 \u00e0 la Vierge Marie et \u00e0 son assomption ;<br \/>\n&#8211; de colonnes torsad\u00e9es dites colonnes salomoniques en r\u00e9f\u00e9rence au temple de Salomon<\/p>\n<div id=\"attachment_13902\" style=\"width: 220px\" class=\"wp-caption aligncenter\"><a href=\"https:\/\/paroisses-vic-bigorre.fr\/wp-content\/uploads\/2024\/06\/Caixon-croix.jpg\"><img loading=\"lazy\" decoding=\"async\" aria-describedby=\"caption-attachment-13902\" class=\"wp-image-13902 size-full\" src=\"https:\/\/paroisses-vic-bigorre.fr\/wp-content\/uploads\/2024\/06\/Caixon-croix.jpg\" alt=\"\" width=\"210\" height=\"280\" srcset=\"https:\/\/paroisses-vic-bigorre.fr\/wp-content\/uploads\/2024\/06\/Caixon-croix.jpg 210w, https:\/\/paroisses-vic-bigorre.fr\/wp-content\/uploads\/2024\/06\/Caixon-croix-113x150.jpg 113w\" sizes=\"auto, (max-width: 210px) 100vw, 210px\" \/><\/a><p id=\"caption-attachment-13902\" class=\"wp-caption-text\">Croix votive de Caixon<\/p><\/div>\n<p>&nbsp;<\/p>\n<p>&nbsp;<\/p>\n<p>&nbsp;<\/p>\n<p>&nbsp;<\/p>\n","protected":false},"excerpt":{"rendered":"<p>La\u00a0 commune 340 habitants (2023) Caixon a vraisemblablement pour origine le domaine gallo-romain de Cassius. Au xiie si\u00e8cle, le village comprenait le ch\u00e2teau, l&rsquo;\u00e9glise, un enclos eccl\u00e9sial, un moulin. Caixon&#8230;<\/p>\n<p> <a class=\"continue-reading-link\" href=\"https:\/\/paroisses-vic-bigorre.fr\/?page_id=555\"><span>LIRE LA SUITE<\/span><i class=\"crycon-right-dir\"><\/i><\/a> <\/p>\n","protected":false},"author":2,"featured_media":0,"parent":0,"menu_order":0,"comment_status":"closed","ping_status":"closed","template":"","meta":{"footnotes":""},"class_list":["post-555","page","type-page","status-publish","hentry"],"jetpack_sharing_enabled":true,"_links":{"self":[{"href":"https:\/\/paroisses-vic-bigorre.fr\/index.php?rest_route=\/wp\/v2\/pages\/555","targetHints":{"allow":["GET"]}}],"collection":[{"href":"https:\/\/paroisses-vic-bigorre.fr\/index.php?rest_route=\/wp\/v2\/pages"}],"about":[{"href":"https:\/\/paroisses-vic-bigorre.fr\/index.php?rest_route=\/wp\/v2\/types\/page"}],"author":[{"embeddable":true,"href":"https:\/\/paroisses-vic-bigorre.fr\/index.php?rest_route=\/wp\/v2\/users\/2"}],"replies":[{"embeddable":true,"href":"https:\/\/paroisses-vic-bigorre.fr\/index.php?rest_route=%2Fwp%2Fv2%2Fcomments&post=555"}],"version-history":[{"count":4,"href":"https:\/\/paroisses-vic-bigorre.fr\/index.php?rest_route=\/wp\/v2\/pages\/555\/revisions"}],"predecessor-version":[{"id":16169,"href":"https:\/\/paroisses-vic-bigorre.fr\/index.php?rest_route=\/wp\/v2\/pages\/555\/revisions\/16169"}],"wp:attachment":[{"href":"https:\/\/paroisses-vic-bigorre.fr\/index.php?rest_route=%2Fwp%2Fv2%2Fmedia&parent=555"}],"curies":[{"name":"wp","href":"https:\/\/api.w.org\/{rel}","templated":true}]}}