{"id":499,"date":"2019-11-19T20:38:32","date_gmt":"2019-11-19T19:38:32","guid":{"rendered":"http:\/\/paroisses-vic-bigorre.com\/?page_id=499"},"modified":"2024-06-20T14:32:37","modified_gmt":"2024-06-20T12:32:37","slug":"service-evangelique-des-malades","status":"publish","type":"page","link":"https:\/\/paroisses-vic-bigorre.fr\/?page_id=499","title":{"rendered":"Service Evang\u00e9lique des Malades"},"content":{"rendered":"<div>\n<h5><span style=\"color: #008000;\">Pour notre paroisse\u00a0<\/span><\/h5>\n<div><\/div>\n<div>Contacter Sabine Barbe Combes : 06 75 99 92 62<\/div>\n<div>\n<div>Elle est aussi charg\u00e9e de l\u2019aum\u00f4nerie de l\u2019h\u00f4pital de Vic.<\/div>\n<div>On peut contacter aussi l&rsquo;abb\u00e9 Christian Lagarde (06 70 01 78 67) ou le diacre Robert Chauveau (06 77 80 31 74)<\/div>\n<div>Des personnes aussi sur la paroisse visitent les malades et portent la communion.<\/div>\n<div><\/div>\n<div style=\"text-align: center;\"><strong>Contact :<\/strong><\/div>\n<\/div>\n<div>\n<p style=\"text-align: center;\">Presbyt\u00e8re o<span style=\"font-family: Tahoma, Geneva, sans-serif;\">uvert les mardi, jeudi\u00a0 &amp; vendredi<\/span><\/p>\n<p style=\"text-align: center;\">de 14 H \u00e0 17 H 30<\/p>\n<\/div>\n<div style=\"text-align: center;\">\u00a0&#8212;&#8212;&#8212;&#8212;&#8212;&#8212;&#8212;&#8212;&#8212;&#8212;&#8212;&#8212;&#8212;&#8212;-<\/div>\n<div><\/div>\n<\/div>\n<p style=\"text-align: center;\"><img loading=\"lazy\" decoding=\"async\" class=\"alignnone size-full wp-image-751\" src=\"http:\/\/paroisses-vic-bigorre.com\/wp-content\/uploads\/2019\/11\/Sant\u00e9.png\" alt=\"\" width=\"244\" height=\"85\" \/><\/p>\n<p style=\"text-align: justify;\">Le Service \u00e9vang\u00e9lique des malades est constitu\u00e9 par une \u00e9quipe de volontaires qui rendent visite aux malades et aux personnes \u00e2g\u00e9es ou isol\u00e9es chez elles, en maison de retraite et parfois \u00e0 l\u2019h\u00f4pital. C\u2019est une \u00e9quipe de chr\u00e9tiens soucieux de r\u00e9pondre \u00e0 l\u2019appel du Christ \u00ab\u00a0J\u2019\u00e9tais malade et vous m\u2019avez visit\u00e9\u00a0\u00bb. Ils sont envoy\u00e9s par l\u2019\u00c9glise. Ils portent \u00e9ventuellement la communion dans une custode fournie par la paroisse. Le Service \u00e9vang\u00e9lique des malades fait aussi une pr\u00e9paration \u00e0 la visite du pr\u00eatre pour les sacrements (p\u00e9nitence, eucharistie et sacrement de l\u2019onction). Le service \u00e9vang\u00e9lique dioc\u00e9sain organise un temps de formation destin\u00e9 \u00e0 toutes les personnes qui assurent dans leur paroisse la visite des gens qui ne peuvent pas se d\u00e9placer et qui participent \u00e0 ce Service \u00e9vang\u00e9lique des malades.<\/p>\n<h5 style=\"text-align: center;\"><a href=\"https:\/\/cybercure.fr\/je-celebre-les-sacrements\/sacrement-des-malades\/article\/pastorale-et-service-evangelique\" target=\"_blank\" rel=\"noopener noreferrer\">En savoir plus<\/a><\/h5>\n","protected":false},"excerpt":{"rendered":"<p>Pour notre paroisse\u00a0 Contacter Sabine Barbe Combes : 06 75 99 92 62 Elle est aussi charg\u00e9e de l\u2019aum\u00f4nerie de l\u2019h\u00f4pital de Vic. On peut contacter aussi l&rsquo;abb\u00e9 Christian Lagarde&#8230;<\/p>\n<p> <a class=\"continue-reading-link\" href=\"https:\/\/paroisses-vic-bigorre.fr\/?page_id=499\"><span>LIRE LA SUITE<\/span><i class=\"crycon-right-dir\"><\/i><\/a> <\/p>\n","protected":false},"author":2,"featured_media":0,"parent":0,"menu_order":0,"comment_status":"closed","ping_status":"closed","template":"","meta":{"footnotes":""},"class_list":["post-499","page","type-page","status-publish","hentry"],"jetpack_sharing_enabled":true,"_links":{"self":[{"href":"https:\/\/paroisses-vic-bigorre.fr\/index.php?rest_route=\/wp\/v2\/pages\/499","targetHints":{"allow":["GET"]}}],"collection":[{"href":"https:\/\/paroisses-vic-bigorre.fr\/index.php?rest_route=\/wp\/v2\/pages"}],"about":[{"href":"https:\/\/paroisses-vic-bigorre.fr\/index.php?rest_route=\/wp\/v2\/types\/page"}],"author":[{"embeddable":true,"href":"https:\/\/paroisses-vic-bigorre.fr\/index.php?rest_route=\/wp\/v2\/users\/2"}],"replies":[{"embeddable":true,"href":"https:\/\/paroisses-vic-bigorre.fr\/index.php?rest_route=%2Fwp%2Fv2%2Fcomments&post=499"}],"version-history":[{"count":3,"href":"https:\/\/paroisses-vic-bigorre.fr\/index.php?rest_route=\/wp\/v2\/pages\/499\/revisions"}],"predecessor-version":[{"id":14317,"href":"https:\/\/paroisses-vic-bigorre.fr\/index.php?rest_route=\/wp\/v2\/pages\/499\/revisions\/14317"}],"wp:attachment":[{"href":"https:\/\/paroisses-vic-bigorre.fr\/index.php?rest_route=%2Fwp%2Fv2%2Fmedia&parent=499"}],"curies":[{"name":"wp","href":"https:\/\/api.w.org\/{rel}","templated":true}]}}