{"id":491,"date":"2019-11-19T20:34:15","date_gmt":"2019-11-19T19:34:15","guid":{"rendered":"http:\/\/paroisses-vic-bigorre.com\/?page_id=491"},"modified":"2026-01-02T12:10:55","modified_gmt":"2026-01-02T11:10:55","slug":"mouvement-chretien-des-retraites-mcr","status":"publish","type":"page","link":"https:\/\/paroisses-vic-bigorre.fr\/?page_id=491","title":{"rendered":"Mouvement Chr\u00e9tien des Retrait\u00e9s (MCR)"},"content":{"rendered":"<h5 style=\"padding-left: 40px; text-align: left;\"><strong><span style=\"color: #008000;\">Contact : Ginette CURBET\u00a0<\/span><\/strong><\/h5>\n<p style=\"text-align: center;\">r\u00e9union mensuelle \u00e0 S\u00e9ron.<\/p>\n<p style=\"text-align: center;\"><a href=\"https:\/\/mcr.asso.fr\/\" target=\"_blank\" rel=\"noopener noreferrer\"><span style=\"text-decoration: underline;\">En savoir plus<\/span><\/a><\/p>\n<p>&nbsp;<\/p>\n<p>&nbsp;<\/p>\n","protected":false},"excerpt":{"rendered":"<p>Contact : Ginette CURBET\u00a0 r\u00e9union mensuelle \u00e0 S\u00e9ron. En savoir plus &nbsp; &nbsp;<\/p>\n<p> <a class=\"continue-reading-link\" href=\"https:\/\/paroisses-vic-bigorre.fr\/?page_id=491\"><span>LIRE LA SUITE<\/span><i class=\"crycon-right-dir\"><\/i><\/a> <\/p>\n","protected":false},"author":2,"featured_media":0,"parent":0,"menu_order":0,"comment_status":"closed","ping_status":"closed","template":"","meta":{"footnotes":""},"class_list":["post-491","page","type-page","status-publish","hentry"],"jetpack_sharing_enabled":true,"_links":{"self":[{"href":"https:\/\/paroisses-vic-bigorre.fr\/index.php?rest_route=\/wp\/v2\/pages\/491","targetHints":{"allow":["GET"]}}],"collection":[{"href":"https:\/\/paroisses-vic-bigorre.fr\/index.php?rest_route=\/wp\/v2\/pages"}],"about":[{"href":"https:\/\/paroisses-vic-bigorre.fr\/index.php?rest_route=\/wp\/v2\/types\/page"}],"author":[{"embeddable":true,"href":"https:\/\/paroisses-vic-bigorre.fr\/index.php?rest_route=\/wp\/v2\/users\/2"}],"replies":[{"embeddable":true,"href":"https:\/\/paroisses-vic-bigorre.fr\/index.php?rest_route=%2Fwp%2Fv2%2Fcomments&post=491"}],"version-history":[{"count":4,"href":"https:\/\/paroisses-vic-bigorre.fr\/index.php?rest_route=\/wp\/v2\/pages\/491\/revisions"}],"predecessor-version":[{"id":15829,"href":"https:\/\/paroisses-vic-bigorre.fr\/index.php?rest_route=\/wp\/v2\/pages\/491\/revisions\/15829"}],"wp:attachment":[{"href":"https:\/\/paroisses-vic-bigorre.fr\/index.php?rest_route=%2Fwp%2Fv2%2Fmedia&parent=491"}],"curies":[{"name":"wp","href":"https:\/\/api.w.org\/{rel}","templated":true}]}}