{"id":374,"date":"2019-11-18T14:33:27","date_gmt":"2019-11-18T13:33:27","guid":{"rendered":"http:\/\/paroisses-vic-bigorre.com\/?page_id=374"},"modified":"2024-06-17T17:28:30","modified_gmt":"2024-06-17T15:28:30","slug":"denier-de-leglise","status":"publish","type":"page","link":"https:\/\/paroisses-vic-bigorre.fr\/?page_id=374","title":{"rendered":"Denier de l&rsquo;Eglise"},"content":{"rendered":"<p><img loading=\"lazy\" decoding=\"async\" class=\"aligncenter\" src=\"https:\/\/eglise.catholique.fr\/wp-content\/uploads\/sites\/2\/2013\/06\/2.jpg\" alt=\"Qu'est-ce que le Denier de l'Eglise ?\" width=\"213\" height=\"133\" \/><\/p>\n<p>L\u2019\u00c9glise catholique assure ses missions gr\u00e2ce \u00e0 la g\u00e9n\u00e9rosit\u00e9 des fid\u00e8les : depuis 1905, la premi\u00e8re de ses ressources est le Denier de l\u2019\u00c9glise, cette contribution financi\u00e8re vers\u00e9e annuellement par les catholiques \u00e0 leur dioc\u00e8se\u00a0 est destin\u00e9e \u00e0 assurer la vie mat\u00e9rielle des pr\u00eatres.<br \/>\nLe Denier n\u2019est pas un don comme un autre. Il fait appel \u00e0 un sentiment d\u2019appartenance et de fid\u00e9lit\u00e9 envers l\u2019\u00c9glise, pour que ceux qui sont plus sp\u00e9cialement en charge d\u2019annoncer l\u2019\u00c9vangile et de faire vivre l\u2019\u00c9glise, aient une juste r\u00e9mun\u00e9ration.<br \/>\nLe Denier est un don volontaire, il n\u2019y a pas de tarif ! Chacun donne en conscience selon ses possibilit\u00e9s.<\/p>\n<h5 style=\"text-align: center;\"><span style=\"color: #ff6600;\"><a style=\"color: #ff6600;\" href=\"https:\/\/www.catholique65.fr\/don-en-ligne\" target=\"_blank\" rel=\"noopener noreferrer\">Faire un don<\/a><\/span><\/h5>\n","protected":false},"excerpt":{"rendered":"<p>L\u2019\u00c9glise catholique assure ses missions gr\u00e2ce \u00e0 la g\u00e9n\u00e9rosit\u00e9 des fid\u00e8les : depuis 1905, la premi\u00e8re de ses ressources est le Denier de l\u2019\u00c9glise, cette contribution financi\u00e8re vers\u00e9e annuellement par&#8230;<\/p>\n<p> <a class=\"continue-reading-link\" href=\"https:\/\/paroisses-vic-bigorre.fr\/?page_id=374\"><span>LIRE LA SUITE<\/span><i class=\"crycon-right-dir\"><\/i><\/a> <\/p>\n","protected":false},"author":2,"featured_media":0,"parent":0,"menu_order":0,"comment_status":"closed","ping_status":"closed","template":"","meta":{"footnotes":""},"class_list":["post-374","page","type-page","status-publish","hentry"],"jetpack_sharing_enabled":true,"_links":{"self":[{"href":"https:\/\/paroisses-vic-bigorre.fr\/index.php?rest_route=\/wp\/v2\/pages\/374","targetHints":{"allow":["GET"]}}],"collection":[{"href":"https:\/\/paroisses-vic-bigorre.fr\/index.php?rest_route=\/wp\/v2\/pages"}],"about":[{"href":"https:\/\/paroisses-vic-bigorre.fr\/index.php?rest_route=\/wp\/v2\/types\/page"}],"author":[{"embeddable":true,"href":"https:\/\/paroisses-vic-bigorre.fr\/index.php?rest_route=\/wp\/v2\/users\/2"}],"replies":[{"embeddable":true,"href":"https:\/\/paroisses-vic-bigorre.fr\/index.php?rest_route=%2Fwp%2Fv2%2Fcomments&post=374"}],"version-history":[{"count":3,"href":"https:\/\/paroisses-vic-bigorre.fr\/index.php?rest_route=\/wp\/v2\/pages\/374\/revisions"}],"predecessor-version":[{"id":14071,"href":"https:\/\/paroisses-vic-bigorre.fr\/index.php?rest_route=\/wp\/v2\/pages\/374\/revisions\/14071"}],"wp:attachment":[{"href":"https:\/\/paroisses-vic-bigorre.fr\/index.php?rest_route=%2Fwp%2Fv2%2Fmedia&parent=374"}],"curies":[{"name":"wp","href":"https:\/\/api.w.org\/{rel}","templated":true}]}}