{"id":329,"date":"2019-11-18T13:36:54","date_gmt":"2019-11-18T12:36:54","guid":{"rendered":"http:\/\/paroisses-vic-bigorre.com\/?page_id=329"},"modified":"2024-06-18T19:47:32","modified_gmt":"2024-06-18T17:47:32","slug":"parcours-alpha","status":"publish","type":"page","link":"https:\/\/paroisses-vic-bigorre.fr\/?page_id=329","title":{"rendered":"Partage autour de l&rsquo;Evangile"},"content":{"rendered":"<p>Nous nous r\u00e9unissons actuellement tous les mardis au Foyer St-Martin \u00e0 15 H 30 pour partager &lsquo;\u00c9vangile qui sera lue le dimanche suivant.<\/p>\n","protected":false},"excerpt":{"rendered":"<p>Nous nous r\u00e9unissons actuellement tous les mardis au Foyer St-Martin \u00e0 15 H 30 pour partager &lsquo;\u00c9vangile qui sera lue le dimanche suivant.<\/p>\n<p> <a class=\"continue-reading-link\" href=\"https:\/\/paroisses-vic-bigorre.fr\/?page_id=329\"><span>LIRE LA SUITE<\/span><i class=\"crycon-right-dir\"><\/i><\/a> <\/p>\n","protected":false},"author":2,"featured_media":0,"parent":0,"menu_order":0,"comment_status":"closed","ping_status":"closed","template":"","meta":{"footnotes":""},"class_list":["post-329","page","type-page","status-publish","hentry"],"jetpack_sharing_enabled":true,"_links":{"self":[{"href":"https:\/\/paroisses-vic-bigorre.fr\/index.php?rest_route=\/wp\/v2\/pages\/329","targetHints":{"allow":["GET"]}}],"collection":[{"href":"https:\/\/paroisses-vic-bigorre.fr\/index.php?rest_route=\/wp\/v2\/pages"}],"about":[{"href":"https:\/\/paroisses-vic-bigorre.fr\/index.php?rest_route=\/wp\/v2\/types\/page"}],"author":[{"embeddable":true,"href":"https:\/\/paroisses-vic-bigorre.fr\/index.php?rest_route=\/wp\/v2\/users\/2"}],"replies":[{"embeddable":true,"href":"https:\/\/paroisses-vic-bigorre.fr\/index.php?rest_route=%2Fwp%2Fv2%2Fcomments&post=329"}],"version-history":[{"count":1,"href":"https:\/\/paroisses-vic-bigorre.fr\/index.php?rest_route=\/wp\/v2\/pages\/329\/revisions"}],"predecessor-version":[{"id":14111,"href":"https:\/\/paroisses-vic-bigorre.fr\/index.php?rest_route=\/wp\/v2\/pages\/329\/revisions\/14111"}],"wp:attachment":[{"href":"https:\/\/paroisses-vic-bigorre.fr\/index.php?rest_route=%2Fwp%2Fv2%2Fmedia&parent=329"}],"curies":[{"name":"wp","href":"https:\/\/api.w.org\/{rel}","templated":true}]}}