{"id":318,"date":"2019-11-18T13:31:34","date_gmt":"2019-11-18T12:31:34","guid":{"rendered":"http:\/\/paroisses-vic-bigorre.com\/?page_id=318"},"modified":"2024-06-18T19:14:44","modified_gmt":"2024-06-18T17:14:44","slug":"mariages","status":"publish","type":"page","link":"https:\/\/paroisses-vic-bigorre.fr\/?page_id=318","title":{"rendered":"Mariage"},"content":{"rendered":"<p><img loading=\"lazy\" decoding=\"async\" class=\"aligncenter\" src=\"https:\/\/encrypted-tbn0.gstatic.com\/images?q=tbn:ANd9GcRUfTq2P4SpT8BXw04DkbefTC8nH57B2Pm4QhgnMSrvKcx985pA&amp;s\" alt=\"R\u00e9sultat de recherche d'images pour &quot;mariage catholique&quot;\" width=\"163\" height=\"163\" \/><\/p>\n<h5 style=\"text-align: center;\"><strong><span style=\"color: #008000;\">Pr\u00e9paration au mariage : B\u00e9atrice et Philippe Foulon, 06 49 16 92 42\u00a0<\/span><\/strong><\/h5>\n<div>\n<div>Prendre contact un an \u00e0 l\u2019avance avec le secr\u00e9tariat du presbyt\u00e8re, pour fixer la date de la c\u00e9r\u00e9monie et commencer le dossier.<\/div>\n<div>3 rencontres avec les responsables, B\u00e9atrice et Philippe FOULON,<\/div>\n<div>et des rencontres avec le pr\u00eatre ou le diacre qui c\u00e9l\u00e9brera le mariage.<\/div>\n<div><\/div>\n<div style=\"text-align: center;\"><span style=\"color: #993300;\"><a style=\"color: #993300;\" href=\"https:\/\/paroisses-vic-bigorre.fr\/wp-content\/uploads\/2024\/06\/Formulaire-mariage-pdf.pdf\" target=\"_blank\" rel=\"noopener\">Formulaire de demande de mariage religieux<\/a><\/span><\/div>\n<div><\/div>\n<\/div>\n<h5 style=\"text-align: center;\"><strong><span style=\"color: #008000;\">Le sacrement de mariage<\/span><\/strong><\/h5>\n<p>Le mariage est l\u2019alliance entre un homme et une femme unis par un m\u00eame amour. Dans cette alliance se r\u00e9v\u00e8le le plus pleinement l\u2019histoire des alliances entre Dieu et l\u2019humanit\u00e9 scell\u00e9e dans l\u2019amour du Christ qui a donn\u00e9 sa vie pour nous. Les sacrement \u00a0de mariage sanctifie l\u2019union d\u2019un homme et d\u2019une femme et situe l\u2019amour des \u00e9poux au c\u0153ur de l\u2019amour de Dieu pour l\u2019humanit\u00e9.<\/p>\n<p>C\u2019est un engagement pris devant Dieu. La dignit\u00e9 de cet engagement s\u2019articule sur les quatre piliers que scelle l\u2019\u00e9change des consentements\u00a0: la libert\u00e9, la fid\u00e9lit\u00e9, l\u2019indissolubilit\u00e9 et la f\u00e9condit\u00e9. Chacun des fianc\u00e9s doit \u00eatre pleinement libre au moment de son engagement. Les conjoints se promettent fid\u00e9lit\u00e9, et cette promesse est source de confiance r\u00e9ciproque.<\/p>\n<p style=\"text-align: center;\"><a href=\"https:\/\/eglise.catholique.fr\/approfondir-sa-foi\/la-celebration-de-la-foi\/les-sacrements\/le-mariage\/\" target=\"_blank\" rel=\"noopener\"><strong><span style=\"color: #0000ff;\">EN SAVOIR PLUS SUR LE MARIAGE CATHOLIQUE<\/span><\/strong><\/a><\/p>\n<p><span style=\"color: #ff0000;\"><span style=\"color: #ff0000;\"><b>Comment demander un certificat de bapt\u00eame\u00a0en vue du mariage<\/b><\/span><\/span><\/p>\n<p>La demande est \u00e0 faire aupr\u00e8s de la chancellerie du dioc\u00e8se correspond \u00e0 la paroisse de bapt\u00eame. Si les personnes demandant leur extrait de bapt\u00eame ne peuvent pas se d\u00e9placer, elles doivent adresser un courrier avec leur nom, pr\u00e9nom, date de naissance, lieu de naissance, le nom de jeune fille de leur m\u00e8re, en pr\u00e9cisant la raison de cette demande. Joindre imp\u00e9rativement une enveloppe affranchie pour la r\u00e9ponse.<\/p>\n<p style=\"text-align: center;\"><span style=\"text-decoration: underline; color: #ff0000;\">https:\/\/www.catholique65.fr\/obtenir-un-acte<\/span><\/p>\n<p><strong><span style=\"color: #008000;\">Pour rendre un mariage\u00a0 heureux<\/span><\/strong><\/p>\n<p><iframe loading=\"lazy\" title=\"Denis Sonet manuel du couple pour durer heureux en amour\" width=\"1150\" height=\"647\" src=\"https:\/\/www.youtube.com\/embed\/OK15Hpa6HVw?feature=oembed\" frameborder=\"0\" allow=\"accelerometer; autoplay; clipboard-write; encrypted-media; gyroscope; picture-in-picture; web-share\" referrerpolicy=\"strict-origin-when-cross-origin\" allowfullscreen><\/iframe><\/p>\n<p>&nbsp;<\/p>\n","protected":false},"excerpt":{"rendered":"<p>Pr\u00e9paration au mariage : B\u00e9atrice et Philippe Foulon, 06 49 16 92 42\u00a0 Prendre contact un an \u00e0 l\u2019avance avec le secr\u00e9tariat du presbyt\u00e8re, pour fixer la date de la&#8230;<\/p>\n<p> <a class=\"continue-reading-link\" href=\"https:\/\/paroisses-vic-bigorre.fr\/?page_id=318\"><span>LIRE LA SUITE<\/span><i class=\"crycon-right-dir\"><\/i><\/a> <\/p>\n","protected":false},"author":2,"featured_media":0,"parent":0,"menu_order":0,"comment_status":"closed","ping_status":"closed","template":"","meta":{"footnotes":""},"class_list":["post-318","page","type-page","status-publish","hentry"],"jetpack_sharing_enabled":true,"_links":{"self":[{"href":"https:\/\/paroisses-vic-bigorre.fr\/index.php?rest_route=\/wp\/v2\/pages\/318","targetHints":{"allow":["GET"]}}],"collection":[{"href":"https:\/\/paroisses-vic-bigorre.fr\/index.php?rest_route=\/wp\/v2\/pages"}],"about":[{"href":"https:\/\/paroisses-vic-bigorre.fr\/index.php?rest_route=\/wp\/v2\/types\/page"}],"author":[{"embeddable":true,"href":"https:\/\/paroisses-vic-bigorre.fr\/index.php?rest_route=\/wp\/v2\/users\/2"}],"replies":[{"embeddable":true,"href":"https:\/\/paroisses-vic-bigorre.fr\/index.php?rest_route=%2Fwp%2Fv2%2Fcomments&post=318"}],"version-history":[{"count":5,"href":"https:\/\/paroisses-vic-bigorre.fr\/index.php?rest_route=\/wp\/v2\/pages\/318\/revisions"}],"predecessor-version":[{"id":14154,"href":"https:\/\/paroisses-vic-bigorre.fr\/index.php?rest_route=\/wp\/v2\/pages\/318\/revisions\/14154"}],"wp:attachment":[{"href":"https:\/\/paroisses-vic-bigorre.fr\/index.php?rest_route=%2Fwp%2Fv2%2Fmedia&parent=318"}],"curies":[{"name":"wp","href":"https:\/\/api.w.org\/{rel}","templated":true}]}}