{"id":316,"date":"2019-11-18T13:31:23","date_gmt":"2019-11-18T12:31:23","guid":{"rendered":"http:\/\/paroisses-vic-bigorre.com\/?page_id=316"},"modified":"2024-06-16T14:20:06","modified_gmt":"2024-06-16T12:20:06","slug":"baptemes","status":"publish","type":"page","link":"https:\/\/paroisses-vic-bigorre.fr\/?page_id=316","title":{"rendered":"Bapt\u00e8me"},"content":{"rendered":"<p style=\"text-align: center;\"><img loading=\"lazy\" decoding=\"async\" class=\"alignnone size-full wp-image-13887\" src=\"https:\/\/paroisses-vic-bigorre.fr\/wp-content\/uploads\/2024\/06\/Bapteme.jpg\" alt=\"\" width=\"300\" height=\"168\" srcset=\"https:\/\/paroisses-vic-bigorre.fr\/wp-content\/uploads\/2024\/06\/Bapteme.jpg 300w, https:\/\/paroisses-vic-bigorre.fr\/wp-content\/uploads\/2024\/06\/Bapteme-150x84.jpg 150w\" sizes=\"auto, (max-width: 300px) 100vw, 300px\" \/><\/p>\n<p style=\"text-align: center;\"><strong><span style=\"color: #993300;\">Pour obtenir, un certificat de bapt\u00eame, voir en bas de cette page<\/span><\/strong><\/p>\n<h5 style=\"text-align: center;\"><strong><span style=\"color: #008000;\">Pr\u00e9paration au bapt\u00eame, contact :<\/span><\/strong><\/h5>\n<h5 style=\"text-align: center;\"><strong><span style=\"color: #008000;\"> Jacqueline et Gilles Tenet, 06 30 18 07 56.<br \/>\n<\/span><\/strong><\/h5>\n<div>\n<div style=\"text-align: center;\">\n<p style=\"text-align: left;\"><b><span style=\"color: #0000ff;\">\u00a0<\/span><\/b><strong>Bapt\u00eames des tout-petits :<\/strong><\/p>\n<\/div>\n<\/div>\n<p>La pr\u00e9paration au bapt\u00eame se fait lors de soir\u00e9es au Foyer saint Martin de Vic, \u00e0 c\u00f4t\u00e9 du centre multim\u00e9dia.<br \/>\nResponsables : Gilles et Jacqueline<br \/>\nC\u2019est l\u2019entr\u00e9e dans la Communaut\u00e9 chr\u00e9tienne. Prendre contact avec le secr\u00e9tariat.<br \/>\n1\u00e8re soir\u00e9e de pr\u00e9paration avec Jacqueline et Gilles au Foyer saint Martin.<br \/>\n2\u00e8me soir\u00e9e avec l\u2019un des pr\u00eatres ou le diacre. au Foyer saint Martin.<\/p>\n<p><strong>Bapt\u00eames des enfants en \u00e2ge de scolarit\u00e9<\/strong> :<\/p>\n<p>Inscrire d\u2019abord l\u2019enfant au cat\u00e9chisme. Puis des \u00e9tapes se feront vers le bapt\u00eame au sein de son groupe.<\/p>\n<p><strong>Bapt\u00eame d\u2019adulte :<\/strong><\/p>\n<p>Responsable : Jacqueline Tenet. La pr\u00e9paration se fait sur 2 ans, avec une \u00e9quipe qui soutient le cat\u00e9chum\u00e8ne sur la paroisse, et en lien avec le cat\u00e9chum\u00e9nat dioc\u00e9sain.<\/p>\n<h3 style=\"text-align: center;\"><span style=\"color: #ff6600;\">Le sacrement de Bapt\u00eame<\/span><\/h3>\n<p>Comme toute c\u00e9r\u00e9monie religieuse, le bapt\u00eame n\u00e9cessite un minimum de pr\u00e9paration pour que tout se d\u00e9roule sereinement. Quelle \u00e9glise contacter, quel pr\u00eatre, comment s\u2019organiser\u2026 On vous a tout d\u00e9taill\u00e9 !<br \/>\nLe bapt\u00eame est une \u00e9tape importante dans la vie d\u2019un chr\u00e9tien. Il marque son entr\u00e9e au sein de l\u2019\u00c9glise, en tant qu\u2019enfant de Dieu, ainsi que son engagement \u00e0 suivre une \u00e9ducation religieuse. Un jour aussi d\u00e9terminant doit se d\u00e9rouler le plus sereinement possible, c\u2019est pourquoi nous avons d\u00e9taill\u00e9 les moments cl\u00e9s du bapt\u00eame afin de vous faciliter l\u2019organisation de la c\u00e9r\u00e9monie.<\/p>\n<p><strong>\u00a0<span style=\"color: #008000;\">Qui peut se faire baptiser ?<\/span><\/strong><br \/>\n<span style=\"text-decoration: underline;\">1. Les enfants<\/span><br \/>\nLe bapt\u00eame repr\u00e9sente un engagement pour les parents, envers l\u2019\u00c9glise. Par la c\u00e9r\u00e9monie du bapt\u00eame, ils affirment vouloir \u00e9lever leur\u00a0enfant\u00a0dans la foi chr\u00e9tienne et de lui assurer une bonne \u00e9ducation. Tant que les parents s\u2019engagent \u00e0 respecter cette promesse, tous les enfants sont invit\u00e9s \u00e0 se faire baptiser. Au moins, un des deux parents doit \u00eatre baptis\u00e9.<\/p>\n<p><span style=\"text-decoration: underline;\">2. Les adultes<\/span><br \/>\nL\u2019\u00c9glise part du principe que l\u2019on peut \u00eatre baptis\u00e9 \u00e0 n\u2019importe quel \u00e2ge. Si on souhaite se convertir \u00e0 l\u2019\u00e2ge adulte, il suffit pour cela d\u2019en parler au pr\u00eatre de l\u2019\u00e9glise dont d\u00e9pend le domicile ou au service de cat\u00e9chum\u00e9nat. Le cat\u00e9chum\u00e9nat est un service propos\u00e9 par l\u2019\u00c9glise aux personnes qui d\u00e9sirent devenir chr\u00e9tiennes, en se pr\u00e9parant aux sacrements de l\u2019initiation (bapt\u00eame, confirmation, eucharistie).<\/p>\n<p><strong>Quelles sont les d\u00e9marches \u00e0 entreprendre ?<\/strong><br \/>\nPour tout bapt\u00eame, la premi\u00e8re \u00e9tape va \u00eatre de contacter l\u2019\u00e9glise dans laquelle l\u2019\u00e9v\u00e9nement va \u00eatre c\u00e9l\u00e9br\u00e9. Lorsque vous allez \u00e9mettre la demande \u00e0 la paroisse, la personne que vous allez avoir au t\u00e9l\u00e9phone, ou qui va vous accueillir si vous vous d\u00e9placez, va transmettre votre demande au cur\u00e9 de la paroisse et \u00e0 l\u2019\u00e9quipe charg\u00e9e de la pr\u00e9paration du bapt\u00eame. Si vous voulez gagner du temps sur toutes les proc\u00e9dures, et si vous en avez le temps, d\u00e9placez-vous \u00e0 l\u2019\u00e9glise. Vous serez amen\u00e9 \u00e0 y aller pour remplir une fiche d\u2019inscription dans laquelle vous renseignerez les nom et pr\u00e9nom(s) de l\u2019enfant, des parents mais aussi du parrain et de la marraine et leur lien de parent\u00e9 avec l\u2019enfant. La date sera fix\u00e9e d\u00e8s le d\u00e9but en fonction de vos disponibilit\u00e9s et de celles de l\u2019\u00e9glise. Pensez \u00e0 vous y prendre t\u00f4t, au moins 3 mois avant la date souhait\u00e9e car les demandes sont nombreuses. L\u2019\u00e9quipe de pr\u00e9paration prendra ensuite contact avec vous.<\/p>\n<p>Dans la plupart des cas, s\u2019en suivra un entretien avec le pr\u00eatre afin de pr\u00e9parer la c\u00e9r\u00e9monie. Vous serez aussi invit\u00e9s \u00e0 r\u00e9fl\u00e9chir au sens de votre d\u00e9marche afin de mieux comprendre le sens du sacrement du bapt\u00eame. Le bapt\u00eame ne sera pas forc\u00e9ment c\u00e9l\u00e9br\u00e9 par un pr\u00eatre, la mission peut \u00eatre confi\u00e9e \u00e0 un diacre. Il s\u2019agit souvent d\u2019un homme, mari\u00e9 et p\u00e8re de famille, qui a \u00e9t\u00e9 ordonn\u00e9 pour \u00eatre au service de l\u2019\u00c9glise.<\/p>\n<p>Enfin, sachez que le bapt\u00eame est un acte totalement gratuit. Cependant une offrande \u00e0 l\u2019\u00c9glise est toujours bien vue afin de remercier le pr\u00eatre qui a c\u00e9l\u00e9br\u00e9 le bapt\u00eame de votre enfant.<\/p>\n<p><strong>A quel \u00e2ge faire baptiser mon enfant?<\/strong><br \/>\nIl n\u2019existe pas d\u2019\u00e2ge id\u00e9al pour faire baptiser un enfant, le plus souvent, ce choix est laiss\u00e9 aux parents. Le rituel du bapt\u00eame pour les enfants, promulgu\u00e9 par le pape Paul VI en 1969, invite \u00e0 faire baptiser les enfants \u00ab\u00a0d\u00e8s les premi\u00e8res semaines\u00a0\u00bb de sa vie. N\u00e9anmoins, il est de plus en plus fr\u00e9quent que les enfants soient baptis\u00e9s alors qu\u2019ils se pr\u00e9parent \u00e0 communier pour la premi\u00e8re fois ou m\u00eame plus tard. En effet, lorsqu\u2019un enfant a entre 3 et 7 ans, il n\u2019est plus un b\u00e9b\u00e9, et a une certaine conscience des choses. En revanche, sa foi n\u2019est pas assez d\u00e9velopp\u00e9e pour r\u00e9ellement comprendre la signification de l\u2019\u00c9glise. Beaucoup de parents d\u00e9cident d\u00e9sormais de diff\u00e9rer le bapt\u00eame qui sera c\u00e9l\u00e9br\u00e9 aux cours des ann\u00e9es de cat\u00e9chisme.<\/p>\n<p><strong>O\u00f9 est ce que je peux faire baptiser mon enfant ? Quand a lieu la messe ?<\/strong><br \/>\nLa c\u00e9l\u00e9bration de la messe a souvent lieu dans la paroisse dont d\u00e9pend le domicile de la personne baptis\u00e9e. Si le bapt\u00eame doit \u00eatre c\u00e9l\u00e9br\u00e9 dans une autre \u00e9glise pour des raisons pratiques (par exemple, on fait baptiser deux cousins en m\u00eame temps dans la ville de l\u2019un) une d\u00e9rogation sera \u00e0 demander \u00e0 la paroisse. Le jour du bapt\u00eame est souvent un dimanche, \u00e0 la fin de la messe car c\u2019est un jour symbolique, celui de la r\u00e9surrection du Christ.<\/p>\n<p>Sachez qu\u2019il est possible que votre enfant ne soit pas le seul baptis\u00e9 ce jour-l\u00e0, c\u2019est m\u00eame tr\u00e8s rare, les demandes \u00e9tant tr\u00e8s nombreuses. 3 \u00e0 4 enfants sont g\u00e9n\u00e9ralement baptis\u00e9s le m\u00eame jour. Si vous voulez avoir une chance d\u2019avoir un bapt\u00eame durant lequel seul celui de votre enfant est c\u00e9l\u00e9br\u00e9, pr\u00e9f\u00e9rez les saisons comme l\u2019automne o\u00f9 l\u2019hiver, durant lesquelles les demandes sont moins nombreuses.<\/p>\n<p><strong>Le r\u00f4le du parrain et de la marraine ?<\/strong><br \/>\nLors de son bapt\u00eame, l\u2019enfant re\u00e7oit tr\u00e8s souvent un parrain et une marraine, m\u00eame si seul l\u2019un des deux est suffisant tant qu\u2019il est baptis\u00e9 et qu\u2019il m\u00e8ne une vie de bon chr\u00e9tien. Ils sont choisis par les parents et ont pour r\u00f4le de les seconder dans l\u2019\u00e9ducation religieuse de l\u2019enfant.<\/p>\n<p>Pendant la c\u00e9r\u00e9monie, le parrain et la marraine remettent un m\u00e9daillon au pr\u00eatre qui le b\u00e9nie avant de l\u2019attacher autour du cou de l\u2019enfant. Traditionnellement, la marraine est en charge du m\u00e9daillon, sur lequel on fait graver le nom de l\u2019enfant ainsi que la date de son bapt\u00eame, et le parrain offre la cha\u00eene. Pensez donc \u00e0 g\u00e9rer ce d\u00e9tail en amont. Beaucoup de bijouterie proposent de graver des m\u00e9daillons de bapt\u00eame.<\/p>\n<p><strong>Quels sont les cas particuliers ?<\/strong><br \/>\nSi le bapt\u00eame peut \u00eatre l\u2019occasion d\u2019une belle c\u00e9r\u00e9monie, qui r\u00e9unit les membres d\u2019une famille, parfois des circonstances emp\u00eachent le d\u00e9roulement d\u2019un bapt\u00eame \u00e0 l\u2019\u00c9glise.<\/p>\n<p><span style=\"text-decoration: underline;\">1. Un danger de mort<\/span><br \/>\nSi un enfant se retrouve en danger de mort alors qu\u2019il n\u2019est pas baptis\u00e9, les parents peuvent baptiser eux-m\u00eame leur enfant, en faisant un signe de croix sur son front, \u00e0 condition qu\u2019ils soient tous les deux baptis\u00e9s. Il faudra, par la suite, qu\u2019ils aillent inscrire leur enfant au registre des baptis\u00e9s de leur paroisse.<\/p>\n<p><span style=\"text-decoration: underline;\">2. Un enfant adopt\u00e9<\/span><br \/>\nLorsque des parents adoptent un enfant, ils peuvent choisir de le faire baptiser. S\u2019ils sont s\u00fbrs que l\u2019enfant n\u2019a jamais \u00e9t\u00e9 baptis\u00e9, \u00a0une c\u00e9r\u00e9monie classique aura lieue. Dans le cas inverse, le pr\u00eatre fera un bapt\u00eame \u00ab\u00a0sous condition\u00a0\u00bb : cela permet d\u2019inscrire l\u2019enfant dans le registre de sa paroisse, et de lui donner un parrain et une marraine, m\u00eame si les parents ne sont pas s\u00fbrs qu\u2019il ait d\u00e9j\u00e0 \u00e9t\u00e9 baptis\u00e9.<\/p>\n<p><span style=\"text-decoration: underline;\">3. C\u00e9l\u00e9brer le bapt\u00eame en m\u00eame temps que le mariage<\/span><br \/>\nC\u00e9l\u00e9brer un bapt\u00eame en m\u00eame temps que son mariage peut avoir un c\u00f4t\u00e9 tr\u00e8s attrayant : famille d\u00e9j\u00e0 sur place, \u00e9conomie de temps et d\u2019argent car une seule r\u00e9ception est n\u00e9cessaire\u2026 En soit c\u2019est possible, n\u00e9anmoins la m\u00e9thode n\u2019est pas encourag\u00e9e par l\u2019Eglise. Le risque est que l\u2019un des sacrements empi\u00e8te sur l\u2019autre et donc en d\u00e9value un par rapport \u00e0 l\u2019autre, or ce sont deux sacrements tr\u00e8s importants dans la vie d\u2019un chr\u00e9tien. Pour savoir si cette solution vous est accessible, rapprochez-vous de votre pr\u00eatre, tous n\u2019acceptent pas de le faire. Une option que l\u2019on pourra vous proposer afin de dissocier les deux c\u00e9r\u00e9monies sera de faire l\u2019une la veille de l\u2019autre, par exemple on c\u00e9l\u00e9brera le mariage le samedi et le bapt\u00eame le dimanche.<\/p>\n<p style=\"text-align: right;\"><em>Source : https:\/\/fr.aleteia.org\/<\/em><\/p>\n<p style=\"text-align: center;\"><span style=\"text-decoration: underline;\">Le bapt\u00e8me en image\u00a0 avec Kto<\/span><\/p>\n<p><iframe loading=\"lazy\" title=\"La c\u00e9l\u00e9bration du bapt\u00eame\" width=\"1150\" height=\"647\" src=\"https:\/\/www.youtube.com\/embed\/0QfwkTpMKEg?feature=oembed\" frameborder=\"0\" allow=\"accelerometer; autoplay; clipboard-write; encrypted-media; gyroscope; picture-in-picture; web-share\" referrerpolicy=\"strict-origin-when-cross-origin\" allowfullscreen><\/iframe><\/p>\n<h3><span style=\"color: #ff6600;\"><strong>Comment demander un certificat de bapt\u00eame\u00a0<\/strong><\/span><\/h3>\n<p>La demande est \u00e0 faire :<\/p>\n<ul>\n<li><span style=\"text-decoration: underline;\">pour ce qui concerne nos paroiss<\/span>es : en appelant le secr\u00e9tariat du presbyt\u00e8re de Vic, les Mardi, Jeudi, Vendredi entre 13 :30 et 17 :30 au 05 62 37 90 13 ou en envoyant <a href=\"https:\/\/paroisses-vic-bigorre.fr\/wp-content\/uploads\/2024\/06\/Formulaire-bapteme-pdf.pdf\" target=\"_blank\" rel=\"noopener\">le formulaire<\/a><\/li>\n<li><\/li>\n<li><span style=\"font-family: Tahoma, Geneva, sans-serif;\"><span style=\"text-decoration: underline;\">pour toutes paroisses du dioc\u00e8se<\/span> : aupr\u00e8s de la chancellerie du dioc\u00e8se correspond \u00e0 la paroisse de bapt\u00eame. Si les personnes demandant leur extrait de bapt\u00eame ne peuvent pas se d\u00e9placer, elles doivent adresser un courrier avec leur nom, pr\u00e9nom, date de naissance, lieu de naissance, le nom de jeune fille de leur m\u00e8re, en pr\u00e9cisant la raison de cette demande. Joindre imp\u00e9rativement une enveloppe affranchie pour la r\u00e9ponse.<\/span><\/li>\n<\/ul>\n<p style=\"text-align: center;\"><span style=\"text-decoration: underline; color: #ff0000;\">https:\/\/www.catholique65.fr\/obtenir-un-acte<\/span><\/p>\n<p>&nbsp;<\/p>\n<p style=\"text-align: center;\"><img loading=\"lazy\" decoding=\"async\" class=\"alignnone size-full wp-image-394\" src=\"http:\/\/paroisses-vic-bigorre.com\/wp-content\/uploads\/2019\/11\/Bapteme.jpg\" alt=\"\" width=\"317\" height=\"451\" \/><\/p>\n","protected":false},"excerpt":{"rendered":"<p>Pour obtenir, un certificat de bapt\u00eame, voir en bas de cette page Pr\u00e9paration au bapt\u00eame, contact : Jacqueline et Gilles Tenet, 06 30 18 07 56. \u00a0Bapt\u00eames des tout-petits :&#8230;<\/p>\n<p> <a class=\"continue-reading-link\" href=\"https:\/\/paroisses-vic-bigorre.fr\/?page_id=316\"><span>LIRE LA SUITE<\/span><i class=\"crycon-right-dir\"><\/i><\/a> <\/p>\n","protected":false},"author":2,"featured_media":0,"parent":0,"menu_order":0,"comment_status":"closed","ping_status":"closed","template":"","meta":{"footnotes":""},"class_list":["post-316","page","type-page","status-publish","hentry"],"jetpack_sharing_enabled":true,"_links":{"self":[{"href":"https:\/\/paroisses-vic-bigorre.fr\/index.php?rest_route=\/wp\/v2\/pages\/316","targetHints":{"allow":["GET"]}}],"collection":[{"href":"https:\/\/paroisses-vic-bigorre.fr\/index.php?rest_route=\/wp\/v2\/pages"}],"about":[{"href":"https:\/\/paroisses-vic-bigorre.fr\/index.php?rest_route=\/wp\/v2\/types\/page"}],"author":[{"embeddable":true,"href":"https:\/\/paroisses-vic-bigorre.fr\/index.php?rest_route=\/wp\/v2\/users\/2"}],"replies":[{"embeddable":true,"href":"https:\/\/paroisses-vic-bigorre.fr\/index.php?rest_route=%2Fwp%2Fv2%2Fcomments&post=316"}],"version-history":[{"count":3,"href":"https:\/\/paroisses-vic-bigorre.fr\/index.php?rest_route=\/wp\/v2\/pages\/316\/revisions"}],"predecessor-version":[{"id":13892,"href":"https:\/\/paroisses-vic-bigorre.fr\/index.php?rest_route=\/wp\/v2\/pages\/316\/revisions\/13892"}],"wp:attachment":[{"href":"https:\/\/paroisses-vic-bigorre.fr\/index.php?rest_route=%2Fwp%2Fv2%2Fmedia&parent=316"}],"curies":[{"name":"wp","href":"https:\/\/api.w.org\/{rel}","templated":true}]}}