{"id":312,"date":"2019-11-18T13:30:55","date_gmt":"2019-11-18T12:30:55","guid":{"rendered":"http:\/\/paroisses-vic-bigorre.com\/?page_id=312"},"modified":"2024-06-16T15:07:05","modified_gmt":"2024-06-16T13:07:05","slug":"confessions","status":"publish","type":"page","link":"https:\/\/paroisses-vic-bigorre.fr\/?page_id=312","title":{"rendered":"Confessions"},"content":{"rendered":"<p style=\"text-align: center;\"><img loading=\"lazy\" decoding=\"async\" class=\"\" src=\"https:\/\/eglise.catholique.fr\/wp-content\/uploads\/sites\/2\/2014\/05\/comment-se-confesser.png\" alt=\"comment se confesser\" width=\"347\" height=\"208\" \/><\/p>\n<p>Il s\u2019agit d\u2019abord de se mettre en v\u00e9rit\u00e9 face \u00e0 Dieu et de lui demander de nous montrer ce qui fait obstacle \u00e0 l\u2019amour en nous puis de rencontrer un pr\u00eatre.<br \/>\nLe sch\u00e9ma \u00ab pratique \u00bb de confession est le suivant :<br \/>\nLe p\u00e9nitent dit : \u00ab B\u00e9nissez-moi, mon p\u00e8re, parce que j\u2019ai p\u00e9ch\u00e9 \u00bb. Le pr\u00eatre b\u00e9ni alors le fid\u00e8le et l\u2019invite \u00e0 entrer dans la confiance pour cette confession.<br \/>\nLe p\u00e9nitent peut dire depuis combien de temps il ne s\u2019est pas confess\u00e9 et pr\u00e9senter bri\u00e8vement son \u00e9tat de vie.<br \/>\nPuis vient le temps de l\u2019aveu des p\u00e9ch\u00e9s reconnu \u00e0 la lumi\u00e8re de l\u2019amour infini de Dieu. Je reconnais avec simplicit\u00e9 mon p\u00e9ch\u00e9, sans me justifier. On peut examiner les manquements\u2026<br \/>\n\u2013 envers Dieu<br \/>\n\u2013 envers mon prochain<br \/>\n\u2013 envers moi-m\u00eame<br \/>\n\u00ab De tous ces p\u00e9ch\u00e9s, j\u2019en demande pardon \u00e0 Dieu, et \u00e0 vous mon p\u00e8re p\u00e9nitence et absolution \u00bb.<br \/>\nEnsuite le pr\u00eatre, t\u00e9moin de la mis\u00e9ricorde, rel\u00e8ve, encourage, fortifie dans la foi celui qui reconna\u00eet ses fautes avec contrition.<br \/>\n\u2013 Il peut \u00e9ventuellement essayer d\u2019aider le p\u00e9nitent par telle ou telle parole de conseil et de consolation,<br \/>\n\u2013 Il peut proposer une p\u00e9nitence, qui sera le plus souvent une pri\u00e8re ou une m\u00e9ditation d\u2019un passage de l\u2019\u00c9vangile ou un signe concret de conversion. La p\u00e9nitence est une mani\u00e8re de v\u00e9rifier notre d\u00e9sir de vie nouvelle et de rendre gr\u00e2ce \u00e0 Dieu en toute chose.<br \/>\n\u2013 Il invite \u00e0 formuler un acte de contrition,<br \/>\n\u2013 Il prononce la formule d\u2019absolution,<br \/>\n\u2013 Il invite \u00e0 repartir dans la paix.<\/p>\n<p style=\"text-align: center;\"><span style=\"text-decoration: underline;\">Actes de contrition<\/span><br \/>\n<em>P\u00e8re, Dieu de tendresse et de mis\u00e9ricorde,<\/em><br \/>\n<em>j\u2019ai p\u00e9ch\u00e9 contre Toi et mes fr\u00e8res.<\/em><br \/>\n<em>Je ne suis pas digne d\u2019\u00eatre appel\u00e9 ton enfant,<\/em><br \/>\n<em>mais pr\u00e8s de Toi se trouve le pardon.<\/em><br \/>\n<em>Accueille mon repentir.<\/em><br \/>\n<em>Que ton Esprit me donne la force<\/em><br \/>\n<em>de vivre selon ton amour<\/em><br \/>\n<em>en imitant Celui qui est mort pour nos p\u00e9ch\u00e9s,<\/em><br \/>\n<em>Ton Fils J\u00e9sus-Christ Notre Seigneur. Mon Dieu, j\u2019ai un tr\u00e8s grand regret de vous avoir offens\u00e9<\/em><br \/>\n<em>parce que vous \u00eates infiniment bon, infiniment aimable,<\/em><br \/>\n<em>et que le p\u00e9ch\u00e9 vous d\u00e9pla\u00eet.<\/em><br \/>\n<em>Je prends la ferme r\u00e9solution, avec le secours de votre sainte gr\u00e2ce<\/em><br \/>\n<em>de ne plus vous offenser et de faire p\u00e9nitence.<\/em><\/p>\n<h4 style=\"text-align: center;\"><span style=\"color: #ff6600;\">quand ? le samedi de 10.00 \u00e0 11.00, <\/span><\/h4>\n<h4 style=\"text-align: center;\"><span style=\"color: #ff6600;\">ou ? \u00e0 l&rsquo;\u00e9glise de Vic<\/span><\/h4>\n<h5 style=\"text-align: center;\">Egalement \u00e0 la demande aupr\u00e8s d&rsquo;un pr\u00eatre ou lors d&rsquo;une c\u00e9r\u00e9monie p\u00e9nitentielle, durant la Semaine Sainte<\/h5>\n<p>&nbsp;<\/p>\n<p>&nbsp;<\/p>\n<p>&nbsp;<\/p>\n","protected":false},"excerpt":{"rendered":"<p>Il s\u2019agit d\u2019abord de se mettre en v\u00e9rit\u00e9 face \u00e0 Dieu et de lui demander de nous montrer ce qui fait obstacle \u00e0 l\u2019amour en nous puis de rencontrer un&#8230;<\/p>\n<p> <a class=\"continue-reading-link\" href=\"https:\/\/paroisses-vic-bigorre.fr\/?page_id=312\"><span>LIRE LA SUITE<\/span><i class=\"crycon-right-dir\"><\/i><\/a> <\/p>\n","protected":false},"author":2,"featured_media":0,"parent":0,"menu_order":0,"comment_status":"closed","ping_status":"closed","template":"","meta":{"footnotes":""},"class_list":["post-312","page","type-page","status-publish","hentry"],"jetpack_sharing_enabled":true,"_links":{"self":[{"href":"https:\/\/paroisses-vic-bigorre.fr\/index.php?rest_route=\/wp\/v2\/pages\/312","targetHints":{"allow":["GET"]}}],"collection":[{"href":"https:\/\/paroisses-vic-bigorre.fr\/index.php?rest_route=\/wp\/v2\/pages"}],"about":[{"href":"https:\/\/paroisses-vic-bigorre.fr\/index.php?rest_route=\/wp\/v2\/types\/page"}],"author":[{"embeddable":true,"href":"https:\/\/paroisses-vic-bigorre.fr\/index.php?rest_route=\/wp\/v2\/users\/2"}],"replies":[{"embeddable":true,"href":"https:\/\/paroisses-vic-bigorre.fr\/index.php?rest_route=%2Fwp%2Fv2%2Fcomments&post=312"}],"version-history":[{"count":1,"href":"https:\/\/paroisses-vic-bigorre.fr\/index.php?rest_route=\/wp\/v2\/pages\/312\/revisions"}],"predecessor-version":[{"id":13914,"href":"https:\/\/paroisses-vic-bigorre.fr\/index.php?rest_route=\/wp\/v2\/pages\/312\/revisions\/13914"}],"wp:attachment":[{"href":"https:\/\/paroisses-vic-bigorre.fr\/index.php?rest_route=%2Fwp%2Fv2%2Fmedia&parent=312"}],"curies":[{"name":"wp","href":"https:\/\/api.w.org\/{rel}","templated":true}]}}