{"id":2992,"date":"2020-04-03T20:44:35","date_gmt":"2020-04-03T18:44:35","guid":{"rendered":"http:\/\/paroisses-vic-bigorre.com\/?page_id=2992"},"modified":"2024-06-19T14:26:20","modified_gmt":"2024-06-19T12:26:20","slug":"serie-ado-bien-dans-sa-foi","status":"publish","type":"page","link":"https:\/\/paroisses-vic-bigorre.fr\/?page_id=2992","title":{"rendered":"WebS\u00e9rie : \u00ab\u00a0Ado bien dans sa Foi\u00a0\u00bb"},"content":{"rendered":"<p style=\"padding-left: 40px;\"><span style=\"color: #000080;\">R\u00e9alis\u00e9e par Amaru Cazenave (Revival Prod) \u00e0 partir des dessins de Bendo, la s\u00e9rie \u00ab Bien dans ma foi ! \u00bb est compos\u00e9e de huit vid\u00e9os. Ces vid\u00e9os r\u00e9pondent \u00e0 une demande de la Conf\u00e9rence des \u00c9v\u00eaques de France pour les ados et les cat\u00e9chum\u00e8nes.<\/span><\/p>\n<p>&nbsp;<\/p>\n<p style=\"text-align: center;\"><strong><span style=\"color: #008000;\">Episode 1 : La BIBLE<\/span><\/strong><\/p>\n<p><iframe loading=\"lazy\" title=\"Episode 1 : La Bible | Bien dans ma foi !\" width=\"1150\" height=\"647\" src=\"https:\/\/www.youtube.com\/embed\/SjmIV239UaU?feature=oembed\" frameborder=\"0\" allow=\"accelerometer; autoplay; clipboard-write; encrypted-media; gyroscope; picture-in-picture; web-share\" referrerpolicy=\"strict-origin-when-cross-origin\" allowfullscreen><\/iframe><\/p>\n<p style=\"text-align: center;\"><strong><span style=\"color: #008000;\">Episode 2 : DIEU<\/span><\/strong><\/p>\n<p><iframe loading=\"lazy\" title=\"Episode 2 : Dieu | Bien dans ma foi !\" width=\"1150\" height=\"647\" src=\"https:\/\/www.youtube.com\/embed\/my6n_jpjYCc?feature=oembed\" frameborder=\"0\" allow=\"accelerometer; autoplay; clipboard-write; encrypted-media; gyroscope; picture-in-picture; web-share\" referrerpolicy=\"strict-origin-when-cross-origin\" allowfullscreen><\/iframe><\/p>\n<p style=\"text-align: center;\"><strong><span style=\"color: #008000;\">Episode 3 : JE<\/span><\/strong><strong><span style=\"color: #008000;\">SUS-CHRIST<\/span><\/strong><\/p>\n<p>&nbsp;<\/p>\n<p><iframe loading=\"lazy\" title=\"Episode 3 : J\u00e9sus | Bien dans ma foi !\" width=\"1150\" height=\"647\" src=\"https:\/\/www.youtube.com\/embed\/5psw9XH8ass?feature=oembed\" frameborder=\"0\" allow=\"accelerometer; autoplay; clipboard-write; encrypted-media; gyroscope; picture-in-picture; web-share\" referrerpolicy=\"strict-origin-when-cross-origin\" allowfullscreen><\/iframe><\/p>\n<p style=\"text-align: center;\"><span style=\"color: #008000;\"><strong>EPISODE 4 : \u00ab\u00a0MARIE\u00a0\u00bb<\/strong><\/span><\/p>\n<p><iframe loading=\"lazy\" title=\"Episode 4 : Marie | Bien dans ma foi !\" width=\"1150\" height=\"647\" src=\"https:\/\/www.youtube.com\/embed\/5W2krqEHeXw?feature=oembed\" frameborder=\"0\" allow=\"accelerometer; autoplay; clipboard-write; encrypted-media; gyroscope; picture-in-picture; web-share\" referrerpolicy=\"strict-origin-when-cross-origin\" allowfullscreen><\/iframe><\/p>\n<p style=\"text-align: center;\"><span style=\"color: #008000;\"><strong>Episode 5 : \u00ab\u00a0La Pri\u00e8re\u00a0\u00bb<\/strong><\/span><\/p>\n<p><iframe loading=\"lazy\" title=\"Episode 5 : La pri\u00e8re | Bien dans ma foi !\" width=\"1150\" height=\"647\" src=\"https:\/\/www.youtube.com\/embed\/ZvTAtUAMZVw?feature=oembed\" frameborder=\"0\" allow=\"accelerometer; autoplay; clipboard-write; encrypted-media; gyroscope; picture-in-picture; web-share\" referrerpolicy=\"strict-origin-when-cross-origin\" allowfullscreen><\/iframe><\/p>\n<p style=\"text-align: center;\"><strong><span style=\"color: #008000;\">Episode 6 : \u00ab\u00a0l&rsquo;Eglise\u00a0\u00bb<\/span><\/strong><\/p>\n<p><iframe loading=\"lazy\" title=\"Episode 6 : L&#039;Eglise | Bien dans ma foi !\" width=\"1150\" height=\"647\" src=\"https:\/\/www.youtube.com\/embed\/oa3xd35KZMQ?feature=oembed\" frameborder=\"0\" allow=\"accelerometer; autoplay; clipboard-write; encrypted-media; gyroscope; picture-in-picture; web-share\" referrerpolicy=\"strict-origin-when-cross-origin\" allowfullscreen><\/iframe><\/p>\n<p><strong><span style=\"color: #008000;\">Episode 7 : \u00ab\u00a0la pratique religieuse\u00a0\u00bb<\/span><\/strong><\/p>\n<p><iframe loading=\"lazy\" title=\"Episode 7 : La pratique religieuse | Bien dans ma foi !\" width=\"1150\" height=\"647\" src=\"https:\/\/www.youtube.com\/embed\/5kTIxXjnbNU?feature=oembed\" frameborder=\"0\" allow=\"accelerometer; autoplay; clipboard-write; encrypted-media; gyroscope; picture-in-picture; web-share\" referrerpolicy=\"strict-origin-when-cross-origin\" allowfullscreen><\/iframe><\/p>\n<p style=\"text-align: center;\"><strong><span style=\"color: #008000;\">Episode 8 : \u00ab\u00a0le dialogue interreligieux\u00a0\u00bb<\/span><\/strong><\/p>\n<p><iframe loading=\"lazy\" title=\"Episode 8 : Quelques cl\u00e9s pour un dialogue interreligieux | Bien dans ma foi !\" width=\"1150\" height=\"647\" src=\"https:\/\/www.youtube.com\/embed\/W2OtsJyJa2Y?feature=oembed\" frameborder=\"0\" allow=\"accelerometer; autoplay; clipboard-write; encrypted-media; gyroscope; picture-in-picture; web-share\" referrerpolicy=\"strict-origin-when-cross-origin\" allowfullscreen><\/iframe><\/p>\n","protected":false},"excerpt":{"rendered":"<p>R\u00e9alis\u00e9e par Amaru Cazenave (Revival Prod) \u00e0 partir des dessins de Bendo, la s\u00e9rie \u00ab Bien dans ma foi ! \u00bb est compos\u00e9e de huit vid\u00e9os. Ces vid\u00e9os r\u00e9pondent \u00e0&#8230;<\/p>\n<p> <a class=\"continue-reading-link\" href=\"https:\/\/paroisses-vic-bigorre.fr\/?page_id=2992\"><span>LIRE LA SUITE<\/span><i class=\"crycon-right-dir\"><\/i><\/a> <\/p>\n","protected":false},"author":2,"featured_media":0,"parent":0,"menu_order":0,"comment_status":"closed","ping_status":"closed","template":"","meta":{"footnotes":""},"class_list":["post-2992","page","type-page","status-publish","hentry"],"jetpack_sharing_enabled":true,"_links":{"self":[{"href":"https:\/\/paroisses-vic-bigorre.fr\/index.php?rest_route=\/wp\/v2\/pages\/2992","targetHints":{"allow":["GET"]}}],"collection":[{"href":"https:\/\/paroisses-vic-bigorre.fr\/index.php?rest_route=\/wp\/v2\/pages"}],"about":[{"href":"https:\/\/paroisses-vic-bigorre.fr\/index.php?rest_route=\/wp\/v2\/types\/page"}],"author":[{"embeddable":true,"href":"https:\/\/paroisses-vic-bigorre.fr\/index.php?rest_route=\/wp\/v2\/users\/2"}],"replies":[{"embeddable":true,"href":"https:\/\/paroisses-vic-bigorre.fr\/index.php?rest_route=%2Fwp%2Fv2%2Fcomments&post=2992"}],"version-history":[{"count":1,"href":"https:\/\/paroisses-vic-bigorre.fr\/index.php?rest_route=\/wp\/v2\/pages\/2992\/revisions"}],"predecessor-version":[{"id":14139,"href":"https:\/\/paroisses-vic-bigorre.fr\/index.php?rest_route=\/wp\/v2\/pages\/2992\/revisions\/14139"}],"wp:attachment":[{"href":"https:\/\/paroisses-vic-bigorre.fr\/index.php?rest_route=%2Fwp%2Fv2%2Fmedia&parent=2992"}],"curies":[{"name":"wp","href":"https:\/\/api.w.org\/{rel}","templated":true}]}}