{"id":2877,"date":"2020-03-29T18:46:56","date_gmt":"2020-03-29T16:46:56","guid":{"rendered":"http:\/\/paroisses-vic-bigorre.com\/?page_id=2877"},"modified":"2024-06-16T14:36:03","modified_gmt":"2024-06-16T12:36:03","slug":"carlo-acutis-un-exemple-pour-nos-jeunes","status":"publish","type":"page","link":"https:\/\/paroisses-vic-bigorre.fr\/?page_id=2877","title":{"rendered":"Bx Carlo Acutis : un rep\u00e8re pour la jeunesse"},"content":{"rendered":"<p><a href=\"https:\/\/paroisses-vic-bigorre.fr\/wp-content\/uploads\/2024\/06\/carlo-acutis-b.jpg\"><img loading=\"lazy\" decoding=\"async\" class=\"aligncenter wp-image-13897 size-medium\" src=\"https:\/\/paroisses-vic-bigorre.fr\/wp-content\/uploads\/2024\/06\/carlo-acutis-b-300x169.jpg\" alt=\"\" width=\"300\" height=\"169\" srcset=\"https:\/\/paroisses-vic-bigorre.fr\/wp-content\/uploads\/2024\/06\/carlo-acutis-b-300x169.jpg 300w, https:\/\/paroisses-vic-bigorre.fr\/wp-content\/uploads\/2024\/06\/carlo-acutis-b-768x432.jpg 768w, https:\/\/paroisses-vic-bigorre.fr\/wp-content\/uploads\/2024\/06\/carlo-acutis-b-150x84.jpg 150w, https:\/\/paroisses-vic-bigorre.fr\/wp-content\/uploads\/2024\/06\/carlo-acutis-b.jpg 890w\" sizes=\"auto, (max-width: 300px) 100vw, 300px\" \/><\/a><\/p>\n<p>&nbsp;<\/p>\n<p><span style=\"color: #008000;\">Le 21 f\u00e9vrier 2020, le Pape Fran\u00e7ois a sign\u00e9 le d\u00e9cret de b\u00e9atification de Carlo ACUTIS (1991 &#8211; 2006). ll a \u00e9t\u00e9 officiellement d\u00e9clar\u00e9 bienheureux, le 10\u00a0 octobre 2020 \u00e0 ASSISE.<\/span><br \/>\n<span style=\"color: #008000;\"><strong>La br\u00e8ve vie de cet adolescent italien est un bel exemple et un rep\u00e8re pour fortifier la foi des jeunes engag\u00e9s dans notre paroisse. <\/strong>C&rsquo;est la raison pour laquelle un ouvrage sur la vie de Carlo Acutis a \u00e9t\u00e9 offert aux jeunes de l&rsquo;aum\u00f4nerie qui sont r\u00e9guli\u00e8rement invit\u00e9s \u00e0 r\u00e9fl\u00e9chir dessus lors des r\u00e9unions.<\/span><time class=\"nowrap date-lien\" datetime=\"2020-02-21\" data-sort-value=\"2020-02-21\"><\/time><\/p>\n<h3 style=\"text-align: center;\">Biographie de Carlo Acutis<\/h3>\n<p style=\"text-align: justify;\"><span style=\"color: #008000;\">Carlo Acutis meurt tr\u00e8s jeune, \u00e0 15 ans, \u00e0 cause d\u2019une leuc\u00e9mie foudroyante, en laissant chez tous ceux qui l\u2019ont connu un sentiment de grand vide et une profonde admiration pour ce que fut son t\u00e9moignage d\u2019une vie authentiquement chr\u00e9tienne, br\u00e8ve mais intense. Depuis qu\u2019il a re\u00e7u la Premi\u00e8re Communion, \u00e0 l\u2019\u00e2ge de 7 ans, il n\u2019a jamais manqu\u00e9 le rendez-vous quotidien \u00e0 la messe. Il cherchait toujours, avant ou apr\u00e8s la c\u00e9l\u00e9bration eucharistique, \u00e0 prier devant le Tabernacle pour adorer le Seigneur r\u00e9ellement pr\u00e9sent dans le Saint Sacrement. La Vierge \u00e9tait sa grande confidente et il ne manquait jamais de l\u2019honorer en r\u00e9citant chaque jour le chapelet. La modernit\u00e9 et l\u2019actualit\u00e9 de Carlo se conjuguaient parfaitement avec sa profonde vie eucharistique et avec sa d\u00e9votion mariale, qui ont contribu\u00e9 \u00e0 faire de lui ce gar\u00e7on tout \u00e0 fait sp\u00e9cial, au point d\u2019\u00eatre admir\u00e9 et aim\u00e9 de tous.<\/span><\/p>\n<p style=\"text-align: justify;\"><span style=\"color: #008000;\">Citons les paroles de Carlo : \u00ab\u00a0Notre objectif doit \u00eatre l\u2019infini, non pas le fini. L\u2019Infini est notre Patrie. Depuis toujours nous sommes attendus au Ciel\u00a0\u00bb. La phrase qu\u2019il aimait dire : \u00ab\u00a0Tous naissent comme des originaux, mais beaucoup meurent comme des photocopies\u00a0\u00bb. Pour s\u2019orienter vers cet Objectif et ne pas \u00ab\u00a0mourir comme des photocopies\u00a0\u00bb, Carlo disait que notre Boussole devait \u00eatre la Parole de Dieu, \u00e0 laquelle nous devons constamment nous confronter. Mais, pour un Objectif aussi \u00e9lev\u00e9, il faut des Moyens tr\u00e8s sp\u00e9ciaux\u00a0: les sacrements et la pri\u00e8re. En particulier, Carlo mettait au centre de sa vie le sacrement de l\u2019Eucharistie qu\u2019il appelait \u00ab\u00a0mon autoroute vers le Ciel\u00a0\u00bb.<\/span><\/p>\n<p style=\"text-align: justify;\"><span style=\"color: #008000;\">Carlo \u00e9tait tr\u00e8s dou\u00e9 pour tout ce qui\u00a0<b>se rapportait au monde de l\u2019informatique\u00a0<\/b>si bien qu\u2019autant ses amis que les adultes dipl\u00f4m\u00e9s en informatique le consid\u00e9raient comme un g\u00e9nie. Tous \u00e9taient stup\u00e9faits de sa capacit\u00e9 \u00e0 comprendre les secrets que rec\u00e8le l\u2019informatique et qui ne sont normalement accessibles qu\u2019\u00e0 ceux qui ont fait des \u00e9tudes universitaires. Les int\u00e9r\u00eats de Carlo allaient de la programmation des ordinateurs au montage des films en passant par la cr\u00e9ation des sites internet, sans parler de la r\u00e9daction et de la mise en page, jusqu\u2019\u00e0 faire du volontariat pour les plus n\u00e9cessiteux, avec les enfants et avec les personnes \u00e2g\u00e9es.<\/span><\/p>\n<p style=\"text-align: justify;\"><span style=\"color: #008000;\"><b>\u200bEn somme, ce jeune fid\u00e8le du dioc\u00e8se de Milan \u00e9tait un myst\u00e8re. Avant de mourir, il fut capable d\u2019offrir ses souffrances pour le Pape et pour l\u2019\u00c9glise.<\/b><\/span><\/p>\n<p style=\"text-align: justify;\"><span style=\"color: #008000;\">\u00ab\u00a0\u00catre toujours uni \u00e0 J\u00e9sus, voil\u00e0 mon programme de vie\u00a0\u00bb. Par ces quelques mots, Carlo Acutis, ce gar\u00e7on mort de leuc\u00e9mie, d\u00e9finit le trait distinctif de sa br\u00e8ve existence : vivre avec J\u00e9sus, pour J\u00e9sus, en J\u00e9sus. (\u2026) \u00ab\u00a0Je suis content de mourir car j\u2019ai v\u00e9cu ma vie sans n\u00e9gliger une seule minute en choses qui ne plaisent pas \u00e0 Dieu\u00a0\u00bb. \u00c0 nous aussi, Carlo demande la m\u00eame chose : il nous demande de raconter l\u2019\u00c9vangile par notre vie, afin que chacun de nous puisse \u00eatre un phare qui \u00e9claire le chemin des autres.<\/span><\/p>\n<p style=\"text-align: right;\"><span style=\"color: #008000;\"><i>De la Pr\u00e9face du Cardinal Angelo Comastri<\/i><\/span><\/p>\n<p>&nbsp;<\/p>\n<p style=\"text-align: justify;\"><span style=\"color: #008000;\">Un adolescent de notre temps comme beaucoup d\u2019autres, engag\u00e9 \u00e0 l\u2019\u00e9cole, parmi ses amis, grand expert d\u2019ordinateurs. C\u2019est sur tout cela que s\u2019est greff\u00e9e sa rencontre avec J\u00e9sus-Christ.<\/span><\/p>\n<p style=\"text-align: justify;\"><span style=\"color: #008000;\">Carlo Acutis devient un t\u00e9moin du Ressuscit\u00e9, il se confie \u00e0 la Vierge Marie, il vit la vie de la gr\u00e2ce et raconte aux jeunes de son \u00e2ge sa bouleversante exp\u00e9rience avec Dieu.<\/span><\/p>\n<p style=\"text-align: justify;\"><span style=\"color: #008000;\">Il\u00a0<b>se nourrit chaque jour de l\u2019Eucharistie<\/b>, participe avec ferveur \u00e0 la messe et passe des heures enti\u00e8res devant le Saint Sacrement. Son exp\u00e9rience et sa maturation chr\u00e9tienne t\u00e9moignent de la v\u00e9ridicit\u00e9 des indications donn\u00e9es par le Pape Beno\u00eet XVI dans son Exhortation Apostolique Sacramentum Caritatis : \u00ab\u00a0Le sacrifice de la messe et l\u2019adoration eucharistique corroborent, soutiennent, d\u00e9veloppent l\u2019amour pour J\u00e9sus et la disponibilit\u00e9 pour le service eccl\u00e9sial\u00a0\u00bb.<\/span><\/p>\n<p style=\"text-align: justify;\"><span style=\"color: #008000;\">Carlo entretient \u00e9galement une tendre d\u00e9votion envers la Vierge, r\u00e9cite fid\u00e8lement le chapelet et, sentant qu\u2019elle est une M\u00e8re aimante, il lui d\u00e9die ses bonnes actions comme des sacrifices.<\/span><\/p>\n<p style=\"text-align: justify;\"><span style=\"color: #008000;\">Ce gar\u00e7on, \u00e9gal \u00e0 ses camarades de classe, du point de vue sociologique, est un t\u00e9moin authentique que l\u2019\u00c9vangile peut aussi \u00eatre v\u00e9cu int\u00e9gralement par un adolescent.<\/span><\/p>\n<p style=\"text-align: justify;\"><span style=\"color: #008000;\">Sa br\u00e8ve existence, tendue vers l\u2019objectif de la rencontre avec le Christ, fut comme une lumi\u00e8re projet\u00e9e non seulement sur le chemin de ceux qui l\u2019ont crois\u00e9 sur leur route, mais aussi de tous ceux qui conna\u00eetront son histoire. J\u2019ai enti\u00e8rement confiance que cette premi\u00e8re biographie de Carlo Acutis, r\u00e9dig\u00e9e par Nicola Gori, avec sa grande capacit\u00e9 descriptive aidera les adolescents d\u2019aujourd\u2019hui, si probl\u00e9matiques et tellement conditionn\u00e9s par les mass media, \u00e0 r\u00e9fl\u00e9chir sur la signification de la vie et sur les valeurs \u00e9vang\u00e9liques comme pleine r\u00e9alisation de celle-ci.<\/span><\/p>\n<p style=\"text-align: justify;\"><span style=\"color: #008000;\">En consid\u00e9rant cet adolescent comme un de leurs compagnons, qui s\u2019est laiss\u00e9 s\u00e9duire par l\u2019amiti\u00e9 pour le Christ et qui, pr\u00e9cis\u00e9ment pour cela, a exp\u00e9riment\u00e9 une joie plus vraie, nos jeunes seront mis au contact d\u2019une exp\u00e9rience de vie qui n\u2019a rien \u00f4t\u00e9 \u00e0 la richesse des jeunes ann\u00e9es de l\u2019adolescence, mais les a mises davantage encore en valeur.<\/span><\/p>\n<p style=\"text-align: justify;\"><span style=\"color: #008000;\">Le t\u00e9moignage \u00e9vang\u00e9lique de notre Carlo n\u2019est pas seulement une incitation pour les adolescents d\u2019aujourd\u2019hui, mais il interpelle aussi les cur\u00e9s, les pr\u00eatres et les \u00e9ducateurs afin qu\u2019ils se posent des questions sur la validit\u00e9 de la formation dispens\u00e9e aux jeunes de nos communaut\u00e9s paroissiale et sur la fa\u00e7on de rendre cette formation d\u00e9terminante et efficace.<\/span><\/p>\n<p style=\"text-align: right;\"><span style=\"color: #008000;\"><i>De la Pr\u00e9face de S. Exc. Mgr Michelangelo M. Tiribilli<\/i><\/span><\/p>\n<h3 style=\"text-align: center;\"><span style=\"color: #ff0000;\">Sa b\u00e9atification<\/span><\/h3>\n<p>&nbsp;<\/p>\n<p><iframe loading=\"lazy\" title=\"B\u00c9ATIFICATION DE CARLO ACUTIS\" width=\"1150\" height=\"647\" src=\"https:\/\/www.youtube.com\/embed\/Tt87h5I42Ao?feature=oembed\" frameborder=\"0\" allow=\"accelerometer; autoplay; clipboard-write; encrypted-media; gyroscope; picture-in-picture; web-share\" referrerpolicy=\"strict-origin-when-cross-origin\" allowfullscreen><\/iframe><\/p>\n<p style=\"text-align: center;\"><a href=\"https:\/\/www.vaticannews.va\/fr\/eglise\/news\/2021-10\/bienheureux-carlo-acutis-assise-jeunes-un-an-devotion-populaire.html\" target=\"_blank\" rel=\"noopener\"><strong>Lire l&rsquo;article du 11 octobre 2021 sur Vatican News\u00a0 : un an apr\u00e8s, la d\u00e9votion populaire ne faiblit pas\u00a0<\/strong><\/a><\/p>\n<p style=\"text-align: center;\"><span style=\"color: #008000;\"><a style=\"color: #008000;\" href=\"https:\/\/www.lepoint.fr\/religion\/italie-un-informaticien-mort-a-l-age-de-15-ans-bientot-saint-patron-des-internautes-30-06-2020-2382326_3958.php\" target=\"_blank\" rel=\"noopener noreferrer\"><strong><span style=\"text-decoration: underline;\">Voir article du Point du 30 juin 2020<\/span><\/strong><\/a><\/span><\/p>\n<p style=\"text-align: center;\"><span style=\"color: #008000;\"><strong><a style=\"color: #008000;\" href=\"http:\/\/www.carloacutis.com\/\" target=\"_blank\" rel=\"noopener noreferrer\"><span style=\"text-decoration: underline;\">En savoir sur le site : http:\/\/www.carloacutis.com\/<\/span><\/a><\/strong><\/span><\/p>\n<p style=\"text-align: center;\"><span style=\"color: #008000;\"><strong>https:\/\/www.facebook.com\/carlo.servodidio<\/strong><\/span><\/p>\n<p>&nbsp;<\/p>\n","protected":false},"excerpt":{"rendered":"<p>&nbsp; Le 21 f\u00e9vrier 2020, le Pape Fran\u00e7ois a sign\u00e9 le d\u00e9cret de b\u00e9atification de Carlo ACUTIS (1991 &#8211; 2006). ll a \u00e9t\u00e9 officiellement d\u00e9clar\u00e9 bienheureux, le 10\u00a0 octobre 2020&#8230;<\/p>\n<p> <a class=\"continue-reading-link\" href=\"https:\/\/paroisses-vic-bigorre.fr\/?page_id=2877\"><span>LIRE LA SUITE<\/span><i class=\"crycon-right-dir\"><\/i><\/a> <\/p>\n","protected":false},"author":2,"featured_media":0,"parent":0,"menu_order":0,"comment_status":"closed","ping_status":"closed","template":"","meta":{"footnotes":""},"class_list":["post-2877","page","type-page","status-publish","hentry"],"jetpack_sharing_enabled":true,"_links":{"self":[{"href":"https:\/\/paroisses-vic-bigorre.fr\/index.php?rest_route=\/wp\/v2\/pages\/2877","targetHints":{"allow":["GET"]}}],"collection":[{"href":"https:\/\/paroisses-vic-bigorre.fr\/index.php?rest_route=\/wp\/v2\/pages"}],"about":[{"href":"https:\/\/paroisses-vic-bigorre.fr\/index.php?rest_route=\/wp\/v2\/types\/page"}],"author":[{"embeddable":true,"href":"https:\/\/paroisses-vic-bigorre.fr\/index.php?rest_route=\/wp\/v2\/users\/2"}],"replies":[{"embeddable":true,"href":"https:\/\/paroisses-vic-bigorre.fr\/index.php?rest_route=%2Fwp%2Fv2%2Fcomments&post=2877"}],"version-history":[{"count":1,"href":"https:\/\/paroisses-vic-bigorre.fr\/index.php?rest_route=\/wp\/v2\/pages\/2877\/revisions"}],"predecessor-version":[{"id":13898,"href":"https:\/\/paroisses-vic-bigorre.fr\/index.php?rest_route=\/wp\/v2\/pages\/2877\/revisions\/13898"}],"wp:attachment":[{"href":"https:\/\/paroisses-vic-bigorre.fr\/index.php?rest_route=%2Fwp%2Fv2%2Fmedia&parent=2877"}],"curies":[{"name":"wp","href":"https:\/\/api.w.org\/{rel}","templated":true}]}}