{"id":2437,"date":"2020-02-24T13:25:31","date_gmt":"2020-02-24T12:25:31","guid":{"rendered":"http:\/\/paroisses-vic-bigorre.com\/?page_id=2437"},"modified":"2024-06-19T13:46:48","modified_gmt":"2024-06-19T11:46:48","slug":"temoignages-2","status":"publish","type":"page","link":"https:\/\/paroisses-vic-bigorre.fr\/?page_id=2437","title":{"rendered":"T\u00e9moignages"},"content":{"rendered":"<p style=\"text-align: center;\"><strong>Un t\u00e9moignage \u00e9mouvant d&rsquo;une belle voix qui montre que l&rsquo;on peut surmonter un handicap<\/strong><\/p>\n<p style=\"text-align: center;\"><span style=\"color: #008000;\"><strong>L&rsquo;HUMANIT\u00c9 \u00c9BRANL\u00c9E ET LA\u00a0\u00a0SOCI\u00c9T\u00c9 EFFONDR\u00c9E PAR UN PETIT MACHIN par Moustapha Dahleb<\/strong><\/span><\/p>\n<p style=\"text-align: justify;\">Un\u00a0petit\u00a0machin\u00a0microscopique\u00a0appel\u00e9\u00a0coronavirus\u00a0bouleverse\u00a0la\u00a0plan\u00e8te.\u00a0Quelque\u00a0chose\u00a0d&rsquo;invisible\u00a0est\u00a0venu\u00a0pour\u00a0faire\u00a0sa\u00a0loi.\u00a0Il\u00a0remet\u00a0tout\u00a0en\u00a0question\u00a0et\u00a0chamboule\u00a0l&rsquo;ordre\u00a0\u00e9tabli.\u00a0Tout\u00a0se\u00a0remet\u00a0en\u00a0place,\u00a0autrement,\u00a0diff\u00e9remment.<\/p>\n<p style=\"text-align: justify;\">Ce\u00a0que\u00a0les\u00a0grandes\u00a0puissances\u00a0occidentales\u00a0n&rsquo;ont\u00a0pu\u00a0obtenir\u00a0en\u00a0Syrie,\u00a0en\u00a0Lybie,\u00a0au\u00a0Yemen,\u00a0&#8230;ce\u00a0petit\u00a0machin\u00a0l&rsquo;a\u00a0obtenu\u00a0(cessez-le-feu,\u00a0tr\u00eave&#8230;).<\/p>\n<p style=\"text-align: justify;\">Ce\u00a0que\u00a0l&rsquo;arm\u00e9e\u00a0alg\u00e9rienne\u00a0n&rsquo;a\u00a0pu\u00a0obtenir,\u00a0ce\u00a0petit\u00a0machin\u00a0l&rsquo;a\u00a0obtenu\u00a0(le\u00a0Hirak\u00a0\u00e0\u00a0pris\u00a0fin).<\/p>\n<p style=\"text-align: justify;\">Ce\u00a0que\u00a0les\u00a0opposants\u00a0politiques\u00a0n&rsquo;ont\u00a0pu\u00a0obtenir,\u00a0ce\u00a0petit\u00a0machin\u00a0l&rsquo;a\u00a0obtenu\u00a0(report\u00a0des\u00a0\u00e9ch\u00e9ances\u00a0\u00e9lectorales.\u00a0..).<\/p>\n<p style=\"text-align: justify;\">Ce\u00a0que\u00a0les\u00a0entreprises\u00a0n&rsquo;ont\u00a0pu\u00a0obtenir,\u00a0ce\u00a0petit\u00a0machin\u00a0l&rsquo;a\u00a0obtenu\u00a0(remise\u00a0d&rsquo;imp\u00f4ts,\u00a0exon\u00e9rations,\u00a0cr\u00e9dits\u00a0\u00e0\u00a0taux\u00a0z\u00e9ro,\u00a0fonds\u00a0d&rsquo;investissement,\u00a0baisse\u00a0des\u00a0cours\u00a0des\u00a0mati\u00e8res\u00a0premi\u00e8res\u00a0strat\u00e9giques.\u00a0..).<\/p>\n<p style=\"text-align: justify;\">Ce\u00a0que\u00a0les\u00a0gilets\u00a0jaunes\u00a0et\u00a0les\u00a0syndicats\u00a0\u00a0n&rsquo;ont\u00a0pu\u00a0obtenir,\u00a0ce\u00a0petit\u00a0machin\u00a0l&rsquo;a\u00a0obtenu\u00a0(\u00a0baisse\u00a0de\u00a0prix\u00a0\u00e0\u00a0la\u00a0pompe,\u00a0protection\u00a0sociale\u00a0renforc\u00e9e&#8230;).<\/p>\n<p style=\"text-align: justify;\">Soudain,\u00a0on\u00a0observe\u00a0dans\u00a0le\u00a0monde\u00a0occidental\u00a0le\u00a0carburant\u00a0a\u00a0baiss\u00e9,\u00a0la\u00a0pollution\u00a0a\u00a0baiss\u00e9,\u00a0les\u00a0gens\u00a0ont\u00a0commenc\u00e9\u00a0\u00e0\u00a0avoir\u00a0du\u00a0temps,\u00a0tellement\u00a0de\u00a0temps\u00a0qu&rsquo;ils\u00a0ne\u00a0savent\u00a0m\u00eame\u00a0pas\u00a0quoi\u00a0en\u00a0faire.\u00a0Les\u00a0parents\u00a0apprennent\u00a0\u00e0\u00a0conna\u00eetre\u00a0leurs\u00a0enfants,\u00a0les\u00a0enfants\u00a0apprennent\u00a0\u00e0\u00a0rester\u00a0en\u00a0famille,\u00a0le\u00a0travail\u00a0n&rsquo;est\u00a0plus\u00a0une\u00a0priorit\u00e9,\u00a0les\u00a0voyages\u00a0et\u00a0les\u00a0loisirs\u00a0ne\u00a0sont\u00a0plus\u00a0la\u00a0norme\u00a0d&rsquo;une\u00a0vie\u00a0r\u00e9ussie.<\/p>\n<p style=\"text-align: justify;\">Soudain,\u00a0en\u00a0silence,\u00a0nous\u00a0nous\u00a0retournons\u00a0en\u00a0nous-m\u00eames\u00a0et\u00a0comprenons\u00a0la\u00a0valeur\u00a0des\u00a0mots\u00a0solidarit\u00e9\u00a0et\u00a0vuln\u00e9rabilit\u00e9.<\/p>\n<p style=\"text-align: justify;\">Soudain,\u00a0nous\u00a0r\u00e9alisons\u00a0que\u00a0nous\u00a0sommes\u00a0tous\u00a0embarqu\u00e9s\u00a0dans\u00a0le\u00a0m\u00eame\u00a0bateau,\u00a0riches\u00a0et\u00a0pauvres.\u00a0Nous\u00a0r\u00e9alisons\u00a0que\u00a0nous\u00a0avions\u00a0d\u00e9valis\u00e9\u00a0ensemble\u00a0les\u00a0\u00e9tag\u00e8res\u00a0des\u00a0magasins\u00a0et\u00a0constatons\u00a0ensemble\u00a0que\u00a0les\u00a0h\u00f4pitaux\u00a0sont\u00a0pleins\u00a0et\u00a0que\u00a0l&rsquo;argent\u00a0n&rsquo;a\u00a0\u00a0aucune\u00a0importance.\u00a0Que\u00a0nous\u00a0avons\u00a0tous\u00a0la\u00a0m\u00eame\u00a0identit\u00e9\u00a0humaine\u00a0face\u00a0au\u00a0coronavirus.<\/p>\n<p style=\"text-align: justify;\">Nous\u00a0r\u00e9alisons\u00a0que\u00a0dans\u00a0les\u00a0garages,\u00a0les\u00a0voitures\u00a0haut\u00a0de\u00a0gamme\u00a0sont\u00a0arr\u00eat\u00e9es\u00a0juste\u00a0parce\u00a0que\u00a0personne\u00a0ne\u00a0peut\u00a0sortir.<\/p>\n<p style=\"text-align: justify;\">Quelques\u00a0jours\u00a0seulement\u00a0ont\u00a0suffi\u00a0\u00e0\u00a0l&rsquo;univers\u00a0pour\u00a0\u00e9tablir\u00a0l&rsquo;\u00e9galit\u00e9\u00a0sociale\u00a0qui\u00a0\u00e9tait\u00a0impossible\u00a0\u00e0\u00a0imaginer.<\/p>\n<p style=\"text-align: justify;\">La\u00a0peur\u00a0a\u00a0envahi\u00a0tout\u00a0le\u00a0monde.\u00a0Elle\u00a0a\u00a0chang\u00e9\u00a0de\u00a0camp.\u00a0Elle\u00a0a\u00a0quitt\u00e9\u00a0les\u00a0pauvres\u00a0pour\u00a0aller\u00a0habiter\u00a0les\u00a0riches\u00a0et\u00a0les\u00a0puissants.\u00a0Elle\u00a0leur\u00a0a\u00a0rappel\u00e9\u00a0leur\u00a0humanit\u00e9\u00a0et\u00a0leur\u00a0a\u00a0r\u00e9v\u00e9l\u00e9\u00a0leur\u00a0humanisme.<\/p>\n<p>&nbsp;<\/p>\n<p style=\"text-align: center;\"><strong><span style=\"color: #008000;\">T\u00e9moignage d&rsquo;un m\u00e9decin de mort imminente<\/span><\/strong><\/p>\n<p><iframe loading=\"lazy\" title=\"Un medecin rencontre J\u00e9sus Christ - T\u00e9moignage\" width=\"1150\" height=\"863\" src=\"https:\/\/www.youtube.com\/embed\/XC6Elul_CZ8?feature=oembed\" frameborder=\"0\" allow=\"accelerometer; autoplay; clipboard-write; encrypted-media; gyroscope; picture-in-picture; web-share\" referrerpolicy=\"strict-origin-when-cross-origin\" allowfullscreen><\/iframe><\/p>\n","protected":false},"excerpt":{"rendered":"<p>Un t\u00e9moignage \u00e9mouvant d&rsquo;une belle voix qui montre que l&rsquo;on peut surmonter un handicap L&rsquo;HUMANIT\u00c9 \u00c9BRANL\u00c9E ET LA\u00a0\u00a0SOCI\u00c9T\u00c9 EFFONDR\u00c9E PAR UN PETIT MACHIN par Moustapha Dahleb Un\u00a0petit\u00a0machin\u00a0microscopique\u00a0appel\u00e9\u00a0coronavirus\u00a0bouleverse\u00a0la\u00a0plan\u00e8te.\u00a0Quelque\u00a0chose\u00a0d&rsquo;invisible\u00a0est\u00a0venu\u00a0pour\u00a0faire\u00a0sa\u00a0loi.\u00a0Il\u00a0remet\u00a0tout\u00a0en\u00a0question\u00a0et\u00a0chamboule\u00a0l&rsquo;ordre\u00a0\u00e9tabli.\u00a0Tout\u00a0se\u00a0remet\u00a0en\u00a0place,\u00a0autrement,\u00a0diff\u00e9remment. Ce\u00a0que\u00a0les\u00a0grandes\u00a0puissances\u00a0occidentales\u00a0n&rsquo;ont\u00a0pu\u00a0obtenir\u00a0en\u00a0Syrie,\u00a0en\u00a0Lybie,\u00a0au\u00a0Yemen,\u00a0&#8230;ce\u00a0petit\u00a0machin\u00a0l&rsquo;a\u00a0obtenu\u00a0(cessez-le-feu,\u00a0tr\u00eave&#8230;). Ce\u00a0que\u00a0l&rsquo;arm\u00e9e\u00a0alg\u00e9rienne\u00a0n&rsquo;a\u00a0pu\u00a0obtenir,\u00a0ce\u00a0petit\u00a0machin\u00a0l&rsquo;a\u00a0obtenu\u00a0(le\u00a0Hirak\u00a0\u00e0\u00a0pris\u00a0fin). Ce\u00a0que\u00a0les\u00a0opposants\u00a0politiques\u00a0n&rsquo;ont\u00a0pu\u00a0obtenir,\u00a0ce\u00a0petit\u00a0machin\u00a0l&rsquo;a\u00a0obtenu\u00a0(report\u00a0des\u00a0\u00e9ch\u00e9ances\u00a0\u00e9lectorales.\u00a0..)&#8230;.<\/p>\n<p> <a class=\"continue-reading-link\" href=\"https:\/\/paroisses-vic-bigorre.fr\/?page_id=2437\"><span>LIRE LA SUITE<\/span><i class=\"crycon-right-dir\"><\/i><\/a> <\/p>\n","protected":false},"author":2,"featured_media":0,"parent":0,"menu_order":0,"comment_status":"closed","ping_status":"closed","template":"","meta":{"footnotes":""},"class_list":["post-2437","page","type-page","status-publish","hentry"],"jetpack_sharing_enabled":true,"_links":{"self":[{"href":"https:\/\/paroisses-vic-bigorre.fr\/index.php?rest_route=\/wp\/v2\/pages\/2437","targetHints":{"allow":["GET"]}}],"collection":[{"href":"https:\/\/paroisses-vic-bigorre.fr\/index.php?rest_route=\/wp\/v2\/pages"}],"about":[{"href":"https:\/\/paroisses-vic-bigorre.fr\/index.php?rest_route=\/wp\/v2\/types\/page"}],"author":[{"embeddable":true,"href":"https:\/\/paroisses-vic-bigorre.fr\/index.php?rest_route=\/wp\/v2\/users\/2"}],"replies":[{"embeddable":true,"href":"https:\/\/paroisses-vic-bigorre.fr\/index.php?rest_route=%2Fwp%2Fv2%2Fcomments&post=2437"}],"version-history":[{"count":1,"href":"https:\/\/paroisses-vic-bigorre.fr\/index.php?rest_route=\/wp\/v2\/pages\/2437\/revisions"}],"predecessor-version":[{"id":14239,"href":"https:\/\/paroisses-vic-bigorre.fr\/index.php?rest_route=\/wp\/v2\/pages\/2437\/revisions\/14239"}],"wp:attachment":[{"href":"https:\/\/paroisses-vic-bigorre.fr\/index.php?rest_route=%2Fwp%2Fv2%2Fmedia&parent=2437"}],"curies":[{"name":"wp","href":"https:\/\/api.w.org\/{rel}","templated":true}]}}