{"id":243,"date":"2019-11-17T18:00:00","date_gmt":"2019-11-17T17:00:00","guid":{"rendered":"http:\/\/paroisses-vic-bigorre.com\/?page_id=243"},"modified":"2026-01-11T17:49:54","modified_gmt":"2026-01-11T16:49:54","slug":"andrest-eglise-st-barthelemy","status":"publish","type":"page","link":"https:\/\/paroisses-vic-bigorre.fr\/?page_id=243","title":{"rendered":"Andrest : \u00e9glise St-Barth\u00e9l\u00e9my"},"content":{"rendered":"<h4><img decoding=\"async\" class=\"aligncenter\" src=\"https:\/\/upload.wikimedia.org\/wikipedia\/commons\/thumb\/f\/ff\/Blason_de_la_ville_d%27Andrest_%2865%29.svg\/100px-Blason_de_la_ville_d%27Andrest_%2865%29.svg.png\" alt=\"Blason\" \/><\/h4>\n<h4 style=\"text-align: center;\"><span style=\"text-decoration: underline; color: #ff6600;\">La\u00a0 commune<\/span><\/h4>\n<p style=\"text-align: right;\"><span style=\"color: #ff0000;\"><em>1 340 habitants (2023)<\/em><\/span><\/p>\n<p style=\"text-align: justify;\">Des vestiges arch\u00e9ologiques t\u00e9moignent d&rsquo;une activit\u00e9 humaine d\u00e8s la pr\u00e9histoire et durant la p\u00e9riode gallo-romaine.<\/p>\n<p style=\"text-align: justify;\">Au Moyen-Age\u00a0 \u00a0ce territoire est compos\u00e9 de deux paroisses distinctes soit Andrest et Trougnan. En 1272, le comte de Bigorre Esquibat de Chavannes \u00e9change ces deux seigneuries avec le vicomte de\u00a0 Lavedan Raymond Garcie IV contre la vall\u00e9e de\u00a0 Bar\u00e8ges.<\/p>\n<p style=\"text-align: justify;\">En 1130, le successeur de ce dernier, lui octroie une charte de franchises et entreprend d&rsquo;importants am\u00e9nagements fondant le village actuel. En contrepartie, les habitants doivent en effet se rassembler autour d&rsquo;une nouvelle \u00e9glise et d&rsquo;un nouveau ch\u00e2teau. Ce ch\u00e2teau construit par Arnaud de Lavedan au XIV\u00e8me si\u00e8cle sera d\u00e9moli en 1762 et transform\u00e9 en une chartreuse.<\/p>\n<p style=\"text-align: justify;\">En 1569, un incendie ravage l&rsquo;\u00e9glise. En 1758, l&rsquo;intendant d&rsquo;Etigny supervise l&rsquo;\u00e9dification d&rsquo;une nouvelle voie entre Tarbes et Vic. Le ch\u00e2teau est d\u00e9truit en 1762.<\/p>\n<p style=\"text-align: justify;\">Au XIX\u00e8me si\u00e8cle, \u00a0le village se dote d&rsquo;une gare, d&rsquo;\u00e9coles et d&rsquo;un bureau de poste. <sup id=\"cite_ref-11\" class=\"reference\"><\/sup>\u00a0En\u00a0\u00a01848 une maison est am\u00e9nag\u00e9e pour accueillir l&rsquo;\u00e9cole des filles, une premi\u00e8re \u00e9cole ayant \u00e9t\u00e9 \u00e9tablie au sein de la maison communale. En 1859 \u00a0la ligne de chemin de fer est inaugur\u00e9e par Napol\u00e9on III.<\/p>\n<h4 style=\"text-align: center;\"><span style=\"text-decoration: underline; color: #ff6600;\">L&rsquo;\u00e9glise Saint-Barth\u00e9l\u00e9my<\/span><\/h4>\n<h4><img loading=\"lazy\" decoding=\"async\" class=\"alignnone size-full wp-image-13883 aligncenter\" src=\"https:\/\/paroisses-vic-bigorre.fr\/wp-content\/uploads\/2024\/06\/Andrest.jpg\" alt=\"\" width=\"235\" height=\"214\" srcset=\"https:\/\/paroisses-vic-bigorre.fr\/wp-content\/uploads\/2024\/06\/Andrest.jpg 235w, https:\/\/paroisses-vic-bigorre.fr\/wp-content\/uploads\/2024\/06\/Andrest-150x137.jpg 150w\" sizes=\"auto, (max-width: 235px) 100vw, 235px\" \/><\/h4>\n<p style=\"text-align: center;\"><strong><span style=\"color: #000080;\">Ouverte tous les jours de 9 h 30 \u00e0 17 h<\/span><\/strong><\/p>\n<p style=\"text-align: justify;\">L&rsquo;\u00e9glise Saint-Barth\u00e9lemy d&rsquo;Andrest est inscrite au titre des Monuments historiques depuis le\u00a0 8 octobre 1987.\u00a0 Elle a \u00e9t\u00e9 construite au XIV\u00e8me si\u00e8cle et remani\u00e9e au XVIII\u00e8me si\u00e8cle. Elle est surplomb\u00e9e d&rsquo;un imposant clocher-porche \u00e0 trois clochetons, un fronton et de l\u00e9gers contreforts renfor\u00e7ant la monumentalit\u00e9 du portail. Elle renferme un riche mobilier dont plusieurs retables dor\u00e9s, un magnifique baldaquin aux colonnes de marbre, une chaire \u00e0 pr\u00eacher, un tableau repr\u00e9sentant le martyre de St-Barth\u00e9l\u00e9my, un baptist\u00e8re &#8230;\u00a0 Elle comporte de chaque c\u00f4t\u00e9 de l&rsquo;\u00e9glise une tribune dans le style des \u00e9glises basques.<\/p>\n<div id=\"attachment_14043\" style=\"width: 204px\" class=\"wp-caption aligncenter\"><a href=\"https:\/\/paroisses-vic-bigorre.fr\/wp-content\/uploads\/2024\/06\/Andrest-Baldaquin.jpg\"><img loading=\"lazy\" decoding=\"async\" aria-describedby=\"caption-attachment-14043\" class=\"wp-image-14043 \" src=\"https:\/\/paroisses-vic-bigorre.fr\/wp-content\/uploads\/2024\/06\/Andrest-Baldaquin-221x300.jpg\" alt=\"Baldaquin \u00e9glise Andrest\" width=\"194\" height=\"263\" srcset=\"https:\/\/paroisses-vic-bigorre.fr\/wp-content\/uploads\/2024\/06\/Andrest-Baldaquin-221x300.jpg 221w, https:\/\/paroisses-vic-bigorre.fr\/wp-content\/uploads\/2024\/06\/Andrest-Baldaquin-110x150.jpg 110w, https:\/\/paroisses-vic-bigorre.fr\/wp-content\/uploads\/2024\/06\/Andrest-Baldaquin-206x280.jpg 206w, https:\/\/paroisses-vic-bigorre.fr\/wp-content\/uploads\/2024\/06\/Andrest-Baldaquin.jpg 298w\" sizes=\"auto, (max-width: 194px) 100vw, 194px\" \/><\/a><p id=\"caption-attachment-14043\" class=\"wp-caption-text\">Baldaquin \u00e9glise Andrest<\/p><\/div>\n<p style=\"text-align: center;\"><a href=\"https:\/\/monumentum.fr\/eglise-saint-barthelemy-pa00095311.html\" target=\"_blank\" rel=\"noopener\"><span style=\"text-decoration: underline;\"><span style=\"color: #0000ff; text-decoration: underline;\">Voir la fiche du Minist\u00e8re de la Culture<\/span><\/span><\/a><\/p>\n<h4 style=\"text-align: center;\"><span style=\"text-decoration: underline; color: #ff6600;\">Saint-Barth\u00e9l\u00e9my<\/span><\/h4>\n<p style=\"text-align: center;\"><strong><span style=\"color: #000080;\">F\u00eate le : 24 ao\u00fbt<\/span><\/strong><\/p>\n<p style=\"text-align: justify;\">Saint Barth\u00e9l\u00e9my (<em>bar-tolmay= fils du sillon en aram\u00e9en)<\/em> est un des douze ap\u00f4tres de J\u00e9sus de Nazareth. Son nom figure dans les trois \u00e9vangiles synoptiques (<em>Matthieu, Marc &amp; Luc<\/em>) et probablement sous le nom de Nathana\u00ebl, dans celle de Jean.<\/p>\n<p style=\"text-align: justify;\">Il ne m\u00e9ritait pas que son nom et sa f\u00eate soient surtout attach\u00e9s dans la m\u00e9moire des fran\u00e7ais au massacre des protestants par les souverains catholiques pour des raisons plus politiques que religieuses en 1572.<br \/>\nOriginaire de Cana en Galil\u00e9e, il est aussi le\u00a0Nathana\u00ebl, ami de\u00a0saint Philippe, qui vint l&rsquo;\u00e9vang\u00e9liser. Il est, selon la parole du Seigneur: \u00ab\u00a0un vrai fils d&rsquo;Isra\u00ebl\u00a0\u00bb. Que s&rsquo;\u00e9tait-il pass\u00e9 sous le figuier? cela restera un secret entre le Christ et lui. La tradition veut qu&rsquo;il ait \u00e9vang\u00e9lis\u00e9 l&rsquo;Inde.<br \/>\nBarth\u00e9lemy, mentionn\u00e9 dans toutes les listes des douze ap\u00f4tres &#8211; parfois sous le nom de Nathana\u00ebl &#8211; ne joue aucun r\u00f4le dans les \u00c9vangiles ni dans les Actes des Ap\u00f4tres. La l\u00e9gende s&rsquo;est donc empar\u00e9e de lui. Il passe pour avoir \u00e9vang\u00e9lis\u00e9 l&rsquo;Arabie, la M\u00e9sopotamie, pour \u00eatre all\u00e9 jusqu&rsquo;aux Indes et pour avoir subi le martyre, \u00e9corch\u00e9 vif en Arm\u00e9nie. Cela lui vaut d&rsquo;\u00eatre le patron des m\u00e9tiers en rapport avec le cuir, riches corporations qui ont souvent offert des \u0153uvres le repr\u00e9sentant. Ses attributs sont le couteau et la peau de b\u00eate. (dioc\u00e8se de Poitiers &#8211; quelques saints du Poitou et d&rsquo;ailleurs)<br \/>\nIllustration: statue de Saint Barth\u00e9lemy,\u00a0\u00e9glise de Saint-Pal de Senouire, ensemble paroissial de La Chaise-Dieu.<br \/>\nF\u00eate de saint Barth\u00e9lemy, Ap\u00f4tre. Identifi\u00e9 g\u00e9n\u00e9ralement avec Nathana\u00ebl, originaire de Cana en Galil\u00e9e, il fut conduit \u00e0 J\u00e9sus par Philippe; le Seigneur l&rsquo;appela ensuite \u00e0 le suivre et le mit dans le groupe des Douze. Des traditions assurent qu&rsquo;apr\u00e8s l&rsquo;Ascension du Christ, il annon\u00e7a l&rsquo;\u00c9vangile en Inde et qu&rsquo;il y fut couronn\u00e9 du martyre.<\/p>\n<p style=\"text-align: right;\"><em>Source : Martyrologe romain &#8211; Nominis<\/em><\/p>\n<p><img loading=\"lazy\" decoding=\"async\" class=\"aligncenter\" src=\"https:\/\/upload.wikimedia.org\/wikipedia\/commons\/thumb\/8\/8b\/St._Barholomew_icon_in_Saint_Michael_Archangel_church_in_Baku.JPG\/220px-St._Barholomew_icon_in_Saint_Michael_Archangel_church_in_Baku.JPG\" alt=\"Image illustrative de l\u2019article Barth\u00e9lemy (ap\u00f4tre)\" width=\"121\" height=\"177\" \/><\/p>\n<p>&nbsp;<\/p>\n<div><\/div>\n<p style=\"text-align: right;\"><em><img decoding=\"async\" class=\"aligncenter\" src=\"https:\/\/upload.wikimedia.org\/wikipedia\/commons\/thumb\/2\/2e\/Lavoir_d%27Andrest_%28Hautes-Pyr%C3%A9n%C3%A9es%29_2.jpg\/220px-Lavoir_d%27Andrest_%28Hautes-Pyr%C3%A9n%C3%A9es%29_2.jpg\" \/>S<\/em><\/p>\n<p>&nbsp;<\/p>\n<h5 style=\"text-align: center;\"><\/h5>\n<p>&nbsp;<\/p>\n<p>&nbsp;<\/p>\n","protected":false},"excerpt":{"rendered":"<p>La\u00a0 commune 1 340 habitants (2023) Des vestiges arch\u00e9ologiques t\u00e9moignent d&rsquo;une activit\u00e9 humaine d\u00e8s la pr\u00e9histoire et durant la p\u00e9riode gallo-romaine. Au Moyen-Age\u00a0 \u00a0ce territoire est compos\u00e9 de deux paroisses&#8230;<\/p>\n<p> <a class=\"continue-reading-link\" href=\"https:\/\/paroisses-vic-bigorre.fr\/?page_id=243\"><span>LIRE LA SUITE<\/span><i class=\"crycon-right-dir\"><\/i><\/a> <\/p>\n","protected":false},"author":2,"featured_media":0,"parent":0,"menu_order":0,"comment_status":"closed","ping_status":"closed","template":"","meta":{"footnotes":""},"class_list":["post-243","page","type-page","status-publish","hentry"],"jetpack_sharing_enabled":true,"_links":{"self":[{"href":"https:\/\/paroisses-vic-bigorre.fr\/index.php?rest_route=\/wp\/v2\/pages\/243","targetHints":{"allow":["GET"]}}],"collection":[{"href":"https:\/\/paroisses-vic-bigorre.fr\/index.php?rest_route=\/wp\/v2\/pages"}],"about":[{"href":"https:\/\/paroisses-vic-bigorre.fr\/index.php?rest_route=\/wp\/v2\/types\/page"}],"author":[{"embeddable":true,"href":"https:\/\/paroisses-vic-bigorre.fr\/index.php?rest_route=\/wp\/v2\/users\/2"}],"replies":[{"embeddable":true,"href":"https:\/\/paroisses-vic-bigorre.fr\/index.php?rest_route=%2Fwp%2Fv2%2Fcomments&post=243"}],"version-history":[{"count":9,"href":"https:\/\/paroisses-vic-bigorre.fr\/index.php?rest_route=\/wp\/v2\/pages\/243\/revisions"}],"predecessor-version":[{"id":16160,"href":"https:\/\/paroisses-vic-bigorre.fr\/index.php?rest_route=\/wp\/v2\/pages\/243\/revisions\/16160"}],"wp:attachment":[{"href":"https:\/\/paroisses-vic-bigorre.fr\/index.php?rest_route=%2Fwp%2Fv2%2Fmedia&parent=243"}],"curies":[{"name":"wp","href":"https:\/\/api.w.org\/{rel}","templated":true}]}}