{"id":223,"date":"2019-11-17T16:20:13","date_gmt":"2019-11-17T15:20:13","guid":{"rendered":"http:\/\/paroisses-vic-bigorre.com\/?page_id=223"},"modified":"2026-01-11T17:52:50","modified_gmt":"2026-01-11T16:52:50","slug":"artagnan-eglise-st-nazaire","status":"publish","type":"page","link":"https:\/\/paroisses-vic-bigorre.fr\/?page_id=223","title":{"rendered":"Artagnan : \u00e9glise St-Nazaire"},"content":{"rendered":"<h4><img decoding=\"async\" class=\"aligncenter\" src=\"https:\/\/upload.wikimedia.org\/wikipedia\/commons\/thumb\/3\/35\/Blason_de_la_ville_d%27Artagnan_%28Hautes-Pyr%C3%A9n%C3%A9es%29.svg\/100px-Blason_de_la_ville_d%27Artagnan_%28Hautes-Pyr%C3%A9n%C3%A9es%29.svg.png\" alt=\"Blason\" \/><\/h4>\n<h4 style=\"text-align: center;\"><span style=\"text-decoration: underline; color: #ff6600;\">La\u00a0 commune<\/span><\/h4>\n<p style=\"text-align: right;\"><span style=\"color: #ff0000;\"><em>504 habitants (2023)<\/em><\/span><\/p>\n<p style=\"text-align: justify;\">Cette commune, limitrophe de Vic-Bigorre, \u00e9tait un fief de la famille de Montesquiou-Fezensac-Artagnan dont un des membres, Charles de Batz de Castelmore, est devenu c\u00e9l\u00e8bre sous le nom de cette seigneurie. En tant que capitaine des mousquetaires du Roi, il accomplit des missions de confiance pour Louis XIV (dont l&rsquo;arrestation du surintendant Nicolas Fouquet \u00e0 Nantes et son transfert au fort de Pignerol). Il trouva la mort au si\u00e8ge de Maastrich (1673).\u00a0 Sa vie a donn\u00e9 lieu au c\u00e9l\u00e8bre roman d&rsquo;Alexandre Dumas \u00ab\u00a0les quatre mousquetaires\u00a0\u00bb. D&rsquo;autres membres\u00a0 de cette famille ont laiss\u00e9 des traces dans l&rsquo;Histoire :<\/p>\n<p style=\"text-align: justify;\"><span style=\"color: #0000ff;\"><em>Bernard III de Montesquiou\u00a0(+ 1175), \u00e9v\u00eaque de Tarbes<\/em><\/span><\/p>\n<p style=\"text-align: justify;\"><span style=\"color: #0000ff;\"><em>Pierre de Montesquiou\u00a0(1764-1834) Colonel et Chambellan de Napol\u00e9on 1er (monument dans l&rsquo;\u00e9glise)<\/em><\/span><\/p>\n<div id=\"attachment_13871\" style=\"width: 175px\" class=\"wp-caption aligncenter\"><img loading=\"lazy\" decoding=\"async\" aria-describedby=\"caption-attachment-13871\" class=\"wp-image-13871 \" src=\"https:\/\/paroisses-vic-bigorre.fr\/wp-content\/uploads\/2024\/06\/Artagnan-monument-227x300.jpg\" alt=\"\" width=\"165\" height=\"218\" srcset=\"https:\/\/paroisses-vic-bigorre.fr\/wp-content\/uploads\/2024\/06\/Artagnan-monument-227x300.jpg 227w, https:\/\/paroisses-vic-bigorre.fr\/wp-content\/uploads\/2024\/06\/Artagnan-monument-113x150.jpg 113w, https:\/\/paroisses-vic-bigorre.fr\/wp-content\/uploads\/2024\/06\/Artagnan-monument.jpg 423w\" sizes=\"auto, (max-width: 165px) 100vw, 165px\" \/><p id=\"caption-attachment-13871\" class=\"wp-caption-text\">Monument dans l&rsquo;\u00e9glise<\/p><\/div>\n<p style=\"text-align: justify;\"><span style=\"color: #008000;\"><em>Robert de Montesquiou (1855-1921), homme de lettres<\/em><\/span><\/p>\n<p>La famille de Montesquiou poss\u00e9dait <a href=\"https:\/\/side.developpement-durable.gouv.fr\/REUN\/doc\/SYRACUSE\/338089\/commune-de-artagnan-monographie-historique-site-du-chateau-et-parc-du-mousquetaire?_lg=fr-FR\" target=\"_blank\" rel=\"noopener\">un modeste ch\u00e2teau<\/a> \u00e0 Artagnan qu&rsquo;elle conserva jusqu&rsquo;en 1908. Il fut d\u00e9truit par un incendie en 1934. Il a \u00e9t\u00e9 depuis en partie restaur\u00e9. Il a accueilli des h\u00f4tes c\u00e9l\u00e8bres comme le po\u00e8te et homme politique italien Gabrielle d&rsquo;Annunzio ou Th\u00e9ophile Gauthier.<\/p>\n<p><img loading=\"lazy\" decoding=\"async\" class=\"size-medium wp-image-13869 aligncenter\" src=\"https:\/\/paroisses-vic-bigorre.fr\/wp-content\/uploads\/2024\/06\/Artagnan-chateau-Montesquiou-300x225.jpg\" alt=\"\" width=\"300\" height=\"225\" srcset=\"https:\/\/paroisses-vic-bigorre.fr\/wp-content\/uploads\/2024\/06\/Artagnan-chateau-Montesquiou-300x225.jpg 300w, https:\/\/paroisses-vic-bigorre.fr\/wp-content\/uploads\/2024\/06\/Artagnan-chateau-Montesquiou-150x113.jpg 150w, https:\/\/paroisses-vic-bigorre.fr\/wp-content\/uploads\/2024\/06\/Artagnan-chateau-Montesquiou.jpg 640w\" sizes=\"auto, (max-width: 300px) 100vw, 300px\" \/><\/p>\n<h4><span style=\"color: #ff6600;\">\u00a0 \u00a0 \u00a0 \u00a0 \u00a0 \u00a0 \u00a0<\/span><\/h4>\n<p><img loading=\"lazy\" decoding=\"async\" class=\"aligncenter\" src=\"https:\/\/upload.wikimedia.org\/wikipedia\/commons\/thumb\/9\/9a\/D%E2%80%99Artagnan_-_1704.png\/800px-D%E2%80%99Artagnan_-_1704.png\" alt=\"Description de cette image, \u00e9galement comment\u00e9e ci-apr\u00e8s\" width=\"146\" height=\"241\" \/><\/p>\n<div id=\"attachment_14892\" style=\"width: 198px\" class=\"wp-caption aligncenter\"><a href=\"https:\/\/paroisses-vic-bigorre.fr\/wp-content\/uploads\/2024\/07\/Artagnan-Mousquetaire.jpg\"><img loading=\"lazy\" decoding=\"async\" aria-describedby=\"caption-attachment-14892\" class=\"wp-image-14892\" src=\"https:\/\/paroisses-vic-bigorre.fr\/wp-content\/uploads\/2024\/07\/Artagnan-Mousquetaire-241x300.jpg\" alt=\"\" width=\"188\" height=\"234\" srcset=\"https:\/\/paroisses-vic-bigorre.fr\/wp-content\/uploads\/2024\/07\/Artagnan-Mousquetaire-241x300.jpg 241w, https:\/\/paroisses-vic-bigorre.fr\/wp-content\/uploads\/2024\/07\/Artagnan-Mousquetaire-121x150.jpg 121w, https:\/\/paroisses-vic-bigorre.fr\/wp-content\/uploads\/2024\/07\/Artagnan-Mousquetaire.jpg 437w\" sizes=\"auto, (max-width: 188px) 100vw, 188px\" \/><\/a><p id=\"caption-attachment-14892\" class=\"wp-caption-text\">Sculpture sur la place d&rsquo;Artagnan<\/p><\/div>\n<p>&nbsp;<\/p>\n<h4 style=\"text-align: center;\"><span style=\"color: #ff6600;\"><strong>L&rsquo;\u00e9glise Saint Nazaire<\/strong><\/span><\/h4>\n<p><img loading=\"lazy\" decoding=\"async\" class=\"aligncenter wp-image-13870\" src=\"https:\/\/paroisses-vic-bigorre.fr\/wp-content\/uploads\/2024\/06\/Artagnan-eglise-300x200.jpg\" alt=\"\" width=\"400\" height=\"267\" srcset=\"https:\/\/paroisses-vic-bigorre.fr\/wp-content\/uploads\/2024\/06\/Artagnan-eglise-300x200.jpg 300w, https:\/\/paroisses-vic-bigorre.fr\/wp-content\/uploads\/2024\/06\/Artagnan-eglise-1024x683.jpg 1024w, https:\/\/paroisses-vic-bigorre.fr\/wp-content\/uploads\/2024\/06\/Artagnan-eglise-768x512.jpg 768w, https:\/\/paroisses-vic-bigorre.fr\/wp-content\/uploads\/2024\/06\/Artagnan-eglise-1536x1024.jpg 1536w, https:\/\/paroisses-vic-bigorre.fr\/wp-content\/uploads\/2024\/06\/Artagnan-eglise-150x100.jpg 150w, https:\/\/paroisses-vic-bigorre.fr\/wp-content\/uploads\/2024\/06\/Artagnan-eglise.jpg 1800w\" sizes=\"auto, (max-width: 400px) 100vw, 400px\" \/><\/p>\n<p style=\"text-align: justify;\">Datable du XV\u00e8me si\u00e8cle par son style gothique, l&rsquo;\u00e9glise\u00a0 poss\u00e9dait \u00e0 l&rsquo;origine un plan en croix latine avec abside \u00e0 pans coup\u00e9s et clocher-mur \u00e0 l&rsquo;ouest . Dans l&rsquo;ancien transept, au nord, la vo\u00fbte d&rsquo;ogive \u00e0 clef armori\u00e9e a \u00e9t\u00e9 conserv\u00e9e . Ce transept a \u00e9t\u00e9 rallong\u00e9 au XVI\u00e8me ou XVII\u00e8me si\u00e8cle pour former un collat\u00e9ral vo\u00fbt\u00e9 dont deux culs-de-lampe sculpt\u00e9s subsistent dans la premi\u00e8re trav\u00e9e nord . Au si\u00e8cle dernier on a modifi\u00e9 l&rsquo;aspect ext\u00e9rieur du b\u00e2timent, en rajoutant une sacristie et en d\u00e9truisant les ouvertures originelles, \u00e0 l&rsquo;exception de la fen\u00eatre d&rsquo;axe visible \u00e0 travers&#8230; une lucarne moderne .\u00a0\u00a0Une \u00e9glise d&rsquo;Artagnan est cit\u00e9e en 1342 dans l&rsquo;archipr\u00eatr\u00e9 d&rsquo;Andrest, ainsi qu&rsquo;en 1379.<\/p>\n<p style=\"text-align: right;\"><em>Source histoire de l&rsquo;\u00e9glise : St\u00e9phane ABADIE<\/em><\/p>\n<h5 style=\"text-align: center;\"><span style=\"color: #ff6600;\"><strong>L&rsquo;\u00e9glise est ouverte tous les dimanches<\/strong><\/span><\/h5>\n<h4 style=\"text-align: center;\"><span style=\"text-decoration: underline; color: #ff6600;\">Saint-Nazaire<\/span><\/h4>\n<p style=\"text-align: center;\"><strong><span style=\"color: #000080;\">F\u00eate le : 28 juillet<\/span><\/strong><\/p>\n<p style=\"text-align: justify;\">Nazaire ou Nazaire de Milan ou saint Nazaire est n\u00e9 \u00e0 Rome dans le premier si\u00e8cle de l\u2019\u00e8re chr\u00e9tienne. Son p\u00e8re \u00e9tait un haut fonctionnaire de l\u2019administration de l\u2019arm\u00e9e romaine ; sa m\u00e8re \u2013 que l\u2019\u00c9glise consid\u00e8re comme sainte appel\u00e9e \u00ab sainte Perp\u00e9tue \u00bb \u2013 \u00e9tait une disciple de saint Pierre. Le nom Nazaire a une \u00e9tymologie h\u00e9bra\u00efque, naz\u00eer signifiant \u00ab consacr\u00e9 \u00bb.<br \/>\n<strong>Hagiographie<\/strong><br \/>\nAyant adopt\u00e9 la foi chr\u00e9tienne, Nazaire a abandonn\u00e9 ses biens et a d\u00e9cid\u00e9 d\u2019aller pr\u00eacher l\u2019\u00e9vangile en Gaule. Il a pass\u00e9 les Alpes et long\u00e9 l&rsquo;Is\u00e8re ; ses premiers pas l\u2019ont sans doute men\u00e9 en Gr\u00e9sivaudan mais les d\u00e9tails manquent sur son itin\u00e9raire apostolique. On sait, cependant, qu\u2019il s&rsquo;est rendu \u00e0 Cimiez &#8211; ville romaine proche de Nice &#8211; o\u00f9 il a rencontr\u00e9 son disciple Celse dont il ne devait plus se s\u00e9parer. Son z\u00e8le a indispos\u00e9 le gouverneur de Cimiez, qui l&rsquo;a fait jeter en prison, et il aurait sans doute pay\u00e9 de sa vie sans l\u2019intervention de la femme du gouverneur.<br \/>\nChass\u00e9s, Nazaire et Celse ont repris leurs b\u00e2tons de pr\u00eacheurs et on les retrouve \u00e0 Embrun, Gen\u00e8ve, Autun et enfin \u00e0 Tr\u00e8ves. Cette derni\u00e8re ville \u00e9tait le si\u00e8ge du pr\u00e9toire de la Gaule belge. Leur pr\u00e9dication va leur attirer les foudres de Corn\u00e9lius, gouverneur de la cit\u00e9. Conduits une nouvelle fois en prison, ils vont \u00eatre condamn\u00e9s \u00e0 la noyade ; au cours de leur transport, leur barque est assaillie par une effroyable temp\u00eate, qu\u2019ils ont miraculeusement apais\u00e9e. Pour les remercier de ce prodige qui leur a sauv\u00e9 la vie, leurs gardes les ont lib\u00e9r\u00e9s. Passant \u00e0 nouveau les Alpes, leur retour \u00e0 Milan leur a \u00e9t\u00e9 fatal. Condamn\u00e9s par le juge Anolin, ils ont eu la t\u00eate tranch\u00e9e en 56 de notre \u00e8re, sous le r\u00e8gne de l\u2019empereur N\u00e9ron.<br \/>\nEn 395, Ambroise de Milan, \u00e9v\u00eaque de Milan, aurait eu la r\u00e9v\u00e9lation du lieu o\u00f9 les deux saints avaient \u00e9t\u00e9 inhum\u00e9s : c\u2019\u00e9tait dans un jardin hors de la ville. Les corps auraient \u00e9t\u00e9 exhum\u00e9s, parfaitement conserv\u00e9s, et ils auraient \u00e9t\u00e9 transport\u00e9s dans la basilique des Saints-Ap\u00f4tres. Les reliques de saint Nazaire et saint Celse se trouveraient toujours en l\u2019\u00e9glise Saint-Ambroise \u00e0 Milan (Italie).<\/p>\n<p style=\"text-align: center;\"><img decoding=\"async\" src=\"https:\/\/upload.wikimedia.org\/wikipedia\/commons\/thumb\/c\/c5\/Abbazia_San_Nazzaro_%28NO%29_Affresco_Chiesa_Nazario.jpg\/260px-Abbazia_San_Nazzaro_%28NO%29_Affresco_Chiesa_Nazario.jpg\" alt=\"Abbazia San Nazzaro (NO) Affresco Chiesa Nazario.jpg\" \/><\/p>\n<p>&nbsp;<\/p>\n<p>&nbsp;<\/p>\n","protected":false},"excerpt":{"rendered":"<p>La\u00a0 commune 504 habitants (2023) Cette commune, limitrophe de Vic-Bigorre, \u00e9tait un fief de la famille de Montesquiou-Fezensac-Artagnan dont un des membres, Charles de Batz de Castelmore, est devenu c\u00e9l\u00e8bre&#8230;<\/p>\n<p> <a class=\"continue-reading-link\" href=\"https:\/\/paroisses-vic-bigorre.fr\/?page_id=223\"><span>LIRE LA SUITE<\/span><i class=\"crycon-right-dir\"><\/i><\/a> <\/p>\n","protected":false},"author":2,"featured_media":0,"parent":0,"menu_order":0,"comment_status":"closed","ping_status":"closed","template":"","meta":{"footnotes":""},"class_list":["post-223","page","type-page","status-publish","hentry"],"jetpack_sharing_enabled":true,"_links":{"self":[{"href":"https:\/\/paroisses-vic-bigorre.fr\/index.php?rest_route=\/wp\/v2\/pages\/223","targetHints":{"allow":["GET"]}}],"collection":[{"href":"https:\/\/paroisses-vic-bigorre.fr\/index.php?rest_route=\/wp\/v2\/pages"}],"about":[{"href":"https:\/\/paroisses-vic-bigorre.fr\/index.php?rest_route=\/wp\/v2\/types\/page"}],"author":[{"embeddable":true,"href":"https:\/\/paroisses-vic-bigorre.fr\/index.php?rest_route=\/wp\/v2\/users\/2"}],"replies":[{"embeddable":true,"href":"https:\/\/paroisses-vic-bigorre.fr\/index.php?rest_route=%2Fwp%2Fv2%2Fcomments&post=223"}],"version-history":[{"count":15,"href":"https:\/\/paroisses-vic-bigorre.fr\/index.php?rest_route=\/wp\/v2\/pages\/223\/revisions"}],"predecessor-version":[{"id":16162,"href":"https:\/\/paroisses-vic-bigorre.fr\/index.php?rest_route=\/wp\/v2\/pages\/223\/revisions\/16162"}],"wp:attachment":[{"href":"https:\/\/paroisses-vic-bigorre.fr\/index.php?rest_route=%2Fwp%2Fv2%2Fmedia&parent=223"}],"curies":[{"name":"wp","href":"https:\/\/api.w.org\/{rel}","templated":true}]}}