{"id":16315,"date":"2026-01-27T16:45:47","date_gmt":"2026-01-27T15:45:47","guid":{"rendered":"https:\/\/paroisses-vic-bigorre.fr\/?page_id=16315"},"modified":"2026-01-28T18:02:10","modified_gmt":"2026-01-28T17:02:10","slug":"diaporama-des-eglises","status":"publish","type":"page","link":"https:\/\/paroisses-vic-bigorre.fr\/?page_id=16315","title":{"rendered":"Diaporama des \u00e9glises"},"content":{"rendered":"<p>Vois pouvez visiter les \u00e9glises du Val d&rsquo;Adour sous forme de diaporama<\/p>\n<h3 style=\"text-align: center;\"><strong><span style=\"color: #ff6600;\"><a style=\"color: #ff6600;\" href=\"https:\/\/tour.klapty.com\/52y0YgAeFW\/?deeplinking=true&amp;startscene=0&amp;startactions=lookat(0,0,1.306701,0,0);\" target=\"_blank\" rel=\"noopener\">VISITER<\/a><\/span><\/strong><\/h3>\n<p><a href=\"https:\/\/tour.klapty.com\/52y0YgAeFW\/?deeplinking=true&amp;startscene=0&amp;startactions=lookat(0,0,1.306701,0,0);\" target=\"_blank\" rel=\"noopener\"><img loading=\"lazy\" decoding=\"async\" class=\"aligncenter wp-image-16338 size-large\" title=\"CCAM Dominique Manche\" src=\"https:\/\/paroisses-vic-bigorre.fr\/wp-content\/uploads\/2026\/01\/Ecran-eglises-VA-1024x585.jpg\" alt=\"\" width=\"1024\" height=\"585\" srcset=\"https:\/\/paroisses-vic-bigorre.fr\/wp-content\/uploads\/2026\/01\/Ecran-eglises-VA-1024x585.jpg 1024w, https:\/\/paroisses-vic-bigorre.fr\/wp-content\/uploads\/2026\/01\/Ecran-eglises-VA-300x172.jpg 300w, https:\/\/paroisses-vic-bigorre.fr\/wp-content\/uploads\/2026\/01\/Ecran-eglises-VA-768x439.jpg 768w, https:\/\/paroisses-vic-bigorre.fr\/wp-content\/uploads\/2026\/01\/Ecran-eglises-VA-150x86.jpg 150w, https:\/\/paroisses-vic-bigorre.fr\/wp-content\/uploads\/2026\/01\/Ecran-eglises-VA-262x150.jpg 262w, https:\/\/paroisses-vic-bigorre.fr\/wp-content\/uploads\/2026\/01\/Ecran-eglises-VA.jpg 1338w\" sizes=\"auto, (max-width: 1024px) 100vw, 1024px\" \/><\/a><\/p>\n<p>&nbsp;<\/p>\n<p style=\"text-align: center;\"><span style=\"color: #808080;\"><em>Cr\u00e9dit photos : Communaut\u00e9 de Communes Adour-Madiran &#8211; Dominique Manche<\/em><\/span><\/p>\n","protected":false},"excerpt":{"rendered":"<p>Vois pouvez visiter les \u00e9glises du Val d&rsquo;Adour sous forme de diaporama VISITER &nbsp; Cr\u00e9dit photos : Communaut\u00e9 de Communes Adour-Madiran &#8211; Dominique Manche<\/p>\n<p> <a class=\"continue-reading-link\" href=\"https:\/\/paroisses-vic-bigorre.fr\/?page_id=16315\"><span>LIRE LA SUITE<\/span><i class=\"crycon-right-dir\"><\/i><\/a> <\/p>\n","protected":false},"author":1,"featured_media":0,"parent":0,"menu_order":0,"comment_status":"closed","ping_status":"closed","template":"","meta":{"footnotes":""},"class_list":["post-16315","page","type-page","status-publish","hentry"],"jetpack_sharing_enabled":true,"_links":{"self":[{"href":"https:\/\/paroisses-vic-bigorre.fr\/index.php?rest_route=\/wp\/v2\/pages\/16315","targetHints":{"allow":["GET"]}}],"collection":[{"href":"https:\/\/paroisses-vic-bigorre.fr\/index.php?rest_route=\/wp\/v2\/pages"}],"about":[{"href":"https:\/\/paroisses-vic-bigorre.fr\/index.php?rest_route=\/wp\/v2\/types\/page"}],"author":[{"embeddable":true,"href":"https:\/\/paroisses-vic-bigorre.fr\/index.php?rest_route=\/wp\/v2\/users\/1"}],"replies":[{"embeddable":true,"href":"https:\/\/paroisses-vic-bigorre.fr\/index.php?rest_route=%2Fwp%2Fv2%2Fcomments&post=16315"}],"version-history":[{"count":8,"href":"https:\/\/paroisses-vic-bigorre.fr\/index.php?rest_route=\/wp\/v2\/pages\/16315\/revisions"}],"predecessor-version":[{"id":16322,"href":"https:\/\/paroisses-vic-bigorre.fr\/index.php?rest_route=\/wp\/v2\/pages\/16315\/revisions\/16322"}],"wp:attachment":[{"href":"https:\/\/paroisses-vic-bigorre.fr\/index.php?rest_route=%2Fwp%2Fv2%2Fmedia&parent=16315"}],"curies":[{"name":"wp","href":"https:\/\/api.w.org\/{rel}","templated":true}]}}