{"id":16301,"date":"2026-01-18T09:52:16","date_gmt":"2026-01-18T08:52:16","guid":{"rendered":"https:\/\/paroisses-vic-bigorre.fr\/?page_id=16301"},"modified":"2026-01-18T09:57:43","modified_gmt":"2026-01-18T08:57:43","slug":"priere-des-freres","status":"publish","type":"page","link":"https:\/\/paroisses-vic-bigorre.fr\/?page_id=16301","title":{"rendered":"Pri\u00e8re des Fr\u00e8res"},"content":{"rendered":"<p><img loading=\"lazy\" decoding=\"async\" class=\"aligncenter wp-image-16297 size-medium\" title=\"https:\/\/eglise3vallees.fr\/2022\/02\/19\/la-priere-des-freres\/\" src=\"https:\/\/paroisses-vic-bigorre.fr\/wp-content\/uploads\/2026\/01\/priere-des-freres-211x300.jpg\" alt=\"\" width=\"211\" height=\"300\" srcset=\"https:\/\/paroisses-vic-bigorre.fr\/wp-content\/uploads\/2026\/01\/priere-des-freres-211x300.jpg 211w, https:\/\/paroisses-vic-bigorre.fr\/wp-content\/uploads\/2026\/01\/priere-des-freres-106x150.jpg 106w, https:\/\/paroisses-vic-bigorre.fr\/wp-content\/uploads\/2026\/01\/priere-des-freres.jpg 300w\" sizes=\"auto, (max-width: 211px) 100vw, 211px\" \/><\/p>\n<p style=\"text-align: justify;\">Accueillir \u00e0 deux ou trois les intentions de pri\u00e8re d\u2019un autre fid\u00e8le\u00a0: cette d\u00e9marche, longtemps cantonn\u00e9e au monde charismatique, se d\u00e9veloppe dans des paroisses.<\/p>\n<p style=\"text-align: justify;\"><strong>Il est maintenant possible de la pratiquer en l&rsquo;\u00e9glise de Vic,\u00a0 un dimanche sur deux \u00e0 l&rsquo;issue de la messe de 10 h 30. D\u00a0 <\/strong>Une \u00e9quipe a \u00e9t\u00e9 constitu\u00e9e dans ce but au sein de la communaut\u00e9 paroissiale. Le principe consiste \u00e0 proposer une pri\u00e8re d\u2019intercession aupr\u00e8s de deux \u00ab priants \u00bb qui sont appel\u00e9s et envoy\u00e9s pour cette mission.<\/p>\n<p style=\"text-align: center;\"><span style=\"color: #ff6600;\"><a style=\"color: #ff6600;\" href=\"https:\/\/fr.aleteia.org\/2021\/11\/29\/la-priere-des-freres-quest-ce-au-juste\/\" target=\"_blank\" rel=\"noopener\">En savoir plus sur la pri\u00e8re des fr\u00e8res avec ALETEIA<\/a><\/span><\/p>\n<p><iframe loading=\"lazy\" title=\"La prie\u0300re des fre\u0300res : Pourquoi et comment ? - fr. Baudouin\" width=\"1150\" height=\"647\" src=\"https:\/\/www.youtube.com\/embed\/jfD-YUGMuNs?feature=oembed\" frameborder=\"0\" allow=\"accelerometer; autoplay; clipboard-write; encrypted-media; gyroscope; picture-in-picture; web-share\" referrerpolicy=\"strict-origin-when-cross-origin\" allowfullscreen><\/iframe><\/p>\n","protected":false},"excerpt":{"rendered":"<p>Accueillir \u00e0 deux ou trois les intentions de pri\u00e8re d\u2019un autre fid\u00e8le\u00a0: cette d\u00e9marche, longtemps cantonn\u00e9e au monde charismatique, se d\u00e9veloppe dans des paroisses. Il est maintenant possible de la&#8230;<\/p>\n<p> <a class=\"continue-reading-link\" href=\"https:\/\/paroisses-vic-bigorre.fr\/?page_id=16301\"><span>LIRE LA SUITE<\/span><i class=\"crycon-right-dir\"><\/i><\/a> <\/p>\n","protected":false},"author":1,"featured_media":0,"parent":0,"menu_order":0,"comment_status":"closed","ping_status":"closed","template":"","meta":{"footnotes":""},"class_list":["post-16301","page","type-page","status-publish","hentry"],"jetpack_sharing_enabled":true,"_links":{"self":[{"href":"https:\/\/paroisses-vic-bigorre.fr\/index.php?rest_route=\/wp\/v2\/pages\/16301","targetHints":{"allow":["GET"]}}],"collection":[{"href":"https:\/\/paroisses-vic-bigorre.fr\/index.php?rest_route=\/wp\/v2\/pages"}],"about":[{"href":"https:\/\/paroisses-vic-bigorre.fr\/index.php?rest_route=\/wp\/v2\/types\/page"}],"author":[{"embeddable":true,"href":"https:\/\/paroisses-vic-bigorre.fr\/index.php?rest_route=\/wp\/v2\/users\/1"}],"replies":[{"embeddable":true,"href":"https:\/\/paroisses-vic-bigorre.fr\/index.php?rest_route=%2Fwp%2Fv2%2Fcomments&post=16301"}],"version-history":[{"count":4,"href":"https:\/\/paroisses-vic-bigorre.fr\/index.php?rest_route=\/wp\/v2\/pages\/16301\/revisions"}],"predecessor-version":[{"id":16307,"href":"https:\/\/paroisses-vic-bigorre.fr\/index.php?rest_route=\/wp\/v2\/pages\/16301\/revisions\/16307"}],"wp:attachment":[{"href":"https:\/\/paroisses-vic-bigorre.fr\/index.php?rest_route=%2Fwp%2Fv2%2Fmedia&parent=16301"}],"curies":[{"name":"wp","href":"https:\/\/api.w.org\/{rel}","templated":true}]}}