{"id":16246,"date":"2026-01-13T11:29:20","date_gmt":"2026-01-13T10:29:20","guid":{"rendered":"https:\/\/paroisses-vic-bigorre.fr\/?page_id=16246"},"modified":"2026-01-13T11:31:02","modified_gmt":"2026-01-13T10:31:02","slug":"lascazeres-eglise-st-jean-baptiste","status":"publish","type":"page","link":"https:\/\/paroisses-vic-bigorre.fr\/?page_id=16246","title":{"rendered":"Lascazeres :  \u00e9glise St Jean-Baptiste"},"content":{"rendered":"<h4><img loading=\"lazy\" decoding=\"async\" class=\"aligncenter\" title=\"https:\/\/upload.wikimedia.org\/wikipedia\/commons\/f\/f0\/Blason_ville_fr_Lascaz%C3%A8res_%2865%29.svg\" src=\"https:\/\/upload.wikimedia.org\/wikipedia\/commons\/thumb\/f\/f0\/Blason_ville_fr_Lascaz%C3%A8res_%2865%29.svg\/langfr-960px-Blason_ville_fr_Lascaz%C3%A8res_%2865%29.svg.png\" alt=\"Blason de Lascaz\u00e8res\" width=\"89\" height=\"98\" \/><\/h4>\n<h4 style=\"text-align: center;\"><span style=\"color: #993300;\"><strong>La commune<\/strong><\/span><\/h4>\n<p style=\"text-align: right;\"><em>Population: 320 habitants (2023)<\/em><\/p>\n<p class=\"font_7 wixui-rich-text__text\" style=\"text-align: justify;\"><span class=\"wixui-rich-text__text\">Le village de Lascaz\u00e8res est situ\u00e9 \u00e0 180m d&rsquo;altitude sur le territoire du Val d&rsquo;Adour. Le remploi de colonnes et de chapiteaux antique dans l&rsquo;\u00e9glise de Saint-Jean-Baptiste suppose un peuplement ancien sur le village.\u00a0<\/span><span class=\"wixui-rich-text__text\">Etymologiquement, le nom viendrait du gascon \u00ab\u00a0Lanas caseras\u00a0\u00bb qui d\u00e9signe une plaine d\u00e9coup\u00e9e en petites exploitations agricoles.<\/span><\/p>\n<p style=\"text-align: justify;\">Jeanne d&rsquo;Albret, fille unique d\u2019Henri d\u2019Albret, est confirm\u00e9e dans sa possession de Lascaz\u00e8res et d&rsquo;autres h\u00e9ritages de la maison de Foix-Lautrec par une transaction de 1558<sup id=\"cite_ref-42\" class=\"reference\"><a href=\"https:\/\/fr.wikipedia.org\/wiki\/Lascaz%C3%A8res#cite_note-42\"><span class=\"cite-bracket\">[<\/span>31<span class=\"cite-bracket\">]<\/span><\/a><\/sup>. Son fils devient roi de France sous le nom d\u2019Henri IV, et, contrairement \u00e0 la tradition, il refuse d\u2019int\u00e9grer ses domaines personnels au\u00a0royaume de France. Lourdement endett\u00e9 par dix ann\u00e9es de guerre d\u2019accession au tr\u00f4ne, il vend des parties de son domaine pour rembourser ses d\u00e9biteurs. Aussi, le\u00a0<time class=\"nowrap\" datetime=\"1604-03-18\" data-sort-value=\"1604-03-18\">18 mars 1604<\/time>, ses \u00e9missaires mettent aux ench\u00e8res les seigneuries de\u00a0Sombrun, Lascaz\u00e8res et la moiti\u00e9 de\u00a0Vidouze. Pierre de La Torte, seigneur de\u00a0Caussade, ach\u00e8te l&rsquo;ensemble pour la somme de\u00a0<span title=\"5\u00a0443,108\u00a044 Kg\">12\u00a0000<\/span>\u00a0<abbr class=\"abbr\" title=\"livres\">livres<\/abbr>. Le mois suivant, Pierre de Caussade c\u00e8de, entre autres, la seigneurie de Lascaz\u00e8res \u00e0 son fr\u00e8re Raimond pour la somme de\u00a0<span title=\"1\u00a0587,573\u00a0295 Kg\">3\u00a0500<\/span>\u00a0livres<sup id=\"cite_ref-43\" class=\"reference\"><a href=\"https:\/\/fr.wikipedia.org\/wiki\/Lascaz%C3%A8res#cite_note-43\"><span class=\"cite-bracket\">[<\/span>32<span class=\"cite-bracket\">]<\/span><\/a><\/sup>. Joseph de Monet succ\u00e8de \u00e0 son oncle Raimond de Caussade en 1632.<\/p>\n<p class=\"font_7 wixui-rich-text__text\" style=\"text-align: justify;\"><span class=\"wixui-rich-text__text\">Le\u00a0 ch\u00e2teau, qui occupe la motte f\u00e9odale,\u00a0 est largement restaur\u00e9 et agrandi durant le XVIII\u00e8me si\u00e8cle. Il est en grande partie reconstruit entre 1871 et 1876.\u00a0 Il <\/span><span class=\"wixui-rich-text__text\">\u00a0est aujourd&rsquo;hui bien visible de l&rsquo;ext\u00e9rieur mais il est \u00e0 pr\u00e9sent occup\u00e9 par un Institut M\u00e9dico Professionnel qui n&rsquo;est pas accessible \u00e0 la visite.<\/span><\/p>\n<div style=\"width: 357px\" class=\"wp-caption aligncenter\"><img loading=\"lazy\" decoding=\"async\" title=\"https:\/\/fr.wikipedia.org\/wiki\/Fichier:Ch%C3%A2teau_de_Lascaz%C3%A8res_(Hautes-Pyr%C3%A9n%C3%A9es)_2.jpg\" src=\"https:\/\/upload.wikimedia.org\/wikipedia\/commons\/thumb\/a\/a7\/Ch%C3%A2teau_de_Lascaz%C3%A8res_%28Hautes-Pyr%C3%A9n%C3%A9es%29_2.jpg\/960px-Ch%C3%A2teau_de_Lascaz%C3%A8res_%28Hautes-Pyr%C3%A9n%C3%A9es%29_2.jpg\" alt=\"Fichier:Ch\u00e2teau de Lascaz\u00e8res (Hautes-Pyr\u00e9n\u00e9es) 2.jpg\" width=\"347\" height=\"216\" \/><p class=\"wp-caption-text\">Ch\u00e2teau de Franclieu<\/p><\/div>\n<h4 class=\"font_8 wixui-rich-text__text\" style=\"text-align: center;\"><strong><span class=\"wixui-rich-text__text\"><span class=\"wixGuard wixui-rich-text__text\">\u200bL&rsquo;\u00e9glise Saint Jean-Baptiste<\/span><\/span><\/strong><\/h4>\n<p class=\"font_7 wixui-rich-text__text\" style=\"text-align: center;\"><span class=\"wixui-rich-text__text\"><span class=\"wixGuard wixui-rich-text__text\"><a href=\"https:\/\/paroisses-vic-bigorre.fr\/wp-content\/uploads\/2026\/01\/Eglise_Saint-Jean-Baptiste_de_Lascazeres_Hautes-Pyrenees_1-scaled.jpg\"><img loading=\"lazy\" decoding=\"async\" class=\"alignnone wp-image-16247\" title=\"https:\/\/fr.wikipedia.org\/wiki\/Fichier:Ch%C3%A2teau_de_Lascaz%C3%A8res_(Hautes-Pyr%C3%A9n%C3%A9es)_2.jpg\" src=\"https:\/\/paroisses-vic-bigorre.fr\/wp-content\/uploads\/2026\/01\/Eglise_Saint-Jean-Baptiste_de_Lascazeres_Hautes-Pyrenees_1-300x215.jpg\" alt=\"\" width=\"333\" height=\"239\" srcset=\"https:\/\/paroisses-vic-bigorre.fr\/wp-content\/uploads\/2026\/01\/Eglise_Saint-Jean-Baptiste_de_Lascazeres_Hautes-Pyrenees_1-300x215.jpg 300w, https:\/\/paroisses-vic-bigorre.fr\/wp-content\/uploads\/2026\/01\/Eglise_Saint-Jean-Baptiste_de_Lascazeres_Hautes-Pyrenees_1-1024x733.jpg 1024w, https:\/\/paroisses-vic-bigorre.fr\/wp-content\/uploads\/2026\/01\/Eglise_Saint-Jean-Baptiste_de_Lascazeres_Hautes-Pyrenees_1-768x549.jpg 768w, https:\/\/paroisses-vic-bigorre.fr\/wp-content\/uploads\/2026\/01\/Eglise_Saint-Jean-Baptiste_de_Lascazeres_Hautes-Pyrenees_1-1536x1099.jpg 1536w, https:\/\/paroisses-vic-bigorre.fr\/wp-content\/uploads\/2026\/01\/Eglise_Saint-Jean-Baptiste_de_Lascazeres_Hautes-Pyrenees_1-2048x1465.jpg 2048w, https:\/\/paroisses-vic-bigorre.fr\/wp-content\/uploads\/2026\/01\/Eglise_Saint-Jean-Baptiste_de_Lascazeres_Hautes-Pyrenees_1-150x107.jpg 150w, https:\/\/paroisses-vic-bigorre.fr\/wp-content\/uploads\/2026\/01\/Eglise_Saint-Jean-Baptiste_de_Lascazeres_Hautes-Pyrenees_1-210x150.jpg 210w\" sizes=\"auto, (max-width: 333px) 100vw, 333px\" \/><\/a><\/span><\/span><\/p>\n<p>L&rsquo;\u00e9glise Saint-Jean-Baptiste, poss\u00e8de en son int\u00e9rieur des chapiteaux et bases de colonnes antiques en r\u00e9emploi. Elle dispose d&rsquo;un beau mobilier.\u00a0 Deux arbres remarquables encadrent le passage a\u00e9rien entre l&rsquo;\u00e9glise et le ch\u00e2teau.<\/p>\n<div style=\"width: 397px\" class=\"wp-caption aligncenter\"><img loading=\"lazy\" decoding=\"async\" class=\"\" title=\"Par Sotos \u2014 Travail personnel, CC BY-SA 4.0, https:\/\/commons.wikimedia.org\/w\/index.php?curid=95051382\" src=\"https:\/\/upload.wikimedia.org\/wikipedia\/commons\/thumb\/d\/d5\/%C3%89glise_Saint-Jean-Baptiste_de_Lascaz%C3%A8res_%28Hautes-Pyr%C3%A9n%C3%A9es%29_2.jpg\/1280px-%C3%89glise_Saint-Jean-Baptiste_de_Lascaz%C3%A8res_%28Hautes-Pyr%C3%A9n%C3%A9es%29_2.jpg\" alt=\"Le ch\u0153ur.\" width=\"387\" height=\"254\" \/><p class=\"wp-caption-text\">le ch\u0153ur de l&rsquo;\u00e9glise<\/p><\/div>\n<h4 class=\"font_7 wixui-rich-text__text\" style=\"text-align: center;\"><span style=\"color: #ff6600;\"><strong><span class=\"wixui-rich-text__text\"><span class=\"wixGuard wixui-rich-text__text\">Le saint patron<\/span><\/span><\/strong><\/span><\/h4>\n<p style=\"text-align: justify;\">Jean (Yohanan)\u00a0dit le Baptiste d&rsquo;ou Jean-Baptiste<sup id=\"cite_ref-5\" class=\"reference\"><\/sup>, est un personnage majeur du christianisme,\u00a0proph\u00e8te\u00a0du\u00a0Nouveau Testament\u00a0et de l&rsquo;islam. Sur le plan\u00a0historique, son existence est attest\u00e9e par un passage de\u00a0<a title=\"Flavius Jos\u00e8phe\" href=\"https:\/\/fr.wikipedia.org\/wiki\/Flavius_Jos%C3%A8phe\">Flavius Jos\u00e8phe<\/a>. Il est un\u00a0pr\u00e9dicateur\u00a0juif\u00a0du temps de\u00a0J\u00e9sus de Nazareth.<\/p>\n<p style=\"text-align: justify;\">L&rsquo;\u00c9vangile selon Jean\u00a0 localise l&rsquo;activit\u00e9 du Baptiste sur les rives du Jourdain\u00a0et \u00e0\u00a0B\u00e9thanie au-del\u00e0 du Jourdain. J\u00e9sus, son cousin,\u00a0 aurait, semble-t-il, v\u00e9cu un temps dans son entourage et y aurait recrut\u00e9 ses premiers ap\u00f4tres. Les \u00c9vangiles synoptiques synchronisent le d\u00e9but de l&rsquo;activit\u00e9 de J\u00e9sus avec l&#8217;emprisonnement de Jean.<\/p>\n<p style=\"text-align: justify;\">L&rsquo;audience de ce\u00a0proph\u00e8te\u00a0apocalyptique\u00a0n&rsquo;a cess\u00e9 de cro\u00eetre, au point de susciter la r\u00e9action d&rsquo;<a title=\"H\u00e9rode Antipas\" href=\"https:\/\/fr.wikipedia.org\/wiki\/H%C3%A9rode_Antipas\">H\u00e9rode Antipas<\/a>, qui, le voyant rassembler ses partisans, craint qu&rsquo;il ne suscite une r\u00e9volte. Dans les \u00c9vangiles synoptiques, le Baptiste est mis \u00e0 mort parce qu&rsquo;il a critiqu\u00e9 le mariage d&rsquo;Antipas avec\u00a0H\u00e9rodiade.<\/p>\n<p style=\"text-align: justify;\">Dans le christianisme, Jean le Baptiste est le proph\u00e8te qui a annonc\u00e9 la venue du Messie<\/p>\n<h4 class=\"font_7 wixui-rich-text__text\" style=\"text-align: center;\"><img loading=\"lazy\" decoding=\"async\" class=\"\" style=\"font-weight: bold; background-color: #f1f1f1; font-size: 12px;\" src=\"https:\/\/upload.wikimedia.org\/wikipedia\/commons\/thumb\/b\/b8\/Leonardo_da_Vinci_-_Saint_John_the_Baptist_C2RMF_retouched.jpg\/960px-Leonardo_da_Vinci_-_Saint_John_the_Baptist_C2RMF_retouched.jpg\" alt=\"Image illustrative de l\u2019article Jean le Baptiste\" width=\"192\" height=\"249\" \/><\/h4>\n<p>&nbsp;<\/p>\n","protected":false},"excerpt":{"rendered":"<p>La commune Population: 320 habitants (2023) Le village de Lascaz\u00e8res est situ\u00e9 \u00e0 180m d&rsquo;altitude sur le territoire du Val d&rsquo;Adour. Le remploi de colonnes et de chapiteaux antique dans&#8230;<\/p>\n<p> <a class=\"continue-reading-link\" href=\"https:\/\/paroisses-vic-bigorre.fr\/?page_id=16246\"><span>LIRE LA SUITE<\/span><i class=\"crycon-right-dir\"><\/i><\/a> <\/p>\n","protected":false},"author":1,"featured_media":0,"parent":0,"menu_order":0,"comment_status":"closed","ping_status":"closed","template":"","meta":{"footnotes":""},"class_list":["post-16246","page","type-page","status-publish","hentry"],"jetpack_sharing_enabled":true,"_links":{"self":[{"href":"https:\/\/paroisses-vic-bigorre.fr\/index.php?rest_route=\/wp\/v2\/pages\/16246","targetHints":{"allow":["GET"]}}],"collection":[{"href":"https:\/\/paroisses-vic-bigorre.fr\/index.php?rest_route=\/wp\/v2\/pages"}],"about":[{"href":"https:\/\/paroisses-vic-bigorre.fr\/index.php?rest_route=\/wp\/v2\/types\/page"}],"author":[{"embeddable":true,"href":"https:\/\/paroisses-vic-bigorre.fr\/index.php?rest_route=\/wp\/v2\/users\/1"}],"replies":[{"embeddable":true,"href":"https:\/\/paroisses-vic-bigorre.fr\/index.php?rest_route=%2Fwp%2Fv2%2Fcomments&post=16246"}],"version-history":[{"count":2,"href":"https:\/\/paroisses-vic-bigorre.fr\/index.php?rest_route=\/wp\/v2\/pages\/16246\/revisions"}],"predecessor-version":[{"id":16250,"href":"https:\/\/paroisses-vic-bigorre.fr\/index.php?rest_route=\/wp\/v2\/pages\/16246\/revisions\/16250"}],"wp:attachment":[{"href":"https:\/\/paroisses-vic-bigorre.fr\/index.php?rest_route=%2Fwp%2Fv2%2Fmedia&parent=16246"}],"curies":[{"name":"wp","href":"https:\/\/api.w.org\/{rel}","templated":true}]}}