{"id":16242,"date":"2026-01-13T11:05:15","date_gmt":"2026-01-13T10:05:15","guid":{"rendered":"https:\/\/paroisses-vic-bigorre.fr\/?page_id=16242"},"modified":"2026-01-13T11:30:14","modified_gmt":"2026-01-13T10:30:14","slug":"saint-lanne","status":"publish","type":"page","link":"https:\/\/paroisses-vic-bigorre.fr\/?page_id=16242","title":{"rendered":"Saint-Lanne : \u00e9glise St Jean-Baptiste"},"content":{"rendered":"<h4><img loading=\"lazy\" decoding=\"async\" class=\"aligncenter\" title=\"Par Travail personnel, CC BY-SA 4.0, https:\/\/commons.wikimedia.org\/w\/index.php?curid=17906574\" src=\"https:\/\/upload.wikimedia.org\/wikipedia\/commons\/thumb\/4\/45\/Blason_ville_fr_Saint-Lanne_%2865%29.svg\/langfr-960px-Blason_ville_fr_Saint-Lanne_%2865%29.svg.png\" alt=\"Blason de Saint-Lanne\" width=\"119\" height=\"131\" \/><\/h4>\n<h4 style=\"text-align: center;\"><span style=\"color: #ff6600;\"><strong>La commune<\/strong><\/span><\/h4>\n<p style=\"text-align: right;\"><em>Population : 119 habitants (2023)<\/em><\/p>\n<p class=\"font_8 wixui-rich-text__text\" style=\"text-align: justify;\">La commune de Saint-Lanne, \u00e0 l&rsquo;extr\u00e9mit\u00e9 nord du Val d&rsquo;Adour, poss\u00e8de des fronti\u00e8res avec le territoire du Gers mais \u00e9galement des Pyr\u00e9n\u00e9es Atlantiques. Cette localisation a donn\u00e9 lieu \u00e0 une l\u00e9gende : \u00a0<span class=\"wixui-rich-text__text\">La Table des Rois<\/span>. C&rsquo;est au coude du ruisseau du Saget, que les trois terres d&rsquo;Armagnac, de Bigorre et de B\u00e9arn se rejoignent et que les seigneurs de ces territoires avaient pris coutume de se retrouver chaque ann\u00e9e. Apr\u00e8s avoir abord\u00e9 les d\u00e9bats de voisinage, ils se retrouvaient symboliquement autour de la fameuse \u00ab\u00a0Table des rois\u00a0\u00bb pour y c\u00e9l\u00e9brer un banquet.\u00a0<span class=\"wixGuard wixui-rich-text__text\">\u200b<\/span><\/p>\n<p class=\"font_8 wixui-rich-text__text\" style=\"text-align: justify;\">Le village est occup\u00e9 durant l&rsquo;Antiquit\u00e9. Le nom qu&rsquo;il connait alors \u00e9tait celui de la r\u00e9gion des \u00ab\u00a0sen lanos\u00a0\u00bb qui veut dire les \u00ab\u00a0cent landes\u00a0\u00bb. Cette terre est travers\u00e9e par une\u00a0<span class=\"wixui-rich-text__text\">poutge<\/span>, autrement dit une voie romaine secondaire qui permet l&rsquo;acc\u00e8s \u00e0 Aire sur Adour. Jules C\u00e9sar, afin d&rsquo;assurer la protection de ces cents landes, a fait construire un campus important, compos\u00e9 de murs, de pierres et de foss\u00e9s.\u00a0<span class=\"wixGuard wixui-rich-text__text\">\u200b<\/span><\/p>\n<p class=\"font_8 wixui-rich-text__text\" style=\"text-align: justify;\">Par la suite, le nom de Saint-Lanne est h\u00e9rit\u00e9 de la branche familiale des \u00ab\u00a0De Saint-Lanne\u00a0\u00bb, vivant vers 1500. Les armoiries du village unissent le Lion d&rsquo;or choisi par Noble Raymond Bernard de Saint-Lanne mais \u00e9galement les symboles des Abb\u00e9s Lays, des militaires qui charg\u00e9s de prot\u00e9ger les fronti\u00e8res contre les Mahom\u00e9tans d&rsquo;Espagne.<\/p>\n<p style=\"text-align: justify;\"><em><span style=\"color: #808080;\">Source : https:\/\/adourmadiran.wixsite.com\/patrimoine\/saint-lanne<\/span><\/em><\/p>\n<h4 style=\"text-align: center;\"><strong><span style=\"color: #ff6600;\">L&rsquo;Eglise Saint Jean-Baptiste<\/span><\/strong><\/h4>\n<p><a href=\"https:\/\/paroisses-vic-bigorre.fr\/wp-content\/uploads\/2026\/01\/Eglise_Saint-Jean-Baptiste_de_Saint-Lanne_Hautes-Pyrenees_1-scaled.jpg\"><img loading=\"lazy\" decoding=\"async\" class=\"aligncenter wp-image-16243 size-medium\" title=\"Par Sotos \u2014 Travail personnel, CC BY-SA 4.0, https:\/\/commons.wikimedia.org\/w\/index.php?curid=52333464\" src=\"https:\/\/paroisses-vic-bigorre.fr\/wp-content\/uploads\/2026\/01\/Eglise_Saint-Jean-Baptiste_de_Saint-Lanne_Hautes-Pyrenees_1-300x192.jpg\" alt=\"\" width=\"300\" height=\"192\" srcset=\"https:\/\/paroisses-vic-bigorre.fr\/wp-content\/uploads\/2026\/01\/Eglise_Saint-Jean-Baptiste_de_Saint-Lanne_Hautes-Pyrenees_1-300x192.jpg 300w, https:\/\/paroisses-vic-bigorre.fr\/wp-content\/uploads\/2026\/01\/Eglise_Saint-Jean-Baptiste_de_Saint-Lanne_Hautes-Pyrenees_1-1024x657.jpg 1024w, https:\/\/paroisses-vic-bigorre.fr\/wp-content\/uploads\/2026\/01\/Eglise_Saint-Jean-Baptiste_de_Saint-Lanne_Hautes-Pyrenees_1-768x493.jpg 768w, https:\/\/paroisses-vic-bigorre.fr\/wp-content\/uploads\/2026\/01\/Eglise_Saint-Jean-Baptiste_de_Saint-Lanne_Hautes-Pyrenees_1-1536x986.jpg 1536w, https:\/\/paroisses-vic-bigorre.fr\/wp-content\/uploads\/2026\/01\/Eglise_Saint-Jean-Baptiste_de_Saint-Lanne_Hautes-Pyrenees_1-2048x1314.jpg 2048w, https:\/\/paroisses-vic-bigorre.fr\/wp-content\/uploads\/2026\/01\/Eglise_Saint-Jean-Baptiste_de_Saint-Lanne_Hautes-Pyrenees_1-150x96.jpg 150w, https:\/\/paroisses-vic-bigorre.fr\/wp-content\/uploads\/2026\/01\/Eglise_Saint-Jean-Baptiste_de_Saint-Lanne_Hautes-Pyrenees_1-234x150.jpg 234w\" sizes=\"auto, (max-width: 300px) 100vw, 300px\" \/><\/a><\/p>\n<p class=\"font_8 wixui-rich-text__text\" style=\"text-align: justify;\"><span class=\"wixGuard wixui-rich-text__text\">\u200bL&rsquo;\u00e9glise de Saint-Lanne vou\u00e9e \u00e0 Jean le Baptiste poss\u00e8de neuf objets prot\u00e9g\u00e9s au titre des Monuments historiques : <\/span>\u00a0Cl\u00f4ture (table de communion) \u00b7 Meuble de sacristie \u00b7 deux calices, retable \u00b7 autel (ma\u00eetre-autel), tabernacle, retable,\u00a0 lutrin, confessionnal, dais<\/p>\n<h4 class=\"font_7 wixui-rich-text__text\" style=\"text-align: center;\"><span style=\"color: #ff6600;\"><strong><span class=\"wixui-rich-text__text\"><span class=\"wixGuard wixui-rich-text__text\">Le saint patron<\/span><\/span><\/strong><\/span><\/h4>\n<p style=\"text-align: justify;\">Jean (Yohanan)\u00a0dit le Baptiste d&rsquo;ou Jean-Baptiste<sup id=\"cite_ref-5\" class=\"reference\"><\/sup>, est un personnage majeur du christianisme,\u00a0proph\u00e8te\u00a0du\u00a0Nouveau Testament\u00a0et de l&rsquo;islam. Sur le plan\u00a0historique, son existence est attest\u00e9e par un passage de\u00a0<a title=\"Flavius Jos\u00e8phe\" href=\"https:\/\/fr.wikipedia.org\/wiki\/Flavius_Jos%C3%A8phe\">Flavius Jos\u00e8phe<\/a>. Il est un\u00a0pr\u00e9dicateur\u00a0juif\u00a0du temps de\u00a0J\u00e9sus de Nazareth.<\/p>\n<p style=\"text-align: justify;\">L&rsquo;\u00c9vangile selon Jean\u00a0 localise l&rsquo;activit\u00e9 du Baptiste sur les rives du Jourdain\u00a0et \u00e0\u00a0B\u00e9thanie au-del\u00e0 du Jourdain. J\u00e9sus, son cousin,\u00a0 aurait, semble-t-il, v\u00e9cu un temps dans son entourage et y aurait recrut\u00e9 ses premiers ap\u00f4tres. Les \u00c9vangiles synoptiques synchronisent le d\u00e9but de l&rsquo;activit\u00e9 de J\u00e9sus avec l&#8217;emprisonnement de Jean.<\/p>\n<p style=\"text-align: justify;\">L&rsquo;audience de ce\u00a0proph\u00e8te\u00a0apocalyptique\u00a0n&rsquo;a cess\u00e9 de cro\u00eetre, au point de susciter la r\u00e9action d&rsquo;<a title=\"H\u00e9rode Antipas\" href=\"https:\/\/fr.wikipedia.org\/wiki\/H%C3%A9rode_Antipas\">H\u00e9rode Antipas<\/a>, qui, le voyant rassembler ses partisans, craint qu&rsquo;il ne suscite une r\u00e9volte. Dans les \u00c9vangiles synoptiques, le Baptiste est mis \u00e0 mort parce qu&rsquo;il a critiqu\u00e9 le mariage d&rsquo;Antipas avec\u00a0H\u00e9rodiade.<\/p>\n<p style=\"text-align: justify;\">Dans le christianisme, Jean le Baptiste est le proph\u00e8te qui a annonc\u00e9 la venue du Messie<\/p>\n<h4 class=\"font_7 wixui-rich-text__text\" style=\"text-align: center;\"><img loading=\"lazy\" decoding=\"async\" class=\"\" style=\"font-weight: bold; background-color: #f1f1f1; font-size: 12px;\" src=\"https:\/\/upload.wikimedia.org\/wikipedia\/commons\/thumb\/b\/b8\/Leonardo_da_Vinci_-_Saint_John_the_Baptist_C2RMF_retouched.jpg\/960px-Leonardo_da_Vinci_-_Saint_John_the_Baptist_C2RMF_retouched.jpg\" alt=\"Image illustrative de l\u2019article Jean le Baptiste\" width=\"192\" height=\"249\" \/><\/h4>\n<p>J<\/p>\n<div class=\"MjjYud\"><\/div>\n<div class=\"MjjYud\">\n<div class=\"A6K0A\" data-rpos=\"36\">\n<div class=\"wHYlTd Ww4FFb tF2Cxc asEBEc vt6azd\" lang=\"fr\" data-hveid=\"CFYQAA\" data-ved=\"2ahUKEwics8e8oIiSAxVTRKQEHcE-K0QQFSgAegQIVhAA\">\n<div class=\"srKDX\" data-snc=\"JyVmpb\">\n<div class=\"kb0PBd ieodic jGGQ5e\" data-snf=\"x5WNvb\" data-snhf=\"0\">\n<div class=\"yuRUbf\">\n<div class=\"b8lM7\"><\/div>\n<\/div>\n<\/div>\n<\/div>\n<\/div>\n<\/div>\n<\/div>\n","protected":false},"excerpt":{"rendered":"<p>La commune Population : 119 habitants (2023) La commune de Saint-Lanne, \u00e0 l&rsquo;extr\u00e9mit\u00e9 nord du Val d&rsquo;Adour, poss\u00e8de des fronti\u00e8res avec le territoire du Gers mais \u00e9galement des Pyr\u00e9n\u00e9es Atlantiques&#8230;.<\/p>\n<p> <a class=\"continue-reading-link\" href=\"https:\/\/paroisses-vic-bigorre.fr\/?page_id=16242\"><span>LIRE LA SUITE<\/span><i class=\"crycon-right-dir\"><\/i><\/a> <\/p>\n","protected":false},"author":1,"featured_media":0,"parent":0,"menu_order":0,"comment_status":"closed","ping_status":"closed","template":"","meta":{"footnotes":""},"class_list":["post-16242","page","type-page","status-publish","hentry"],"jetpack_sharing_enabled":true,"_links":{"self":[{"href":"https:\/\/paroisses-vic-bigorre.fr\/index.php?rest_route=\/wp\/v2\/pages\/16242","targetHints":{"allow":["GET"]}}],"collection":[{"href":"https:\/\/paroisses-vic-bigorre.fr\/index.php?rest_route=\/wp\/v2\/pages"}],"about":[{"href":"https:\/\/paroisses-vic-bigorre.fr\/index.php?rest_route=\/wp\/v2\/types\/page"}],"author":[{"embeddable":true,"href":"https:\/\/paroisses-vic-bigorre.fr\/index.php?rest_route=\/wp\/v2\/users\/1"}],"replies":[{"embeddable":true,"href":"https:\/\/paroisses-vic-bigorre.fr\/index.php?rest_route=%2Fwp%2Fv2%2Fcomments&post=16242"}],"version-history":[{"count":3,"href":"https:\/\/paroisses-vic-bigorre.fr\/index.php?rest_route=\/wp\/v2\/pages\/16242\/revisions"}],"predecessor-version":[{"id":16249,"href":"https:\/\/paroisses-vic-bigorre.fr\/index.php?rest_route=\/wp\/v2\/pages\/16242\/revisions\/16249"}],"wp:attachment":[{"href":"https:\/\/paroisses-vic-bigorre.fr\/index.php?rest_route=%2Fwp%2Fv2%2Fmedia&parent=16242"}],"curies":[{"name":"wp","href":"https:\/\/api.w.org\/{rel}","templated":true}]}}