{"id":16215,"date":"2026-01-12T17:49:58","date_gmt":"2026-01-12T16:49:58","guid":{"rendered":"https:\/\/paroisses-vic-bigorre.fr\/?page_id=16215"},"modified":"2026-01-12T18:50:31","modified_gmt":"2026-01-12T17:50:31","slug":"soublecause-eglise-st-andre","status":"publish","type":"page","link":"https:\/\/paroisses-vic-bigorre.fr\/?page_id=16215","title":{"rendered":"Soublecause : \u00e9glise St-Andr\u00e9"},"content":{"rendered":"<p><img loading=\"lazy\" decoding=\"async\" class=\"aligncenter\" title=\"https:\/\/upload.wikimedia.org\/wikipedia\/commons\/5\/5b\/Blason_ville_fr_Soublecause_%2865%29.svg\" src=\"https:\/\/upload.wikimedia.org\/wikipedia\/commons\/thumb\/5\/5b\/Blason_ville_fr_Soublecause_%2865%29.svg\/langfr-960px-Blason_ville_fr_Soublecause_%2865%29.svg.png\" alt=\"Blason de Soublecause\" width=\"128\" height=\"141\" \/><\/p>\n<h4 style=\"text-align: center;\"><strong><span style=\"color: #ff6600;\">La<\/span> <span style=\"color: #ff6600;\">commune<\/span><\/strong><\/h4>\n<p style=\"text-align: right;\"><em>Population : 173 habitants (2023)<\/em><\/p>\n<p>Cette commune comporte un bourg et un quartier excentr\u00e9 : H\u00e9chac. Chacun dispose de sa propre \u00e9glise. Celle d&rsquo;Echac \u00e9tant maintenant une chapelle d\u00e9di\u00e9e \u00e0 St-Martin. la commune garde le souvenir de Marie Robine (d\u00e9c\u00e9d\u00e9e en nov 1399 \u00e0 Avignon), originaire de H\u00e9chac (Essach). Cette femme visionnaire et proph\u00e9tesse gagne le surnom de Marie d\u2019Avignon \u201cLa Gasque\u201d (La Gasconne) quand elle\u00a0 s\u2019installe en Avignon pour rencontrer le pape et obtenir la gu\u00e9rison de sa paralysie. Les 12 \u00e9pisodes\u00a0 qui constituent le livre des r\u00e9v\u00e9lations\u00a0 de Marie Robine sont conserv\u00e9s \u00e0 la biblioth\u00e8que de Tours. Devenue assez c\u00e9l\u00e8bre en tant que voyante elle sut tirer profit\u00a0 de l\u2019autorit\u00e9 que lui procurait\u00a0 sa position pour d\u00e9noncer l\u2019injustice qu\u2019elle voyait enracin\u00e9e dans la soci\u00e9t\u00e9 de son temps et incarna la voix des humbles.<\/p>\n<p>Le nom de Soublecause viendrait du latin\u00a0<i>supra<\/i>\u00a0(= au-dessus de) et\u00a0<i>calceatam<\/i>\u00a0(= chauss\u00e9e, route).<\/p>\n<h4 style=\"text-align: center;\"><strong><span style=\"color: #ff6600;\">Eglise Saint-Andr\u00e9<\/span><\/strong><\/h4>\n<p><a href=\"https:\/\/paroisses-vic-bigorre.fr\/wp-content\/uploads\/2026\/01\/Eglise_Saint-Andre_de_Soublecause_Hautes-Pyrenees_1-scaled.jpg\"><img loading=\"lazy\" decoding=\"async\" class=\"aligncenter wp-image-16217 size-medium\" title=\"Par Sotos \u2014 Travail personnel, CC BY-SA 4.0, https:\/\/commons.wikimedia.org\/w\/index.php?curid=52333796\" src=\"https:\/\/paroisses-vic-bigorre.fr\/wp-content\/uploads\/2026\/01\/Eglise_Saint-Andre_de_Soublecause_Hautes-Pyrenees_1-300x221.jpg\" alt=\"\" width=\"300\" height=\"221\" srcset=\"https:\/\/paroisses-vic-bigorre.fr\/wp-content\/uploads\/2026\/01\/Eglise_Saint-Andre_de_Soublecause_Hautes-Pyrenees_1-300x221.jpg 300w, https:\/\/paroisses-vic-bigorre.fr\/wp-content\/uploads\/2026\/01\/Eglise_Saint-Andre_de_Soublecause_Hautes-Pyrenees_1-1024x755.jpg 1024w, https:\/\/paroisses-vic-bigorre.fr\/wp-content\/uploads\/2026\/01\/Eglise_Saint-Andre_de_Soublecause_Hautes-Pyrenees_1-768x566.jpg 768w, https:\/\/paroisses-vic-bigorre.fr\/wp-content\/uploads\/2026\/01\/Eglise_Saint-Andre_de_Soublecause_Hautes-Pyrenees_1-1536x1132.jpg 1536w, https:\/\/paroisses-vic-bigorre.fr\/wp-content\/uploads\/2026\/01\/Eglise_Saint-Andre_de_Soublecause_Hautes-Pyrenees_1-2048x1509.jpg 2048w, https:\/\/paroisses-vic-bigorre.fr\/wp-content\/uploads\/2026\/01\/Eglise_Saint-Andre_de_Soublecause_Hautes-Pyrenees_1-150x111.jpg 150w, https:\/\/paroisses-vic-bigorre.fr\/wp-content\/uploads\/2026\/01\/Eglise_Saint-Andre_de_Soublecause_Hautes-Pyrenees_1-204x150.jpg 204w\" sizes=\"auto, (max-width: 300px) 100vw, 300px\" \/><\/a><\/p>\n<p>Petite \u00e9glise classique qui figurait dans la liste des \u00e9glises br\u00fbl\u00e9es par les troupes de Montgom\u00e9ry en 1569. L&rsquo;\u00e9difice en partie \u00e9croul\u00e9 est reconstruit en 1756-1757 par le ma\u00e7on Jean Ducasse. Les contreforts ainsi que les \u00e9l\u00e9ments subsistants de l&rsquo;ancien mur-clocher paraissent tr\u00e8s ant\u00e9rieurs \u00e0 l&rsquo;\u00e9poque classique et dateraient du 15e si\u00e8cle. Agrandissement et reconstruction du clocher \u00e0 la fin du 19e si\u00e8cle par l&rsquo;architecte P. Prosper. A l&rsquo;int\u00e9rieur, la vo\u00fbte du choeur a \u00e9t\u00e9 exhauss\u00e9e et de grandes fen\u00eatres laissent entrer largement la lumi\u00e8re dans le sanctuaire. L&rsquo;am\u00e9nagement de ce dernier a \u00e9t\u00e9 r\u00e9alis\u00e9 avec toutes les caract\u00e9ristiques th\u00e9\u00e2trales de l&rsquo;art baroque : changement de proportions, diff\u00e9rence de niveaux de vo\u00fbtes, pouss\u00e9e vers le haut, variations de lumi\u00e8re.<\/p>\n<p>Elle est class\u00e9 monument historique depuis le 10 f\u00e9vrier 1992<\/p>\n<p style=\"text-align: right;\"><span style=\"color: #808080;\"><em>Source : https:\/\/pop.culture.gouv.fr\/notice\/merimee\/PA00095451<\/em><\/span><\/p>\n<h4 style=\"text-align: center;\"><span style=\"color: #ff6600;\">Le Saint Patron\u00a0 du village\u00a0<\/span><\/h4>\n<p>Il \u00e9tait de Bethsa\u00efde en Galil\u00e9e, sur les bords du lac de Tib\u00e9riade. Avec son fr\u00e8re Pierre\u00a0 \u00a0il vivait de la p\u00eache. C&rsquo;\u00e9tait un assoiff\u00e9 de Dieu. Il avait entendu la pr\u00e9dication de\u00a0<a title=\"Saint Jean-Baptiste, Nativit\u00e9 de saint Jean-Baptiste\u00a0(1er s.)\" href=\"https:\/\/nominis.cef.fr\/contenus\/saint\/1380\/Saint-Jean-Baptiste.html\">J<\/a>ean le Baptiste, avait sans doute re\u00e7u son bapt\u00eame de p\u00e9nitence et \u00e9tait devenu l&rsquo;un de ses disciples. Il avait su discerner l&rsquo;exacte mission de Jean. Aussi, quand il l&rsquo;entendit d\u00e9signer J\u00e9sus: \u00a0\u00bb Voici l&rsquo;agneau de Dieu \u00ab\u00a0, il le suivit pour ne plus le quitter. D\u00e8s cet appel, Andr\u00e9 devient ap\u00f4tre, avant m\u00eame d&rsquo;en avoir re\u00e7u le titre. Il rencontre son fr\u00e8re Pierre et l&rsquo;am\u00e8ne \u00e0 J\u00e9sus. Il est l&rsquo;homme qui sait nouer des contacts. Lors de la multiplication des pains, c&rsquo;est Andr\u00e9 qui am\u00e8ne le jeune gar\u00e7on portant ses cinq pains et ses deux poissons. Quand des Grecs veulent rencontrer J\u00e9sus, c&rsquo;est \u00e0 lui qu&rsquo;ils s&rsquo;adressent tout naturellement.\u00a0Des sources tardives font \u00e9tat de son supplice \u00e0 Patras en Gr\u00e8ce. Au IVe si\u00e8cle, ses reliques furent transf\u00e9r\u00e9es \u00e0 Constantinople. Une importante relique, qui avait \u00e9t\u00e9 d\u00e9pos\u00e9e au XVe si\u00e8cle au Vatican, fut restitu\u00e9e en 1966 aux Orientaux en signe de la volont\u00e9 de communion entre l&rsquo;\u00c9glise de Rome et les patriarcats orientaux. L&rsquo;Ukraine voudrait qu&rsquo;il ait \u00e9t\u00e9 le premier \u00e9vang\u00e9lisateur de Kiev et l&rsquo;\u00c9cosse l&rsquo;a choisi comme patron national.<\/p>\n<p style=\"text-align: right;\"><span style=\"color: #808080;\"><em>Source : Nominis.cef.fr<\/em><\/span><\/p>\n<div style=\"width: 140px\" class=\"wp-caption aligncenter\"><img loading=\"lazy\" decoding=\"async\" title=\"Par Baba-patrimoine.fr \u2014 Travail personnel, CC BY-SA 4.0, https:\/\/commons.wikimedia.org\/w\/index.php?curid=83351477\" src=\"https:\/\/upload.wikimedia.org\/wikipedia\/commons\/thumb\/6\/68\/Saint_Andr%C3%A9_statue_Latran.jpg\/500px-Saint_Andr%C3%A9_statue_Latran.jpg\" alt=\"Image illustrative de l\u2019article Andr\u00e9 (ap\u00f4tre)\" width=\"130\" height=\"195\" \/><p class=\"wp-caption-text\">Statue de l&rsquo;ap\u00f4tre saint Andr\u00e9 \u00e0 la basilique Saint-Jean-de-Latran \u00e0 Rome<\/p><\/div>\n<h4 style=\"text-align: center;\"><strong><span style=\"color: #ff6600;\">La chapelle Saint-Martin d&rsquo;H\u00e9chac<\/span><\/strong><\/h4>\n<p><a href=\"https:\/\/paroisses-vic-bigorre.fr\/wp-content\/uploads\/2026\/01\/Eglise_Saint-Martin_de_Hechac_Hautes-Pyrenees_1-scaled.jpg\"><img loading=\"lazy\" decoding=\"async\" class=\"aligncenter wp-image-16216 size-medium\" title=\"Par Sotos \u2014 Travail personnel, CC BY-SA 4.0, https:\/\/commons.wikimedia.org\/w\/index.php?curid=52333848\" src=\"https:\/\/paroisses-vic-bigorre.fr\/wp-content\/uploads\/2026\/01\/Eglise_Saint-Martin_de_Hechac_Hautes-Pyrenees_1-300x203.jpg\" alt=\"\" width=\"300\" height=\"203\" srcset=\"https:\/\/paroisses-vic-bigorre.fr\/wp-content\/uploads\/2026\/01\/Eglise_Saint-Martin_de_Hechac_Hautes-Pyrenees_1-300x203.jpg 300w, https:\/\/paroisses-vic-bigorre.fr\/wp-content\/uploads\/2026\/01\/Eglise_Saint-Martin_de_Hechac_Hautes-Pyrenees_1-1024x694.jpg 1024w, https:\/\/paroisses-vic-bigorre.fr\/wp-content\/uploads\/2026\/01\/Eglise_Saint-Martin_de_Hechac_Hautes-Pyrenees_1-768x521.jpg 768w, https:\/\/paroisses-vic-bigorre.fr\/wp-content\/uploads\/2026\/01\/Eglise_Saint-Martin_de_Hechac_Hautes-Pyrenees_1-1536x1041.jpg 1536w, https:\/\/paroisses-vic-bigorre.fr\/wp-content\/uploads\/2026\/01\/Eglise_Saint-Martin_de_Hechac_Hautes-Pyrenees_1-2048x1388.jpg 2048w, https:\/\/paroisses-vic-bigorre.fr\/wp-content\/uploads\/2026\/01\/Eglise_Saint-Martin_de_Hechac_Hautes-Pyrenees_1-150x102.jpg 150w, https:\/\/paroisses-vic-bigorre.fr\/wp-content\/uploads\/2026\/01\/Eglise_Saint-Martin_de_Hechac_Hautes-Pyrenees_1-221x150.jpg 221w\" sizes=\"auto, (max-width: 300px) 100vw, 300px\" \/><\/a><\/p>\n<p style=\"text-align: justify;\">Petite \u00e9glise \u00e0 nef unique de l\u2019ancienne commune d\u2019H\u00e9chac, elle est rattach\u00e9e \u00e0 Soublecause en 1791. \u00c9glise et abbadie de Fissag (qui donnera le nom d\u2019H\u00e9chac) en 1039 dans le cartulaire de l\u2019abbaye de Madiran, elle fut incendi\u00e9e au XVIe si\u00e8cle, reconstruite presque enti\u00e8rement au XVIIe. Les travaux sont compl\u00e9t\u00e9s au XVIIIe si\u00e8cle et s\u2019ajoute la construction de la sacristie (documentation fournie par Christine Lauzin).<\/p>\n<p style=\"text-align: justify;\">\u00c0 l\u2019int\u00e9rieur le retable de 1770 est attribu\u00e9 aux Ferr\u00e8re, une famille de sculpteur, de style baroque pyr\u00e9n\u00e9en. Marc Ferr\u00e8re (1674-1758) est un sculpteur de la premi\u00e8re moiti\u00e9 du XVIIIe si\u00e8cle. Il r\u00e9alise du mobilier baroque pour des \u00e9glises dont cette chapelle. La famille a exerc\u00e9 son art de 1647 \u00e0 1800. Les statues sont attribu\u00e9es \u00e0 l\u2019atelier Soustre.<\/p>\n<p style=\"text-align: justify;\">Outre le retable et le tabernacle, le portail d\u2019entr\u00e9e est clout\u00e9 comme dans des fermes. Si on le scrute bien, on y trouve des graffitis grav\u00e9s. Certains ont reconnu \u00ab\u00a0Peyrou\u00a0\u00bb et \u00ab\u00a0Jean salles de bill\u00e8res 1831\u00a0\u00bb. La sacristie a une forme curieuse avec un auvent \u00e0 l\u2019entr\u00e9e. On y trouve une croix de procession, une lanterne, des chandeliers et un petit mobilier ancien. La cuve baptismale date de 1659. Le b\u00e9nitier en forme de calice orn\u00e9 de feuilles est fragile.<\/p>\n<p style=\"text-align: justify;\">Le clocher pourrait \u00eatre en partie de l\u2019\u00e9poque m\u00e9di\u00e9vale. Une petite \u00e9glise comme il en existe tant d\u2019autres mais qui pourrait faire partie d\u2019un chemin de d\u00e9couverte du patrimoine local avec celui de Castelnau-Rivi\u00e8re-Basse et Madiran par exemple.<\/p>\n<p style=\"text-align: justify;\">D\u00e9but 2018, le conseil municipal d\u00e9cide la restauration du retable. Le maire et le conseil prennent contact avec la DRAC, Manon Vidal conservatrice du patrimoine donne la marche \u00e0 suivre. C\u2019est l\u2019Atelier 32 qui effectue les travaux. Ont soutenu le projet Janine Colonel architecte des b\u00e2timents de France, Thibaut de Rouvray et Sylvie Gaillard (CAOA).<\/p>\n<p style=\"text-align: justify;\"><em><span style=\"color: #808080;\">Source : La D\u00e9p\u00eache du Midi 20\/02\/2021<\/span><\/em><\/p>\n","protected":false},"excerpt":{"rendered":"<p>La commune Population : 173 habitants (2023) Cette commune comporte un bourg et un quartier excentr\u00e9 : H\u00e9chac. Chacun dispose de sa propre \u00e9glise. Celle d&rsquo;Echac \u00e9tant maintenant une chapelle&#8230;<\/p>\n<p> <a class=\"continue-reading-link\" href=\"https:\/\/paroisses-vic-bigorre.fr\/?page_id=16215\"><span>LIRE LA SUITE<\/span><i class=\"crycon-right-dir\"><\/i><\/a> <\/p>\n","protected":false},"author":1,"featured_media":0,"parent":0,"menu_order":0,"comment_status":"closed","ping_status":"closed","template":"","meta":{"footnotes":""},"class_list":["post-16215","page","type-page","status-publish","hentry"],"jetpack_sharing_enabled":true,"_links":{"self":[{"href":"https:\/\/paroisses-vic-bigorre.fr\/index.php?rest_route=\/wp\/v2\/pages\/16215","targetHints":{"allow":["GET"]}}],"collection":[{"href":"https:\/\/paroisses-vic-bigorre.fr\/index.php?rest_route=\/wp\/v2\/pages"}],"about":[{"href":"https:\/\/paroisses-vic-bigorre.fr\/index.php?rest_route=\/wp\/v2\/types\/page"}],"author":[{"embeddable":true,"href":"https:\/\/paroisses-vic-bigorre.fr\/index.php?rest_route=\/wp\/v2\/users\/1"}],"replies":[{"embeddable":true,"href":"https:\/\/paroisses-vic-bigorre.fr\/index.php?rest_route=%2Fwp%2Fv2%2Fcomments&post=16215"}],"version-history":[{"count":6,"href":"https:\/\/paroisses-vic-bigorre.fr\/index.php?rest_route=\/wp\/v2\/pages\/16215\/revisions"}],"predecessor-version":[{"id":16239,"href":"https:\/\/paroisses-vic-bigorre.fr\/index.php?rest_route=\/wp\/v2\/pages\/16215\/revisions\/16239"}],"wp:attachment":[{"href":"https:\/\/paroisses-vic-bigorre.fr\/index.php?rest_route=%2Fwp%2Fv2%2Fmedia&parent=16215"}],"curies":[{"name":"wp","href":"https:\/\/api.w.org\/{rel}","templated":true}]}}