{"id":16210,"date":"2026-01-12T17:19:57","date_gmt":"2026-01-12T16:19:57","guid":{"rendered":"https:\/\/paroisses-vic-bigorre.fr\/?page_id=16210"},"modified":"2026-01-13T11:36:12","modified_gmt":"2026-01-13T10:36:12","slug":"16210-2","status":"publish","type":"page","link":"https:\/\/paroisses-vic-bigorre.fr\/?page_id=16210","title":{"rendered":"H\u00e8res : \u00e9glise St-Jean Baptiste"},"content":{"rendered":"<h4 style=\"text-align: center;\"><strong><span style=\"color: #ff6600;\"><img loading=\"lazy\" decoding=\"async\" class=\"alignnone\" title=\"Par Travail personnel, CC BY-SA 4.0, https:\/\/commons.wikimedia.org\/w\/index.php?curid=17730243\" src=\"https:\/\/upload.wikimedia.org\/wikipedia\/commons\/thumb\/e\/ed\/Blason_ville_fr_H%C3%A8res_%2865%29.svg\/langfr-960px-Blason_ville_fr_H%C3%A8res_%2865%29.svg.png\" alt=\"Blason de H\u00e8res\" width=\"120\" height=\"132\" \/><\/span><\/strong><\/h4>\n<h4 style=\"text-align: center;\"><strong><span style=\"color: #ff6600;\">La commune<\/span><\/strong><\/h4>\n<p style=\"text-align: right;\"><em>Population : 96 habitants (2023)<\/em><\/p>\n<p class=\"font_7 wixui-rich-text__text\" style=\"text-align: justify;\"><span class=\"wixui-rich-text__text\">La pr\u00e9sence de tuiles antiques retrouv\u00e9es sur place attestent une pr\u00e9sence gallo-romaine sur l&rsquo;actuelle commune de H\u00e8res.\u00a0\u00a0<\/span><span class=\"wixui-rich-text__text\">Il s&rsquo;agit par ailleurs d&rsquo;une commune mal-document\u00e9e pour son histoire. Malgr\u00e9 la pr\u00e9sence de nombreux seigneurs en Rivi\u00e8re-Basse, aucun ch\u00e2telain issu d&rsquo;H\u00e8res n&rsquo;est connu aujourd&rsquo;hui.\u00a0<\/span><span class=\"wixui-rich-text__text\"><span class=\"wixGuard wixui-rich-text__text\">\u200b<\/span><\/span><span class=\"wixui-rich-text__text\">Au XIX\u00e8me si\u00e8cle, un cur\u00e9 d&rsquo;H\u00e8res r\u00e9pond \u00e0 un questionnaire de l&rsquo;\u00e9v\u00each\u00e9 concernant la population locale. Il dit \u00ab\u00a0La population est sociable, compos\u00e9e d&rsquo;honn\u00eates gens, travailleurs et aux moeurs sans reproches\u00a0\u00bb. Voici une citation qui a eu raison du vieil adage \u00ab\u00a0H\u00e8res, m\u00e9chantes gens et bonnes terres\u00a0\u00bb (H\u00e8ros, m\u00e9chantos gens e bonno terro\u00a0\u00bb.<\/span><\/p>\n<p style=\"text-align: right;\"><span style=\"color: #993366;\"><em>Source : https:\/\/adourmadiran.wixsite.com\/patrimoine\/heres<\/em><\/span><\/p>\n<h4 style=\"text-align: center;\"><span style=\"color: #ff6600;\"><strong>L&rsquo;\u00e9glise St-Jean Baptiste<\/strong><\/span><\/h4>\n<p>L&rsquo;\u00e9glise du village porte la d\u00e9dicace \u00e0 Saint Jean-Baptiste comme l&rsquo;atteste la petite statuette au dessus de la porte d&rsquo;entr\u00e9e.<\/p>\n<p>\u200b<a href=\"https:\/\/paroisses-vic-bigorre.fr\/wp-content\/uploads\/2026\/01\/Eglise_Saint-Jean-Baptiste_de_Heres_Hautes-Pyrenees_1.jpg\"><img loading=\"lazy\" decoding=\"async\" class=\"wp-image-16211 size-medium aligncenter\" title=\"Par Sotos \u2014 Travail personnel, CC BY-SA 4.0, https:\/\/commons.wikimedia.org\/w\/index.php?curid=52331237\" src=\"https:\/\/paroisses-vic-bigorre.fr\/wp-content\/uploads\/2026\/01\/Eglise_Saint-Jean-Baptiste_de_Heres_Hautes-Pyrenees_1-263x300.jpg\" alt=\"\" width=\"263\" height=\"300\" srcset=\"https:\/\/paroisses-vic-bigorre.fr\/wp-content\/uploads\/2026\/01\/Eglise_Saint-Jean-Baptiste_de_Heres_Hautes-Pyrenees_1-263x300.jpg 263w, https:\/\/paroisses-vic-bigorre.fr\/wp-content\/uploads\/2026\/01\/Eglise_Saint-Jean-Baptiste_de_Heres_Hautes-Pyrenees_1-896x1024.jpg 896w, https:\/\/paroisses-vic-bigorre.fr\/wp-content\/uploads\/2026\/01\/Eglise_Saint-Jean-Baptiste_de_Heres_Hautes-Pyrenees_1-768x878.jpg 768w, https:\/\/paroisses-vic-bigorre.fr\/wp-content\/uploads\/2026\/01\/Eglise_Saint-Jean-Baptiste_de_Heres_Hautes-Pyrenees_1-131x150.jpg 131w, https:\/\/paroisses-vic-bigorre.fr\/wp-content\/uploads\/2026\/01\/Eglise_Saint-Jean-Baptiste_de_Heres_Hautes-Pyrenees_1.jpg 960w\" sizes=\"auto, (max-width: 263px) 100vw, 263px\" \/><\/a><\/p>\n<h4 style=\"text-align: center;\"><span style=\"color: #ff6600;\"><strong>Le saint patron<\/strong><\/span><\/h4>\n<p>Jean (Yohanan)\u00a0dit le Baptiste d&rsquo;ou Jean-Baptiste<sup id=\"cite_ref-5\" class=\"reference\"><\/sup>, est un personnage majeur du christianisme,\u00a0proph\u00e8te\u00a0du\u00a0Nouveau Testament\u00a0et de l&rsquo;islam. Sur le plan\u00a0historique, son existence est attest\u00e9e par un passage de\u00a0<a title=\"Flavius Jos\u00e8phe\" href=\"https:\/\/fr.wikipedia.org\/wiki\/Flavius_Jos%C3%A8phe\">Flavius Jos\u00e8phe<\/a>. Il est un\u00a0pr\u00e9dicateur\u00a0juif\u00a0du temps de\u00a0J\u00e9sus de Nazareth.<\/p>\n<p>L&rsquo;\u00c9vangile selon Jean\u00a0 localise l&rsquo;activit\u00e9 du Baptiste sur les rives du Jourdain\u00a0et \u00e0\u00a0B\u00e9thanie au-del\u00e0 du Jourdain. J\u00e9sus, son cousin,\u00a0 aurait, semble-t-il, v\u00e9cu un temps dans son entourage et y aurait recrut\u00e9 ses premiers ap\u00f4tres. Les \u00c9vangiles synoptiques synchronisent le d\u00e9but de l&rsquo;activit\u00e9 de J\u00e9sus avec l&#8217;emprisonnement de Jean.<\/p>\n<p>L&rsquo;audience de ce\u00a0proph\u00e8te\u00a0apocalyptique\u00a0n&rsquo;a cess\u00e9 de cro\u00eetre, au point de susciter la r\u00e9action d&rsquo;<a title=\"H\u00e9rode Antipas\" href=\"https:\/\/fr.wikipedia.org\/wiki\/H%C3%A9rode_Antipas\">H\u00e9rode Antipas<\/a>, qui, le voyant rassembler ses partisans, craint qu&rsquo;il ne suscite une r\u00e9volte. Dans les \u00c9vangiles synoptiques, le Baptiste est mis \u00e0 mort parce qu&rsquo;il a critiqu\u00e9 le mariage d&rsquo;Antipas avec\u00a0H\u00e9rodiade.<\/p>\n<p>Dans le christianisme, Jean le Baptiste est le proph\u00e8te qui a annonc\u00e9 la venue de J\u00e9sus de Nazareth et l&rsquo;a\u00a0baptis\u00e9 sur les bords du Jourdain, laissant certains de ses disciples se joindre \u00e0 lui. Pr\u00e9curseur du Messie.<\/p>\n<p>Le\u00a0catholicisme\u00a0en a fait un\u00a0saint\u00a0et lui a consacr\u00e9 deux f\u00eates\u00a0: le\u00a0<time class=\"nowrap\" datetime=\"06-24\" data-sort-value=\"06-24\">24 juin<\/time>\u00a0qui comm\u00e9more sa naissance, fix\u00e9e six mois avant\u00a0No\u00ebl\u00a0pour se conformer au r\u00e9cit d&rsquo;enfance de l&rsquo;\u00c9vangile selon Luc, et le\u00a0<time class=\"nowrap\" datetime=\"08-29\" data-sort-value=\"08-29\">29 ao\u00fbt<\/time>\u00a0qui c\u00e9l\u00e8bre la m\u00e9moire de sa d\u00e9capitation (sous le nom traditionnel de\u00a0<a title=\"D\u00e9collation de Jean Baptiste\" href=\"https:\/\/fr.wikipedia.org\/wiki\/D%C3%A9collation_de_Jean_Baptiste\">d\u00e9collation de Jean Baptiste<\/a>).<\/p>\n<div class=\"mceTemp\"><\/div>\n<p>&nbsp;<\/p>\n<p>&nbsp;<\/p>\n","protected":false},"excerpt":{"rendered":"<p>La commune Population : 96 habitants (2023) La pr\u00e9sence de tuiles antiques retrouv\u00e9es sur place attestent une pr\u00e9sence gallo-romaine sur l&rsquo;actuelle commune de H\u00e8res.\u00a0\u00a0Il s&rsquo;agit par ailleurs d&rsquo;une commune mal-document\u00e9e&#8230;<\/p>\n<p> <a class=\"continue-reading-link\" href=\"https:\/\/paroisses-vic-bigorre.fr\/?page_id=16210\"><span>LIRE LA SUITE<\/span><i class=\"crycon-right-dir\"><\/i><\/a> <\/p>\n","protected":false},"author":1,"featured_media":0,"parent":16070,"menu_order":0,"comment_status":"closed","ping_status":"closed","template":"","meta":{"footnotes":""},"class_list":["post-16210","page","type-page","status-publish","hentry"],"jetpack_sharing_enabled":true,"_links":{"self":[{"href":"https:\/\/paroisses-vic-bigorre.fr\/index.php?rest_route=\/wp\/v2\/pages\/16210","targetHints":{"allow":["GET"]}}],"collection":[{"href":"https:\/\/paroisses-vic-bigorre.fr\/index.php?rest_route=\/wp\/v2\/pages"}],"about":[{"href":"https:\/\/paroisses-vic-bigorre.fr\/index.php?rest_route=\/wp\/v2\/types\/page"}],"author":[{"embeddable":true,"href":"https:\/\/paroisses-vic-bigorre.fr\/index.php?rest_route=\/wp\/v2\/users\/1"}],"replies":[{"embeddable":true,"href":"https:\/\/paroisses-vic-bigorre.fr\/index.php?rest_route=%2Fwp%2Fv2%2Fcomments&post=16210"}],"version-history":[{"count":2,"href":"https:\/\/paroisses-vic-bigorre.fr\/index.php?rest_route=\/wp\/v2\/pages\/16210\/revisions"}],"predecessor-version":[{"id":16213,"href":"https:\/\/paroisses-vic-bigorre.fr\/index.php?rest_route=\/wp\/v2\/pages\/16210\/revisions\/16213"}],"up":[{"embeddable":true,"href":"https:\/\/paroisses-vic-bigorre.fr\/index.php?rest_route=\/wp\/v2\/pages\/16070"}],"wp:attachment":[{"href":"https:\/\/paroisses-vic-bigorre.fr\/index.php?rest_route=%2Fwp%2Fv2%2Fmedia&parent=16210"}],"curies":[{"name":"wp","href":"https:\/\/api.w.org\/{rel}","templated":true}]}}