{"id":16206,"date":"2026-01-12T17:10:32","date_gmt":"2026-01-12T16:10:32","guid":{"rendered":"https:\/\/paroisses-vic-bigorre.fr\/?page_id=16206"},"modified":"2026-01-12T17:10:32","modified_gmt":"2026-01-12T16:10:32","slug":"villefranque-eglise-de-lassomption","status":"publish","type":"page","link":"https:\/\/paroisses-vic-bigorre.fr\/?page_id=16206","title":{"rendered":"Villefranque : \u00e9glise de l&rsquo;Assomption"},"content":{"rendered":"<h4><img loading=\"lazy\" decoding=\"async\" class=\"aligncenter\" title=\"https:\/\/fr.wikipedia.org\/wiki\/Villefranque_(Hautes-Pyr%C3%A9n%C3%A9es)#\/media\/Fichier:Blason_ville_fr_Villefranque_(65).svg\" src=\"https:\/\/upload.wikimedia.org\/wikipedia\/commons\/thumb\/a\/ab\/Blason_ville_fr_Villefranque_%2865%29.svg\/langfr-960px-Blason_ville_fr_Villefranque_%2865%29.svg.png\" alt=\"Blason de Villefranque\" width=\"128\" height=\"141\" \/><\/h4>\n<h4 style=\"text-align: center;\"><strong><span style=\"color: #ff6600;\">La commune<\/span><\/strong><\/h4>\n<p style=\"text-align: right;\"><em>Population : 74 habitants (2023)<\/em><\/p>\n<p class=\"font_8 wixui-rich-text__text\">Le nom de la commune est d\u2019origine gasconne\u00a0<span class=\"wixui-rich-text__text\">vila franca<\/span>\u00a0signifie alors \u00ab ville franche \u00bb. Au moyen-\u00e2ge, une ville franche est une ville qui s\u2019est affranchie de tout droits seigneuriaux. Cela pouvait \u00e9galement \u00eatre un seigneur, accordant des franchises \u00e0 un territoire qu\u2019il d\u00e9sirait peupler d\u2019avantages. La monographie communale s\u2019accorde \u00e0 dire qu\u2019il s\u2019agissait l\u00e0 d\u2019un village affranchi de tout imp\u00f4ts.<\/p>\n<p class=\"font_8 wixui-rich-text__text\"><span class=\"wixGuard wixui-rich-text__text\">\u200b<\/span>Au Moyen-\u00e2ge, le village poss\u00e8de un ch\u00e2teau fort, dont les fondations sont aujourd\u2019hui enfouies dans le sol et ne sont plus visibles.<\/p>\n<p class=\"font_8 wixui-rich-text__text\">Le seul ch\u00e2teau visible est celui de Mond\u00e9gourat qui s\u2019apparente \u00e0 un manoir du XV\u00e8me si\u00e8cle appartenant aujourd\u2019hui \u00e0 un priv\u00e9. Il est donc inaccessible \u00e0 la visite.<\/p>\n<p style=\"text-align: right;\"><em><span style=\"color: #808080;\">Source : https:\/\/adourmadiran.wixsite.com\/patrimoine\/villefranque<\/span><\/em><\/p>\n<h4 style=\"text-align: center;\"><strong><span style=\"color: #ff6600;\">L&rsquo;\u00e9glise ND de l&rsquo;Assomption<\/span><\/strong><\/h4>\n<p><a href=\"https:\/\/paroisses-vic-bigorre.fr\/wp-content\/uploads\/2026\/01\/Eglise_de_lAssomption_de_Villefranque_Hautes-Pyrenees_1-scaled.jpg\"><img loading=\"lazy\" decoding=\"async\" class=\"aligncenter wp-image-16207 \" title=\"Par Sotos \u2014 Travail personnel, CC BY-SA 4.0, https:\/\/commons.wikimedia.org\/w\/index.php?curid=61714945\" src=\"https:\/\/paroisses-vic-bigorre.fr\/wp-content\/uploads\/2026\/01\/Eglise_de_lAssomption_de_Villefranque_Hautes-Pyrenees_1-300x194.jpg\" alt=\"\" width=\"339\" height=\"219\" srcset=\"https:\/\/paroisses-vic-bigorre.fr\/wp-content\/uploads\/2026\/01\/Eglise_de_lAssomption_de_Villefranque_Hautes-Pyrenees_1-300x194.jpg 300w, https:\/\/paroisses-vic-bigorre.fr\/wp-content\/uploads\/2026\/01\/Eglise_de_lAssomption_de_Villefranque_Hautes-Pyrenees_1-1024x663.jpg 1024w, https:\/\/paroisses-vic-bigorre.fr\/wp-content\/uploads\/2026\/01\/Eglise_de_lAssomption_de_Villefranque_Hautes-Pyrenees_1-768x497.jpg 768w, https:\/\/paroisses-vic-bigorre.fr\/wp-content\/uploads\/2026\/01\/Eglise_de_lAssomption_de_Villefranque_Hautes-Pyrenees_1-1536x994.jpg 1536w, https:\/\/paroisses-vic-bigorre.fr\/wp-content\/uploads\/2026\/01\/Eglise_de_lAssomption_de_Villefranque_Hautes-Pyrenees_1-2048x1325.jpg 2048w, https:\/\/paroisses-vic-bigorre.fr\/wp-content\/uploads\/2026\/01\/Eglise_de_lAssomption_de_Villefranque_Hautes-Pyrenees_1-150x97.jpg 150w, https:\/\/paroisses-vic-bigorre.fr\/wp-content\/uploads\/2026\/01\/Eglise_de_lAssomption_de_Villefranque_Hautes-Pyrenees_1-232x150.jpg 232w\" sizes=\"auto, (max-width: 339px) 100vw, 339px\" \/><\/a><\/p>\n<p style=\"text-align: justify;\">L&rsquo;Assomption de la Vierge Marie est une solennit\u00e9 liturgique de l&rsquo;\u00c9glise catholique f\u00eat\u00e9e le 15 ao\u00fbt. Elle comm\u00e9more le terme de la vie terrestre de la Vierge Marie, M\u00e8re de Dieu. Selon la th\u00e9ologie catholique, c&rsquo;est avec son corps et son \u00e2me que Marie a \u00e9t\u00e9 \u00ab assum\u00e9e \u00bb ou \u00ab \u00e9lev\u00e9e au ciel \u00bb, c&rsquo;est-\u00e0-dire qu&rsquo;elle est entr\u00e9e directement dans la gloire de Dieu.<\/p>\n<p style=\"text-align: justify;\">Le fondement th\u00e9ologique de l&rsquo;Assomption d\u00e9coule d&rsquo;une tradition tr\u00e8s ancienne des \u00c9glises d&rsquo;Orient et d&rsquo;Occident, o\u00f9 elle est c\u00e9l\u00e9br\u00e9e liturgiquement depuis le VIIIe si\u00e8cle. Dans l&rsquo;\u00c9glise catholique, l&rsquo;Assomption a \u00e9t\u00e9 d\u00e9finie comme dogme (c\u2019est-\u00e0-dire \u00ab v\u00e9rit\u00e9 de foi \u00bb) par la constitution apostolique Munificentissimus Deus de Pie XII lors de la Toussaint du 1er novembre 1950. Il s&rsquo;agit de la seule d\u00e9claration faisant usage de l&rsquo;infaillibilit\u00e9 pontificale depuis la proclamation de cette infaillibilit\u00e9 par le concile Vatican I.<\/p>\n<p style=\"text-align: justify;\">La date du 15 ao\u00fbt serait celle de la cons\u00e9cration \u00e0 J\u00e9rusalem de la premi\u00e8re \u00e9glise d\u00e9di\u00e9e \u00e0 Marie. Dans l&rsquo;\u00c9glise catholique, l&rsquo;Assomption est c\u00e9l\u00e9br\u00e9e liturgiquement le 15 ao\u00fbt et s&rsquo;accompagne fr\u00e9quemment de processions. Pour les confessions luth\u00e9rienne et anglicane, le 15 ao\u00fbt est rest\u00e9 la principale f\u00eate mariale, mais sans r\u00e9f\u00e9rence \u00e0 l&rsquo;Assomption. L&rsquo;\u00c9glise orthodoxe, quant \u00e0 elle, c\u00e9l\u00e8bre la Dormition de Marie, qui est diff\u00e9rente de l&rsquo;Assomption et n&rsquo;a pas valeur de dogme. La Dormition est f\u00eat\u00e9e le 15 ao\u00fbt dans les pays ayant adopt\u00e9 le calendrier gr\u00e9gorien, ou le 28 ao\u00fbt, dans les \u00c9glises orthodoxes continuant \u00e0 appliquer le calendrier julien<\/p>\n<div style=\"width: 265px\" class=\"wp-caption aligncenter\"><img loading=\"lazy\" decoding=\"async\" title=\"Par Michel Sittow \u2014 https:\/\/www.nga.gov\/collection\/art-object-page.50280.html, Domaine public, https:\/\/commons.wikimedia.org\/w\/index.php?curid=6200206\" src=\"https:\/\/upload.wikimedia.org\/wikipedia\/commons\/thumb\/5\/5b\/The_Assumption_of_the_Virgin_Michael_Sittow.jpg\/960px-The_Assumption_of_the_Virgin_Michael_Sittow.jpg\" alt=\"L'Assomption de la Vierge(Michel Sittow, vers 1500).\" width=\"255\" height=\"329\" \/><p class=\"wp-caption-text\">L&rsquo;Assomption de la Vierge (Michel Sittow, vers 1500).<\/p><\/div>\n","protected":false},"excerpt":{"rendered":"<p>La commune Population : 74 habitants (2023) Le nom de la commune est d\u2019origine gasconne\u00a0vila franca\u00a0signifie alors \u00ab ville franche \u00bb. Au moyen-\u00e2ge, une ville franche est une ville qui&#8230;<\/p>\n<p> <a class=\"continue-reading-link\" href=\"https:\/\/paroisses-vic-bigorre.fr\/?page_id=16206\"><span>LIRE LA SUITE<\/span><i class=\"crycon-right-dir\"><\/i><\/a> <\/p>\n","protected":false},"author":1,"featured_media":0,"parent":0,"menu_order":0,"comment_status":"closed","ping_status":"closed","template":"","meta":{"footnotes":""},"class_list":["post-16206","page","type-page","status-publish","hentry"],"jetpack_sharing_enabled":true,"_links":{"self":[{"href":"https:\/\/paroisses-vic-bigorre.fr\/index.php?rest_route=\/wp\/v2\/pages\/16206","targetHints":{"allow":["GET"]}}],"collection":[{"href":"https:\/\/paroisses-vic-bigorre.fr\/index.php?rest_route=\/wp\/v2\/pages"}],"about":[{"href":"https:\/\/paroisses-vic-bigorre.fr\/index.php?rest_route=\/wp\/v2\/types\/page"}],"author":[{"embeddable":true,"href":"https:\/\/paroisses-vic-bigorre.fr\/index.php?rest_route=\/wp\/v2\/users\/1"}],"replies":[{"embeddable":true,"href":"https:\/\/paroisses-vic-bigorre.fr\/index.php?rest_route=%2Fwp%2Fv2%2Fcomments&post=16206"}],"version-history":[{"count":1,"href":"https:\/\/paroisses-vic-bigorre.fr\/index.php?rest_route=\/wp\/v2\/pages\/16206\/revisions"}],"predecessor-version":[{"id":16208,"href":"https:\/\/paroisses-vic-bigorre.fr\/index.php?rest_route=\/wp\/v2\/pages\/16206\/revisions\/16208"}],"wp:attachment":[{"href":"https:\/\/paroisses-vic-bigorre.fr\/index.php?rest_route=%2Fwp%2Fv2%2Fmedia&parent=16206"}],"curies":[{"name":"wp","href":"https:\/\/api.w.org\/{rel}","templated":true}]}}