{"id":16199,"date":"2026-01-12T15:41:10","date_gmt":"2026-01-12T14:41:10","guid":{"rendered":"https:\/\/paroisses-vic-bigorre.fr\/?page_id=16199"},"modified":"2026-01-12T15:41:10","modified_gmt":"2026-01-12T14:41:10","slug":"madiran-eglise-sainte-marie","status":"publish","type":"page","link":"https:\/\/paroisses-vic-bigorre.fr\/?page_id=16199","title":{"rendered":"Madiran : \u00e9glise Sainte Marie"},"content":{"rendered":"<p>k<img loading=\"lazy\" decoding=\"async\" class=\"aligncenter\" title=\"https:\/\/fr.wikipedia.org\/wiki\/Madiran#\/media\/Fichier:Blason_ville_fr_Madiran_(65).svg\" src=\"https:\/\/upload.wikimedia.org\/wikipedia\/commons\/thumb\/f\/fd\/Blason_ville_fr_Madiran_%2865%29.svg\/langfr-960px-Blason_ville_fr_Madiran_%2865%29.svg.png\" alt=\"Blason de Madiran\" width=\"146\" height=\"160\" \/><\/p>\n<h4 style=\"text-align: center;\"><span style=\"color: #ff6600;\"><strong>La commune<\/strong><\/span><\/h4>\n<p style=\"text-align: right;\">\u00a0Population : 424 habitants (2023)<\/p>\n<p style=\"text-align: justify;\">Sa fondation remonte \u00e0 l&rsquo;\u00e9poque gallo-romaine. En 732 ou 733, les\u00a0 Maures aurait tent\u00e9 d&rsquo;envahir la Rivi\u00e8re Basse mais aurait subit une d\u00e9faite face aux locaux. Le lieu-dit Maouras, en relation avec les maures, aurait donc donn\u00e9 plus tard le nom de Madiran. C&rsquo;est en souvenir de la victoire que le blason de la commune poss\u00e8de deux t\u00eates de maures \u00e0 son sommet. Pour certains l&rsquo;origine du nom viendrait soit de \u00a0<i>*Maridan<\/i>\u00a0\u00bb d\u00e9formation du\u00a0latin\u00a0\u00ab\u00a0<i>Maria Dona<\/i> \u00bb, nom de la patronne de son \u00e9glise et du grand monast\u00e8re qui existait. Pour d&rsquo;autres enfin il viendrait d&rsquo;un ancien. <i>*Materianus<\/i>, qui signifie \u00ab domaine de Materius \u00bb. Le monast\u00e8re ou prieur\u00e9 \u00a0fut occup\u00e9 par les\u00a0<a class=\"mw-redirect\" title=\"J\u00e9suites\" href=\"https:\/\/fr.wikipedia.org\/wiki\/J%C3%A9suites\">j\u00e9suites<\/a> entre 1625 et 1776, puis par des b\u00e9n\u00e9dictins de 1936 \u00e0 1952, ann\u00e9e o\u00f9 ils transf\u00e9r\u00e8rent leur \u00e9tablissement \u00e0 Tournay. Il existait aussi \u00e0 Madiran un couvent de b\u00e9n\u00e9dictines qui partirent \u00e0 Ozon vers 1952 (actuel ESAT St-Rapha\u00ebl).<\/p>\n<div id=\"comp-jvz1wd1z\" class=\"Z_l5lU MMl86N zQ9jDz qvSjx3 Vq6kJx comp-jvz1wd1z wixui-rich-text\" data-testid=\"richTextElement\">\n<p class=\"font_8 wixui-rich-text__text\"><span class=\"wixui-rich-text__text\">C&rsquo;est en 1030 qu&rsquo;un d\u00e9nomm\u00e9 Sancius fait construire une abbaye sur l&#8217;emplacement d&rsquo;un ancien monast\u00e8re en ruines. Cette abbaye est alors rattach\u00e9e \u00e0 Marcilhac dans le Lot (46). Entre 1030 et 1080 c&rsquo;est une troisi\u00e8me \u00e9glise qui est construite par dessus l&rsquo;ancienne suite \u00e0 la demande de Guillaume Par.\u00a0<\/span><span class=\"wixui-rich-text__text\">C&rsquo;est en d\u00e9dicace \u00e0 l&rsquo;abbaye b\u00e9n\u00e9dictine du IX\u00e8me si\u00e8cle que le blason poss\u00e8de une croix archi\u00e9piscopale d&rsquo;or.<\/span><\/p>\n<p class=\"font_8 wixui-rich-text__text\"><span class=\"wixui-rich-text__text\">En 1569 pendant les guerres de religion, les troupes de Jeanne d&rsquo;Albret incendient l&rsquo;\u00e9glise. Sa restauration ne se fait qu&rsquo;au XVII \u00e8me si\u00e8cle apr\u00e8s le rattachement de l&rsquo;\u00e9glise au coll\u00e8ge des J\u00e9suites de Toulouse en 1625.<\/span><\/p>\n<p class=\"font_8 wixui-rich-text__text\"><span class=\"wixui-rich-text__text\"><span class=\"wixGuard wixui-rich-text__text\">\u200b<\/span><\/span><span class=\"wixui-rich-text__text\">C&rsquo;est notamment gr\u00e2ce \u00e0 cette occupation monacale que Madiran doit sa r\u00e9putation vinicole et ses nombreux vignobles aujourd&rsquo;hui. En effet, ce sont les moines qui ont introduit les vignes sur le territoire et qui ont commenc\u00e9 \u00e0 produire du vin. Cette origine est elle, aussi repr\u00e9sent\u00e9e sur le blason par la grappe de raisin.<\/span><\/p>\n<p style=\"text-align: right;\"><span style=\"color: #808080;\"><em>Source : https:\/\/adourmadiran.wixsite.com\/patrimoine\/madiran<\/em><\/span><\/p>\n<h4 style=\"text-align: center;\"><span style=\"color: #ff6600;\"><strong>L\u00a0\u00bb\u00e9glise Sainte Marie<\/strong><\/span><\/h4>\n<p class=\"font_8 wixui-rich-text__text\"><span class=\"wixui-rich-text__text\">Aujourd\u2019hui, du monast\u00e8re ne subsiste que l&rsquo;\u00e9glise Sainte-Marie _ qui est class\u00e9e au titre des Monuments Historiques le 28 novembre 1996 &#8211; et le b\u00e2timent (prieur\u00e9) occup\u00e9 par les derniers moines b\u00e9n\u00e9dictins avant leur d\u00e9part sur les rives de l&rsquo;Arros.<\/span><\/p>\n<p class=\"font_8 wixui-rich-text__text\" style=\"text-align: center;\"><span class=\"wixui-rich-text__text\"><span class=\"wixGuard wixui-rich-text__text\">\u200b<a href=\"https:\/\/paroisses-vic-bigorre.fr\/wp-content\/uploads\/2026\/01\/Eglise_Sainte-Marie_de_Madiran_Hautes-Pyrenees_1-1.jpg\"><img loading=\"lazy\" decoding=\"async\" class=\"alignnone wp-image-16203 size-medium\" title=\"Par Sotos \u2014 Travail personnel, CC BY-SA 4.0, https:\/\/commons.wikimedia.org\/w\/index.php?curid=52333075\" src=\"https:\/\/paroisses-vic-bigorre.fr\/wp-content\/uploads\/2026\/01\/Eglise_Sainte-Marie_de_Madiran_Hautes-Pyrenees_1-1-300x209.jpg\" alt=\"\" width=\"300\" height=\"209\" srcset=\"https:\/\/paroisses-vic-bigorre.fr\/wp-content\/uploads\/2026\/01\/Eglise_Sainte-Marie_de_Madiran_Hautes-Pyrenees_1-1-300x209.jpg 300w, https:\/\/paroisses-vic-bigorre.fr\/wp-content\/uploads\/2026\/01\/Eglise_Sainte-Marie_de_Madiran_Hautes-Pyrenees_1-1-1024x714.jpg 1024w, https:\/\/paroisses-vic-bigorre.fr\/wp-content\/uploads\/2026\/01\/Eglise_Sainte-Marie_de_Madiran_Hautes-Pyrenees_1-1-768x535.jpg 768w, https:\/\/paroisses-vic-bigorre.fr\/wp-content\/uploads\/2026\/01\/Eglise_Sainte-Marie_de_Madiran_Hautes-Pyrenees_1-1-150x105.jpg 150w, https:\/\/paroisses-vic-bigorre.fr\/wp-content\/uploads\/2026\/01\/Eglise_Sainte-Marie_de_Madiran_Hautes-Pyrenees_1-1-215x150.jpg 215w, https:\/\/paroisses-vic-bigorre.fr\/wp-content\/uploads\/2026\/01\/Eglise_Sainte-Marie_de_Madiran_Hautes-Pyrenees_1-1.jpg 1280w\" sizes=\"auto, (max-width: 300px) 100vw, 300px\" \/><\/a><\/span><\/span><\/p>\n<\/div>\n<div id=\"comp-kn61omsa\" class=\"  \">\n<div class=\"comp-kn61omsa\">\n<div data-hook=\"tpa-components-provider\">\n<div id=\"gallery-wrapper-comp-kn61omsa\">\n<div id=\"pro-gallery-comp-kn61omsa\" class=\"pro-gallery\">\n<div class=\"\" tabindex=\"-1\" data-key=\"pro-gallery-inner-container\">\n<div class=\"pro-gallery-parent-container gallery-slider\" role=\"region\">\n<div id=\"pro-gallery-container-comp-kn61omsa\" class=\"pro-gallery inline-styles one-row hide-scrollbars  slider  ltr \">\n<div id=\"gallery-horizontal-scroll-comp-kn61omsa\" class=\"gallery-horizontal-scroll gallery-column hide-scrollbars  ltr   scroll-snap  \" data-hook=\"gallery-column\">\n<div class=\"gallery-horizontal-scroll-inner\">\n<div data-hook=\"group-view\" aria-hidden=\"false\">\n<div class=\"item-link-wrapper\" tabindex=\"-1\" data-id=\"f6bc34f6-cf91-4ed4-85c8-70f9cac73509\" data-idx=\"0\" data-hook=\"item-link-wrapper\">\n<div id=\"pgif6bc34f6cf914ed485c870f9cac73509_0\" class=\"gallery-item-container item-container-regular has-custom-focus visible clickable\" data-hash=\"f6bc34f6-cf91-4ed4-85c8-70f9cac73509\" data-id=\"f6bc34f6-cf91-4ed4-85c8-70f9cac73509\" data-idx=\"0\" data-hook=\"item-container\" aria-hidden=\"false\">\n<div id=\"item-wrapper-f6bc34f6-cf91-4ed4-85c8-70f9cac73509\" class=\"gallery-item-wrapper visible [object Object]\" data-hook=\"item-wrapper\">\n<div class=\"item-hover-flex-container\">\n<div class=\"gallery-item-hover fullscreen-enabled item-overlay-regular\" data-hook=\"item-hover-0\">\n<div class=\"gallery-item-hover-inner\">\n<div data-hook=\"info-element\">\n<div class=\"hover-info-element\" data-hook=\"hover-info-element\">\n<div class=\"info-element-social info-align-center populated-item info-element-social-absolute\" style=\"text-align: center;\" data-hook=\"item-social\"><a href=\"https:\/\/www.guide-toulouse-pyrenees.com\/fr\/tourisme\/decouvrir\/sites-touristiques\/monuments-historiques\/madiran-1210\/eglise-sainte-marie-de-madiran-4501.html\" target=\"_blank\" rel=\"noopener\"><strong>En savoir plus sur l&rsquo;\u00e9glise Sainte-Marie<\/strong><\/a><\/div>\n<\/div>\n<\/div>\n<\/div>\n<\/div>\n<\/div>\n<\/div>\n<\/div>\n<\/div>\n<\/div>\n<div data-hook=\"group-view\" aria-hidden=\"false\">\n<div class=\"item-link-wrapper\" tabindex=\"-1\" data-id=\"6ba02d16-f264-45ea-a229-81f7e016c706\" data-idx=\"1\" data-hook=\"item-link-wrapper\">\n<div id=\"pgi6ba02d16f26445eaa22981f7e016c706_1\" class=\"gallery-item-container item-container-regular has-custom-focus visible clickable\" data-hash=\"6ba02d16-f264-45ea-a229-81f7e016c706\" data-id=\"6ba02d16-f264-45ea-a229-81f7e016c706\" data-idx=\"1\" data-hook=\"item-container\" aria-hidden=\"true\"><\/div>\n<\/div>\n<\/div>\n<\/div>\n<\/div>\n<\/div>\n<\/div>\n<\/div>\n<\/div>\n<\/div>\n<\/div>\n<\/div>\n<\/div>\n","protected":false},"excerpt":{"rendered":"<p>k La commune \u00a0Population : 424 habitants (2023) Sa fondation remonte \u00e0 l&rsquo;\u00e9poque gallo-romaine. En 732 ou 733, les\u00a0 Maures aurait tent\u00e9 d&rsquo;envahir la Rivi\u00e8re Basse mais aurait subit une&#8230;<\/p>\n<p> <a class=\"continue-reading-link\" href=\"https:\/\/paroisses-vic-bigorre.fr\/?page_id=16199\"><span>LIRE LA SUITE<\/span><i class=\"crycon-right-dir\"><\/i><\/a> <\/p>\n","protected":false},"author":1,"featured_media":0,"parent":0,"menu_order":0,"comment_status":"closed","ping_status":"closed","template":"","meta":{"footnotes":""},"class_list":["post-16199","page","type-page","status-publish","hentry"],"jetpack_sharing_enabled":true,"_links":{"self":[{"href":"https:\/\/paroisses-vic-bigorre.fr\/index.php?rest_route=\/wp\/v2\/pages\/16199","targetHints":{"allow":["GET"]}}],"collection":[{"href":"https:\/\/paroisses-vic-bigorre.fr\/index.php?rest_route=\/wp\/v2\/pages"}],"about":[{"href":"https:\/\/paroisses-vic-bigorre.fr\/index.php?rest_route=\/wp\/v2\/types\/page"}],"author":[{"embeddable":true,"href":"https:\/\/paroisses-vic-bigorre.fr\/index.php?rest_route=\/wp\/v2\/users\/1"}],"replies":[{"embeddable":true,"href":"https:\/\/paroisses-vic-bigorre.fr\/index.php?rest_route=%2Fwp%2Fv2%2Fcomments&post=16199"}],"version-history":[{"count":1,"href":"https:\/\/paroisses-vic-bigorre.fr\/index.php?rest_route=\/wp\/v2\/pages\/16199\/revisions"}],"predecessor-version":[{"id":16204,"href":"https:\/\/paroisses-vic-bigorre.fr\/index.php?rest_route=\/wp\/v2\/pages\/16199\/revisions\/16204"}],"wp:attachment":[{"href":"https:\/\/paroisses-vic-bigorre.fr\/index.php?rest_route=%2Fwp%2Fv2%2Fmedia&parent=16199"}],"curies":[{"name":"wp","href":"https:\/\/api.w.org\/{rel}","templated":true}]}}