{"id":16193,"date":"2026-01-12T13:08:06","date_gmt":"2026-01-12T12:08:06","guid":{"rendered":"https:\/\/paroisses-vic-bigorre.fr\/?page_id=16193"},"modified":"2026-01-12T13:09:06","modified_gmt":"2026-01-12T12:09:06","slug":"hagedet","status":"publish","type":"page","link":"https:\/\/paroisses-vic-bigorre.fr\/?page_id=16193","title":{"rendered":"Hagedet : \u00e9glise St-Michel"},"content":{"rendered":"<p><img loading=\"lazy\" decoding=\"async\" class=\"aligncenter\" title=\"https:\/\/fr.wikipedia.org\/wiki\/Hagedet#\/media\/Fichier:Blason_ville_fr_Hagedet_(65).svg\" src=\"https:\/\/upload.wikimedia.org\/wikipedia\/commons\/thumb\/1\/14\/Blason_ville_fr_Hagedet_%2865%29.svg\/langfr-960px-Blason_ville_fr_Hagedet_%2865%29.svg.png\" alt=\"Blason de Hagedet\" width=\"89\" height=\"98\" \/><\/p>\n<h4><span style=\"color: #ff6600;\"><strong>La Commune<\/strong><\/span><\/h4>\n<p style=\"text-align: right;\"><em>Population : 38 habitants (2023)<\/em><\/p>\n<p>&nbsp;<\/p>\n<p>Dans les \u00e9crits, les premi\u00e8res traces que l&rsquo;on trouve de la commune de Hagedet concernent une \u00e9glise Saint-Michel dans un village nomm\u00e9 \u00ab\u00a0Fagedet\u00a0\u00bb (du latin <i>fagetellum : petite h\u00e9traie<\/i> Cette \u00e9glise est donn\u00e9e par un certain Etienne au prieur Bernard de l&rsquo;abbaye de Madiran, village voisin. Etienne r\u00e9cup\u00e8re l&rsquo;\u00e9glise dont il \u00e0 l&rsquo;origine propri\u00e9taire lorsqu&rsquo;il devient \u00e0 son tour prieur.<\/p>\n<p class=\"font_7 wixui-rich-text__text\"><span class=\"wixui-rich-text__text\">La mention de la seigneurie d&rsquo;Hagedet se fait plus tardivement, en 1175. Il est donc difficile de savoir si elle existe d\u00e9j\u00e0 au XI\u00e8me si\u00e8cle tout comme l&rsquo;\u00e9glise et si son propri\u00e9taire est Etienne. Le premier seigneur de Hagedet est mentionn\u00e9 en 1281 sous le nom de Jean de Hagedet sans avoir plus d&rsquo;informations sur la construction de la motte castrale ou des anc\u00eatres de Jean.<\/span><\/p>\n<p class=\"font_7 wixui-rich-text__text\"><span class=\"wixui-rich-text__text\">Le petit ch\u00e2teau est d\u00e9truit une premi\u00e8re fois par les troupes de Simon V de Montfort en 1285 suite \u00e0 des r\u00e9voltes de seigneurs locaux. Il est reconstruit quelques temps plus tard en galet.<\/span><\/p>\n<p class=\"font_7 wixui-rich-text__text\"><span class=\"wixui-rich-text__text\">Finalement, le ch\u00e2teau est d\u00e9finitivement d\u00e9truit par les huguenots en 1569 avec les guerres de Religion. Il est signal\u00e9 \u00e0 l&rsquo;\u00e9tat de ruines en 1648 dans le livre terrier.<\/span><\/p>\n<p class=\"font_7 wixui-rich-text__text\"><span class=\"wixui-rich-text__text\">C&rsquo;est aujourd&rsquo;hui un site priv\u00e9 qui n&rsquo;est pas accessible \u00e0 la visite mais qu&rsquo;il est possible d&rsquo;observer de l&rsquo;ext\u00e9rieur et de d\u00e9couvrir via des panneaux d&rsquo;interpr\u00e9tation. Le site arch\u00e9ologique de la motte castrale est\u00a0<a class=\"wixui-rich-text__text\" href=\"https:\/\/www.pop.culture.gouv.fr\/notice\/merimee\/PA65000004\" target=\"_blank\" rel=\"noopener\">inscrit au titre des\u00a0Monuments Historiques\u00a0en 1997.<\/a><\/span><\/p>\n<h4 style=\"text-align: center;\"><strong><span style=\"color: #ff6600;\">L&rsquo;\u00e9glise Saint-Michel<\/span><\/strong><\/h4>\n<p style=\"text-align: justify;\"><a href=\"https:\/\/paroisses-vic-bigorre.fr\/wp-content\/uploads\/2026\/01\/Eglise_Saint-Michel_de_Hagedet_Hautes-Pyrenees_2.jpg\"><img loading=\"lazy\" decoding=\"async\" class=\"aligncenter wp-image-16194 size-medium\" title=\"Par Sotos \u2014 Travail personnel, CC BY-SA 4.0, https:\/\/commons.wikimedia.org\/w\/index.php?curid=66932592\" src=\"https:\/\/paroisses-vic-bigorre.fr\/wp-content\/uploads\/2026\/01\/Eglise_Saint-Michel_de_Hagedet_Hautes-Pyrenees_2-300x176.jpg\" alt=\"\" width=\"300\" height=\"176\" srcset=\"https:\/\/paroisses-vic-bigorre.fr\/wp-content\/uploads\/2026\/01\/Eglise_Saint-Michel_de_Hagedet_Hautes-Pyrenees_2-300x176.jpg 300w, https:\/\/paroisses-vic-bigorre.fr\/wp-content\/uploads\/2026\/01\/Eglise_Saint-Michel_de_Hagedet_Hautes-Pyrenees_2-1024x602.jpg 1024w, https:\/\/paroisses-vic-bigorre.fr\/wp-content\/uploads\/2026\/01\/Eglise_Saint-Michel_de_Hagedet_Hautes-Pyrenees_2-768x451.jpg 768w, https:\/\/paroisses-vic-bigorre.fr\/wp-content\/uploads\/2026\/01\/Eglise_Saint-Michel_de_Hagedet_Hautes-Pyrenees_2-150x88.jpg 150w, https:\/\/paroisses-vic-bigorre.fr\/wp-content\/uploads\/2026\/01\/Eglise_Saint-Michel_de_Hagedet_Hautes-Pyrenees_2-255x150.jpg 255w, https:\/\/paroisses-vic-bigorre.fr\/wp-content\/uploads\/2026\/01\/Eglise_Saint-Michel_de_Hagedet_Hautes-Pyrenees_2.jpg 1280w\" sizes=\"auto, (max-width: 300px) 100vw, 300px\" \/><\/a><span class=\"wixui-rich-text__text\">L&rsquo;\u00e9glise Saint-Michel de Hagedet laisse supposer une datation au XI\u00e8me si\u00e8cle car c&rsquo;est sur le registre de vente d&rsquo;Etienne \u00e0 Bernard qu\u2019appara\u00eet la date de 1080.\u00a0<\/span><\/p>\n<p style=\"text-align: right;\"><span style=\"color: #808080;\"><em>Source : www.wixsite.com\/patrimoine\/hagedet<\/em><\/span><\/p>\n<h4 style=\"text-align: center;\"><strong><span style=\"color: #ff6600;\">Le saint patron<\/span><\/strong><\/h4>\n<p style=\"text-align: justify;\">Michel ou Michael ou Micha\u00ebl[, est un archange\u00a0 (avec Gabriel et Rapha\u00ebl notamment) dans les trois religions monoth\u00e9istes abrahamiques que sont le juda\u00efsme, le christianisme (dont le catholicisme et l\u2019orthodoxie) et l&rsquo;islam.<\/p>\n<p style=\"text-align: justify;\">Chef de la milice c\u00e9leste des anges du Bien, il est principalement repr\u00e9sent\u00e9 au moment de la fin des temps (Apocalypse \/ fondation du Royaume de Dieu) en chevalier ail\u00e9 sauroctone, qui terrasse le diable durant la guerre des anges, et avec la balance de la Pes\u00e9e des \u00e2mes du Jour du jugement, juge et guide du salut des \u00e2mes pour l&rsquo;Enfer ou le Paradis.<\/p>\n<p style=\"text-align: justify;\">Il est d\u00e9sign\u00e9 comme saint par l&rsquo;\u00c9glise orthodoxe et l&rsquo;\u00c9glise catholique et figure donc au calendrier. Il est principalement f\u00eat\u00e9 les 29 septembre (catholiques), 8 novembre (catholiques orientaux et orthodoxes) et 21 novembre (orthodoxes serbes), mais aussi les 8 mai (calendrier tridentin), 6 septembre (orthodoxes : miracle \u00e0 Colosses), 16 octobre (d\u00e9dicace de la basilique du Mont-Saint-Michel) et le troisi\u00e8me dimanche de P\u00e2ques (deuxi\u00e8me dimanche apr\u00e8s P\u00e2ques).<\/p>\n<p class=\"font_7 wixui-rich-text__text\" style=\"text-align: justify;\"><span class=\"wixui-rich-text__text\"><span class=\"wixGuard wixui-rich-text__text\">\u200b<img loading=\"lazy\" decoding=\"async\" class=\"aligncenter\" title=\"Par Michael Jaletzke \u2014 Travail personnel, CC BY-SA 3.0, https:\/\/commons.wikimedia.org\/w\/index.php?curid=2425991\" src=\"https:\/\/upload.wikimedia.org\/wikipedia\/commons\/e\/eb\/Michael4.jpg\" alt=\"Image illustrative de l\u2019article Michel (archange)\" width=\"181\" height=\"303\" \/><\/span><\/span><\/p>\n<p style=\"text-align: justify;\">\n","protected":false},"excerpt":{"rendered":"<p>La Commune Population : 38 habitants (2023) &nbsp; Dans les \u00e9crits, les premi\u00e8res traces que l&rsquo;on trouve de la commune de Hagedet concernent une \u00e9glise Saint-Michel dans un village nomm\u00e9&#8230;<\/p>\n<p> <a class=\"continue-reading-link\" href=\"https:\/\/paroisses-vic-bigorre.fr\/?page_id=16193\"><span>LIRE LA SUITE<\/span><i class=\"crycon-right-dir\"><\/i><\/a> <\/p>\n","protected":false},"author":1,"featured_media":0,"parent":0,"menu_order":0,"comment_status":"closed","ping_status":"closed","template":"","meta":{"footnotes":""},"class_list":["post-16193","page","type-page","status-publish","hentry"],"jetpack_sharing_enabled":true,"_links":{"self":[{"href":"https:\/\/paroisses-vic-bigorre.fr\/index.php?rest_route=\/wp\/v2\/pages\/16193","targetHints":{"allow":["GET"]}}],"collection":[{"href":"https:\/\/paroisses-vic-bigorre.fr\/index.php?rest_route=\/wp\/v2\/pages"}],"about":[{"href":"https:\/\/paroisses-vic-bigorre.fr\/index.php?rest_route=\/wp\/v2\/types\/page"}],"author":[{"embeddable":true,"href":"https:\/\/paroisses-vic-bigorre.fr\/index.php?rest_route=\/wp\/v2\/users\/1"}],"replies":[{"embeddable":true,"href":"https:\/\/paroisses-vic-bigorre.fr\/index.php?rest_route=%2Fwp%2Fv2%2Fcomments&post=16193"}],"version-history":[{"count":2,"href":"https:\/\/paroisses-vic-bigorre.fr\/index.php?rest_route=\/wp\/v2\/pages\/16193\/revisions"}],"predecessor-version":[{"id":16196,"href":"https:\/\/paroisses-vic-bigorre.fr\/index.php?rest_route=\/wp\/v2\/pages\/16193\/revisions\/16196"}],"wp:attachment":[{"href":"https:\/\/paroisses-vic-bigorre.fr\/index.php?rest_route=%2Fwp%2Fv2%2Fmedia&parent=16193"}],"curies":[{"name":"wp","href":"https:\/\/api.w.org\/{rel}","templated":true}]}}