{"id":16147,"date":"2026-01-11T17:06:23","date_gmt":"2026-01-11T16:06:23","guid":{"rendered":"https:\/\/paroisses-vic-bigorre.fr\/?page_id=16147"},"modified":"2026-01-11T17:42:39","modified_gmt":"2026-01-11T16:42:39","slug":"castelnau-rb","status":"publish","type":"page","link":"https:\/\/paroisses-vic-bigorre.fr\/?page_id=16147","title":{"rendered":"Castelnau RB : \u00e9glise  St-Cyr"},"content":{"rendered":"<p><img loading=\"lazy\" decoding=\"async\" class=\"aligncenter\" title=\"https:\/\/upload.wikimedia.org\/wikipedia\/commons\/d\/d0\/Blason_ville_fr_Castelnau-Rivi%C3%A8re-Basse_%28Hautes-Pyr%C3%A9n%C3%A9es%29.svg\" src=\"https:\/\/upload.wikimedia.org\/wikipedia\/commons\/thumb\/d\/d0\/Blason_ville_fr_Castelnau-Rivi%C3%A8re-Basse_%28Hautes-Pyr%C3%A9n%C3%A9es%29.svg\/langfr-960px-Blason_ville_fr_Castelnau-Rivi%C3%A8re-Basse_%28Hautes-Pyr%C3%A9n%C3%A9es%29.svg.png\" alt=\"Blason de Castelnau-Rivi\u00e8re-Basse\" width=\"107\" height=\"118\" \/><\/p>\n<h4 style=\"text-align: center;\"><span style=\"color: #ff6600;\"><strong>La commune<\/strong><\/span><\/h4>\n<p style=\"text-align: right;\"><em>Population : 649 habitants (2023)<\/em><\/p>\n<p style=\"text-align: justify;\">Sur le plan historique et culturel, Castelnau-Rivi\u00e8re-Basse fait partie du pays de\u00a0<a title=\"Rivi\u00e8re-Basse\" href=\"https:\/\/fr.wikipedia.org\/wiki\/Rivi%C3%A8re-Basse\">Rivi\u00e8re-Basse<\/a>, qui s\u2019allonge dans la moyenne vall\u00e9e de l\u2019Adour, \u00e0 l\u2019endroit o\u00f9 le fleuve marque un coude pour s\u2019orienter vers l\u2019Aquitaine<sup class=\"reference\"><span class=\"cite-bracket\">[. \u00b2<\/span><\/sup><\/p>\n<p class=\"font_7 wixui-rich-text__text\" style=\"text-align: justify;\"><span class=\"wixui-rich-text__text\">Le bourg de Castelnau-Rivi\u00e8re-Basse conna\u00eet une histoire tr\u00e8s riche, notamment au Moyen-\u00e2ge, alors que le territoire de la Rivi\u00e8re-Basse connait de nombreuses seigneuries. Ce sont les Comtes d&rsquo;Armagnac qui poss\u00e8dent le ch\u00e2teau \u00e0 Castelnau-Rivi\u00e8re-Basse dont on aper\u00e7oit encore aujourd&rsquo;hui les ruines du donjon depuis les vall\u00e9es environnantes. La riche histoire locale est ainsi toujours visible dans le village o\u00f9 t\u00e9moignent des vestiges m\u00e9di\u00e9vaux mais pas seulement<\/span><\/p>\n<p class=\"font_7 wixui-rich-text__text\" style=\"text-align: justify;\"><span class=\"wixui-rich-text__text\"><span class=\"wixGuard wixui-rich-text__text\">\u200b<\/span><\/span><span class=\"wixui-rich-text__text\">A l&rsquo;\u00e9poque, la Rivi\u00e8re-Basse est constitu\u00e9e des anciens cantons de Castelnau, Plaisance ainsi qu&rsquo;une partie des anciens cantons de Maubourguet, Riscle et Marciac ce qui en fait un territoire tr\u00e8s vaste.\u00a0<\/span><span class=\"wixui-rich-text__text\">La place forte est occup\u00e9e par les proches voisins b\u00e9arnais, les anglais, et, enfin par les Comtes d&rsquo;Armagnac avant d&rsquo;\u00eatre finalement rattach\u00e9e \u00e0 la Bigorre en 1790.\u00a0<\/span><span class=\"wixui-rich-text__text\">C&rsquo;est notamment gr\u00e2ce \u00e0 son positionnement strat\u00e9gique, naturellement prot\u00e9g\u00e9e par des c\u00f4teaux au Sud et \u00e0 l&rsquo;Ouest, et la vall\u00e9e de l&rsquo;Adour au Nord et \u00e0 l&rsquo;Ouest, que la ville se d\u00e9veloppe pour devenir la capitale de la Rivi\u00e8re-Basse au Moyen-\u00e2ge. Il s&rsquo;agit alors d&rsquo;une ville florissante avec des remparts, un ch\u00e2teau, une tour de guet, une \u00e9glise mais aussi de nombreux artisans, m\u00e9decins, notaires, militaires et commer\u00e7ants qui assurent la p\u00e9rennit\u00e9 de cette espace fortifi\u00e9.\u00a0<\/span><\/p>\n<p style=\"text-align: justify;\">A noter qu&rsquo;outre l&rsquo;\u00e9glise St-Cyr situ\u00e9 au coeur du village, Castelnau poss\u00e8de une autre \u00e9glise (en fait une chapelle) d\u00e9di\u00e9 \u00e0 Jean le Baptiste dans le quartier excentr\u00e9 de Maz\u00e8res<\/p>\n<h5 style=\"text-align: right;\"><span style=\"color: #808080;\"><em>Source : https:\/\/adourmadiran.wixsite.com\/patrimoine\/castelnau-rivi%C3%A8re-basse<\/em><\/span><\/h5>\n<h4 style=\"text-align: center;\"><strong><span style=\"color: #ff6600;\">L&rsquo;\u00e9glise St-Cyr et Ste Julitte<\/span><\/strong><\/h4>\n<p style=\"text-align: center;\"><a href=\"https:\/\/paroisses-vic-bigorre.fr\/wp-content\/uploads\/2026\/01\/Castelnau-Riviere-Basse_-65-_Eglise_Saint-Cyr-et-Sainte-Julitte_photo_n\u00b0164.jpg\"><img loading=\"lazy\" decoding=\"async\" class=\"alignnone wp-image-16148 size-medium\" title=\"Par Mj.galais \u2014 Travail personnel, CC BY-SA 3.0, https:\/\/commons.wikimedia.org\/w\/index.php?curid=35796737\" src=\"https:\/\/paroisses-vic-bigorre.fr\/wp-content\/uploads\/2026\/01\/Castelnau-Riviere-Basse_-65-_Eglise_Saint-Cyr-et-Sainte-Julitte_photo_n\u00b0164-200x300.jpg\" alt=\"\" width=\"200\" height=\"300\" srcset=\"https:\/\/paroisses-vic-bigorre.fr\/wp-content\/uploads\/2026\/01\/Castelnau-Riviere-Basse_-65-_Eglise_Saint-Cyr-et-Sainte-Julitte_photo_n\u00b0164-200x300.jpg 200w, https:\/\/paroisses-vic-bigorre.fr\/wp-content\/uploads\/2026\/01\/Castelnau-Riviere-Basse_-65-_Eglise_Saint-Cyr-et-Sainte-Julitte_photo_n\u00b0164-100x150.jpg 100w, https:\/\/paroisses-vic-bigorre.fr\/wp-content\/uploads\/2026\/01\/Castelnau-Riviere-Basse_-65-_Eglise_Saint-Cyr-et-Sainte-Julitte_photo_n\u00b0164.jpg 500w\" sizes=\"auto, (max-width: 200px) 100vw, 200px\" \/><\/a><\/p>\n<p class=\"font_7 wixui-rich-text__text\" style=\"text-align: justify;\"><span class=\"wixui-rich-text__text\">L&rsquo;\u00e9glise Saint-Cyr et Sainte-Julitte se situe sur la place du village, entre la halle en bois et en pierres \u00e0 c\u00f4t\u00e9 de 1687 et les vestiges du donjon des Comtes d&rsquo;Armagnac.\u00a0<\/span><\/p>\n<p class=\"font_7 wixui-rich-text__text\" style=\"text-align: justify;\"><span class=\"wixui-rich-text__text\">L&rsquo;histoire de cette \u00e9glise est complexe car elle subit de nombreux remaniements et appartient \u00e0 plusieurs styles architecturaux.\u00a0<\/span><span class=\"wixui-rich-text__text\">Il est possible qu&rsquo;une \u00e9glise, int\u00e9gr\u00e9e aux fortifications soit construite au XIII\u00e8me si\u00e8cle pour que les habitants puissent y pratiquer le culte mais aussi s&rsquo;y r\u00e9unir pour la vie locale. Cet \u00e9difice aurait remplac\u00e9 une \u00e9glise romane dont on ne trouve plus de traces aujourd&rsquo;hui.\u00a0<\/span><span class=\"wixui-rich-text__text\">Au XV\u00e8me si\u00e8cle, l&rsquo;\u00e9glise (ch\u0153ur et nef) est \u00e9largie et on y ajoute un clocher-tour pour surveiller et d\u00e9fendre le village \u00e0 l&#8217;emplacement de l&rsquo;ancienne tour de guet des Comtes d&rsquo;Armagnac.<\/span><span class=\"wixui-rich-text__text\">Au d\u00e9but du XIX\u00e8me si\u00e8cle, l&rsquo;effondrement d&rsquo;une partie de la toiture entra\u00eene la perte de nombreuses peintures murales qui ornaient l&rsquo;\u00e9difice.\u00a0<\/span><span class=\"wixui-rich-text__text\">Elle est<a class=\"wixui-rich-text__text\" href=\"https:\/\/www.pop.culture.gouv.fr\/notice\/merimee\/PA00095363\" target=\"_blank\" rel=\"noopener\">\u00a0inscrite au titre des\u00a0Monuments Historiques<\/a>\u00a0le 30 ao\u00fbt 1993.<\/span><\/p>\n<h4 class=\"font_7 wixui-rich-text__text\" style=\"text-align: center;\"><strong><span class=\"wixui-rich-text__text\" style=\"color: #ff6600;\"><span class=\"wixGuard wixui-rich-text__text\">\u200bL&rsquo;\u00e9glise St-Jean Baptiste de Maz\u00e8res<\/span><\/span><\/strong><\/h4>\n<div class=\"fiche__section\">\n<div class=\"fiche__desc\">\n<p style=\"text-align: justify;\">L&rsquo;\u00e9glise date pour la majeure partie du 12e si\u00e8cle. Le choeur rectangulaire pr\u00e9sente des arcatures plein cintre \u00e0 colonnettes et chapiteaux. La nef se compose de quatre trav\u00e9es dont celle de l&rsquo;ouest est s\u00e9par\u00e9e du reste de l&rsquo;\u00e9difice par un mur oblique. Cette trav\u00e9e est couverte par une fausse vo\u00fbte en bois, les trois autres ayant des vo\u00fbtes en pierre avec ar\u00eatiers diagonaux et arcs doubleaux s\u00e9paratifs. L&rsquo;entr\u00e9e se fait par un petit porche plein cintre lat\u00e9ral, perc\u00e9 dans le mur sud de la seconde trav\u00e9e de la nef. En face se trouve la porte de l&rsquo;escalier \u00e0 vis, tournant dans une tourelle octogonale adoss\u00e9e \u00e0 la fa\u00e7ade lat\u00e9rale nord. La fa\u00e7ade ouest est couronn\u00e9e par un pignon angulaire flanqu\u00e9 de deux \u00e9chauguettes polygonales couvertes en pyramide et portant en encorbellement sur les contreforts des extr\u00e9mit\u00e9s. La pointe du pignon et les parties sup\u00e9rieures des \u00e9chauguettes sont maintenant en briques. Les parements des murailles de l&rsquo;\u00e9glise ont \u00e9t\u00e9, primitivement, b\u00e2tis en pierre de petit appareil. Adjonctions, sur\u00e9l\u00e9vations et reprises ont \u00e9t\u00e9 faites en mat\u00e9riaux divers. A gauche du contrefort d&rsquo;axe, au pied de la fa\u00e7ade, est pratiqu\u00e9e une niche cintr\u00e9e qui servait, selon la tradition, \u00e0 passer l&rsquo;eau b\u00e9nite aux cagots.\u00a0L&rsquo;\u00e9glise a \u00e9t\u00e9 class\u00e9e monument historique le 22 janvier 1910<\/p>\n<h5 style=\"text-align: right;\"><span style=\"color: #808080;\">Source : https:\/\/www.plan-du-patrimoine.fr\/monument-historique\/65\/castelnau-riviere-basse\/eglise-de-mazeres\/PA00095364<\/span><\/h5>\n<\/div>\n<\/div>\n<div class=\"fiche__section\">\n<div class=\"fiche__protection\">\n<div class=\"fiche__protection-item\" style=\"text-align: center;\"><a href=\"https:\/\/paroisses-vic-bigorre.fr\/wp-content\/uploads\/2026\/01\/Eglise-de-mazeres.jpg\"><img loading=\"lazy\" decoding=\"async\" class=\"alignnone wp-image-16149 size-medium\" title=\"https:\/\/gascognerivierebasse.jimdofree.com\/histoire-1\/castelnau-et-alentours\/eglise-de-maz%C3%A8res\/\" src=\"https:\/\/paroisses-vic-bigorre.fr\/wp-content\/uploads\/2026\/01\/Eglise-de-mazeres-300x225.jpg\" alt=\"\" width=\"300\" height=\"225\" srcset=\"https:\/\/paroisses-vic-bigorre.fr\/wp-content\/uploads\/2026\/01\/Eglise-de-mazeres-300x225.jpg 300w, https:\/\/paroisses-vic-bigorre.fr\/wp-content\/uploads\/2026\/01\/Eglise-de-mazeres-768x576.jpg 768w, https:\/\/paroisses-vic-bigorre.fr\/wp-content\/uploads\/2026\/01\/Eglise-de-mazeres-150x112.jpg 150w, https:\/\/paroisses-vic-bigorre.fr\/wp-content\/uploads\/2026\/01\/Eglise-de-mazeres-200x150.jpg 200w, https:\/\/paroisses-vic-bigorre.fr\/wp-content\/uploads\/2026\/01\/Eglise-de-mazeres.jpg 799w\" sizes=\"auto, (max-width: 300px) 100vw, 300px\" \/><\/a><\/div>\n<div style=\"text-align: center;\"><a href=\"https:\/\/gascognerivierebasse.jimdofree.com\/histoire-1\/castelnau-et-alentours\/eglise-de-maz%C3%A8res\/\" target=\"_blank\" rel=\"noopener\"><strong>En savoir plus sur l&rsquo;\u00e9glise de Maz\u00e8res<\/strong><\/a><\/div>\n<div><\/div>\n<h4 style=\"text-align: center;\"><span style=\"color: #ff6600;\"><strong>Les saints patrons<\/strong><\/span><\/h4>\n<p style=\"text-align: justify;\">Cyr de Tarse,\u00a0Cyr d&rsquo;Iconium\u00a0ou\u00a0<b>saint Cyr<\/b> est un saint catholique et <a title=\"Orthodoxie\" href=\"https:\/\/fr.wikipedia.org\/wiki\/Orthodoxie\">orthodoxe<\/a>\u00a0du\u00a0<abbr class=\"abbr\" title=\"4\u1d49 si\u00e8cle\"><span class=\"romain\">IV<\/span><sup>e<\/sup><\/abbr>\u00a0si\u00e8cle ayant, selon sa l\u00e9gende, subi le\u00a0martyre. Son nom provient du\u00a0grec\u00a0\u00ab\u00a0<i>kurios<\/i>\u00a0\u00bb signifiant \u00ab\u00a0ma\u00eetre, seigneur\u00a0\u00bb. L\u2019accusatif \u00ab\u00a0<i>Cyricum<\/i>\u00a0\u00bb, avec un \u00ab\u00a0i\u00a0\u00bb bref, aboutit r\u00e9guli\u00e8rement \u00e0 \u00ab\u00a0Cire\u00a0\u00bb, \u00e9crit \u00ab\u00a0Cyr ou Cir\u00a0\u00bb depuis le\u00a0<abbr class=\"abbr\" title=\"17\u1d49 si\u00e8cle\"><span class=\"romain\">XVII<\/span><sup>e<\/sup><\/abbr>\u00a0si\u00e8cle.<\/p>\n<p style=\"text-align: justify;\">Il est tu\u00e9 \u00e0\u00a0Tarse, en\u00a0Cilicie, \u00e0 l&rsquo;\u00e2ge de trois ou quatre ans, juste avant sa m\u00e8re,\u00a0sainte Julitte ou Juliette, vers 304,\u00a0<sup id=\"cite_ref-1\" class=\"reference\"><\/sup>ce qui fait de lui l&rsquo;un des plus jeunes martyrs\u00a0de la chr\u00e9tient\u00e9 \u00e0 la suite des\u00a0saints Innocents. Saint Cyr et sainte Julitte sont f\u00eat\u00e9s le\u00a016 juin.<\/p>\n<p style=\"text-align: justify;\"><strong>Julitte<\/strong> \u00e9tait une dame noble r\u00e9sidant \u00e0\u00a0Iconium\u00a0(Konya de nos jours, en\u00a0Turquie), ville d&rsquo;Asie mineure, \u00e0 l&rsquo;\u00e9poque capitale de la\u00a0Lycaonie. Elle se trouva rapidement\u00a0veuve\u00a0et sa pr\u00e9occupation premi\u00e8re fut d&rsquo;\u00e9lever dans la\u00a0foi chr\u00e9tienne\u00a0son jeune fils Cyr. L&rsquo;enfant avait trois ans lorsque l&#8217;empereur romain\u00a0Diocl\u00e9tien\u00a0d\u00e9cr\u00e9ta une terrible pers\u00e9cution contre les chr\u00e9tiens.<\/p>\n<p style=\"text-align: justify;\">Julitte s&rsquo;enfuit avec son fils et deux de ses servantes\u00a0; elle se r\u00e9fugie d&rsquo;abord \u00e0\u00a0S\u00e9leucie, puis \u00e0\u00a0Tarse o\u00f9 le gouverneur Alexandre la fait arr\u00eater rapidement. Elle se pr\u00e9sente paisible au tribunal, son fils dans ses bras. Affirmant avec force qu&rsquo;elle est chr\u00e9tienne, Julitte refuse de sacrifier aux idoles et elle est livr\u00e9e \u00e0 de nombreux supplices;<sup id=\"cite_ref-ref-1_3-0\" class=\"reference\"><\/sup><\/p>\n<div style=\"width: 425px\" class=\"wp-caption aligncenter\"><img loading=\"lazy\" decoding=\"async\" title=\"Par Laurom \u2014 Travail personnel, Domaine public, https:\/\/commons.wikimedia.org\/w\/index.php?curid=2693473\" src=\"https:\/\/upload.wikimedia.org\/wikipedia\/commons\/thumb\/3\/3d\/Giovanni_Piccina_Quirico_Julitta_Boccioleto.jpg\/960px-Giovanni_Piccina_Quirico_Julitta_Boccioleto.jpg\" alt=\" province de Verceil, Italie.\" width=\"415\" height=\"447\" \/><p class=\"wp-caption-text\">Fresque des saints Cyr et Julitte, Giovanni Piccina (1823), oratoire de San Quirico, Boccioleto, frazione de Palancato,<\/p><\/div>\n<p style=\"padding-left: 40px;\"><strong><em><a href=\"https:\/\/fr.wikipedia.org\/wiki\/Cyr_de_Tarse#:~:text=Saint%20Cyr%20et%20sainte%20Julitte,juillet%20par%20l'%C3%89glise%20orthodoxe.\" target=\"_blank\" rel=\"noopener\">s<span style=\"color: #808080;\">ource pour en savoir plus<\/span><\/a><\/em><\/strong><\/p>\n<p style=\"text-align: justify;\">Jean (Yohanan) dit le Baptiste d&rsquo;ou <strong>Jean-Baptiste<\/strong><sup id=\"cite_ref-5\" class=\"reference\"><\/sup>, est un personnage majeur du\u00a0 christianisme, proph\u00e8te du Nouveau Testament et de l&rsquo;islam. Sur le plan historique, son existence est attest\u00e9e par un passage de\u00a0<a title=\"Flavius Jos\u00e8phe\" href=\"https:\/\/fr.wikipedia.org\/wiki\/Flavius_Jos%C3%A8phe\">Flavius Jos\u00e8phe<\/a>. Il est un\u00a0pr\u00e9dicateur\u00a0juif\u00a0du temps de\u00a0J\u00e9sus de Nazareth.<\/p>\n<p style=\"text-align: justify;\">L&rsquo;\u00c9vangile selon Jean\u00a0 localise l&rsquo;activit\u00e9 du Baptiste sur les rives du Jourdain\u00a0et \u00e0\u00a0B\u00e9thanie au-del\u00e0 du Jourdain. J\u00e9sus, son cousin,\u00a0 aurait, semble-t-il, v\u00e9cu un temps dans son entourage et y aurait recrut\u00e9 ses premiers ap\u00f4tres. Les \u00c9vangiles synoptiques synchronisent le d\u00e9but de l&rsquo;activit\u00e9 de J\u00e9sus avec l&#8217;emprisonnement de Jean.<\/p>\n<p style=\"text-align: justify;\">L&rsquo;audience de ce proph\u00e8te apocalyptique n&rsquo;a cess\u00e9 de cro\u00eetre, au point de susciter la r\u00e9action d&rsquo;H\u00e9rode Antipas, qui, le voyant rassembler ses partisans, craint qu&rsquo;il ne suscite une r\u00e9volte. Dans les \u00c9vangiles synoptiques, le Baptiste est mis \u00e0 mort parce qu&rsquo;il a critiqu\u00e9 le mariage d&rsquo;Antipas avec H\u00e9rodiade.<\/p>\n<p style=\"text-align: justify;\">Dans le christianisme, Jean le Baptiste est le proph\u00e8te qui a annonc\u00e9 la venue de J\u00e9sus de Nazareth et l&rsquo;a\u00a0baptis\u00e9 sur les bords du Jourdain, laissant certains de ses disciples se joindre \u00e0 lui. Pr\u00e9curseur du Messie.<\/p>\n<p style=\"text-align: justify;\">Le\u00a0catholicisme\u00a0en a fait un\u00a0saint\u00a0et lui a consacr\u00e9 deux f\u00eates\u00a0: le\u00a0<time class=\"nowrap\" datetime=\"06-24\" data-sort-value=\"06-24\">24 juin<\/time>\u00a0qui comm\u00e9more sa naissance, fix\u00e9e six mois avant\u00a0No\u00ebl\u00a0pour se conformer au r\u00e9cit d&rsquo;enfance de l&rsquo;\u00c9vangile selon Luc, et le\u00a0<time class=\"nowrap\" datetime=\"08-29\" data-sort-value=\"08-29\">29 ao\u00fbt<\/time>\u00a0qui c\u00e9l\u00e8bre la m\u00e9moire de sa d\u00e9capitation (sous le nom traditionnel de\u00a0<a title=\"D\u00e9collation de Jean Baptiste\" href=\"https:\/\/fr.wikipedia.org\/wiki\/D%C3%A9collation_de_Jean_Baptiste\">d\u00e9collation de Jean Baptiste<\/a>).<\/p>\n<div style=\"width: 187px\" class=\"wp-caption aligncenter\"><img loading=\"lazy\" decoding=\"async\" class=\"\" style=\"font-weight: bold; background-color: #f1f1f1; font-size: 12px;\" src=\"https:\/\/upload.wikimedia.org\/wikipedia\/commons\/thumb\/b\/b8\/Leonardo_da_Vinci_-_Saint_John_the_Baptist_C2RMF_retouched.jpg\/960px-Leonardo_da_Vinci_-_Saint_John_the_Baptist_C2RMF_retouched.jpg\" alt=\"\" width=\"177\" height=\"229\" \/><p class=\"wp-caption-text\">St-Jean Baptiste par L\u00e9onard de Vinci<\/p><\/div>\n<p class=\"font_7 wixui-rich-text__text\"><span class=\"wixui-rich-text__text\"><span class=\"wixGuard wixui-rich-text__text\">\u200b<\/span><\/span><\/p>\n<\/div>\n<\/div>\n","protected":false},"excerpt":{"rendered":"<p>La commune Population : 649 habitants (2023) Sur le plan historique et culturel, Castelnau-Rivi\u00e8re-Basse fait partie du pays de\u00a0Rivi\u00e8re-Basse, qui s\u2019allonge dans la moyenne vall\u00e9e de l\u2019Adour, \u00e0 l\u2019endroit o\u00f9&#8230;<\/p>\n<p> <a class=\"continue-reading-link\" href=\"https:\/\/paroisses-vic-bigorre.fr\/?page_id=16147\"><span>LIRE LA SUITE<\/span><i class=\"crycon-right-dir\"><\/i><\/a> <\/p>\n","protected":false},"author":1,"featured_media":0,"parent":0,"menu_order":0,"comment_status":"closed","ping_status":"closed","template":"","meta":{"footnotes":""},"class_list":["post-16147","page","type-page","status-publish","hentry"],"jetpack_sharing_enabled":true,"_links":{"self":[{"href":"https:\/\/paroisses-vic-bigorre.fr\/index.php?rest_route=\/wp\/v2\/pages\/16147","targetHints":{"allow":["GET"]}}],"collection":[{"href":"https:\/\/paroisses-vic-bigorre.fr\/index.php?rest_route=\/wp\/v2\/pages"}],"about":[{"href":"https:\/\/paroisses-vic-bigorre.fr\/index.php?rest_route=\/wp\/v2\/types\/page"}],"author":[{"embeddable":true,"href":"https:\/\/paroisses-vic-bigorre.fr\/index.php?rest_route=\/wp\/v2\/users\/1"}],"replies":[{"embeddable":true,"href":"https:\/\/paroisses-vic-bigorre.fr\/index.php?rest_route=%2Fwp%2Fv2%2Fcomments&post=16147"}],"version-history":[{"count":7,"href":"https:\/\/paroisses-vic-bigorre.fr\/index.php?rest_route=\/wp\/v2\/pages\/16147\/revisions"}],"predecessor-version":[{"id":16158,"href":"https:\/\/paroisses-vic-bigorre.fr\/index.php?rest_route=\/wp\/v2\/pages\/16147\/revisions\/16158"}],"wp:attachment":[{"href":"https:\/\/paroisses-vic-bigorre.fr\/index.php?rest_route=%2Fwp%2Fv2%2Fmedia&parent=16147"}],"curies":[{"name":"wp","href":"https:\/\/api.w.org\/{rel}","templated":true}]}}