{"id":16093,"date":"2026-01-11T13:43:35","date_gmt":"2026-01-11T12:43:35","guid":{"rendered":"https:\/\/paroisses-vic-bigorre.fr\/?page_id=16093"},"modified":"2026-01-11T18:29:08","modified_gmt":"2026-01-11T17:29:08","slug":"larreule-eglise-saint-roch","status":"publish","type":"page","link":"https:\/\/paroisses-vic-bigorre.fr\/?page_id=16093","title":{"rendered":"Larreule : \u00e9glise Saint-Roch"},"content":{"rendered":"<div style=\"width: 140px\" class=\"wp-caption aligncenter\"><img loading=\"lazy\" decoding=\"async\" title=\"https:\/\/man8rove.com\/fr\/blason\" src=\"https:\/\/data.man8rove.com\/images\/arms\/full\/r9meedpx02-1.png\" alt=\"Blason des Baud\u00e9an-Parab\u00e8re\" width=\"130\" height=\"147\" \/><p class=\"wp-caption-text\">Blason des Baud\u00e9an-Parab\u00e8re<\/p><\/div>\n<h4 style=\"text-align: center;\"><strong><span style=\"color: #ff6600;\">La commune<\/span><\/strong><\/h4>\n<p style=\"text-align: right;\"><em>Population : 379 habitants (2023)<\/em><\/p>\n<p class=\"font_8 wixui-rich-text__text\" style=\"text-align: justify;\"><span class=\"wixui-rich-text__text\">\u00c9tymologiquement, le nom de la commune vient du latin\u00a0regula\u00a0signifiant \u00ab\u00a0la r\u00e8gle\u00a0\u00bb en relation avec les moines b\u00e9n\u00e9dictins venus s&rsquo;installer sur place entre l&rsquo;an 900 et l&rsquo;an Mil. La localisation y est id\u00e9ale pour construire une abbaye : proche d&rsquo;un cours d&rsquo;eau et d&rsquo;une for\u00eat.\u00a0<\/span><\/p>\n<p class=\"font_8 wixui-rich-text__text\" style=\"text-align: justify;\"><span class=\"wixui-rich-text__text\"><span class=\"wixGuard wixui-rich-text__text\">\u200b<\/span><\/span><span class=\"wixui-rich-text__text\">L&rsquo;abb\u00e9 de Larreule et le seigneur du ch\u00e2teau de Parab\u00e8re travaillent ensemble sur les affaires courantes de la communaut\u00e9 f\u00e9odale et notamment de la justice.<\/span><\/p>\n<p class=\"font_8 wixui-rich-text__text\" style=\"text-align: justify;\"><span class=\"wixui-rich-text__text\">Auparavant s\u00e9par\u00e9es, les communes (en fait paroisses) de Larreule et Parab\u00e8re sont depuis 1791 r\u00e9unies.<\/span><\/p>\n<p style=\"text-align: right;\"><em>Source : https:\/\/adourmadiran.wixsite.com\/patrimoine\/larreule<\/em><\/p>\n<p class=\"font_8 wixui-rich-text__text\" style=\"text-align: center;\"><a href=\"https:\/\/fr.wikipedia.org\/wiki\/Abbaye_Saint-Orens_de_Larreule\" target=\"_blank\" rel=\"noopener\"><span style=\"color: #ff6600;\"><strong><span class=\"wixui-rich-text__text\"><span class=\"wixGuard wixui-rich-text__text\">\u200bEN SAVOIR PLUS SUR l&rsquo;ABBAYE ST-ORENS<\/span><\/span><\/strong><\/span><\/a><\/p>\n<h4 style=\"text-align: center;\"><strong><span style=\"color: #ff6600;\">L&rsquo;\u00e9glise Saint-Roch Saint Orens<\/span><\/strong><\/h4>\n<p><a href=\"https:\/\/paroisses-vic-bigorre.fr\/wp-content\/uploads\/2026\/01\/pa00132679-larreule-eglise-saint-orens.jpg\"><img loading=\"lazy\" decoding=\"async\" class=\"aligncenter wp-image-16097 size-medium\" title=\"https:\/\/monumentum.fr\/monument-historique\/pa00132679\/larreule-eglise-saint-orens\" src=\"https:\/\/paroisses-vic-bigorre.fr\/wp-content\/uploads\/2026\/01\/pa00132679-larreule-eglise-saint-orens-300x200.jpg\" alt=\"\" width=\"300\" height=\"200\" srcset=\"https:\/\/paroisses-vic-bigorre.fr\/wp-content\/uploads\/2026\/01\/pa00132679-larreule-eglise-saint-orens-300x200.jpg 300w, https:\/\/paroisses-vic-bigorre.fr\/wp-content\/uploads\/2026\/01\/pa00132679-larreule-eglise-saint-orens-768x512.jpg 768w, https:\/\/paroisses-vic-bigorre.fr\/wp-content\/uploads\/2026\/01\/pa00132679-larreule-eglise-saint-orens-150x100.jpg 150w, https:\/\/paroisses-vic-bigorre.fr\/wp-content\/uploads\/2026\/01\/pa00132679-larreule-eglise-saint-orens-225x150.jpg 225w, https:\/\/paroisses-vic-bigorre.fr\/wp-content\/uploads\/2026\/01\/pa00132679-larreule-eglise-saint-orens.jpg 960w\" sizes=\"auto, (max-width: 300px) 100vw, 300px\" \/><\/a><\/p>\n<p class=\"font_8 wixui-rich-text__text\" style=\"text-align: justify;\"><span class=\"wixui-rich-text__text\">La construction de l&rsquo;\u00e9glise Saint-Orens de Larreule d\u00e9bute \u00e0 la fin du XI\u00e8me si\u00e8cle. Il s&rsquo;agit alors d&rsquo;une \u00e9glise romane simple qui est par la suite modifi\u00e9e et agrandie au XII\u00e8me si\u00e8cle. La communaut\u00e9 monacale prosp\u00e8re, fin du XIV\u00e8me si\u00e8cle est construit un clo\u00eetre avec des chapiteaux sculpt\u00e9s en marbre. Pour se prot\u00e9ger des guerres de religion, l&rsquo;\u00e9glise est fortifi\u00e9e au XVI\u00e8me si\u00e8cle mais subit tout de m\u00eame des d\u00e9g\u00e2ts \u00e0 cause des troupes protestantes (1569).\u00a0 Ces derniers et le d\u00e9labrement progressif de l&rsquo;abbaye entra\u00eenent son abandon vers 1740 des trois derniers moines qui y vivent. Finalement, c&rsquo;est apr\u00e8s la R\u00e9volution Fran\u00e7aise que le clo\u00eetre dispara\u00eet. L&rsquo;\u00e9glise abbatiale est fort heureusement pr\u00e9serv\u00e9e et devient alors l&rsquo;\u00e9glise paroissiale vou\u00e9e \u00e0 Saint-Roch. Ell<\/span><span class=\"wixui-rich-text__text\">e est class\u00e9e au titre des Monuments Historiques le 26 ao\u00fbt 1994.<\/span><\/p>\n<p style=\"text-align: justify;\">NB : L&rsquo;entr\u00e9e de l&rsquo;\u00e9glise expose des chapiteaux de l&rsquo;ancienne abbaye<\/p>\n<h4 style=\"text-align: center;\"><span style=\"color: #ff6600;\"><strong>Les saints-patrons<\/strong><\/span><\/h4>\n<p style=\"text-align: justify;\"><b><img loading=\"lazy\" decoding=\"async\" class=\"alignright\" title=\"Par Palminellafede \u2014 Travail personnel, CC BY-SA 3.0, https:\/\/commons.wikimedia.org\/w\/index.php?curid=18663157\" src=\"https:\/\/upload.wikimedia.org\/wikipedia\/commons\/thumb\/5\/56\/Palmi_statua_di_San_Rocco.jpg\/500px-Palmi_statua_di_San_Rocco.jpg\" alt=\"Image illustrative de l\u2019article Roch de Montpellier\" width=\"187\" height=\"308\" \/>Saint Roch<\/b>\u00a0(n\u00e9 \u00e0\u00a0Montpellier\u00a0vers\u00a01350, mort \u00e0\u00a0Voghera<sup id=\"cite_ref-1\" class=\"reference\"><span class=\"cite-bracket\">[ <\/span><\/sup>vers\u00a01378)<sup id=\"cite_ref-2\" class=\"reference\"><a href=\"https:\/\/fr.wikipedia.org\/wiki\/Roch_de_Montpellier#cite_note-2\"><span class=\"cite-bracket\">[<\/span>1<\/a><\/sup>\u00a0<i>Rochus<\/i>\u00a0en\u00a0latin\u00a0et\u00a0<i>Sant R\u00f2c<\/i> en gascon t un p\u00e8lerin\u00a0et\u00a0<a title=\"Thaumaturgie\" href=\"https:\/\/fr.wikipedia.org\/wiki\/Thaumaturgie\">thaumaturge<\/a><span style=\"font-family: Helvetica, sans-serif;\">, honor\u00e9 le 16 ao\u00fbt, \u00e0 qui l&rsquo;\u00c9glise<\/span><span style=\"font-family: Helvetica, sans-serif;\">\u00a0accorde le titre canonique de\u00a0confesseur<\/span><span style=\"font-family: Helvetica, sans-serif;\">\u00a0(car ayant beaucoup souffert au service de la foi mais sans subir le martyre). En termes de culte populaire, il est principalement le\u00a0saint patron<\/span><span style=\"font-family: Helvetica, sans-serif;\">\u00a0de tous les\u00a0<\/span><span style=\"font-family: Helvetica, sans-serif;\">p\u00e8lerins<\/span><span style=\"font-family: Helvetica, sans-serif;\">\u00a0ainsi que de nombreuses\u00a0<\/span>confr\u00e9ries<span style=\"font-family: Helvetica, sans-serif;\">\u00a0ou\u00a0<\/span><a title=\"Corporation\" href=\"https:\/\/fr.wikipedia.org\/wiki\/Corporation\">c<\/a>orporations<span style=\"font-family: Helvetica, sans-serif;\">\u00a0: notamment des chirurgiens, des dermatologues et des\u00a0<\/span>apothicaires<span style=\"font-family: Helvetica, sans-serif;\">\u00a0(pharmaciens). Son culte, n\u00e9 d&rsquo;abord en France et en Italie, est devenu tr\u00e8s populaire et s&rsquo;est r\u00e9pandu dans le monde entier.<\/span><\/p>\n<p class=\"font_8 wixui-rich-text__text\"><span class=\"wixui-rich-text__text\"><span class=\"wixGuard wixui-rich-text__text\"><strong>\u200b<img loading=\"lazy\" decoding=\"async\" class=\"alignleft\" title=\"https:\/\/www.notredamedautan.fr\/eglises\/saint-orens-de-gameville\" src=\"https:\/\/www.notredamedautan.fr\/sites\/default\/files\/styles\/max_1300x1300_cropped\/public\/2023-08\/saint-orens-2.jpg.webp?itok=YMNrtlX-\" alt=\"Orens, \u00e9v\u00eaque d'Auch\" width=\"113\" height=\"185\" \/><\/strong><\/span><\/span><\/p>\n<p class=\"font_8 wixui-rich-text__text\" style=\"text-align: justify;\"><span class=\"wixui-rich-text__text\"><span class=\"wixGuard wixui-rich-text__text\"><strong>Saint Orens<\/strong> fut\u00a0\u00e9v\u00eaque d&rsquo;Auch au V<sup>e<\/sup>\u00a0si\u00e8cle. La tradition locale lui attribue un r\u00f4le lors des affrontements entre Romains et Wisigoths autour de Toulouse vers 438. Son nom reste associ\u00e9 \u00e0 la protection des territoires ruraux.<\/span><\/span><\/p>\n","protected":false},"excerpt":{"rendered":"<p>La commune Population : 379 habitants (2023) \u00c9tymologiquement, le nom de la commune vient du latin\u00a0regula\u00a0signifiant \u00ab\u00a0la r\u00e8gle\u00a0\u00bb en relation avec les moines b\u00e9n\u00e9dictins venus s&rsquo;installer sur place entre l&rsquo;an&#8230;<\/p>\n<p> <a class=\"continue-reading-link\" href=\"https:\/\/paroisses-vic-bigorre.fr\/?page_id=16093\"><span>LIRE LA SUITE<\/span><i class=\"crycon-right-dir\"><\/i><\/a> <\/p>\n","protected":false},"author":1,"featured_media":0,"parent":0,"menu_order":0,"comment_status":"closed","ping_status":"closed","template":"","meta":{"footnotes":""},"class_list":["post-16093","page","type-page","status-publish","hentry"],"jetpack_sharing_enabled":true,"_links":{"self":[{"href":"https:\/\/paroisses-vic-bigorre.fr\/index.php?rest_route=\/wp\/v2\/pages\/16093","targetHints":{"allow":["GET"]}}],"collection":[{"href":"https:\/\/paroisses-vic-bigorre.fr\/index.php?rest_route=\/wp\/v2\/pages"}],"about":[{"href":"https:\/\/paroisses-vic-bigorre.fr\/index.php?rest_route=\/wp\/v2\/types\/page"}],"author":[{"embeddable":true,"href":"https:\/\/paroisses-vic-bigorre.fr\/index.php?rest_route=\/wp\/v2\/users\/1"}],"replies":[{"embeddable":true,"href":"https:\/\/paroisses-vic-bigorre.fr\/index.php?rest_route=%2Fwp%2Fv2%2Fcomments&post=16093"}],"version-history":[{"count":5,"href":"https:\/\/paroisses-vic-bigorre.fr\/index.php?rest_route=\/wp\/v2\/pages\/16093\/revisions"}],"predecessor-version":[{"id":16181,"href":"https:\/\/paroisses-vic-bigorre.fr\/index.php?rest_route=\/wp\/v2\/pages\/16093\/revisions\/16181"}],"wp:attachment":[{"href":"https:\/\/paroisses-vic-bigorre.fr\/index.php?rest_route=%2Fwp%2Fv2%2Fmedia&parent=16093"}],"curies":[{"name":"wp","href":"https:\/\/api.w.org\/{rel}","templated":true}]}}