{"id":16084,"date":"2026-01-10T17:10:15","date_gmt":"2026-01-10T16:10:15","guid":{"rendered":"https:\/\/paroisses-vic-bigorre.fr\/?page_id=16084"},"modified":"2026-01-11T18:40:06","modified_gmt":"2026-01-11T17:40:06","slug":"maubourguet-eglise-nd-de-lassomption","status":"publish","type":"page","link":"https:\/\/paroisses-vic-bigorre.fr\/?page_id=16084","title":{"rendered":"Maubourguet : \u00e9glise ND de l&rsquo;Assomption"},"content":{"rendered":"<p><img loading=\"lazy\" decoding=\"async\" class=\"aligncenter\" title=\"Par Travail personnel, CC BY-SA 3.0, https:\/\/commons.wikimedia.org\/w\/index.php?curid=4582952\" src=\"https:\/\/upload.wikimedia.org\/wikipedia\/commons\/thumb\/f\/f5\/Blason_ville_fr_Maubourguet_%28Hautes-Pyr%C3%A9n%C3%A9es%29.svg\/langfr-960px-Blason_ville_fr_Maubourguet_%28Hautes-Pyr%C3%A9n%C3%A9es%29.svg.png\" alt=\"Blason de Maubourguet\" width=\"79\" height=\"87\" \/><\/p>\n<h4 style=\"text-align: center;\"><span style=\"color: #ff6600;\"><strong>La commune<\/strong><\/span><\/h4>\n<p style=\"text-align: right;\"><em>Population : 2 242 habitants (2023)<\/em><\/p>\n<p style=\"text-align: justify;\">Maubourguet est un des bourgs centre du Val d&rsquo;Adour situ\u00e9 \u00e0 la confluence de l&rsquo;Adour et de l&rsquo;Echez. La commune s&rsquo;est\u00a0<span class=\"wixui-rich-text__text\">form\u00e9e \u00e0 partir du monast\u00e8re b\u00e9n\u00e9dictin de Saint-Martin de Celle, fond\u00e9 au XI\u00e8me si\u00e8cle \u00e0 l&#8217;emplacement de l&rsquo;actuelle \u00e9glise. Cette commune regroupe en r\u00e9alit\u00e9 trois quartiers primitifs : celui de Celle, celui de Maubourguet (un petit bourg qui n&rsquo;existe plus aujourd&rsquo;hui) et le domaine de Saint-Girons sur lequel fut trouv\u00e9e la mosa\u00efque du Dieu Oc\u00e9an.\u00a0<\/span><span class=\"wixui-rich-text__text\">L&rsquo;abbaye Saint-Martin de Celle est finalement rattach\u00e9e au petit village de Maubourguet au XII\u00e8me si\u00e8cle, suite \u00e0 la d\u00e9cision du comte de Bigorre et prendra le nom de cet ancien bourg. <\/span><span class=\"wixui-rich-text__text\">Id\u00e9alement situ\u00e9 sur le chemin de Saint-Jacques de Compostelle, les Hospitaliers de J\u00e9rusalem d\u00e9cident d&rsquo;y fonder une commanderie et un h\u00f4pital au XIII\u00e8me si\u00e8cle.\u00a0<\/span><span class=\"wixui-rich-text__text\">Les anglais pendant la guerre de Cent Ans fortifient ce bourg qui est prot\u00e9g\u00e9 par une triple enceinte de foss\u00e9s et d&rsquo;un rempart d&rsquo;un p\u00e9rim\u00e8tre d&rsquo;un kilom\u00e8tre. Il est \u00e9pargn\u00e9 par cette guerre mais subit les ravages des troupes de Montgomery pendant les guerres de religion en 1569.<\/span><\/p>\n<p style=\"text-align: justify;\"><span class=\"wixui-rich-text__text\">Le\u00a0<span class=\"nowrap\">19 mars 1814<\/span>, le mar\u00e9chal\u00a0Soult\u00a0conduit la\u00a0retraite d\u2019Espagne\u00a0de l\u2019arm\u00e9e des Pyr\u00e9n\u00e9es face \u00e0 l\u2019arm\u00e9e coalis\u00e9e anglo-hispano-portugaise command\u00e9e par le mar\u00e9chal duc de\u00a0Wellington. Soult recule lentement vers\u00a0Toulouse, en longeant les Pyr\u00e9n\u00e9es et harc\u00e8le l&rsquo;adversaire par des combats brefs mais violents. Deux embuscades se d\u00e9roulent \u00e0 Maubourguet dans la journ\u00e9e du\u00a0<time class=\"nowrap\" datetime=\"03-19\" data-sort-value=\"03-19\">19 mars<\/time>, l\u2019une au pont de l&rsquo;Echez et l\u2019autre dans le bois du Marmajou<sup id=\"cite_ref-84\" class=\"reference\"><a href=\"https:\/\/fr.wikipedia.org\/wiki\/Maubourguet#cite_note-84\"><span class=\"cite-bracket\">[<\/span>65<span class=\"cite-bracket\">]<\/span><\/a><\/sup>. Les deux arm\u00e9es se font face \u00e0 Maubourguet, mais la\u00a0bataille\u00a0a lieu finalement \u00e0 Toulouse le\u00a0<time class=\"nowrap\" datetime=\"1814-04-10\" data-sort-value=\"1814-04-10\">10 avril 1814.<\/time><\/span><\/p>\n<p style=\"text-align: right;\"><span style=\"color: #808080;\"><em>Source : https:\/\/adourmadiran.wixsite.com\/patrimoine\/maubourguet<\/em><\/span><\/p>\n<h4 style=\"text-align: center;\"><strong>L&rsquo;\u00e9glise Notre Dame de l&rsquo;Assomption (MH)<\/strong><\/h4>\n<p><img loading=\"lazy\" decoding=\"async\" class=\"alignnone size-medium wp-image-16088 aligncenter\" src=\"https:\/\/paroisses-vic-bigorre.fr\/wp-content\/uploads\/2026\/01\/Maubourguet_-_Eglise_de_lAssomption_-_Exterieur_-2-300x208.jpg\" alt=\"\" width=\"300\" height=\"208\" srcset=\"https:\/\/paroisses-vic-bigorre.fr\/wp-content\/uploads\/2026\/01\/Maubourguet_-_Eglise_de_lAssomption_-_Exterieur_-2-300x208.jpg 300w, https:\/\/paroisses-vic-bigorre.fr\/wp-content\/uploads\/2026\/01\/Maubourguet_-_Eglise_de_lAssomption_-_Exterieur_-2-1024x710.jpg 1024w, https:\/\/paroisses-vic-bigorre.fr\/wp-content\/uploads\/2026\/01\/Maubourguet_-_Eglise_de_lAssomption_-_Exterieur_-2-768x532.jpg 768w, https:\/\/paroisses-vic-bigorre.fr\/wp-content\/uploads\/2026\/01\/Maubourguet_-_Eglise_de_lAssomption_-_Exterieur_-2-1536x1065.jpg 1536w, https:\/\/paroisses-vic-bigorre.fr\/wp-content\/uploads\/2026\/01\/Maubourguet_-_Eglise_de_lAssomption_-_Exterieur_-2-2048x1420.jpg 2048w, https:\/\/paroisses-vic-bigorre.fr\/wp-content\/uploads\/2026\/01\/Maubourguet_-_Eglise_de_lAssomption_-_Exterieur_-2-150x104.jpg 150w, https:\/\/paroisses-vic-bigorre.fr\/wp-content\/uploads\/2026\/01\/Maubourguet_-_Eglise_de_lAssomption_-_Exterieur_-2-216x150.jpg 216w\" sizes=\"auto, (max-width: 300px) 100vw, 300px\" \/><\/p>\n<p>&nbsp;<\/p>\n<p class=\"font_8 wixui-rich-text__text\" style=\"text-align: justify;\"><span class=\"wixui-rich-text__text\">L&rsquo;\u00e9glise Notre-Dame-de-l&rsquo;Assomption (vou\u00e9e aussi \u00e0 St-Martin), date du XII \u00e8me si\u00e8cle. Par ailleurs, elle a succ\u00e9d\u00e9 \u00e0 des \u00e9glises plus anciennes, dont les fouilles arch\u00e9ologiques et les remplois en d\u00e9cors, prouvent l&rsquo;existence d&rsquo;un b\u00e2timent gallo-romain, d&rsquo;une basilique pal\u00e9ochr\u00e9tienne mais aussi d&rsquo;une \u00e9glise carolingienne. L&rsquo;\u00e9difice est class\u00e9 au titre des Monuments Historiques le 30 ao\u00fbt 1993.<\/span><\/p>\n<p style=\"text-align: center;\"><a href=\"https:\/\/fr.wikipedia.org\/wiki\/%C3%89glise_de_l%27Assomption_de_Maubourguet\" target=\"_blank\" rel=\"noopener\">EN SAVOIR PLUS SUR L&rsquo;EGLISE<\/a><\/p>\n<p>&nbsp;<\/p>\n<p>&nbsp;<\/p>\n","protected":false},"excerpt":{"rendered":"<p>La commune Population : 2 242 habitants (2023) Maubourguet est un des bourgs centre du Val d&rsquo;Adour situ\u00e9 \u00e0 la confluence de l&rsquo;Adour et de l&rsquo;Echez. La commune s&rsquo;est\u00a0form\u00e9e \u00e0&#8230;<\/p>\n<p> <a class=\"continue-reading-link\" href=\"https:\/\/paroisses-vic-bigorre.fr\/?page_id=16084\"><span>LIRE LA SUITE<\/span><i class=\"crycon-right-dir\"><\/i><\/a> <\/p>\n","protected":false},"author":1,"featured_media":0,"parent":0,"menu_order":0,"comment_status":"closed","ping_status":"closed","template":"","meta":{"footnotes":""},"class_list":["post-16084","page","type-page","status-publish","hentry"],"jetpack_sharing_enabled":true,"_links":{"self":[{"href":"https:\/\/paroisses-vic-bigorre.fr\/index.php?rest_route=\/wp\/v2\/pages\/16084","targetHints":{"allow":["GET"]}}],"collection":[{"href":"https:\/\/paroisses-vic-bigorre.fr\/index.php?rest_route=\/wp\/v2\/pages"}],"about":[{"href":"https:\/\/paroisses-vic-bigorre.fr\/index.php?rest_route=\/wp\/v2\/types\/page"}],"author":[{"embeddable":true,"href":"https:\/\/paroisses-vic-bigorre.fr\/index.php?rest_route=\/wp\/v2\/users\/1"}],"replies":[{"embeddable":true,"href":"https:\/\/paroisses-vic-bigorre.fr\/index.php?rest_route=%2Fwp%2Fv2%2Fcomments&post=16084"}],"version-history":[{"count":3,"href":"https:\/\/paroisses-vic-bigorre.fr\/index.php?rest_route=\/wp\/v2\/pages\/16084\/revisions"}],"predecessor-version":[{"id":16187,"href":"https:\/\/paroisses-vic-bigorre.fr\/index.php?rest_route=\/wp\/v2\/pages\/16084\/revisions\/16187"}],"wp:attachment":[{"href":"https:\/\/paroisses-vic-bigorre.fr\/index.php?rest_route=%2Fwp%2Fv2%2Fmedia&parent=16084"}],"curies":[{"name":"wp","href":"https:\/\/api.w.org\/{rel}","templated":true}]}}