{"id":16056,"date":"2026-01-10T16:04:07","date_gmt":"2026-01-10T15:04:07","guid":{"rendered":"https:\/\/paroisses-vic-bigorre.fr\/?page_id=16056"},"modified":"2026-01-14T11:20:48","modified_gmt":"2026-01-14T10:20:48","slug":"trouley-labarthe","status":"publish","type":"page","link":"https:\/\/paroisses-vic-bigorre.fr\/?page_id=16056","title":{"rendered":"Trouley-Labarthe : \u00e9glise St-Laurent"},"content":{"rendered":"<p><img loading=\"lazy\" decoding=\"async\" class=\"aligncenter\" title=\"Par Celbusro \u2014 Travail personnel, CC BY-SA 3.0, https:\/\/commons.wikimedia.org\/w\/index.php?curid=25074240\" src=\"https:\/\/upload.wikimedia.org\/wikipedia\/commons\/thumb\/d\/da\/Blason_ville_fr_Trouley-Labarthe_%2865%29.svg\/langfr-960px-Blason_ville_fr_Trouley-Labarthe_%2865%29.svg.png\" alt=\"Blason de Trouley-Labarthe\" width=\"139\" height=\"153\" \/><\/p>\n<h4 style=\"text-align: center;\"><span style=\"color: #ff6600;\"><strong>La commune<\/strong><\/span><\/h4>\n<p style=\"text-align: right;\"><em>Population : 100 habitants (2023)<\/em><\/p>\n<p>&nbsp;<\/p>\n<p class=\"font_8 wixui-rich-text__text\">Cette commune r\u00e9sulte du regroupement qui a lieu en 1847 des deux communes de Trouley et Labarthe.<\/p>\n<h4 class=\"font_8 wixui-rich-text__text\" style=\"text-align: center;\"><span style=\"color: #ff6600;\"><strong>Les \u00e9glises de Trouley-Labarthe<\/strong><\/span><\/h4>\n<p>En raison du regroupement de 1847, Trouley-Labarthe pr\u00e9sente la particularit\u00e9 d&rsquo;avoir deux \u00e9glises (dont une devenue simple chapelle en 1905).<\/p>\n<h4 style=\"text-align: center;\"><span style=\"color: #ff6600;\"><strong>L&rsquo;\u00e9glise Saint-Laurent<\/strong><\/span><\/h4>\n<p><a href=\"https:\/\/paroisses-vic-bigorre.fr\/wp-content\/uploads\/2026\/01\/Eglise_Saint-Laurent_de_Trouley-Labarthe_Hautes-Pyrenees_1.jpg\"><img loading=\"lazy\" decoding=\"async\" class=\"aligncenter wp-image-16057 size-medium\" title=\"Par Sotos \u2014 Travail personnel, CC BY-SA 4.0, https:\/\/commons.wikimedia.org\/w\/index.php?curid=76889189\" src=\"https:\/\/paroisses-vic-bigorre.fr\/wp-content\/uploads\/2026\/01\/Eglise_Saint-Laurent_de_Trouley-Labarthe_Hautes-Pyrenees_1-300x226.jpg\" alt=\"\" width=\"300\" height=\"226\" srcset=\"https:\/\/paroisses-vic-bigorre.fr\/wp-content\/uploads\/2026\/01\/Eglise_Saint-Laurent_de_Trouley-Labarthe_Hautes-Pyrenees_1-300x226.jpg 300w, https:\/\/paroisses-vic-bigorre.fr\/wp-content\/uploads\/2026\/01\/Eglise_Saint-Laurent_de_Trouley-Labarthe_Hautes-Pyrenees_1-768x578.jpg 768w, https:\/\/paroisses-vic-bigorre.fr\/wp-content\/uploads\/2026\/01\/Eglise_Saint-Laurent_de_Trouley-Labarthe_Hautes-Pyrenees_1-150x113.jpg 150w, https:\/\/paroisses-vic-bigorre.fr\/wp-content\/uploads\/2026\/01\/Eglise_Saint-Laurent_de_Trouley-Labarthe_Hautes-Pyrenees_1-199x150.jpg 199w, https:\/\/paroisses-vic-bigorre.fr\/wp-content\/uploads\/2026\/01\/Eglise_Saint-Laurent_de_Trouley-Labarthe_Hautes-Pyrenees_1.jpg 960w\" sizes=\"auto, (max-width: 300px) 100vw, 300px\" \/><\/a><\/p>\n<h4 style=\"text-align: center;\"><span style=\"color: #ff6600;\"><strong>La chapelle Notre Dame de la\u00a0 Nativit\u00e9\u00a0<\/strong><\/span><\/h4>\n<p><img loading=\"lazy\" decoding=\"async\" class=\"size-medium wp-image-16058 aligncenter\" src=\"https:\/\/paroisses-vic-bigorre.fr\/wp-content\/uploads\/2026\/01\/Chapelle_Notre-Dame-de-la-Nativite_de_Labarthe_Hautes-Pyrenees_1-300x188.jpg\" alt=\"\" width=\"300\" height=\"188\" srcset=\"https:\/\/paroisses-vic-bigorre.fr\/wp-content\/uploads\/2026\/01\/Chapelle_Notre-Dame-de-la-Nativite_de_Labarthe_Hautes-Pyrenees_1-300x188.jpg 300w, https:\/\/paroisses-vic-bigorre.fr\/wp-content\/uploads\/2026\/01\/Chapelle_Notre-Dame-de-la-Nativite_de_Labarthe_Hautes-Pyrenees_1-1024x642.jpg 1024w, https:\/\/paroisses-vic-bigorre.fr\/wp-content\/uploads\/2026\/01\/Chapelle_Notre-Dame-de-la-Nativite_de_Labarthe_Hautes-Pyrenees_1-768x481.jpg 768w, https:\/\/paroisses-vic-bigorre.fr\/wp-content\/uploads\/2026\/01\/Chapelle_Notre-Dame-de-la-Nativite_de_Labarthe_Hautes-Pyrenees_1-1536x962.jpg 1536w, https:\/\/paroisses-vic-bigorre.fr\/wp-content\/uploads\/2026\/01\/Chapelle_Notre-Dame-de-la-Nativite_de_Labarthe_Hautes-Pyrenees_1-2048x1283.jpg 2048w, https:\/\/paroisses-vic-bigorre.fr\/wp-content\/uploads\/2026\/01\/Chapelle_Notre-Dame-de-la-Nativite_de_Labarthe_Hautes-Pyrenees_1-150x94.jpg 150w, https:\/\/paroisses-vic-bigorre.fr\/wp-content\/uploads\/2026\/01\/Chapelle_Notre-Dame-de-la-Nativite_de_Labarthe_Hautes-Pyrenees_1-239x150.jpg 239w\" sizes=\"auto, (max-width: 300px) 100vw, 300px\" \/><\/p>\n<p>Situ\u00e9 un peu plus en contrebas de l&rsquo;\u00e9glise, se trouve la chapelle Notre-Dame de la Nativit\u00e9. Cette derni\u00e8re a succ\u00e9d\u00e9 \u00e0 une premi\u00e8re chapelle construite au XIV\u00e8me si\u00e8cle. Incendi\u00e9e par les anglais, elle est reconstruite, de l&rsquo;autre cot\u00e9 de la route au XV\u00e8me ou XVI\u00e8me si\u00e8cle.<\/p>\n<p>Elle est ouverte tous les ans pour le weekend du 15 ao\u00fbt. A l&rsquo;int\u00e9rieur, le ch\u0153ur de la chapelle a conserv\u00e9 certaines de ses peintures murales.<\/p>\n<h4 class=\"font_8 wixui-rich-text__text\" style=\"text-align: center;\"><strong><span class=\"wixui-rich-text__text\" style=\"color: #ff6600;\"><span class=\"wixGuard wixui-rich-text__text\">Le saint patron<\/span><\/span><\/strong><\/h4>\n<p>Consid\u00e9r\u00e9 comme le plus grand\u00a0martyr des d\u00e9buts du christianisme, le diacre Laurent\u00a0\u00e9tait charg\u00e9 aupr\u00e8s du pape Sixte II de secourir les pauvres et suspect\u00e9 de d\u00e9tenir des richesses convoit\u00e9es par l&rsquo;Empereur Val\u00e9rien. Traduit devant un tribunal, il fut condamn\u00e9 \u00e0 \u00eatre br\u00fbl\u00e9 vif sur un gril en l&rsquo;an 258.<\/p>\n<p><img loading=\"lazy\" decoding=\"async\" class=\"aligncenter\" title=\"Par Travail personnel, CC BY-SA 4.0, https:\/\/commons.wikimedia.org\/w\/index.php?curid=17784049\" src=\"https:\/\/www.medaille-miraculeuse.fr\/wp-content\/uploads\/2014\/08\/Saint-Laurent-Fra-Angelico.jpg\" alt=\"\" width=\"261\" height=\"507\" \/><\/p>\n","protected":false},"excerpt":{"rendered":"<p>La commune Population : 100 habitants (2023) &nbsp; Cette commune r\u00e9sulte du regroupement qui a lieu en 1847 des deux communes de Trouley et Labarthe. Les \u00e9glises de Trouley-Labarthe En&#8230;<\/p>\n<p> <a class=\"continue-reading-link\" href=\"https:\/\/paroisses-vic-bigorre.fr\/?page_id=16056\"><span>LIRE LA SUITE<\/span><i class=\"crycon-right-dir\"><\/i><\/a> <\/p>\n","protected":false},"author":1,"featured_media":0,"parent":0,"menu_order":0,"comment_status":"closed","ping_status":"closed","template":"","meta":{"footnotes":""},"class_list":["post-16056","page","type-page","status-publish","hentry"],"jetpack_sharing_enabled":true,"_links":{"self":[{"href":"https:\/\/paroisses-vic-bigorre.fr\/index.php?rest_route=\/wp\/v2\/pages\/16056","targetHints":{"allow":["GET"]}}],"collection":[{"href":"https:\/\/paroisses-vic-bigorre.fr\/index.php?rest_route=\/wp\/v2\/pages"}],"about":[{"href":"https:\/\/paroisses-vic-bigorre.fr\/index.php?rest_route=\/wp\/v2\/types\/page"}],"author":[{"embeddable":true,"href":"https:\/\/paroisses-vic-bigorre.fr\/index.php?rest_route=\/wp\/v2\/users\/1"}],"replies":[{"embeddable":true,"href":"https:\/\/paroisses-vic-bigorre.fr\/index.php?rest_route=%2Fwp%2Fv2%2Fcomments&post=16056"}],"version-history":[{"count":5,"href":"https:\/\/paroisses-vic-bigorre.fr\/index.php?rest_route=\/wp\/v2\/pages\/16056\/revisions"}],"predecessor-version":[{"id":16063,"href":"https:\/\/paroisses-vic-bigorre.fr\/index.php?rest_route=\/wp\/v2\/pages\/16056\/revisions\/16063"}],"wp:attachment":[{"href":"https:\/\/paroisses-vic-bigorre.fr\/index.php?rest_route=%2Fwp%2Fv2%2Fmedia&parent=16056"}],"curies":[{"name":"wp","href":"https:\/\/api.w.org\/{rel}","templated":true}]}}