{"id":16053,"date":"2026-01-10T15:46:29","date_gmt":"2026-01-10T14:46:29","guid":{"rendered":"https:\/\/paroisses-vic-bigorre.fr\/?page_id=16053"},"modified":"2026-01-13T11:37:02","modified_gmt":"2026-01-13T10:37:02","slug":"senac-eglise-nd-de-lassomption","status":"publish","type":"page","link":"https:\/\/paroisses-vic-bigorre.fr\/?page_id=16053","title":{"rendered":"S\u00e9nac : \u00e9glise ND de l&rsquo;Assomption"},"content":{"rendered":"<h4 style=\"text-align: center;\"><strong><span style=\"color: #ff6600;\"><img loading=\"lazy\" decoding=\"async\" class=\"alignnone\" title=\"Par Travail personnel, CC BY-SA 4.0, https:\/\/commons.wikimedia.org\/w\/index.php?curid=17930727\" src=\"https:\/\/upload.wikimedia.org\/wikipedia\/commons\/thumb\/a\/a3\/Blason_ville_fr_S%C3%A9nac_%2865%29.svg\/langfr-960px-Blason_ville_fr_S%C3%A9nac_%2865%29.svg.png\" alt=\"Blason de S\u00e9nac\" width=\"118\" height=\"130\" \/>*<\/span><\/strong><\/h4>\n<h4 style=\"text-align: center;\"><strong><span style=\"color: #ff6600;\">La commune<\/span><\/strong><\/h4>\n<p style=\"text-align: right;\"><em>Population : 294 habitants (2023)<\/em><\/p>\n<p class=\"font_8 wixui-rich-text__text\" style=\"text-align: justify;\">Le nom de S\u00e9nac aurait pour certains une origine celtique : la terminaison en -ac traduit les mots <span class=\"wixui-rich-text__text\">pointe, t\u00eate<\/span>. Les collines sur lesquelles est implant\u00e9e la commune pourrait donc signifier \u00ab\u00a0pays de pointe\u00a0\u00bb ou \u00ab\u00a0pays de coteaux\u00a0\u00bb.\u00a0 Pour d&rsquo;autres, S\u00e9nac tirerait son nom du domaine antique de Sendus. C&rsquo;est avec la construction de l&rsquo;abbaye de <span class=\"wixui-rich-text__text\"><a class=\"wixui-rich-text__text\" href=\"https:\/\/adourmadiran.wixsite.com\/patrimoine\/saint-sever-de-rustan\" target=\"_blank\" rel=\"noopener\">Saint-Sever-de-Rustan<\/a><\/span> qu&rsquo;un habitat rural se d\u00e9veloppe rive gauche de l&rsquo;Arros entre le V\u00e8me et le XVIII\u00e8me si\u00e8cle. Le village de S\u00e9nac fait donc partie de ces villages qui entourent l&rsquo;abbaye b\u00e9n\u00e9dictine.<\/p>\n<h4 class=\"font_8 wixui-rich-text__text\" style=\"text-align: center;\"><strong><span style=\"color: #ff6600;\">L&rsquo;\u00e9glise Notre Dame de l&rsquo;Assomption<\/span><\/strong><\/h4>\n<p class=\"font_8 wixui-rich-text__text\"><a href=\"https:\/\/paroisses-vic-bigorre.fr\/wp-content\/uploads\/2026\/01\/Eglise_de_lAssomption_de_Senac_Hautes-Pyrenees_1.jpg\"><img loading=\"lazy\" decoding=\"async\" class=\"wp-image-16054 size-medium aligncenter\" title=\"Par Sotos \u2014 Travail personnel, CC BY-SA 4.0, https:\/\/commons.wikimedia.org\/w\/index.php?curid=61714828\" src=\"https:\/\/paroisses-vic-bigorre.fr\/wp-content\/uploads\/2026\/01\/Eglise_de_lAssomption_de_Senac_Hautes-Pyrenees_1-300x200.jpg\" alt=\"\" width=\"300\" height=\"200\" srcset=\"https:\/\/paroisses-vic-bigorre.fr\/wp-content\/uploads\/2026\/01\/Eglise_de_lAssomption_de_Senac_Hautes-Pyrenees_1-300x200.jpg 300w, https:\/\/paroisses-vic-bigorre.fr\/wp-content\/uploads\/2026\/01\/Eglise_de_lAssomption_de_Senac_Hautes-Pyrenees_1-1024x682.jpg 1024w, https:\/\/paroisses-vic-bigorre.fr\/wp-content\/uploads\/2026\/01\/Eglise_de_lAssomption_de_Senac_Hautes-Pyrenees_1-768x512.jpg 768w, https:\/\/paroisses-vic-bigorre.fr\/wp-content\/uploads\/2026\/01\/Eglise_de_lAssomption_de_Senac_Hautes-Pyrenees_1-150x100.jpg 150w, https:\/\/paroisses-vic-bigorre.fr\/wp-content\/uploads\/2026\/01\/Eglise_de_lAssomption_de_Senac_Hautes-Pyrenees_1-225x150.jpg 225w, https:\/\/paroisses-vic-bigorre.fr\/wp-content\/uploads\/2026\/01\/Eglise_de_lAssomption_de_Senac_Hautes-Pyrenees_1.jpg 1280w\" sizes=\"auto, (max-width: 300px) 100vw, 300px\" \/><\/a><\/p>\n<p class=\"font_8 wixui-rich-text__text\" style=\"text-align: justify;\">L&rsquo;\u00e9glise Notre Dame de l&rsquo;Assomption date des XVIII\u00e8me et XIX\u00e8me si\u00e8cles. Elle a succ\u00e9d\u00e9 \u00e0 une \u00e9glise attest\u00e9e au XIV\u00e8me si\u00e8cle, \u00e0 l&#8217;emplacement du quartier de G\u00e9labat, aujourd&rsquo;hui centre du village. Cette \u00e9glise est un point fortifi\u00e9, d\u00e9pendant de l&rsquo;abbaye de Saint-Sever-de-Rustan. Il s&rsquo;agit alors d&rsquo;un b\u00e2timent imposant avec des contreforts massifs, mais sobre, sans chapelles lat\u00e9rales ni clocher. Cette chapelle d&rsquo;origine m\u00e9di\u00e9vale est br\u00fbl\u00e9e avec d&rsquo;autres maisons du village en 1573 par les troupes huguenotes lors des guerres de Religion.<\/p>\n<p style=\"text-align: right;\"><span style=\"color: #808080;\"><em>Source : https:\/\/adourmadiran.wixsite.com\/patrimoine\/senac<\/em><\/span><\/p>\n","protected":false},"excerpt":{"rendered":"<p>* La commune Population : 294 habitants (2023) Le nom de S\u00e9nac aurait pour certains une origine celtique : la terminaison en -ac traduit les mots pointe, t\u00eate. Les collines&#8230;<\/p>\n<p> <a class=\"continue-reading-link\" href=\"https:\/\/paroisses-vic-bigorre.fr\/?page_id=16053\"><span>LIRE LA SUITE<\/span><i class=\"crycon-right-dir\"><\/i><\/a> <\/p>\n","protected":false},"author":1,"featured_media":0,"parent":0,"menu_order":0,"comment_status":"closed","ping_status":"closed","template":"","meta":{"footnotes":""},"class_list":["post-16053","page","type-page","status-publish","hentry"],"jetpack_sharing_enabled":true,"_links":{"self":[{"href":"https:\/\/paroisses-vic-bigorre.fr\/index.php?rest_route=\/wp\/v2\/pages\/16053","targetHints":{"allow":["GET"]}}],"collection":[{"href":"https:\/\/paroisses-vic-bigorre.fr\/index.php?rest_route=\/wp\/v2\/pages"}],"about":[{"href":"https:\/\/paroisses-vic-bigorre.fr\/index.php?rest_route=\/wp\/v2\/types\/page"}],"author":[{"embeddable":true,"href":"https:\/\/paroisses-vic-bigorre.fr\/index.php?rest_route=\/wp\/v2\/users\/1"}],"replies":[{"embeddable":true,"href":"https:\/\/paroisses-vic-bigorre.fr\/index.php?rest_route=%2Fwp%2Fv2%2Fcomments&post=16053"}],"version-history":[{"count":4,"href":"https:\/\/paroisses-vic-bigorre.fr\/index.php?rest_route=\/wp\/v2\/pages\/16053\/revisions"}],"predecessor-version":[{"id":16254,"href":"https:\/\/paroisses-vic-bigorre.fr\/index.php?rest_route=\/wp\/v2\/pages\/16053\/revisions\/16254"}],"wp:attachment":[{"href":"https:\/\/paroisses-vic-bigorre.fr\/index.php?rest_route=%2Fwp%2Fv2%2Fmedia&parent=16053"}],"curies":[{"name":"wp","href":"https:\/\/api.w.org\/{rel}","templated":true}]}}