{"id":16028,"date":"2026-01-09T16:17:35","date_gmt":"2026-01-09T15:17:35","guid":{"rendered":"https:\/\/paroisses-vic-bigorre.fr\/?page_id=16028"},"modified":"2026-01-12T18:06:10","modified_gmt":"2026-01-12T17:06:10","slug":"moumoulous-eglise-st-laurent","status":"publish","type":"page","link":"https:\/\/paroisses-vic-bigorre.fr\/?page_id=16028","title":{"rendered":"Moumoulous : \u00e9glise St-Laurent"},"content":{"rendered":"<p><img loading=\"lazy\" decoding=\"async\" class=\"aligncenter\" title=\"Par Travail personnel, CC BY-SA 4.0, https:\/\/commons.wikimedia.org\/w\/index.php?curid=17784049\" src=\"https:\/\/upload.wikimedia.org\/wikipedia\/commons\/thumb\/b\/bc\/Blason_ville_fr_Moumoulous_%2865%29.svg\/langfr-960px-Blason_ville_fr_Moumoulous_%2865%29.svg.png\" alt=\"Blason de Moumoulous\" width=\"104\" height=\"115\" \/><\/p>\n<h4 style=\"text-align: center;\"><span style=\"color: #ff6600;\"><strong>La commune<\/strong><\/span><\/h4>\n<p style=\"text-align: right;\"><em>Population : 45 habitants (2023)<\/em><\/p>\n<p class=\"font_8 wixui-rich-text__text\" style=\"text-align: justify;\"><span class=\"wixui-rich-text__text\">A Moumoulous, le dicton est plut\u00f4t original : \u00ab Montmol\u00f3s, poso\u00e8ras e lops-gar\u00f3s \u00bb. Il faut y comprendre : \u00a0Moumoulous, sorci\u00e8res et loup-garous. En effet, d\u00e8s le XIV\u00e8me si\u00e8cle, les habitants ont une peur bleu des sorci\u00e8res et pensent qu&rsquo;\u00e0 la nuit tomb\u00e9e, des loup-garous vont venir d\u00e9vorer les jeunes enfants, les jouvencelles ainsi que les agneaux. Une l\u00e9gende explique donc que face \u00e0 leurs craintes, ils appellent alors en aide Saint-Laurent. Ce dernier leur conseille d&rsquo;installer des pi\u00e8ges en forme de grill sur lesquels ils d\u00e9posent de la viande. Les loups app\u00e2t\u00e9s, sautent sur les grills, qui, allum\u00e9s, n&rsquo;ont pas de mal \u00e0 br\u00fbler les loups et d\u00e9barrasser les habitants de la commune de ces cr\u00e9atures.\u00a0<\/span><\/p>\n<p style=\"text-align: justify;\"><span class=\"wixui-rich-text__text\">De cette l\u00e9gende est issu le blason de la commune compos\u00e9 d&rsquo;un loup mais aussi la d\u00e9dicace de l&rsquo;\u00e9glise communale \u00e0 Saint-Laurent, en remerciement de son acte.<\/span><\/p>\n<p style=\"text-align: right;\"><span style=\"color: #808080;\"><em>source : https:\/\/adourmadiran.wixsite.com\/patrimoine\/moumoulous<\/em><\/span><\/p>\n<h4 style=\"text-align: center;\"><span style=\"color: #ff6600;\">L&rsquo;\u00e9glise St-Laurent<\/span><\/h4>\n<p><img loading=\"lazy\" decoding=\"async\" class=\"alignnone size-medium wp-image-16037 aligncenter\" src=\"https:\/\/paroisses-vic-bigorre.fr\/wp-content\/uploads\/2026\/01\/Eglise_Saint-Laurent_de_Moumoulous_Hautes-Pyrenees_3-300x184.jpg\" alt=\"\" width=\"300\" height=\"184\" srcset=\"https:\/\/paroisses-vic-bigorre.fr\/wp-content\/uploads\/2026\/01\/Eglise_Saint-Laurent_de_Moumoulous_Hautes-Pyrenees_3-300x184.jpg 300w, https:\/\/paroisses-vic-bigorre.fr\/wp-content\/uploads\/2026\/01\/Eglise_Saint-Laurent_de_Moumoulous_Hautes-Pyrenees_3-1024x629.jpg 1024w, https:\/\/paroisses-vic-bigorre.fr\/wp-content\/uploads\/2026\/01\/Eglise_Saint-Laurent_de_Moumoulous_Hautes-Pyrenees_3-768x472.jpg 768w, https:\/\/paroisses-vic-bigorre.fr\/wp-content\/uploads\/2026\/01\/Eglise_Saint-Laurent_de_Moumoulous_Hautes-Pyrenees_3-150x92.jpg 150w, https:\/\/paroisses-vic-bigorre.fr\/wp-content\/uploads\/2026\/01\/Eglise_Saint-Laurent_de_Moumoulous_Hautes-Pyrenees_3-244x150.jpg 244w, https:\/\/paroisses-vic-bigorre.fr\/wp-content\/uploads\/2026\/01\/Eglise_Saint-Laurent_de_Moumoulous_Hautes-Pyrenees_3.jpg 1280w\" sizes=\"auto, (max-width: 300px) 100vw, 300px\" \/><\/p>\n<h4 class=\"font_8 wixui-rich-text__text\" style=\"text-align: center;\"><span class=\"wixui-rich-text__text\" style=\"color: #ff6600;\"><span class=\"wixGuard wixui-rich-text__text\">\u200bLe saint patron<\/span><\/span><\/h4>\n<p style=\"text-align: justify;\">Consid\u00e9r\u00e9 comme le plus grand\u00a0martyr des d\u00e9buts du christianisme, le diacre Laurent\u00a0\u00e9tait charg\u00e9 aupr\u00e8s du pape Sixte II de secourir les pauvres et suspect\u00e9 de d\u00e9tenir des richesses convoit\u00e9es par l&rsquo;Empereur Val\u00e9rien. Traduit devant un tribunal, il fut condamn\u00e9 \u00e0 \u00eatre br\u00fbl\u00e9 vif sur un gril en l&rsquo;an 258.<\/p>\n<p><img loading=\"lazy\" decoding=\"async\" class=\"aligncenter\" title=\"Par Travail personnel, CC BY-SA 4.0, https:\/\/commons.wikimedia.org\/w\/index.php?curid=17784049\" src=\"https:\/\/www.medaille-miraculeuse.fr\/wp-content\/uploads\/2014\/08\/Saint-Laurent-Fra-Angelico.jpg\" alt=\"\" width=\"261\" height=\"507\" \/><\/p>\n<p>&nbsp;<\/p>\n","protected":false},"excerpt":{"rendered":"<p>La commune Population : 45 habitants (2023) A Moumoulous, le dicton est plut\u00f4t original : \u00ab Montmol\u00f3s, poso\u00e8ras e lops-gar\u00f3s \u00bb. Il faut y comprendre : \u00a0Moumoulous, sorci\u00e8res et loup-garous&#8230;.<\/p>\n<p> <a class=\"continue-reading-link\" href=\"https:\/\/paroisses-vic-bigorre.fr\/?page_id=16028\"><span>LIRE LA SUITE<\/span><i class=\"crycon-right-dir\"><\/i><\/a> <\/p>\n","protected":false},"author":1,"featured_media":0,"parent":0,"menu_order":0,"comment_status":"closed","ping_status":"closed","template":"","meta":{"footnotes":""},"class_list":["post-16028","page","type-page","status-publish","hentry"],"jetpack_sharing_enabled":true,"_links":{"self":[{"href":"https:\/\/paroisses-vic-bigorre.fr\/index.php?rest_route=\/wp\/v2\/pages\/16028","targetHints":{"allow":["GET"]}}],"collection":[{"href":"https:\/\/paroisses-vic-bigorre.fr\/index.php?rest_route=\/wp\/v2\/pages"}],"about":[{"href":"https:\/\/paroisses-vic-bigorre.fr\/index.php?rest_route=\/wp\/v2\/types\/page"}],"author":[{"embeddable":true,"href":"https:\/\/paroisses-vic-bigorre.fr\/index.php?rest_route=\/wp\/v2\/users\/1"}],"replies":[{"embeddable":true,"href":"https:\/\/paroisses-vic-bigorre.fr\/index.php?rest_route=%2Fwp%2Fv2%2Fcomments&post=16028"}],"version-history":[{"count":6,"href":"https:\/\/paroisses-vic-bigorre.fr\/index.php?rest_route=\/wp\/v2\/pages\/16028\/revisions"}],"predecessor-version":[{"id":16226,"href":"https:\/\/paroisses-vic-bigorre.fr\/index.php?rest_route=\/wp\/v2\/pages\/16028\/revisions\/16226"}],"wp:attachment":[{"href":"https:\/\/paroisses-vic-bigorre.fr\/index.php?rest_route=%2Fwp%2Fv2%2Fmedia&parent=16028"}],"curies":[{"name":"wp","href":"https:\/\/api.w.org\/{rel}","templated":true}]}}