{"id":16019,"date":"2026-01-09T16:02:20","date_gmt":"2026-01-09T15:02:20","guid":{"rendered":"https:\/\/paroisses-vic-bigorre.fr\/?page_id=16019"},"modified":"2026-01-12T18:01:24","modified_gmt":"2026-01-12T17:01:24","slug":"mingot-eglise-st-jean-baptiste","status":"publish","type":"page","link":"https:\/\/paroisses-vic-bigorre.fr\/?page_id=16019","title":{"rendered":"Mingot : \u00e9glise St-Jean Baptiste"},"content":{"rendered":"<h4 style=\"text-align: center;\"><img loading=\"lazy\" decoding=\"async\" class=\"aligncenter\" title=\"Par Celbusro \u2014 Travail personnel, CC BY-SA 4.0, https:\/\/commons.wikimedia.org\/w\/index.php?curid=40522778\" src=\"https:\/\/upload.wikimedia.org\/wikipedia\/commons\/thumb\/2\/2e\/Blason_ville_fr_Mingot_Hautes-Pyr%C3%A9n%C3%A9es.svg\/langfr-120px-Blason_ville_fr_Mingot_Hautes-Pyr%C3%A9n%C3%A9es.svg.png\" alt=\"Blason de Mingot\" width=\"120\" height=\"132\" \/><span style=\"color: #ff6600;\"><strong>La commune<\/strong><\/span><\/h4>\n<p style=\"text-align: right;\"><em>Population :\u00a0 99 habitants (2023)<\/em><\/p>\n<p style=\"text-align: justify;\"><span class=\"wixui-rich-text__text\">Le nom de la commune est r\u00e9cent. Au Moyen-\u00e2ge, c&rsquo;est sous le nom de Castedgelos (Casteljaloux) que l&rsquo;on retrouve ce village dans la montre de Bigorre en 1285.\u00a0<\/span><span class=\"wixui-rich-text__text\">Il s&rsquo;agit alors d&rsquo;un site fortifi\u00e9 avec le comt\u00e9 de Pardiac. Il ne reste plus de trace du ch\u00e2teau seigneurial aujourd&rsquo;hui. C&rsquo;est apr\u00e8s la R\u00e9volution Fran\u00e7aise que le nom de Mingot est adopt\u00e9 pour d\u00e9signer ce village. Il est pr\u00e9sum\u00e9 qu&rsquo;il viendrait du diminutif du pr\u00e9nom Dominique (venant de Domenge) qui aurait \u00e9t\u00e9 le nom d&rsquo;un quartier ou d&rsquo;une autre seigneurie attenante \u00e0 celle de Castedgelos.<\/span><\/p>\n<h4><strong><span style=\"color: #ff6600;\">L&rsquo;\u00e9glise Saint-Jean le Baptiste<\/span><\/strong><\/h4>\n<p><img loading=\"lazy\" decoding=\"async\" class=\"wp-image-16020 size-medium aligncenter\" title=\"Par Sotos \u2014 Travail personnel, CC BY-SA 4.0, https:\/\/commons.wikimedia.org\/w\/index.php?curid=52333206\" src=\"https:\/\/paroisses-vic-bigorre.fr\/wp-content\/uploads\/2026\/01\/Eglise_Saint-Jean-lEvangeliste_de_Mingot_Hautes-Pyrenees_1-300x206.jpg\" alt=\"\" width=\"300\" height=\"206\" srcset=\"https:\/\/paroisses-vic-bigorre.fr\/wp-content\/uploads\/2026\/01\/Eglise_Saint-Jean-lEvangeliste_de_Mingot_Hautes-Pyrenees_1-300x206.jpg 300w, https:\/\/paroisses-vic-bigorre.fr\/wp-content\/uploads\/2026\/01\/Eglise_Saint-Jean-lEvangeliste_de_Mingot_Hautes-Pyrenees_1-1024x705.jpg 1024w, https:\/\/paroisses-vic-bigorre.fr\/wp-content\/uploads\/2026\/01\/Eglise_Saint-Jean-lEvangeliste_de_Mingot_Hautes-Pyrenees_1-768x529.jpg 768w, https:\/\/paroisses-vic-bigorre.fr\/wp-content\/uploads\/2026\/01\/Eglise_Saint-Jean-lEvangeliste_de_Mingot_Hautes-Pyrenees_1-150x103.jpg 150w, https:\/\/paroisses-vic-bigorre.fr\/wp-content\/uploads\/2026\/01\/Eglise_Saint-Jean-lEvangeliste_de_Mingot_Hautes-Pyrenees_1-218x150.jpg 218w, https:\/\/paroisses-vic-bigorre.fr\/wp-content\/uploads\/2026\/01\/Eglise_Saint-Jean-lEvangeliste_de_Mingot_Hautes-Pyrenees_1.jpg 1280w\" sizes=\"auto, (max-width: 300px) 100vw, 300px\" \/><\/p>\n<p style=\"text-align: justify;\">L&rsquo;\u00e9glise est d\u00e9di\u00e9e \u00e0 Saint-Jean-Baptiste et est d&rsquo;origine romane. Au dessus du portail, on distingue un chrisme qui semble \u00eatre authentique et daterait du XII\u00e8me ou XIII\u00e8me si\u00e8cle.<\/p>\n<h4 style=\"text-align: center;\"><span style=\"color: #ff6600;\"><strong>Le saint patron<\/strong><\/span><\/h4>\n<p style=\"text-align: justify;\">Jean (Yohanan)\u00a0dit le Baptiste d&rsquo;ou Jean-Baptiste<sup id=\"cite_ref-5\" class=\"reference\"><\/sup>, est un personnage majeur du christianisme,\u00a0proph\u00e8te\u00a0du\u00a0Nouveau Testament\u00a0et de l&rsquo;islam. Sur le plan\u00a0historique, son existence est attest\u00e9e par un passage de\u00a0<a title=\"Flavius Jos\u00e8phe\" href=\"https:\/\/fr.wikipedia.org\/wiki\/Flavius_Jos%C3%A8phe\">Flavius Jos\u00e8phe<\/a>. Il est un\u00a0pr\u00e9dicateur\u00a0juif\u00a0du temps de\u00a0J\u00e9sus de Nazareth.<\/p>\n<p style=\"text-align: justify;\">L&rsquo;\u00c9vangile selon Jean\u00a0 localise l&rsquo;activit\u00e9 du Baptiste sur les rives du Jourdain\u00a0et \u00e0\u00a0B\u00e9thanie au-del\u00e0 du Jourdain. J\u00e9sus, son cousin,\u00a0 aurait, semble-t-il, v\u00e9cu un temps dans son entourage et y aurait recrut\u00e9 ses premiers ap\u00f4tres. Les \u00c9vangiles synoptiques synchronisent le d\u00e9but de l&rsquo;activit\u00e9 de J\u00e9sus avec l&#8217;emprisonnement de Jean.<\/p>\n<p style=\"text-align: justify;\">L&rsquo;audience de ce\u00a0proph\u00e8te\u00a0apocalyptique\u00a0n&rsquo;a cess\u00e9 de cro\u00eetre, au point de susciter la r\u00e9action d&rsquo;<a title=\"H\u00e9rode Antipas\" href=\"https:\/\/fr.wikipedia.org\/wiki\/H%C3%A9rode_Antipas\">H\u00e9rode Antipas<\/a>, qui, le voyant rassembler ses partisans, craint qu&rsquo;il ne suscite une r\u00e9volte. Dans les \u00c9vangiles synoptiques, le Baptiste est mis \u00e0 mort parce qu&rsquo;il a critiqu\u00e9 le mariage d&rsquo;Antipas avec\u00a0H\u00e9rodiade.<\/p>\n<p style=\"text-align: justify;\">Dans le christianisme, Jean le Baptiste est le proph\u00e8te qui a annonc\u00e9 la venue de J\u00e9sus de Nazareth et l&rsquo;a\u00a0baptis\u00e9 sur les bords du Jourdain, laissant certains de ses disciples se joindre \u00e0 lui. Pr\u00e9curseur du Messie.<\/p>\n<p style=\"text-align: justify;\">Le\u00a0catholicisme\u00a0en a fait un\u00a0saint\u00a0et lui a consacr\u00e9 deux f\u00eates\u00a0: le\u00a0<time class=\"nowrap\" datetime=\"06-24\" data-sort-value=\"06-24\">24 juin<\/time>\u00a0qui comm\u00e9more sa naissance, fix\u00e9e six mois avant\u00a0No\u00ebl\u00a0pour se conformer au r\u00e9cit d&rsquo;enfance de l&rsquo;\u00c9vangile selon Luc, et le\u00a0<time class=\"nowrap\" datetime=\"08-29\" data-sort-value=\"08-29\">29 ao\u00fbt<\/time>\u00a0qui c\u00e9l\u00e8bre la m\u00e9moire de sa d\u00e9capitation (sous le nom traditionnel de\u00a0<a title=\"D\u00e9collation de Jean Baptiste\" href=\"https:\/\/fr.wikipedia.org\/wiki\/D%C3%A9collation_de_Jean_Baptiste\">d\u00e9collation de Jean Baptiste<\/a>).<\/p>\n<div style=\"width: 206px\" class=\"wp-caption aligncenter\"><img loading=\"lazy\" decoding=\"async\" src=\"https:\/\/upload.wikimedia.org\/wikipedia\/commons\/thumb\/b\/b8\/Leonardo_da_Vinci_-_Saint_John_the_Baptist_C2RMF_retouched.jpg\/960px-Leonardo_da_Vinci_-_Saint_John_the_Baptist_C2RMF_retouched.jpg\" alt=\"undefined\" width=\"196\" height=\"253\" \/><p class=\"wp-caption-text\">Saint Jean-Baptiste par L\u00e9onard de Vinci<\/p><\/div>\n","protected":false},"excerpt":{"rendered":"<p>La commune Population :\u00a0 99 habitants (2023) Le nom de la commune est r\u00e9cent. Au Moyen-\u00e2ge, c&rsquo;est sous le nom de Castedgelos (Casteljaloux) que l&rsquo;on retrouve ce village dans la&#8230;<\/p>\n<p> <a class=\"continue-reading-link\" href=\"https:\/\/paroisses-vic-bigorre.fr\/?page_id=16019\"><span>LIRE LA SUITE<\/span><i class=\"crycon-right-dir\"><\/i><\/a> <\/p>\n","protected":false},"author":1,"featured_media":0,"parent":0,"menu_order":0,"comment_status":"closed","ping_status":"closed","template":"","meta":{"footnotes":""},"class_list":["post-16019","page","type-page","status-publish","hentry"],"jetpack_sharing_enabled":true,"_links":{"self":[{"href":"https:\/\/paroisses-vic-bigorre.fr\/index.php?rest_route=\/wp\/v2\/pages\/16019","targetHints":{"allow":["GET"]}}],"collection":[{"href":"https:\/\/paroisses-vic-bigorre.fr\/index.php?rest_route=\/wp\/v2\/pages"}],"about":[{"href":"https:\/\/paroisses-vic-bigorre.fr\/index.php?rest_route=\/wp\/v2\/types\/page"}],"author":[{"embeddable":true,"href":"https:\/\/paroisses-vic-bigorre.fr\/index.php?rest_route=\/wp\/v2\/users\/1"}],"replies":[{"embeddable":true,"href":"https:\/\/paroisses-vic-bigorre.fr\/index.php?rest_route=%2Fwp%2Fv2%2Fcomments&post=16019"}],"version-history":[{"count":5,"href":"https:\/\/paroisses-vic-bigorre.fr\/index.php?rest_route=\/wp\/v2\/pages\/16019\/revisions"}],"predecessor-version":[{"id":16224,"href":"https:\/\/paroisses-vic-bigorre.fr\/index.php?rest_route=\/wp\/v2\/pages\/16019\/revisions\/16224"}],"wp:attachment":[{"href":"https:\/\/paroisses-vic-bigorre.fr\/index.php?rest_route=%2Fwp%2Fv2%2Fmedia&parent=16019"}],"curies":[{"name":"wp","href":"https:\/\/api.w.org\/{rel}","templated":true}]}}