{"id":16013,"date":"2026-01-09T15:51:49","date_gmt":"2026-01-09T14:51:49","guid":{"rendered":"https:\/\/paroisses-vic-bigorre.fr\/?page_id=16013"},"modified":"2026-01-11T18:36:21","modified_gmt":"2026-01-11T17:36:21","slug":"mansan-eglise-st-martin","status":"publish","type":"page","link":"https:\/\/paroisses-vic-bigorre.fr\/?page_id=16013","title":{"rendered":"Mansan : \u00e9glise St-Martin"},"content":{"rendered":"<h4 style=\"text-align: center;\"><span style=\"color: #ff6600;\"><strong>La commune<\/strong><\/span><\/h4>\n<p style=\"text-align: right;\"><em>Population : 39 habitants (2023)<\/em><\/p>\n<p>Le nom de ce village fait r\u00e9f\u00e9rence au domaine antique, d&rsquo;un certain\u00a0 <i>Mancius<\/i> avec le\u00a0 suffixe <i>anum<\/i>\u00a0(= propri\u00e9t\u00e9 de Mancius).<\/p>\n<h4 style=\"text-align: center;\"><span style=\"color: #ff6600;\">L&rsquo;\u00e9glise Saint-Martin<\/span><\/h4>\n<p><img loading=\"lazy\" decoding=\"async\" class=\"size-medium wp-image-16014 aligncenter\" src=\"https:\/\/paroisses-vic-bigorre.fr\/wp-content\/uploads\/2026\/01\/Eglise_Saint-Martin_de_Mansan_Hautes-Pyrenees_2-207x300.jpg\" alt=\"\" width=\"207\" height=\"300\" srcset=\"https:\/\/paroisses-vic-bigorre.fr\/wp-content\/uploads\/2026\/01\/Eglise_Saint-Martin_de_Mansan_Hautes-Pyrenees_2-207x300.jpg 207w, https:\/\/paroisses-vic-bigorre.fr\/wp-content\/uploads\/2026\/01\/Eglise_Saint-Martin_de_Mansan_Hautes-Pyrenees_2-707x1024.jpg 707w, https:\/\/paroisses-vic-bigorre.fr\/wp-content\/uploads\/2026\/01\/Eglise_Saint-Martin_de_Mansan_Hautes-Pyrenees_2-768x1113.jpg 768w, https:\/\/paroisses-vic-bigorre.fr\/wp-content\/uploads\/2026\/01\/Eglise_Saint-Martin_de_Mansan_Hautes-Pyrenees_2-104x150.jpg 104w, https:\/\/paroisses-vic-bigorre.fr\/wp-content\/uploads\/2026\/01\/Eglise_Saint-Martin_de_Mansan_Hautes-Pyrenees_2.jpg 960w\" sizes=\"auto, (max-width: 207px) 100vw, 207px\" \/><\/p>\n<p class=\"font_8 wixui-rich-text__text\" style=\"text-align: justify;\"><span class=\"wixui-rich-text__text\">L&rsquo;\u00e9difice actuel de l&rsquo;\u00e9glise Saint-Martin de Mansan semblerait dater des XVIII &#8211; XIX\u00e8 si\u00e8cles. Sa d\u00e9dicace \u00e0 ce saint tr\u00e8s appr\u00e9ci\u00e9 au Haut Moyen-\u00e2ge pourrait \u00eatre le marqueur d&rsquo;une origine haut-m\u00e9di\u00e9vale, plus visible actuellement.<\/span><span class=\"wixui-rich-text__text\">La cloche en bronze du XVI\u00e8me si\u00e8cle encore pr\u00e9sente dans le clocher-mur de l&rsquo;\u00e9difice \u00a0<a class=\"wixui-rich-text__text\" href=\"https:\/\/www.pop.culture.gouv.fr\/notice\/palissy\/PM65000336\" target=\"_blank\" rel=\"noopener\">class\u00e9e au titre des Monuments Historiques<\/a>\u00a0en 1943.<\/span><\/p>\n<h4 style=\"text-align: center;\"><strong><span style=\"color: #ff6600;\">Le saint patron<\/span><\/strong><\/h4>\n<p style=\"text-align: justify;\">Les \u00c9glises d&rsquo;Orient l&rsquo;appellent aussi \u00ab\u00a0saint Martin le Mis\u00e9ricordieux\u00a0\u00bb. Il est n\u00e9 en Pannonie, l&rsquo;actuelle Hongrie, sur les fronti\u00e8res de l&#8217;empire romain o\u00f9 son p\u00e8re \u00e9tait en garnison. A 15 ans, il est soldat car la loi romaine obligeait les fils de soldats \u00e0 s&rsquo;enr\u00f4ler dans l&rsquo;arm\u00e9e. Il est mut\u00e9 en Gaule et c&rsquo;est l\u00e0, qu&rsquo;\u00e0 Amiens, il rencontre le pauvre grelottant \u00e0 qui il donne son manteau\u00a0 et dont il apprend durant la nuit que c&rsquo;est le Christ qui lui a fait cette demande. Il h\u00e9sitait \u00e0 devenir chr\u00e9tien, il s&rsquo;y d\u00e9cide enfin. Il quitte l&rsquo;arm\u00e9e pour rejoindre saint Hilaire \u00e0 Poitiers. Avec lui, il fonde le premier monast\u00e8re des Gaules, \u00e0 Ligug\u00e9, en Poitou. C&rsquo;est l\u00e0 qu&rsquo;il sera enlev\u00e9 par les habitants de Tours qui en font leur \u00e9v\u00eaque. Mais l&rsquo;ancien soldat devenu chr\u00e9tien ne s&rsquo;enfermera pas dans sa cit\u00e9. Il \u00e9vang\u00e9lisera parcourant les campagnes jusqu&rsquo;\u00e0 sa mort, \u00e0 Candes, sur les bords de Loire, disant: \u00ab\u00a0Seigneur, s&rsquo;il le faut, garde-moi en vie, car je ne refuse pas le labeur.<\/p>\n<p style=\"text-align: right;\"><em>Source : Martyrologe romain &#8211;\u00a0 Nominis<\/em><\/p>\n<h5 style=\"text-align: center;\"><a href=\"http:\/\/diocesedetours.catholique.fr\/le-diocese\/son-histoire\/saint-martin-de-tours\/\" target=\"_blank\" rel=\"noopener noreferrer\"><span style=\"color: #0000ff;\">En savoir plus sur Saint-Martin de Tours<\/span><\/a><\/h5>\n","protected":false},"excerpt":{"rendered":"<p>La commune Population : 39 habitants (2023) Le nom de ce village fait r\u00e9f\u00e9rence au domaine antique, d&rsquo;un certain\u00a0 Mancius avec le\u00a0 suffixe anum\u00a0(= propri\u00e9t\u00e9 de Mancius). L&rsquo;\u00e9glise Saint-Martin L&rsquo;\u00e9difice&#8230;<\/p>\n<p> <a class=\"continue-reading-link\" href=\"https:\/\/paroisses-vic-bigorre.fr\/?page_id=16013\"><span>LIRE LA SUITE<\/span><i class=\"crycon-right-dir\"><\/i><\/a> <\/p>\n","protected":false},"author":1,"featured_media":0,"parent":0,"menu_order":0,"comment_status":"closed","ping_status":"closed","template":"","meta":{"footnotes":""},"class_list":["post-16013","page","type-page","status-publish","hentry"],"jetpack_sharing_enabled":true,"_links":{"self":[{"href":"https:\/\/paroisses-vic-bigorre.fr\/index.php?rest_route=\/wp\/v2\/pages\/16013","targetHints":{"allow":["GET"]}}],"collection":[{"href":"https:\/\/paroisses-vic-bigorre.fr\/index.php?rest_route=\/wp\/v2\/pages"}],"about":[{"href":"https:\/\/paroisses-vic-bigorre.fr\/index.php?rest_route=\/wp\/v2\/types\/page"}],"author":[{"embeddable":true,"href":"https:\/\/paroisses-vic-bigorre.fr\/index.php?rest_route=\/wp\/v2\/users\/1"}],"replies":[{"embeddable":true,"href":"https:\/\/paroisses-vic-bigorre.fr\/index.php?rest_route=%2Fwp%2Fv2%2Fcomments&post=16013"}],"version-history":[{"count":4,"href":"https:\/\/paroisses-vic-bigorre.fr\/index.php?rest_route=\/wp\/v2\/pages\/16013\/revisions"}],"predecessor-version":[{"id":16185,"href":"https:\/\/paroisses-vic-bigorre.fr\/index.php?rest_route=\/wp\/v2\/pages\/16013\/revisions\/16185"}],"wp:attachment":[{"href":"https:\/\/paroisses-vic-bigorre.fr\/index.php?rest_route=%2Fwp%2Fv2%2Fmedia&parent=16013"}],"curies":[{"name":"wp","href":"https:\/\/api.w.org\/{rel}","templated":true}]}}