{"id":16006,"date":"2026-01-09T15:37:34","date_gmt":"2026-01-09T14:37:34","guid":{"rendered":"https:\/\/paroisses-vic-bigorre.fr\/?page_id=16006"},"modified":"2026-01-11T19:19:05","modified_gmt":"2026-01-11T18:19:05","slug":"lescurry","status":"publish","type":"page","link":"https:\/\/paroisses-vic-bigorre.fr\/?page_id=16006","title":{"rendered":"Lescurry : \u00e9glise du martyr de St-Jean Baptiste"},"content":{"rendered":"<p><img loading=\"lazy\" decoding=\"async\" class=\"aligncenter\" title=\"Par Travail personnel, Domaine public, https:\/\/commons.wikimedia.org\/w\/index.php?curid=11922530\" src=\"https:\/\/upload.wikimedia.org\/wikipedia\/commons\/thumb\/a\/ad\/Blason_de_la_ville_de_Lescurry_%28Hautes-Pyr%C3%A9n%C3%A9es%29.svg\/langfr-960px-Blason_de_la_ville_de_Lescurry_%28Hautes-Pyr%C3%A9n%C3%A9es%29.svg.png\" alt=\"Blason de Lescurry\" width=\"87\" height=\"96\" \/><\/p>\n<h4 style=\"text-align: center;\"><span style=\"color: #ff6600;\"><strong>Commune de Lescurry<\/strong><\/span><\/h4>\n<p style=\"text-align: right;\"><em>Population : 161 habitants (2023)<\/em><\/p>\n<p>Le nom de\u00a0 Lescurry viendrait du latin scura et scuria\u00a0 qui peut d\u00e9signer une \u00e9curie ou une grange.<\/p>\n<h4 style=\"text-align: center;\"><img loading=\"lazy\" decoding=\"async\" class=\"aligncenter wp-image-16007 size-medium\" title=\"Par Sotos \u2014 Travail personnel, CC BY-SA 4.0, https:\/\/commons.wikimedia.org\/w\/index.php?curid=52332983\" src=\"https:\/\/paroisses-vic-bigorre.fr\/wp-content\/uploads\/2026\/01\/Eglise_Martyre-de-Saint-Jean-Baptiste_de_Lescurry_Hautes-Pyrenees_1-300x227.jpg\" alt=\"\" width=\"300\" height=\"227\" srcset=\"https:\/\/paroisses-vic-bigorre.fr\/wp-content\/uploads\/2026\/01\/Eglise_Martyre-de-Saint-Jean-Baptiste_de_Lescurry_Hautes-Pyrenees_1-300x227.jpg 300w, https:\/\/paroisses-vic-bigorre.fr\/wp-content\/uploads\/2026\/01\/Eglise_Martyre-de-Saint-Jean-Baptiste_de_Lescurry_Hautes-Pyrenees_1-768x581.jpg 768w, https:\/\/paroisses-vic-bigorre.fr\/wp-content\/uploads\/2026\/01\/Eglise_Martyre-de-Saint-Jean-Baptiste_de_Lescurry_Hautes-Pyrenees_1-150x113.jpg 150w, https:\/\/paroisses-vic-bigorre.fr\/wp-content\/uploads\/2026\/01\/Eglise_Martyre-de-Saint-Jean-Baptiste_de_Lescurry_Hautes-Pyrenees_1-198x150.jpg 198w, https:\/\/paroisses-vic-bigorre.fr\/wp-content\/uploads\/2026\/01\/Eglise_Martyre-de-Saint-Jean-Baptiste_de_Lescurry_Hautes-Pyrenees_1.jpg 960w\" sizes=\"auto, (max-width: 300px) 100vw, 300px\" \/><span style=\"color: #ff6600;\"><strong>Le saint patron<\/strong><\/span><\/h4>\n<p style=\"text-align: justify;\">Le nom de cet \u00e9glise fait r\u00e9f\u00e9rence \u00e0 Jean le Baptiste et plus particuli\u00e8rement \u00e0 son martyr.<\/p>\n<p style=\"text-align: justify;\">Je<span style=\"font-family: Helvetica, sans-serif;\">an<\/span><span style=\"font-family: Helvetica, sans-serif;\">, <\/span><span style=\"font-family: Helvetica, sans-serif;\">le\u00a0 dernier Proph\u00e8te, n&rsquo;a jamais m\u00e2ch\u00e9 ses mots, pas plus quand il traitait les pharisiens de \u00ab\u00a0races de vip\u00e8res\u00a0\u00bb sur les bords du Jourdain, que lorsqu&rsquo;il rappelait \u00e0 H\u00e9rode Antipas qu&rsquo;il n&rsquo;avait pas le droit de vivre avec H\u00e9rodiade, la femme de son fr\u00e8re Phlippe. A pr\u00e9sent, il est en prison, car on n&rsquo;a pas le droit de faire impun\u00e9ment des reproches publics aux grands de ce monde. Il sait qu&rsquo;H\u00e9rodiade lui en veut \u00e0 mort. Mais ce n&rsquo;est pas ce qui le pr\u00e9occupe. C&rsquo;est J\u00e9sus. Est-il bien le Messie que lui, Jean, annon\u00e7ait? A-t-il eu raison de lui faire confiance, de lui donner ses propres disciples? Sa conduite est si \u00e9trange. \u00ab\u00a0Il tient dans sa main la pelle \u00e0 vanner.\u00a0\u00bb Pourquoi ne vanne-t-il pas avec gloire et majest\u00e9? La r\u00e9ponse est venue. Aux disciples de Jean venus l&rsquo;interroger, J\u00e9sus a r\u00e9pondu: \u00ab\u00a0Allez annoncer \u00e0 Jean ce que vous voyez et entendez: les aveugles voient, les boiteux marchent &#8230;\u00a0\u00bb Jean n&rsquo;a plus de doutes. Il peut \u00e0 pr\u00e9sent rendre le dernier t\u00e9moignage. Il a bien rempli sa mission. C&rsquo;est l&rsquo;anniversaire d&rsquo;H\u00e9rode. Salom\u00e9 danse et envo\u00fbte le roi ivre: \u00ab\u00a0Demande-moi tout ce que tu voudras, fut-ce la moiti\u00e9 de mon royaume.\u00a0\u00bb Ce sera la t\u00eate de Jean sur un plateau.\u00a0<a href=\"http:\/\/www.aelf.org\/bible\/Mc\/6\" target=\"_blank\" rel=\"noopener\">Sc\u00e8ne d\u00e9crite, entre autres, dans l&rsquo;\u00c9vangile de saint Marc, au chapitre 6.<\/a><\/span><\/p>\n<p style=\"text-align: right;\"><span style=\"color: #808080;\"><em>Source ; https:\/\/nominis.cef.fr\/contenus\/saint\/1757\/Martyre-de-saint-Jean-Baptiste.html<\/em><\/span><\/p>\n<div id=\"attachment_16188\" style=\"width: 310px\" class=\"wp-caption aligncenter\"><img loading=\"lazy\" decoding=\"async\" aria-describedby=\"caption-attachment-16188\" class=\"wp-image-16188 size-medium\" src=\"https:\/\/paroisses-vic-bigorre.fr\/wp-content\/uploads\/2026\/01\/Vic-Retable-decollation-JB-300x300.jpg\" alt=\"\" width=\"300\" height=\"300\" srcset=\"https:\/\/paroisses-vic-bigorre.fr\/wp-content\/uploads\/2026\/01\/Vic-Retable-decollation-JB-300x300.jpg 300w, https:\/\/paroisses-vic-bigorre.fr\/wp-content\/uploads\/2026\/01\/Vic-Retable-decollation-JB-150x150.jpg 150w, https:\/\/paroisses-vic-bigorre.fr\/wp-content\/uploads\/2026\/01\/Vic-Retable-decollation-JB.jpg 398w\" sizes=\"auto, (max-width: 300px) 100vw, 300px\" \/><p id=\"caption-attachment-16188\" class=\"wp-caption-text\">D\u00e9collation de Jean le Baptiste (retable \u00e9glise St-Martin Vic-Bigorre)<\/p><\/div>\n","protected":false},"excerpt":{"rendered":"<p>Commune de Lescurry Population : 161 habitants (2023) Le nom de\u00a0 Lescurry viendrait du latin scura et scuria\u00a0 qui peut d\u00e9signer une \u00e9curie ou une grange. Le saint patron Le&#8230;<\/p>\n<p> <a class=\"continue-reading-link\" href=\"https:\/\/paroisses-vic-bigorre.fr\/?page_id=16006\"><span>LIRE LA SUITE<\/span><i class=\"crycon-right-dir\"><\/i><\/a> <\/p>\n","protected":false},"author":1,"featured_media":0,"parent":0,"menu_order":0,"comment_status":"closed","ping_status":"closed","template":"","meta":{"footnotes":""},"class_list":["post-16006","page","type-page","status-publish","hentry"],"jetpack_sharing_enabled":true,"_links":{"self":[{"href":"https:\/\/paroisses-vic-bigorre.fr\/index.php?rest_route=\/wp\/v2\/pages\/16006","targetHints":{"allow":["GET"]}}],"collection":[{"href":"https:\/\/paroisses-vic-bigorre.fr\/index.php?rest_route=\/wp\/v2\/pages"}],"about":[{"href":"https:\/\/paroisses-vic-bigorre.fr\/index.php?rest_route=\/wp\/v2\/types\/page"}],"author":[{"embeddable":true,"href":"https:\/\/paroisses-vic-bigorre.fr\/index.php?rest_route=\/wp\/v2\/users\/1"}],"replies":[{"embeddable":true,"href":"https:\/\/paroisses-vic-bigorre.fr\/index.php?rest_route=%2Fwp%2Fv2%2Fcomments&post=16006"}],"version-history":[{"count":7,"href":"https:\/\/paroisses-vic-bigorre.fr\/index.php?rest_route=\/wp\/v2\/pages\/16006\/revisions"}],"predecessor-version":[{"id":16189,"href":"https:\/\/paroisses-vic-bigorre.fr\/index.php?rest_route=\/wp\/v2\/pages\/16006\/revisions\/16189"}],"wp:attachment":[{"href":"https:\/\/paroisses-vic-bigorre.fr\/index.php?rest_route=%2Fwp%2Fv2%2Fmedia&parent=16006"}],"curies":[{"name":"wp","href":"https:\/\/api.w.org\/{rel}","templated":true}]}}