{"id":15999,"date":"2026-01-09T12:10:50","date_gmt":"2026-01-09T11:10:50","guid":{"rendered":"https:\/\/paroisses-vic-bigorre.fr\/?page_id=15999"},"modified":"2026-01-11T18:27:58","modified_gmt":"2026-01-11T17:27:58","slug":"lameac-eglise-st-germe","status":"publish","type":"page","link":"https:\/\/paroisses-vic-bigorre.fr\/?page_id=15999","title":{"rendered":"Lam\u00e9ac : \u00e9glise St-Germ\u00e9"},"content":{"rendered":"<p><img loading=\"lazy\" decoding=\"async\" class=\"aligncenter\" title=\"Par Travail personnel, Domaine public, https:\/\/commons.wikimedia.org\/w\/index.php?curid=11933938\" src=\"https:\/\/upload.wikimedia.org\/wikipedia\/commons\/thumb\/e\/ee\/Blason_de_la_ville_de_Lam%C3%A9ac_%28Hautes-Pyr%C3%A9n%C3%A9es%29.svg\/langfr-960px-Blason_de_la_ville_de_Lam%C3%A9ac_%28Hautes-Pyr%C3%A9n%C3%A9es%29.svg.png\" alt=\"Blason de Lam\u00e9ac\" width=\"129\" height=\"142\" \/><\/p>\n<h4 style=\"text-align: center;\"><strong>La commune<\/strong><\/h4>\n<p style=\"text-align: right;\"><em>Population : 156 habitants (2023)<\/em><\/p>\n<p style=\"text-align: justify;\">Cette commune rurale a habitat tr\u00e8s dispers\u00e9 titre son nom domaine appartenant \u00e0 d\u00e9nomm\u00e9 <i>Flamen<\/i> (\u00a0suffixe\u00a0<a title=\"Suffixe -acum\" href=\"https:\/\/fr.wikipedia.org\/wiki\/Suffixe_-acum\"><i>-acum<\/i><\/a> = propri\u00e9t\u00e9 de Flamen).\u00a0<span class=\"wixui-rich-text__text\">Son \u00e9glise tient son apparence de la fin du XVI\u00e8me voire du d\u00e9but du XVII\u00e8me si\u00e8cle. Cependant, la d\u00e9dicace \u00e0 Saint-Germier laisse penser qu&rsquo;elle aurait succ\u00e9d\u00e9 \u00e0 une \u00e9glise plus ancienne qui aurait \u00e9t\u00e9 construite pendant le Haut Moyen-\u00e2ge.<\/span><\/p>\n<h4 style=\"text-align: center;\"><span style=\"color: #ff6600;\"><strong>L&rsquo;\u00e9glise St-Germ\u00e9 (Germier)<\/strong><\/span><\/h4>\n<p><a href=\"https:\/\/paroisses-vic-bigorre.fr\/wp-content\/uploads\/2026\/01\/Eglise_Saint-Germe_de_Lameac_Hautes-Pyrenees_1.jpg\"><img loading=\"lazy\" decoding=\"async\" class=\"wp-image-16000 size-medium aligncenter\" title=\"https:\/\/fr.wikipedia.org\/wiki\/Fichier:%C3%89glise_Saint-Germ%C3%A9_de_Lam%C3%A9ac_(Hautes-Pyr%C3%A9n%C3%A9es)_1.jpg\" src=\"https:\/\/paroisses-vic-bigorre.fr\/wp-content\/uploads\/2026\/01\/Eglise_Saint-Germe_de_Lameac_Hautes-Pyrenees_1-300x273.jpg\" alt=\"\" width=\"300\" height=\"273\" srcset=\"https:\/\/paroisses-vic-bigorre.fr\/wp-content\/uploads\/2026\/01\/Eglise_Saint-Germe_de_Lameac_Hautes-Pyrenees_1-300x273.jpg 300w, https:\/\/paroisses-vic-bigorre.fr\/wp-content\/uploads\/2026\/01\/Eglise_Saint-Germe_de_Lameac_Hautes-Pyrenees_1-1024x933.jpg 1024w, https:\/\/paroisses-vic-bigorre.fr\/wp-content\/uploads\/2026\/01\/Eglise_Saint-Germe_de_Lameac_Hautes-Pyrenees_1-768x700.jpg 768w, https:\/\/paroisses-vic-bigorre.fr\/wp-content\/uploads\/2026\/01\/Eglise_Saint-Germe_de_Lameac_Hautes-Pyrenees_1-150x137.jpg 150w, https:\/\/paroisses-vic-bigorre.fr\/wp-content\/uploads\/2026\/01\/Eglise_Saint-Germe_de_Lameac_Hautes-Pyrenees_1-165x150.jpg 165w, https:\/\/paroisses-vic-bigorre.fr\/wp-content\/uploads\/2026\/01\/Eglise_Saint-Germe_de_Lameac_Hautes-Pyrenees_1.jpg 1280w\" sizes=\"auto, (max-width: 300px) 100vw, 300px\" \/><\/a><\/p>\n<h4 style=\"text-align: center;\"><span style=\"color: #ff6600;\"><strong>Le saint patron<\/strong><\/span><\/h4>\n<p style=\"text-align: justify;\">Saint Germier (ou saint Germ\u00e9)\u00a0 fut \u00e9v\u00eaque de Toulouse au VIe si\u00e8cle \u00a0sous le pontificat du Pape Jean III vers l&rsquo;an 561. N\u00e9 \u00e0 Angoul\u00eame, il re\u00e7ut le sous-diaconat \u00e0 Saintes, le diaconat \u00e0 Jonsac et fut ordonn\u00e9 \u00e9v\u00eaque \u00e0 Arsat. Il vint donc \u00e0 Toulouse et se rendit \u00e0 l&rsquo;\u00e9glise de Saint Saturnin (Sernin) qu&rsquo;il choisit comme d\u00e9fenseur et appui pour remplir son minist\u00e8re. Saint Germier parcourut tous les lieux qui \u00e9taient confi\u00e9s \u00e0 sa garde et \u00e9vang\u00e9lisa toute la vall\u00e9e de la Gimone. Il b\u00e2tit un monast\u00e8re \u00e0 Ox, hameau situ\u00e9 pr\u00e8s de Muret. Le pontife passa sa vie au milieu des je\u00fbnes, des pri\u00e8res et des aum\u00f4nes et op\u00e9ra plusieurs miracles en gu\u00e9rissant des malades et en faisant jaillir par son intercession une source d&rsquo;eau vive, lieu de p\u00e8lerinage toujours fr\u00e9quent\u00e9 de nos jours \u00e0 quelques kilom\u00e8tres de Boulaur sur la route de Simorre. Saint Germier s&rsquo;\u00e9teignit \u00e0 Ox et fut ensevelit dans l&rsquo;\u00e9glise Saint Jacques de Muret&#8230; la f\u00eate patronale de ce saint \u00e9v\u00eaque de Toulouse y est toujours c\u00e9l\u00e9br\u00e9e le 16 mai, jour anniversaire de son tr\u00e9pas<\/p>\n<p class=\"font_7 wixui-rich-text__text\" style=\"text-align: justify;\"><span class=\"wixui-rich-text__text\"><span class=\"wixGuard wixui-rich-text__text\">\u200b<\/span><\/span><\/p>\n","protected":false},"excerpt":{"rendered":"<p>La commune Population : 156 habitants (2023) Cette commune rurale a habitat tr\u00e8s dispers\u00e9 titre son nom domaine appartenant \u00e0 d\u00e9nomm\u00e9 Flamen (\u00a0suffixe\u00a0-acum = propri\u00e9t\u00e9 de Flamen).\u00a0Son \u00e9glise tient son&#8230;<\/p>\n<p> <a class=\"continue-reading-link\" href=\"https:\/\/paroisses-vic-bigorre.fr\/?page_id=15999\"><span>LIRE LA SUITE<\/span><i class=\"crycon-right-dir\"><\/i><\/a> <\/p>\n","protected":false},"author":1,"featured_media":0,"parent":0,"menu_order":0,"comment_status":"closed","ping_status":"closed","template":"","meta":{"footnotes":""},"class_list":["post-15999","page","type-page","status-publish","hentry"],"jetpack_sharing_enabled":true,"_links":{"self":[{"href":"https:\/\/paroisses-vic-bigorre.fr\/index.php?rest_route=\/wp\/v2\/pages\/15999","targetHints":{"allow":["GET"]}}],"collection":[{"href":"https:\/\/paroisses-vic-bigorre.fr\/index.php?rest_route=\/wp\/v2\/pages"}],"about":[{"href":"https:\/\/paroisses-vic-bigorre.fr\/index.php?rest_route=\/wp\/v2\/types\/page"}],"author":[{"embeddable":true,"href":"https:\/\/paroisses-vic-bigorre.fr\/index.php?rest_route=\/wp\/v2\/users\/1"}],"replies":[{"embeddable":true,"href":"https:\/\/paroisses-vic-bigorre.fr\/index.php?rest_route=%2Fwp%2Fv2%2Fcomments&post=15999"}],"version-history":[{"count":2,"href":"https:\/\/paroisses-vic-bigorre.fr\/index.php?rest_route=\/wp\/v2\/pages\/15999\/revisions"}],"predecessor-version":[{"id":16180,"href":"https:\/\/paroisses-vic-bigorre.fr\/index.php?rest_route=\/wp\/v2\/pages\/15999\/revisions\/16180"}],"wp:attachment":[{"href":"https:\/\/paroisses-vic-bigorre.fr\/index.php?rest_route=%2Fwp%2Fv2%2Fmedia&parent=15999"}],"curies":[{"name":"wp","href":"https:\/\/api.w.org\/{rel}","templated":true}]}}