{"id":15995,"date":"2026-01-09T11:55:36","date_gmt":"2026-01-09T10:55:36","guid":{"rendered":"https:\/\/paroisses-vic-bigorre.fr\/?page_id=15995"},"modified":"2026-01-11T18:03:01","modified_gmt":"2026-01-11T17:03:01","slug":"buzon","status":"publish","type":"page","link":"https:\/\/paroisses-vic-bigorre.fr\/?page_id=15995","title":{"rendered":"Buzon : \u00e9glise St-Caprais"},"content":{"rendered":"<p><img loading=\"lazy\" decoding=\"async\" class=\"aligncenter\" title=\"Par Travail personnel, CC BY-SA 4.0, https:\/\/commons.wikimedia.org\/w\/index.php?curid=17688616\" src=\"https:\/\/upload.wikimedia.org\/wikipedia\/commons\/thumb\/c\/c2\/Blason_ville_fr_Buzon_%2865%29.svg\/langfr-960px-Blason_ville_fr_Buzon_%2865%29.svg.png\" alt=\"Blason de Buzon\" width=\"138\" height=\"152\" \/><\/p>\n<h4 style=\"text-align: center;\"><strong><span style=\"color: #ff6600;\">La commune<\/span><\/strong><\/h4>\n<p style=\"text-align: right;\"><em>Population\u00a0 :79 habitants (2023)<\/em><\/p>\n<p style=\"text-align: justify;\">Situ\u00e9e en Gascogne, la paroisse de Buzon faisait partie, jusqu&rsquo;\u00e0 la R\u00e9volution, d&rsquo;une des 28 enclaves (celle de Beamarch\u00e9s-Marciac) de la Jugerie de Rivi\u00e8re-Verdun. Elle \u00e9tait rattach\u00e9e \u00a0pays de\u00a0<a title=\"Rivi\u00e8re-Basse\" href=\"https:\/\/fr.wikipedia.org\/wiki\/Rivi%C3%A8re-Basse\">Rivi\u00e8re-Basse<\/a>, qui s\u2019allonge dans la moyenne vall\u00e9e de l\u2019<a title=\"Adour\" href=\"https:\/\/fr.wikipedia.org\/wiki\/Adour\">Adour<\/a>, \u00e0 l\u2019endroit o\u00f9 le fleuve marque un coude pour s\u2019orienter vers l\u2019Aquitaine.<sup id=\"cite_ref-6\" class=\"reference\"><\/sup><\/p>\n<h4 style=\"text-align: center;\"><span style=\"color: #ff6600;\"><strong>L&rsquo;\u00e9glise Saint-Caprais<\/strong><\/span><\/h4>\n<p style=\"text-align: justify;\"><img loading=\"lazy\" decoding=\"async\" class=\"aligncenter wp-image-15996 size-medium\" title=\"CC BY-SA 4.0, https:\/\/commons.wikimedia.org\/w\/index.php?curid=55141745\" src=\"https:\/\/paroisses-vic-bigorre.fr\/wp-content\/uploads\/2026\/01\/Eglise_Saint-Caprais_de_Buzon_Hautes-Pyrenees_1-300x185.jpg\" alt=\"\" width=\"300\" height=\"185\" srcset=\"https:\/\/paroisses-vic-bigorre.fr\/wp-content\/uploads\/2026\/01\/Eglise_Saint-Caprais_de_Buzon_Hautes-Pyrenees_1-300x185.jpg 300w, https:\/\/paroisses-vic-bigorre.fr\/wp-content\/uploads\/2026\/01\/Eglise_Saint-Caprais_de_Buzon_Hautes-Pyrenees_1-1024x630.jpg 1024w, https:\/\/paroisses-vic-bigorre.fr\/wp-content\/uploads\/2026\/01\/Eglise_Saint-Caprais_de_Buzon_Hautes-Pyrenees_1-768x473.jpg 768w, https:\/\/paroisses-vic-bigorre.fr\/wp-content\/uploads\/2026\/01\/Eglise_Saint-Caprais_de_Buzon_Hautes-Pyrenees_1-150x92.jpg 150w, https:\/\/paroisses-vic-bigorre.fr\/wp-content\/uploads\/2026\/01\/Eglise_Saint-Caprais_de_Buzon_Hautes-Pyrenees_1-244x150.jpg 244w, https:\/\/paroisses-vic-bigorre.fr\/wp-content\/uploads\/2026\/01\/Eglise_Saint-Caprais_de_Buzon_Hautes-Pyrenees_1.jpg 1280w\" sizes=\"auto, (max-width: 300px) 100vw, 300px\" \/>Le b\u00e2timent actuel date du XVIIIe si\u00e8cle avec de nombreuses r\u00e9fections et ajouts post\u00e9rieurs. Assur\u00e9ment, tout indique une origine fort ancienne. S&rsquo;il est difficile de savoir pourquoi cette petite \u00e9glise, comme quelques autres, est d\u00e9di\u00e9e \u00e0 saint Caprais,\u00a0 Derri\u00e8re l&rsquo;autel de marbre blanc XIXe, trois saints figurent sur une peinture ancienne.\u00a0 (<em>source DDM 24 mars 2011<\/em>).<\/p>\n<h4 style=\"text-align: center;\"><strong><span style=\"color: #ff6600;\">Le saint patron<\/span><\/strong><\/h4>\n<p style=\"text-align: justify;\">Caprais d\u2019Agen\u00a0ou\u00a0saint Caprais, ou\u00a0saint Capraise\u00a0(en\u00a0latin\u00a0:\u00a0<i>Caprasius<\/i>), n\u00e9 et mort \u00e0\u00a0Agen, est, selon la tradition chr\u00e9tienne, le premier \u00e9v\u00eaque\u00a0d&rsquo;Agen,\u00a0martyris\u00e9\u00a0sous\u00a0Diocl\u00e9tien\u00a0le\u00a0<time class=\"nowrap\" datetime=\"0303-10-21\" data-sort-value=\"0303-10-21\">20 octobre 303<\/time>\u00a0par le proconsul\u00a0Dacien, deux semaines apr\u00e8s\u00a0sainte Foy..<\/p>\n<p style=\"text-align: justify;\">Caprais appartient avec Foy,\u00a0Alberte,\u00a0Prime et F\u00e9licien, \u00e0 un groupe de martyrs agenais dont l&rsquo;historicit\u00e9 n&rsquo;est pas certaine, leurs corps, inconnus jusqu&rsquo;au\u00a0<abbr class=\"abbr\" title=\"5\u1d49 si\u00e8cle\"><span class=\"romain\">V<\/span><sup>e<\/sup><\/abbr>\u00a0si\u00e8cle, apparaissant dans des l\u00e9gendes hagiographiques qui relatent des\u00a0translations\u00a0miraculeuses de\u00a0reliques. Saint\u00a0chr\u00e9tien, il est f\u00eat\u00e9 le\u00a020 octobre.\u00a0L\u2019actuelle\u00a0cath\u00e9drale d\u2019Agen\u00a0lui est consacr\u00e9e, de m\u00eame que d\u2019autres \u00e9glises ou chapelles.<\/p>\n<figure class=\"mw-default-size\"><figcaption><a class=\"mw-file-description\" href=\"https:\/\/commons.wikimedia.org\/wiki\/File:Craponne-sur-Arzon_%C3%89glise_Saint-Caprais4.JPG?uselang=fr\"><img loading=\"lazy\" decoding=\"async\" class=\"mw-file-element aligncenter\" title=\"Le martyre de saint Caprais, \u00e9glise Saint-Caprais,\u00a0Craponne-sur-Arzon,\u00a0Haute-Loire\" src=\"https:\/\/upload.wikimedia.org\/wikipedia\/commons\/thumb\/3\/31\/Craponne-sur-Arzon_%C3%89glise_Saint-Caprais4.JPG\/330px-Craponne-sur-Arzon_%C3%89glise_Saint-Caprais4.JPG\" alt=\"\" width=\"280\" height=\"492\" data-file-width=\"1158\" data-file-height=\"2035\" \/><\/a><\/figcaption><\/figure>\n<p>&nbsp;<\/p>\n","protected":false},"excerpt":{"rendered":"<p>La commune Population\u00a0 :79 habitants (2023) Situ\u00e9e en Gascogne, la paroisse de Buzon faisait partie, jusqu&rsquo;\u00e0 la R\u00e9volution, d&rsquo;une des 28 enclaves (celle de Beamarch\u00e9s-Marciac) de la Jugerie de Rivi\u00e8re-Verdun&#8230;.<\/p>\n<p> <a class=\"continue-reading-link\" href=\"https:\/\/paroisses-vic-bigorre.fr\/?page_id=15995\"><span>LIRE LA SUITE<\/span><i class=\"crycon-right-dir\"><\/i><\/a> <\/p>\n","protected":false},"author":1,"featured_media":0,"parent":0,"menu_order":0,"comment_status":"closed","ping_status":"closed","template":"","meta":{"footnotes":""},"class_list":["post-15995","page","type-page","status-publish","hentry"],"jetpack_sharing_enabled":true,"_links":{"self":[{"href":"https:\/\/paroisses-vic-bigorre.fr\/index.php?rest_route=\/wp\/v2\/pages\/15995","targetHints":{"allow":["GET"]}}],"collection":[{"href":"https:\/\/paroisses-vic-bigorre.fr\/index.php?rest_route=\/wp\/v2\/pages"}],"about":[{"href":"https:\/\/paroisses-vic-bigorre.fr\/index.php?rest_route=\/wp\/v2\/types\/page"}],"author":[{"embeddable":true,"href":"https:\/\/paroisses-vic-bigorre.fr\/index.php?rest_route=\/wp\/v2\/users\/1"}],"replies":[{"embeddable":true,"href":"https:\/\/paroisses-vic-bigorre.fr\/index.php?rest_route=%2Fwp%2Fv2%2Fcomments&post=15995"}],"version-history":[{"count":4,"href":"https:\/\/paroisses-vic-bigorre.fr\/index.php?rest_route=\/wp\/v2\/pages\/15995\/revisions"}],"predecessor-version":[{"id":16168,"href":"https:\/\/paroisses-vic-bigorre.fr\/index.php?rest_route=\/wp\/v2\/pages\/15995\/revisions\/16168"}],"wp:attachment":[{"href":"https:\/\/paroisses-vic-bigorre.fr\/index.php?rest_route=%2Fwp%2Fv2%2Fmedia&parent=15995"}],"curies":[{"name":"wp","href":"https:\/\/api.w.org\/{rel}","templated":true}]}}