{"id":15992,"date":"2026-01-09T11:38:10","date_gmt":"2026-01-09T10:38:10","guid":{"rendered":"https:\/\/paroisses-vic-bigorre.fr\/?page_id=15992"},"modified":"2026-01-11T18:01:56","modified_gmt":"2026-01-11T17:01:56","slug":"bouilh-devant-eglise-st-laurent","status":"publish","type":"page","link":"https:\/\/paroisses-vic-bigorre.fr\/?page_id=15992","title":{"rendered":"Bouilh-Devant : \u00e9glise St-Laurent"},"content":{"rendered":"<p><img loading=\"lazy\" decoding=\"async\" class=\"aligncenter\" title=\"Par Celbusro \u2014 Armorial de France\u00a0: 17404, CC BY-SA 4.0, https:\/\/commons.wikimedia.org\/w\/index.php?curid=59892273\" src=\"https:\/\/upload.wikimedia.org\/wikipedia\/commons\/thumb\/6\/60\/Blason_ville_fr_Bouilh-Devant_%28Hautes-Pyr%C3%A9n%C3%A9es%29.svg\/langfr-960px-Blason_ville_fr_Bouilh-Devant_%28Hautes-Pyr%C3%A9n%C3%A9es%29.svg.png\" alt=\"Blason de Bouilh-Devant\" width=\"132\" height=\"145\" \/><\/p>\n<h4 style=\"text-align: center;\"><strong><span style=\"color: #ff6600;\">La commune<\/span><\/strong><\/h4>\n<p style=\"text-align: right;\"><em>Population : 23 habitants (2023)<\/em><\/p>\n<p style=\"text-align: justify;\">Bouilh-Devant est une commune rurale \u00e0 habitant tr\u00e8s dispers\u00e9. Son nom viendrait\u00a0du latin\u00a0<i>Bovile<\/i>, qui signifie tout simplement l\u2019habitation des b\u0153ufs. Elle est situ\u00e9e \u00e0 l\u00a0\u00bbest de Bouilh-P\u00e9reilh et donc devant.<\/p>\n<h4 style=\"text-align: center;\"><strong><span style=\"color: #ff6600;\">L&rsquo;\u00e9glise Saint-Laurent<\/span><\/strong><\/h4>\n<h4 style=\"text-align: center;\"><a href=\"https:\/\/paroisses-vic-bigorre.fr\/wp-content\/uploads\/2026\/01\/Eglise_Saint-Laurent_de_Bouilh-Devant_Hautes-Pyrenees_1.jpg\"><br \/>\n<img loading=\"lazy\" decoding=\"async\" class=\"wp-image-15993 size-medium aligncenter\" title=\"Par Sotos \u2014 Travail personnel, CC BY-SA 4.0, https:\/\/commons.wikimedia.org\/w\/index.php?curid=76889559\" src=\"https:\/\/paroisses-vic-bigorre.fr\/wp-content\/uploads\/2026\/01\/Eglise_Saint-Laurent_de_Bouilh-Devant_Hautes-Pyrenees_1-300x233.jpg\" alt=\"\" width=\"300\" height=\"233\" srcset=\"https:\/\/paroisses-vic-bigorre.fr\/wp-content\/uploads\/2026\/01\/Eglise_Saint-Laurent_de_Bouilh-Devant_Hautes-Pyrenees_1-300x233.jpg 300w, https:\/\/paroisses-vic-bigorre.fr\/wp-content\/uploads\/2026\/01\/Eglise_Saint-Laurent_de_Bouilh-Devant_Hautes-Pyrenees_1-768x595.jpg 768w, https:\/\/paroisses-vic-bigorre.fr\/wp-content\/uploads\/2026\/01\/Eglise_Saint-Laurent_de_Bouilh-Devant_Hautes-Pyrenees_1-150x116.jpg 150w, https:\/\/paroisses-vic-bigorre.fr\/wp-content\/uploads\/2026\/01\/Eglise_Saint-Laurent_de_Bouilh-Devant_Hautes-Pyrenees_1-194x150.jpg 194w, https:\/\/paroisses-vic-bigorre.fr\/wp-content\/uploads\/2026\/01\/Eglise_Saint-Laurent_de_Bouilh-Devant_Hautes-Pyrenees_1.jpg 960w\" sizes=\"auto, (max-width: 300px) 100vw, 300px\" \/><br \/>\n<\/a><strong><span style=\"color: #ff6600;\">le saint patron<\/span><\/strong><\/h4>\n<p style=\"text-align: justify;\">Consid\u00e9r\u00e9 comme le plus grand\u00a0martyr des d\u00e9buts du christianisme, le diacre Laurent\u00a0\u00e9tait charg\u00e9 aupr\u00e8s du pape Sixte II de secourir les pauvres et suspect\u00e9 de d\u00e9tenir des richesses convoit\u00e9es par l&rsquo;Empereur Val\u00e9rien. Traduit devant un tribunal, il fut condamn\u00e9 \u00e0 \u00eatre br\u00fbl\u00e9 vif sur un gril en l&rsquo;an 258.<\/p>\n<p><a href=\"https:\/\/www.medaille-miraculeuse.fr\/wp-content\/uploads\/2014\/08\/Saint-Laurent-Fra-Angelico.jpg\"><img loading=\"lazy\" decoding=\"async\" class=\"aligncenter\" title=\"https:\/\/www.medaille-miraculeuse.fr\/wp-content\/uploads\/2014\/08\/Saint-Laurent-Fra-Angelico.jpg\" src=\"https:\/\/www.medaille-miraculeuse.fr\/wp-content\/uploads\/2014\/08\/Saint-Laurent-Fra-Angelico.jpg\" alt=\"\" width=\"185\" height=\"359\" \/><\/a><\/p>\n<h4 style=\"text-align: center;\"><\/h4>\n","protected":false},"excerpt":{"rendered":"<p>La commune Population : 23 habitants (2023) Bouilh-Devant est une commune rurale \u00e0 habitant tr\u00e8s dispers\u00e9. Son nom viendrait\u00a0du latin\u00a0Bovile, qui signifie tout simplement l\u2019habitation des b\u0153ufs. Elle est situ\u00e9e&#8230;<\/p>\n<p> <a class=\"continue-reading-link\" href=\"https:\/\/paroisses-vic-bigorre.fr\/?page_id=15992\"><span>LIRE LA SUITE<\/span><i class=\"crycon-right-dir\"><\/i><\/a> <\/p>\n","protected":false},"author":1,"featured_media":0,"parent":0,"menu_order":0,"comment_status":"closed","ping_status":"closed","template":"","meta":{"footnotes":""},"class_list":["post-15992","page","type-page","status-publish","hentry"],"jetpack_sharing_enabled":true,"_links":{"self":[{"href":"https:\/\/paroisses-vic-bigorre.fr\/index.php?rest_route=\/wp\/v2\/pages\/15992","targetHints":{"allow":["GET"]}}],"collection":[{"href":"https:\/\/paroisses-vic-bigorre.fr\/index.php?rest_route=\/wp\/v2\/pages"}],"about":[{"href":"https:\/\/paroisses-vic-bigorre.fr\/index.php?rest_route=\/wp\/v2\/types\/page"}],"author":[{"embeddable":true,"href":"https:\/\/paroisses-vic-bigorre.fr\/index.php?rest_route=\/wp\/v2\/users\/1"}],"replies":[{"embeddable":true,"href":"https:\/\/paroisses-vic-bigorre.fr\/index.php?rest_route=%2Fwp%2Fv2%2Fcomments&post=15992"}],"version-history":[{"count":5,"href":"https:\/\/paroisses-vic-bigorre.fr\/index.php?rest_route=\/wp\/v2\/pages\/15992\/revisions"}],"predecessor-version":[{"id":16167,"href":"https:\/\/paroisses-vic-bigorre.fr\/index.php?rest_route=\/wp\/v2\/pages\/15992\/revisions\/16167"}],"wp:attachment":[{"href":"https:\/\/paroisses-vic-bigorre.fr\/index.php?rest_route=%2Fwp%2Fv2%2Fmedia&parent=15992"}],"curies":[{"name":"wp","href":"https:\/\/api.w.org\/{rel}","templated":true}]}}