{"id":15825,"date":"2026-01-02T12:08:14","date_gmt":"2026-01-02T11:08:14","guid":{"rendered":"https:\/\/paroisses-vic-bigorre.fr\/?page_id=15825"},"modified":"2026-02-17T16:21:17","modified_gmt":"2026-02-17T15:21:17","slug":"films-chretiens","status":"publish","type":"page","link":"https:\/\/paroisses-vic-bigorre.fr\/?page_id=15825","title":{"rendered":"Films chr\u00e9tiens SAGE"},"content":{"rendered":"<p>Des films chr\u00e9tiens propos\u00e9s par <a href=\"https:\/\/www.sajedistribution.com\/\" target=\"_blank\" rel=\"noopener\">Sagedistribution<\/a> sont projet\u00e9s chaque vendredi \u00e0 20 h au Foyer Saint-Martin et suivi d&rsquo;un \u00e9change.<\/p>\n<p>&nbsp;<\/p>\n<h4 style=\"text-align: center;\"><span style=\"color: #ff6600;\"><strong>PROCHAINES DIFFUSIONS<\/strong><\/span><\/h4>\n<div>\n<div style=\"text-align: center;\" data-v-52088c2c=\"\"><\/div>\n<div data-v-52088c2c=\"\">\n<div data-v-1a74b54f=\"\" data-v-52088c2c=\"\">\n<div data-v-1a74b54f=\"\">\n<div data-v-1a74b54f=\"\">\n<div data-v-1a74b54f=\"\">\n<div data-v-1a74b54f=\"\"><strong>\u00a0<\/strong><\/div>\n<\/div>\n<\/div>\n<\/div>\n<\/div>\n<\/div>\n<\/div>\n<div><span style=\"color: #000080;\"><strong>Ven 27 f\u00e9vrier, 20h, Avez-vous la foi ?<\/strong><\/span><\/div>\n<div>\n<div data-v-52088c2c=\"\">\n<div data-v-1a74b54f=\"\" data-v-52088c2c=\"\">\n<div data-v-1a74b54f=\"\">\n<div data-v-1a74b54f=\"\">\n<div data-v-1a74b54f=\"\"><span data-v-1a74b54f=\"\">Questions sur Dieu et la Foi<\/span><\/div>\n<\/div>\n<\/div>\n<\/div>\n<div data-v-1a74b54f=\"\" data-v-52088c2c=\"\">\n<div data-v-1a74b54f=\"\">\n<div data-v-1a74b54f=\"\">\n<div data-v-1a74b54f=\"\"><span data-v-1a74b54f=\"\">1H55 MN<\/span><\/div>\n<div data-v-1a74b54f=\"\">12 personnes, de tous les \u00e2ges et aux situations tr\u00e8s vari\u00e9es, sont confront\u00e9es \u00e0 la question du sens de la vie et de la foi en Dieu. Leurs histoires personnelles bouleversantes et leurs destins crois\u00e9s laissent entrevoir peu \u00e0 peu le plan de Dieu pour chacun d\u2019eux.<\/div>\n<div data-v-1a74b54f=\"\">Acteurs :<\/div>\n<\/div>\n<\/div>\n<\/div>\n<\/div>\n<div data-v-52088c2c=\"\">\n<div data-v-1a74b54f=\"\" data-v-52088c2c=\"\">\n<div data-v-1a74b54f=\"\">\n<div data-v-1a74b54f=\"\">\n<div data-v-1a74b54f=\"\">\n<div data-v-1a74b54f=\"\"><span data-v-1a74b54f=\"\">Mira Sorvino<\/span><\/div>\n<\/div>\n<\/div>\n<div data-v-1a74b54f=\"\">\n<div data-v-1a74b54f=\"\">\n<div data-v-1a74b54f=\"\"><span data-v-1a74b54f=\"\">Sean Astin<\/span><\/div>\n<\/div>\n<\/div>\n<div data-v-1a74b54f=\"\">\n<div data-v-1a74b54f=\"\">\n<div data-v-1a74b54f=\"\"><span data-v-1a74b54f=\"\">Alexa PenaVega<\/span><\/div>\n<\/div>\n<\/div>\n<div data-v-1a74b54f=\"\">\n<div data-v-1a74b54f=\"\">\n<div data-v-1a74b54f=\"\"><span data-v-1a74b54f=\"\">Ted McGinley<\/span><\/div>\n<\/div>\n<\/div>\n<\/div>\n<\/div>\n<\/div>\n<\/div>\n<div><span style=\"color: #000080;\"><strong>Jeudi 19 <\/strong><\/span><strong>mars, 20 h, La Passion du Christ<\/strong><\/div>\n<div>\n<div data-v-52088c2c=\"\">\n<div data-v-1a74b54f=\"\" data-v-52088c2c=\"\">\n<div data-v-1a74b54f=\"\">\n<div data-v-1a74b54f=\"\">\n<div data-v-1a74b54f=\"\"><span data-v-1a74b54f=\"\">Biopic \/ Histoires vraies<\/span><\/div>\n<\/div>\n<div data-v-1a74b54f=\"\">\n<div data-v-1a74b54f=\"\">\n<div data-v-1a74b54f=\"\"><span data-v-1a74b54f=\"\">Films bibliques<\/span><\/div>\n<\/div>\n<\/div>\n<\/div>\n<\/div>\n<div data-v-1a74b54f=\"\" data-v-52088c2c=\"\">\n<div data-v-1a74b54f=\"\">\n<div data-v-1a74b54f=\"\">\n<div data-v-1a74b54f=\"\"><span data-v-1a74b54f=\"\">2H04 MN<\/span><\/div>\n<\/div>\n<\/div>\n<\/div>\n<\/div>\n<div data-v-52088c2c=\"\">Les douze derni\u00e8res heures de la passion du\u00a0Christ. Rendu au Mont des Oliviers, J\u00e9sus prie apr\u00e8s avoir partag\u00e9 un dernier repas avec ses ap\u00f4tres. Il r\u00e9siste maintenant aux tentations de Satan. Trahi par Judas, J\u00e9sus est arr\u00eat\u00e9 et emmen\u00e9 \u00e0 J\u00e9rusalem, o\u00f9 les chefs des Pharisiens l&rsquo;accusent de blasph\u00e8me et lui font un proc\u00e8s qui a pour issue sa condamnation \u00e0 mort&#8230;<\/div>\n<div style=\"text-align: center;\" data-v-52088c2c=\"\"><span style=\"color: #800080; font-family: 'Tahoma, Geneva, sans-serif'; font-size: 1.295em;\">Acteurs :<\/span><\/div>\n<div style=\"text-align: center;\" data-v-52088c2c=\"\">\n<div data-v-1a74b54f=\"\" data-v-52088c2c=\"\">\n<div data-v-1a74b54f=\"\">\n<div data-v-1a74b54f=\"\">\n<div data-v-1a74b54f=\"\">\n<div data-v-1a74b54f=\"\"><span style=\"color: #800080;\" data-v-1a74b54f=\"\">Jim Caviezel<\/span><\/div>\n<\/div>\n<\/div>\n<div data-v-1a74b54f=\"\">\n<div data-v-1a74b54f=\"\">\n<div data-v-1a74b54f=\"\"><span style=\"color: #800080;\" data-v-1a74b54f=\"\">Maia Morgenstern<\/span><\/div>\n<\/div>\n<\/div>\n<div data-v-1a74b54f=\"\">\n<div data-v-1a74b54f=\"\">\n<div data-v-1a74b54f=\"\"><span style=\"color: #800080;\" data-v-1a74b54f=\"\">Christo Jivkov<\/span><\/div>\n<\/div>\n<\/div>\n<\/div>\n<\/div>\n<\/div>\n<div data-v-52088c2c=\"\">\n<div data-v-1a74b54f=\"\" data-v-52088c2c=\"\">\n<h4 style=\"text-align: center;\" data-v-1a74b54f=\"\"><span style=\"color: #800080;\">R\u00e9alisateur :\u00a0<\/span><strong><span style=\"font-size: 18px; color: #800080;\">Mel Gibson<\/span><\/strong><\/h4>\n<\/div>\n<\/div>\n<\/div>\n<div><span style=\"color: #000080;\">Ven 17 avril, 20h, Une seule chair.\u00a0<b>Documentaire<\/b><\/span><\/div>\n<div>\n<div data-v-52088c2c=\"\">\n<div data-v-52088c2c=\"\">\n<div data-v-52088c2c=\"\">\n<div data-v-1a74b54f=\"\" data-v-52088c2c=\"\">\n<div data-v-1a74b54f=\"\">\n<div data-v-1a74b54f=\"\">\n<div data-v-1a74b54f=\"\">\n<div data-v-1a74b54f=\"\"><span data-v-1a74b54f=\"\">2H20 MN<\/span><\/div>\n<\/div>\n<\/div>\n<\/div>\n<\/div>\n<\/div>\n<div data-v-52088c2c=\"\">\u00ab Dis-moi quel est ton amour, je te dirai qui tu es \u00bb : la \u00ab th\u00e9ologie du corps \u00bb est un tr\u00e9sor immense que le pape Saint Jean Paul II a l\u00e9gu\u00e9 \u00e0 l\u2019Eglise et \u00e0 toute l\u2019humanit\u00e9.Avec une grande sensibilit\u00e9, Sabrina et Steven J. Gunnell d\u00e9voilent \u00ab cet \u00e9merveillement, ce don de Dieu \u00bb (pape Fran\u00e7ois) qu\u2019est la sexualit\u00e9 conjugale, \u00e0 travers l\u2019\u00e9clairage d\u2019experts (Yves Semen, Maud et Alex Lauriot Prevost, P\u00e8re Fran\u00e7ois Potez, Clotilde Merza) et des histoires poignantes de couples dont la sexualit\u00e9 a \u00e9t\u00e9 restaur\u00e9e par et avec le Christ.Premier film grand public illustrant combien \u00ab l\u2019\u00e9ros veut s\u2019\u00e9lever en extase vers le Divin \u00bb (Benoit XVI).Un film vrai, puissant et renversant qui ne laissera personne indiff\u00e9rent.<\/div>\n<div data-v-52088c2c=\"\"><\/div>\n<div data-v-52088c2c=\"\">\n<div data-v-1a74b54f=\"\" data-v-52088c2c=\"\">\n<h4 style=\"text-align: center;\" data-v-1a74b54f=\"\"><span style=\"color: #800080;\">R\u00e9alisateurs :<\/span><\/h4>\n<div data-v-1a74b54f=\"\">\n<div data-v-1a74b54f=\"\">\n<div data-v-1a74b54f=\"\">\n<div style=\"text-align: center;\" data-v-1a74b54f=\"\"><span style=\"color: #800080;\" data-v-1a74b54f=\"\">Sabrina et Steven J. Gunnell<\/span><\/div>\n<\/div>\n<\/div>\n<\/div>\n<\/div>\n<\/div>\n<div data-v-52088c2c=\"\"><\/div>\n<\/div>\n<div data-v-52088c2c=\"\">\n<div data-v-52088c2c=\"\">\n<div data-v-1a74b54f=\"\" data-v-52088c2c=\"\">\n<div data-v-1a74b54f=\"\"><strong>Pour plus de renseignements ou pour recevoir le programme, contacter l&rsquo;abb\u00e9 Christian Lagarde :<a style=\"color: #ff6600;\" title=\"christianlagarde65@protonmail.com\" href=\"https:\/\/christianlagarde65@protonmail.com\/\" target=\"_blank\" rel=\"noreferrer nofollow noopener\">christianlagarde65@protonmail.com<\/a> &#8211; 6 70 01 78 67. Vous pouvez revoir l&rsquo;invitation\u00a0 pour les films \u00e0 venir.<\/strong><\/div>\n<\/div>\n<\/div>\n<\/div>\n<\/div>\n<\/div>\n<p><iframe loading=\"lazy\" title=\"SAJE + | La plateforme de r\u00e9f\u00e9rence des films chr\u00e9tiens\" width=\"1150\" height=\"647\" src=\"https:\/\/www.youtube.com\/embed\/Py1rXCZ8m88?feature=oembed\" frameborder=\"0\" allow=\"accelerometer; autoplay; clipboard-write; encrypted-media; gyroscope; picture-in-picture; web-share\" referrerpolicy=\"strict-origin-when-cross-origin\" allowfullscreen><\/iframe><\/p>\n","protected":false},"excerpt":{"rendered":"<p>Des films chr\u00e9tiens propos\u00e9s par Sagedistribution sont projet\u00e9s chaque vendredi \u00e0 20 h au Foyer Saint-Martin et suivi d&rsquo;un \u00e9change. &nbsp; PROCHAINES DIFFUSIONS \u00a0 Ven 27 f\u00e9vrier, 20h, Avez-vous la&#8230;<\/p>\n<p> <a class=\"continue-reading-link\" href=\"https:\/\/paroisses-vic-bigorre.fr\/?page_id=15825\"><span>LIRE LA SUITE<\/span><i class=\"crycon-right-dir\"><\/i><\/a> <\/p>\n","protected":false},"author":1,"featured_media":0,"parent":0,"menu_order":0,"comment_status":"closed","ping_status":"closed","template":"","meta":{"footnotes":""},"class_list":["post-15825","page","type-page","status-publish","hentry"],"jetpack_sharing_enabled":true,"_links":{"self":[{"href":"https:\/\/paroisses-vic-bigorre.fr\/index.php?rest_route=\/wp\/v2\/pages\/15825","targetHints":{"allow":["GET"]}}],"collection":[{"href":"https:\/\/paroisses-vic-bigorre.fr\/index.php?rest_route=\/wp\/v2\/pages"}],"about":[{"href":"https:\/\/paroisses-vic-bigorre.fr\/index.php?rest_route=\/wp\/v2\/types\/page"}],"author":[{"embeddable":true,"href":"https:\/\/paroisses-vic-bigorre.fr\/index.php?rest_route=\/wp\/v2\/users\/1"}],"replies":[{"embeddable":true,"href":"https:\/\/paroisses-vic-bigorre.fr\/index.php?rest_route=%2Fwp%2Fv2%2Fcomments&post=15825"}],"version-history":[{"count":9,"href":"https:\/\/paroisses-vic-bigorre.fr\/index.php?rest_route=\/wp\/v2\/pages\/15825\/revisions"}],"predecessor-version":[{"id":16391,"href":"https:\/\/paroisses-vic-bigorre.fr\/index.php?rest_route=\/wp\/v2\/pages\/15825\/revisions\/16391"}],"wp:attachment":[{"href":"https:\/\/paroisses-vic-bigorre.fr\/index.php?rest_route=%2Fwp%2Fv2%2Fmedia&parent=15825"}],"curies":[{"name":"wp","href":"https:\/\/api.w.org\/{rel}","templated":true}]}}