{"id":15822,"date":"2026-01-02T12:05:14","date_gmt":"2026-01-02T11:05:14","guid":{"rendered":"https:\/\/paroisses-vic-bigorre.fr\/?page_id=15822"},"modified":"2026-01-02T12:33:16","modified_gmt":"2026-01-02T11:33:16","slug":"parcours-theodom","status":"publish","type":"page","link":"https:\/\/paroisses-vic-bigorre.fr\/?page_id=15822","title":{"rendered":"Parcours Th\u00e9oDom"},"content":{"rendered":"<p><img loading=\"lazy\" decoding=\"async\" class=\"aligncenter wp-image-15816\" src=\"https:\/\/paroisses-vic-bigorre.fr\/wp-content\/uploads\/2025\/12\/Logo-Vic-Andrest-Enclaves-mini.jpg\" alt=\"\" width=\"113\" height=\"135\" \/><\/p>\n<p>Des rencontres mensuelles sont organis\u00e9es au Foyer St-Martin dans le cadre du parcours Th\u00e9oDom initi\u00e9 par les Dominicains.<\/p>\n<p>Renseignements aupr\u00e8s de l&rsquo;Abb\u00e9 Christian Lagarde : 06 70 01 78 67 &#8211; <a title=\"christianlagarde65@protonmail.com\" href=\"https:\/\/christianlagarde65@protonmail.com\/\" target=\"_blank\" rel=\"noreferrer nofollow noopener\">christianlagarde65@protonmail.com<\/a><\/p>\n<p style=\"text-align: center;\"><a href=\"https:\/\/www.theodom.org\/\" target=\"_blank\" rel=\"noopener\"><strong><span style=\"color: #ff6600;\">EN SAVOIR SUR PLUS SUR THEODOM<\/span><\/strong><\/a><\/p>\n","protected":false},"excerpt":{"rendered":"<p>Des rencontres mensuelles sont organis\u00e9es au Foyer St-Martin dans le cadre du parcours Th\u00e9oDom initi\u00e9 par les Dominicains. Renseignements aupr\u00e8s de l&rsquo;Abb\u00e9 Christian Lagarde : 06 70 01 78 67&#8230;<\/p>\n<p> <a class=\"continue-reading-link\" href=\"https:\/\/paroisses-vic-bigorre.fr\/?page_id=15822\"><span>LIRE LA SUITE<\/span><i class=\"crycon-right-dir\"><\/i><\/a> <\/p>\n","protected":false},"author":1,"featured_media":0,"parent":0,"menu_order":0,"comment_status":"closed","ping_status":"closed","template":"","meta":{"footnotes":""},"class_list":["post-15822","page","type-page","status-publish","hentry"],"jetpack_sharing_enabled":true,"_links":{"self":[{"href":"https:\/\/paroisses-vic-bigorre.fr\/index.php?rest_route=\/wp\/v2\/pages\/15822","targetHints":{"allow":["GET"]}}],"collection":[{"href":"https:\/\/paroisses-vic-bigorre.fr\/index.php?rest_route=\/wp\/v2\/pages"}],"about":[{"href":"https:\/\/paroisses-vic-bigorre.fr\/index.php?rest_route=\/wp\/v2\/types\/page"}],"author":[{"embeddable":true,"href":"https:\/\/paroisses-vic-bigorre.fr\/index.php?rest_route=\/wp\/v2\/users\/1"}],"replies":[{"embeddable":true,"href":"https:\/\/paroisses-vic-bigorre.fr\/index.php?rest_route=%2Fwp%2Fv2%2Fcomments&post=15822"}],"version-history":[{"count":3,"href":"https:\/\/paroisses-vic-bigorre.fr\/index.php?rest_route=\/wp\/v2\/pages\/15822\/revisions"}],"predecessor-version":[{"id":15845,"href":"https:\/\/paroisses-vic-bigorre.fr\/index.php?rest_route=\/wp\/v2\/pages\/15822\/revisions\/15845"}],"wp:attachment":[{"href":"https:\/\/paroisses-vic-bigorre.fr\/index.php?rest_route=%2Fwp%2Fv2%2Fmedia&parent=15822"}],"curies":[{"name":"wp","href":"https:\/\/api.w.org\/{rel}","templated":true}]}}