{"id":15616,"date":"2025-10-31T17:20:46","date_gmt":"2025-10-31T16:20:46","guid":{"rendered":"https:\/\/paroisses-vic-bigorre.fr\/?page_id=15616"},"modified":"2025-10-31T17:42:50","modified_gmt":"2025-10-31T16:42:50","slug":"abbe-denis-razafindravelo","status":"publish","type":"page","link":"https:\/\/paroisses-vic-bigorre.fr\/?page_id=15616","title":{"rendered":"Abb\u00e9 Denis RAZAFINDRAVELO"},"content":{"rendered":"<p><strong>Vicaire: Abb\u00e9 Denis RAZAFINDRAVELO<\/strong><\/p>\n<p><img decoding=\"async\" class=\"aligncenter\" src=\"https:\/\/image.jimcdn.com\/app\/cms\/image\/transf\/dimension=78x1024:format=jpg\/path\/s93866c9f007cae70\/image\/i193599070ad3e968\/version\/1738678311\/image.jpg\" \/><\/p>\n<p>Communaut\u00e9 de Maubourguet, Rivi\u00e8re-Basse, Rabastens<\/p>\n<p><em>T\u00e9l: 07 89 33 86 03<\/em><\/p>\n<p><em>Courriel:\u00a0denisravelo22@gmail.com<\/em><\/p>\n<p>52\u00a0 rue Darricau 65700 MAUBOURGUET<\/p>\n","protected":false},"excerpt":{"rendered":"<p>Vicaire: Abb\u00e9 Denis RAZAFINDRAVELO Communaut\u00e9 de Maubourguet, Rivi\u00e8re-Basse, Rabastens T\u00e9l: 07 89 33 86 03 Courriel:\u00a0denisravelo22@gmail.com 52\u00a0 rue Darricau 65700 MAUBOURGUET<\/p>\n<p> <a class=\"continue-reading-link\" href=\"https:\/\/paroisses-vic-bigorre.fr\/?page_id=15616\"><span>LIRE LA SUITE<\/span><i class=\"crycon-right-dir\"><\/i><\/a> <\/p>\n","protected":false},"author":1,"featured_media":0,"parent":0,"menu_order":0,"comment_status":"closed","ping_status":"closed","template":"","meta":{"footnotes":""},"class_list":["post-15616","page","type-page","status-publish","hentry"],"jetpack_sharing_enabled":true,"_links":{"self":[{"href":"https:\/\/paroisses-vic-bigorre.fr\/index.php?rest_route=\/wp\/v2\/pages\/15616","targetHints":{"allow":["GET"]}}],"collection":[{"href":"https:\/\/paroisses-vic-bigorre.fr\/index.php?rest_route=\/wp\/v2\/pages"}],"about":[{"href":"https:\/\/paroisses-vic-bigorre.fr\/index.php?rest_route=\/wp\/v2\/types\/page"}],"author":[{"embeddable":true,"href":"https:\/\/paroisses-vic-bigorre.fr\/index.php?rest_route=\/wp\/v2\/users\/1"}],"replies":[{"embeddable":true,"href":"https:\/\/paroisses-vic-bigorre.fr\/index.php?rest_route=%2Fwp%2Fv2%2Fcomments&post=15616"}],"version-history":[{"count":4,"href":"https:\/\/paroisses-vic-bigorre.fr\/index.php?rest_route=\/wp\/v2\/pages\/15616\/revisions"}],"predecessor-version":[{"id":15627,"href":"https:\/\/paroisses-vic-bigorre.fr\/index.php?rest_route=\/wp\/v2\/pages\/15616\/revisions\/15627"}],"wp:attachment":[{"href":"https:\/\/paroisses-vic-bigorre.fr\/index.php?rest_route=%2Fwp%2Fv2%2Fmedia&parent=15616"}],"curies":[{"name":"wp","href":"https:\/\/api.w.org\/{rel}","templated":true}]}}