{"id":15611,"date":"2025-10-31T17:16:55","date_gmt":"2025-10-31T16:16:55","guid":{"rendered":"https:\/\/paroisses-vic-bigorre.fr\/?page_id=15611"},"modified":"2025-10-31T17:43:15","modified_gmt":"2025-10-31T16:43:15","slug":"abbe-gustave-zarabe","status":"publish","type":"page","link":"https:\/\/paroisses-vic-bigorre.fr\/?page_id=15611","title":{"rendered":"Abb\u00e9 Gustave Zarabe"},"content":{"rendered":"<div id=\"cc-m-12220665095\" class=\"j-module n j-textWithImage \">\n<div>\n<div id=\"cc-m-textwithimage-12220665095\" class=\"cc-m-textwithimage-inline-rte\" data-name=\"text\" data-action=\"text\">\n<p><strong>Cur\u00e9 mod\u00e9rateur : Abb\u00e9 Gustave ZARABE<\/strong><\/p>\n<p><img loading=\"lazy\" decoding=\"async\" class=\"aligncenter\" src=\"https:\/\/image.jimcdn.com\/app\/cms\/image\/transf\/dimension=78x1024:format=jpg\/path\/s93866c9f007cae70\/image\/i85e242440886101d\/version\/1738678317\/image.jpg\" alt=\"\" width=\"78\" height=\"91\" \/><\/p>\n<p>&nbsp;<\/p>\n<p><em>Communaut\u00e9 de Maubourguet, Rivi\u00e8re-Basse, Rabastens<\/em><\/p>\n<p><em>T\u00e9l: 06 38 <\/em><em>2<\/em><em>1 68 57<\/em><\/p>\n<p><em>Courriel:\u00a0zarabegustave7@gmail.com<\/em><\/p>\n<p>52\u00a0 rue Darricau 65700 MAUBOURGUET<\/p>\n<\/div>\n<\/div>\n<div class=\"cc-clear\"><\/div>\n<\/div>\n","protected":false},"excerpt":{"rendered":"<p>Cur\u00e9 mod\u00e9rateur : Abb\u00e9 Gustave ZARABE &nbsp; Communaut\u00e9 de Maubourguet, Rivi\u00e8re-Basse, Rabastens T\u00e9l: 06 38 21 68 57 Courriel:\u00a0zarabegustave7@gmail.com 52\u00a0 rue Darricau 65700 MAUBOURGUET<\/p>\n<p> <a class=\"continue-reading-link\" href=\"https:\/\/paroisses-vic-bigorre.fr\/?page_id=15611\"><span>LIRE LA SUITE<\/span><i class=\"crycon-right-dir\"><\/i><\/a> <\/p>\n","protected":false},"author":1,"featured_media":0,"parent":0,"menu_order":0,"comment_status":"closed","ping_status":"closed","template":"","meta":{"footnotes":""},"class_list":["post-15611","page","type-page","status-publish","hentry"],"jetpack_sharing_enabled":true,"_links":{"self":[{"href":"https:\/\/paroisses-vic-bigorre.fr\/index.php?rest_route=\/wp\/v2\/pages\/15611","targetHints":{"allow":["GET"]}}],"collection":[{"href":"https:\/\/paroisses-vic-bigorre.fr\/index.php?rest_route=\/wp\/v2\/pages"}],"about":[{"href":"https:\/\/paroisses-vic-bigorre.fr\/index.php?rest_route=\/wp\/v2\/types\/page"}],"author":[{"embeddable":true,"href":"https:\/\/paroisses-vic-bigorre.fr\/index.php?rest_route=\/wp\/v2\/users\/1"}],"replies":[{"embeddable":true,"href":"https:\/\/paroisses-vic-bigorre.fr\/index.php?rest_route=%2Fwp%2Fv2%2Fcomments&post=15611"}],"version-history":[{"count":5,"href":"https:\/\/paroisses-vic-bigorre.fr\/index.php?rest_route=\/wp\/v2\/pages\/15611\/revisions"}],"predecessor-version":[{"id":15628,"href":"https:\/\/paroisses-vic-bigorre.fr\/index.php?rest_route=\/wp\/v2\/pages\/15611\/revisions\/15628"}],"wp:attachment":[{"href":"https:\/\/paroisses-vic-bigorre.fr\/index.php?rest_route=%2Fwp%2Fv2%2Fmedia&parent=15611"}],"curies":[{"name":"wp","href":"https:\/\/api.w.org\/{rel}","templated":true}]}}