{"id":1171,"date":"2019-11-27T16:30:21","date_gmt":"2019-11-27T15:30:21","guid":{"rendered":"http:\/\/paroisses-vic-bigorre.com\/?page_id=1171"},"modified":"2026-01-14T11:27:44","modified_gmt":"2026-01-14T10:27:44","slug":"vic-bigorre-eglise-st-martin","status":"publish","type":"page","link":"https:\/\/paroisses-vic-bigorre.fr\/?page_id=1171","title":{"rendered":"Vic en Bigorre : \u00e9glise St-Martin"},"content":{"rendered":"<h4><\/h4>\n<h4><a href=\"https:\/\/paroisses-vic-bigorre.fr\/wp-content\/uploads\/2024\/06\/Eglise-Vic-jonq.jpg\"><img loading=\"lazy\" decoding=\"async\" class=\"aligncenter wp-image-13838 size-medium\" src=\"https:\/\/paroisses-vic-bigorre.fr\/wp-content\/uploads\/2024\/06\/Eglise-Vic-jonq-300x294.jpg\" alt=\"\" width=\"300\" height=\"294\" srcset=\"https:\/\/paroisses-vic-bigorre.fr\/wp-content\/uploads\/2024\/06\/Eglise-Vic-jonq-300x294.jpg 300w, https:\/\/paroisses-vic-bigorre.fr\/wp-content\/uploads\/2024\/06\/Eglise-Vic-jonq-150x147.jpg 150w, https:\/\/paroisses-vic-bigorre.fr\/wp-content\/uploads\/2024\/06\/Eglise-Vic-jonq.jpg 571w\" sizes=\"auto, (max-width: 300px) 100vw, 300px\" \/><\/a><\/h4>\n<h4><span style=\"color: #ff6600;\"><strong>La commune<\/strong><\/span><\/h4>\n<h5 style=\"text-align: right;\"><em>\u00a0 4 721 habitants (2024)<\/em><\/h5>\n<p>La commune de Vic-Bigorre en situ\u00e9e entre entre les coteaux du B\u00e9arn \u00e0 l&rsquo;ouest et ceux de l&rsquo;Armagnac \u00e0 l&rsquo;est. Elle est arros\u00e9e par l&rsquo;Adour et l&rsquo;Echez. Elle est situ\u00e9 en Val d&rsquo;Adour et est le si\u00e8ge de la Communaut\u00e9 de communes ADOUR-MADIRAN. C&rsquo;est une commune \u00e0 haut niveau de service comportant notamment trois lyc\u00e9es (g\u00e9n\u00e9ral &#8211; agricole &#8211; professionnel), deux coll\u00e8ges et trois \u00e9coles. Elle dispose aussi d&rsquo;un h\u00f4pital local, de trois maisons de retraite, de deux unit\u00e9s d &lsquo;accueil Alzheimer.<\/p>\n<p style=\"text-align: justify;\">Ses origines, tr\u00e8s anciennes, sont li\u00e9es \u00e0 un passage \u00e0 gu\u00e9 de l\u2019Echez, affluent gauche de l\u2019Adour. Le nom lui-m\u00eame, Vic, issu du latin vicus (le faubourg ou le camp) signe l\u2019origine antique de notre cit\u00e9, il y a pratiquement 2000 ans par la volont\u00e9 des Romains. Partout dans l\u2019espace vicquois ils ont laiss\u00e9 de nombreuses traces arch\u00e9ologiques prouvant leur forte emprise administrative, \u00e9conomique et spatiale autour de leur capitale bigourdane BIGORRA ou SAINT LEZER d\u2019aujourd\u2019hui. Mais le plan actuel de la ville de Vic \u00e0 l\u2019int\u00e9rieur de son canal creus\u00e9 par l\u2019homme date de 115, en plein Moyen Age. Il a \u00e9t\u00e9 voulu, dessin\u00e9 et fix\u00e9 au sol par le Comte de Bigorre Pierre de Marsan. Cet espace m\u00e9di\u00e9val fortifi\u00e9 conserve au XXIe si\u00e8cle son dessin original m\u00eame si les murailles et le ch\u00e2teau fort ont disparu au cours des guerres de Religion entre 1560 et 1590, f\u00e9roces en Val d\u2019Adour. L\u2019\u00e9glise gothique fortifi\u00e9e au XIVe si\u00e8cle, incendi\u00e9e et pill\u00e9e pendant ces guerres a \u00e9t\u00e9 assez maladroitement restaur\u00e9e vers 1880 perdant ainsi sa belle originalit\u00e9 en m\u00eame temps que son clocher mur, typique de la Bigorre m\u00e9di\u00e9vale.<\/p>\n<p style=\"text-align: justify;\">Le XVIIIe si\u00e8cle affirme une belle renaissance patrimoniale marquant solidement Vic. Gr\u00e2ce \u00e0 la prosp\u00e9rit\u00e9 agricole g\u00e9n\u00e9r\u00e9e par les grains, les chevaux et les vins, Vic s\u2019enrichit de beaux h\u00f4tels particuliers ( de Journet, de Lalande d&rsquo;Olce, de St-Pastous&#8230;) , de maisons bourgeoises (Rosapelly),\u00a0 de manoirs (Labarthe, Saint-Aunis).<\/p>\n<p style=\"text-align: justify;\">Le XIXe si\u00e8cle installe le fer et l\u2019acier avec la voie ferr\u00e9e et la gare en 1859 et l\u2019une des 4 plus grandes halles du d\u00e9partement, fa\u00e7on Baltard, qui prouve la vitalit\u00e9 du vieux march\u00e9 m\u00e9di\u00e9val du samedi rest\u00e9 cher aux vicquois d\u2019aujourd\u2019hui.<\/p>\n<p style=\"text-align: right;\">Source Guy Cassagnet<\/p>\n<h4><img loading=\"lazy\" decoding=\"async\" class=\"aligncenter\" src=\"https:\/\/upload.wikimedia.org\/wikipedia\/commons\/thumb\/6\/64\/Blason_ville_fr_Vic-en-Bigorre_%2865%29.svg\/545px-Blason_ville_fr_Vic-en-Bigorre_%2865%29.svg.png\" alt=\"Fichier:Blason ville fr Vic-en-Bigorre (65).svg\" width=\"154\" height=\"169\" \/><\/h4>\n<h4><\/h4>\n<h4 style=\"text-align: center;\"><span style=\"color: #ff6600;\"><strong>L&rsquo;\u00e9glise Saint-Martin<\/strong><\/span><\/h4>\n<p style=\"text-align: justify;\">L&rsquo;\u00c9glise Saint-Martin est le seul \u00e9difice en partie m\u00e9di\u00e9val que conserve la ville. Cumulant la tradition romane d&rsquo;un choix populaire gascon, pour la vaste nef unique, et la r\u00e9f\u00e9rence locale des b\u00e2tisseurs, pour les espaces larges et ininterrompus dans la \u00ab\u00a0ligne architecturale\u00a0\u00bb m\u00e9ridionale b\u00e2tie gothique du 14\u00e8me si\u00e8cle remani\u00e9e au 19\u00e8me, elle rec\u00e8le des pi\u00e8ces remarquables tels un orgue du 17\u00e8me si\u00e8cle, un retable de bois dor\u00e9 du 17\u00e8me, une chaire sculpt\u00e9e, des fonts baptismaux d&rsquo;un tr\u00e8s beau marbre, une grille ouvrag\u00e9e, chef-d&rsquo;\u0153uvre de ferronnerie.<\/p>\n<a href=\"https:\/\/paroisses-vic-bigorre.fr\/wp-content\/uploads\/2024\/06\/Livret-juin-2024.pdf\" class=\"pdfemb-viewer\" style=\"\" data-width=\"max\" data-height=\"max\" data-toolbar=\"bottom\" data-toolbar-fixed=\"on\">Livret juin 2024<\/a>\n<p style=\"text-align: center;\"><a href=\"https:\/\/paroisses-vic-bigorre.fr\/wp-content\/uploads\/2024\/06\/Livret-juin-2024.pdf\" target=\"_blank\" rel=\"noopener noreferrer\"><strong><span style=\"color: #008000;\"><span style=\"text-decoration: underline;\"><span style=\"color: #e33714; text-decoration: underline;\">Guide de visite\u00a0 de l&rsquo;\u00e9glise Saint-Martin de Vic en Bigorre<\/span><\/span><\/span><\/strong><\/a><\/p>\n<p style=\"text-align: center;\"><span style=\"color: #008000;\"><a style=\"color: #008000;\" href=\"https:\/\/www.histovic.com\/visite-vic-en-bigorre\/\" target=\"_blank\" rel=\"noopener noreferrer\">En savoir plus sur l&rsquo;\u00e9glise sur le site Histovic de Claude Larronde<\/a><\/span><\/p>\n<h4 style=\"text-align: center;\"><span style=\"color: #ff6600;\"><strong>La chapelle de l&rsquo;h\u00f4pital des Acacias<\/strong><\/span><\/h4>\n<p style=\"text-align: justify;\">Cet h\u00f4pital autrefois un hospice tenu par les Petites S\u0153urs des Pauvres puis devenu s\u00e9minaire de la Congr\u00e9gation des P\u00e8re de Garaison\u00a0(MIC) est devenu un h\u00f4pital public comprenant plusieurs \u00e9tablissements. Le b\u00e2timent ancien comporte une chapelle r\u00e9nov\u00e9e dans laquelle sont c\u00e9l\u00e9br\u00e9es des messes et des obs\u00e8ques.<\/p>\n<div id=\"attachment_13842\" style=\"width: 251px\" class=\"wp-caption aligncenter\"><img loading=\"lazy\" decoding=\"async\" aria-describedby=\"caption-attachment-13842\" class=\"wp-image-13842\" src=\"https:\/\/paroisses-vic-bigorre.fr\/wp-content\/uploads\/2024\/06\/Vic-Chapelle-Hopital-300x225.jpg\" alt=\"\" width=\"241\" height=\"181\" srcset=\"https:\/\/paroisses-vic-bigorre.fr\/wp-content\/uploads\/2024\/06\/Vic-Chapelle-Hopital-300x225.jpg 300w, https:\/\/paroisses-vic-bigorre.fr\/wp-content\/uploads\/2024\/06\/Vic-Chapelle-Hopital-1024x768.jpg 1024w, https:\/\/paroisses-vic-bigorre.fr\/wp-content\/uploads\/2024\/06\/Vic-Chapelle-Hopital-768x576.jpg 768w, https:\/\/paroisses-vic-bigorre.fr\/wp-content\/uploads\/2024\/06\/Vic-Chapelle-Hopital-1536x1152.jpg 1536w, https:\/\/paroisses-vic-bigorre.fr\/wp-content\/uploads\/2024\/06\/Vic-Chapelle-Hopital-2048x1536.jpg 2048w, https:\/\/paroisses-vic-bigorre.fr\/wp-content\/uploads\/2024\/06\/Vic-Chapelle-Hopital-150x113.jpg 150w\" sizes=\"auto, (max-width: 241px) 100vw, 241px\" \/><p id=\"caption-attachment-13842\" class=\"wp-caption-text\">Chapelle de l&rsquo;H\u00f4pital des Acacias<\/p><\/div>\n<h4 style=\"text-align: center;\"><span style=\"color: #ff6600;\"><strong>L&rsquo;ancien Clo\u00eetre des Minimes<\/strong><\/span><\/h4>\n<p style=\"text-align: justify;\">L&rsquo;ordre des Minimes est un ordre dit \u00ab\u00a0mendiant\u00a0\u00bb cr\u00e9e par une bulle du Pape Pie V en 1567. La r\u00e8gle de l&rsquo;Ordre des Minimes impose une vie de p\u00e9nitence et de contemplation, mais \u00e9galement de pr\u00e9dication et d&rsquo;assistance, d&rsquo;o\u00f9 une implication dans la vie sociale. Cet ordre a connu un essor consid\u00e9rable au XVII \u00e8me si\u00e8cle.<\/p>\n<p style=\"text-align: justify;\">En 1609, la ville de Vic en Bigorre, repr\u00e9sent\u00e9e par ses consuls, signe le contrat de fondation d&rsquo;un couvent des Minimes qu&rsquo;elle s&rsquo;engage \u00e0 construire en limite du bourg.<\/p>\n<p style=\"text-align: justify;\">Cet \u00e9tablissement comprendra un couvent avec son cloitre et une chapelle. Ce n&rsquo;est qu&rsquo;en 1640 que le couvent sera peu \u00e0 peu achev\u00e9. Des travaux d&rsquo;am\u00e9lioration sont effectu\u00e9s en 1770 : d\u00e9coration de la salle du chapitre et logement du prieur (toujours existant dans une maison priv\u00e9e de la rue des Minimes). En 1790, la Constituante supprime les ordres religieux et confisque leurs biens. Le couvent des Minimes n&rsquo;\u00e9chappe pas \u00e0 la r\u00e8gle. La municipalit\u00e9 tente de l&rsquo;acheter mais l&rsquo;Etat pr\u00e9f\u00e8re le vendre \u00e0 un particulier. La Chapelle et divers b\u00e2timents vont \u00eatre d\u00e9truits et le morcellement au XIX \u00e8me si\u00e8cle entre plusieurs propri\u00e9taires finira par occulter l&rsquo;existence m\u00eame du clo\u00eetre aux yeux des vicquois.<\/p>\n<p style=\"text-align: justify;\">En 2005, la commune a proc\u00e9d\u00e9 \u00e0 l&rsquo;acquisition d&rsquo;une aile de cet ancien couvent d\u00e9bouchant sur la rue des Minimes. Elle a fait effectuer en 2007 une \u00e9tude par un Architecte du Patrimoine portant sur sa r\u00e9habilitation.<\/p>\n<div id=\"attachment_13848\" style=\"width: 269px\" class=\"wp-caption aligncenter\"><img loading=\"lazy\" decoding=\"async\" aria-describedby=\"caption-attachment-13848\" class=\"wp-image-13848 size-full\" src=\"https:\/\/paroisses-vic-bigorre.fr\/wp-content\/uploads\/2024\/06\/Vic-Minimes.jpg\" alt=\"\" width=\"259\" height=\"194\" srcset=\"https:\/\/paroisses-vic-bigorre.fr\/wp-content\/uploads\/2024\/06\/Vic-Minimes.jpg 259w, https:\/\/paroisses-vic-bigorre.fr\/wp-content\/uploads\/2024\/06\/Vic-Minimes-150x112.jpg 150w\" sizes=\"auto, (max-width: 259px) 100vw, 259px\" \/><p id=\"caption-attachment-13848\" class=\"wp-caption-text\">Clo\u00eetre des Minimes (partie visible de la rue)<\/p><\/div>\n<p style=\"text-align: justify;\">En 2010, les propri\u00e9taires priv\u00e9s confrontants du clo\u00eetre ont accept\u00e9 de c\u00e9der gratuitement ou mettre \u00e0 disposition la cour du cloitre ouvrant la possibilit\u00e9 d&rsquo;entamer une premi\u00e8re cession de travaux : d\u00e9molition de b\u00e2timents sans int\u00e9r\u00eat architectural, nettoyage de la cour et am\u00e9nagement d&rsquo;une \u00ab\u00a0vue\u00a0\u00bb depuis la rue sur cette derni\u00e8re.<\/p>\n<p style=\"text-align: justify;\">Une seconde phase pourra suivre pour mettre en valeur la cour, l&rsquo;aile nord et la partie sur la rue des Minimes. Le reste du chantier sera de longue haleine et n\u00e9cessitera plusieurs dizaines d&rsquo;ann\u00e9es avant que ne puisse \u00eatre effectu\u00e9e une mise en valeur compl\u00e8te de cet ensemble dont l&rsquo;inscription \u00e0 l&rsquo;Inventaire Suppl\u00e9mentaire des Monuments Historiques (ISMH) est en cours.<\/p>\n<h4 style=\"text-align: center;\"><span style=\"color: #ff6600;\"><strong>Saint-Martin de Tours<\/strong><\/span><\/h4>\n<p style=\"text-align: justify;\">Les \u00c9glises d&rsquo;Orient l&rsquo;appellent aussi \u00ab\u00a0saint Martin le Mis\u00e9ricordieux\u00a0\u00bb. Il est n\u00e9 en Pannonie, l&rsquo;actuelle Hongrie, sur les fronti\u00e8res de l&#8217;empire romain o\u00f9 son p\u00e8re \u00e9tait en garnison. A 15 ans, il est soldat car la loi romaine obligeait les fils de soldats \u00e0 s&rsquo;enr\u00f4ler dans l&rsquo;arm\u00e9e. Il est mut\u00e9 en Gaule et c&rsquo;est l\u00e0, qu&rsquo;\u00e0 Amiens, il rencontre le pauvre grelottant \u00e0 qui il donne son manteau\u00a0 et dont il apprend durant la nuit que c&rsquo;est le Christ qui lui a fait cette demande. Il h\u00e9sitait \u00e0 devenir chr\u00e9tien, il s&rsquo;y d\u00e9cide enfin. Il quitte l&rsquo;arm\u00e9e pour rejoindre saint Hilaire \u00e0 Poitiers. Avec lui, il fonde le premier monast\u00e8re des Gaules, \u00e0 Ligug\u00e9, en Poitou. C&rsquo;est l\u00e0 qu&rsquo;il sera enlev\u00e9 par les habitants de Tours qui en font leur \u00e9v\u00eaque. Mais l&rsquo;ancien soldat devenu chr\u00e9tien ne s&rsquo;enfermera pas dans sa cit\u00e9. Il \u00e9vang\u00e9lisera parcourant les campagnes jusqu&rsquo;\u00e0 sa mort, \u00e0 Candes, sur les bords de Loire, disant: \u00ab\u00a0Seigneur, s&rsquo;il le faut, garde-moi en vie, car je ne refuse pas le labeur.<\/p>\n<p style=\"text-align: right;\"><em>Source : Martyrologe romain &#8211;\u00a0 Nominis<\/em><\/p>\n<p><img loading=\"lazy\" decoding=\"async\" class=\"size-medium wp-image-13847 aligncenter\" src=\"https:\/\/paroisses-vic-bigorre.fr\/wp-content\/uploads\/2024\/06\/St-Martin-Vitrail-207x300.jpg\" alt=\"\" width=\"207\" height=\"300\" srcset=\"https:\/\/paroisses-vic-bigorre.fr\/wp-content\/uploads\/2024\/06\/St-Martin-Vitrail-207x300.jpg 207w, https:\/\/paroisses-vic-bigorre.fr\/wp-content\/uploads\/2024\/06\/St-Martin-Vitrail-103x150.jpg 103w, https:\/\/paroisses-vic-bigorre.fr\/wp-content\/uploads\/2024\/06\/St-Martin-Vitrail.jpg 343w\" sizes=\"auto, (max-width: 207px) 100vw, 207px\" \/><\/p>\n<h5 style=\"text-align: center;\"><a href=\"http:\/\/diocesedetours.catholique.fr\/le-diocese\/son-histoire\/saint-martin-de-tours\/\" target=\"_blank\" rel=\"noopener noreferrer\"><span style=\"color: #0000ff;\">En savoir plus sur Saint-Martin de Tours<\/span><\/a><\/h5>\n<p>&nbsp;<\/p>\n<p>&nbsp;<\/p>\n<p style=\"text-align: center;\">\n","protected":false},"excerpt":{"rendered":"<p>La commune \u00a0 4 721 habitants (2024) La commune de Vic-Bigorre en situ\u00e9e entre entre les coteaux du B\u00e9arn \u00e0 l&rsquo;ouest et ceux de l&rsquo;Armagnac \u00e0 l&rsquo;est. Elle est arros\u00e9e&#8230;<\/p>\n<p> <a class=\"continue-reading-link\" href=\"https:\/\/paroisses-vic-bigorre.fr\/?page_id=1171\"><span>LIRE LA SUITE<\/span><i class=\"crycon-right-dir\"><\/i><\/a> <\/p>\n","protected":false},"author":2,"featured_media":0,"parent":0,"menu_order":0,"comment_status":"closed","ping_status":"closed","template":"","meta":{"footnotes":""},"class_list":["post-1171","page","type-page","status-publish","hentry"],"jetpack_sharing_enabled":true,"_links":{"self":[{"href":"https:\/\/paroisses-vic-bigorre.fr\/index.php?rest_route=\/wp\/v2\/pages\/1171","targetHints":{"allow":["GET"]}}],"collection":[{"href":"https:\/\/paroisses-vic-bigorre.fr\/index.php?rest_route=\/wp\/v2\/pages"}],"about":[{"href":"https:\/\/paroisses-vic-bigorre.fr\/index.php?rest_route=\/wp\/v2\/types\/page"}],"author":[{"embeddable":true,"href":"https:\/\/paroisses-vic-bigorre.fr\/index.php?rest_route=\/wp\/v2\/users\/2"}],"replies":[{"embeddable":true,"href":"https:\/\/paroisses-vic-bigorre.fr\/index.php?rest_route=%2Fwp%2Fv2%2Fcomments&post=1171"}],"version-history":[{"count":12,"href":"https:\/\/paroisses-vic-bigorre.fr\/index.php?rest_route=\/wp\/v2\/pages\/1171\/revisions"}],"predecessor-version":[{"id":16270,"href":"https:\/\/paroisses-vic-bigorre.fr\/index.php?rest_route=\/wp\/v2\/pages\/1171\/revisions\/16270"}],"wp:attachment":[{"href":"https:\/\/paroisses-vic-bigorre.fr\/index.php?rest_route=%2Fwp%2Fv2%2Fmedia&parent=1171"}],"curies":[{"name":"wp","href":"https:\/\/api.w.org\/{rel}","templated":true}]}}