{"id":1137,"date":"2019-11-27T13:18:40","date_gmt":"2019-11-27T12:18:40","guid":{"rendered":"http:\/\/paroisses-vic-bigorre.com\/?page_id=1137"},"modified":"2026-01-14T11:38:27","modified_gmt":"2026-01-14T10:38:27","slug":"villenave-pres-marsac-eglise-de-la-nativite-de-la-vierge","status":"publish","type":"page","link":"https:\/\/paroisses-vic-bigorre.fr\/?page_id=1137","title":{"rendered":"Villenave-pr\u00e8s-Marsac : \u00e9glise nativit\u00e9 Vierge"},"content":{"rendered":"<p><a href=\"https:\/\/paroisses-vic-bigorre.fr\/wp-content\/uploads\/2024\/06\/Villenave-PM.jpg\"><img loading=\"lazy\" decoding=\"async\" class=\"aligncenter\" src=\"https:\/\/upload.wikimedia.org\/wikipedia\/commons\/a\/a9\/Blason_ville_fr_Villenave-pr%C3%A8s-Marsac_%2865%29.svg\" alt=\"Fichier:Blason ville fr Villenave-pr\u00e8s-Marsac (65).svg ...\" width=\"122\" height=\"134\" \/><\/a><\/p>\n<p>&nbsp;<\/p>\n<h4 style=\"text-align: center;\"><strong><span style=\"color: #ff6600;\">La Commune<\/span><\/strong><\/h4>\n<p style=\"text-align: right;\">110 habitants (2023)<\/p>\n<p style=\"text-align: justify;\">Villenave-pr\u00e8s-Marsac est une petite commune dont les habitants sont appel\u00e9s les Villenaviens et les Villenaviennes. Les 110 habitants du village de Villenave-pr\u00e8s-Marsac vivent sur un territoire d&rsquo;environ 1 km2 et une altitude moyenne de 244 m. Villenave-Pr\u00e8s-Marsac fait partie du canton de Vic-en-Bigorre et appartient \u00e0 la Communaut\u00e9 de Communes d&rsquo; Adour Madiran<\/p>\n<p style=\"text-align: justify;\"><span style=\"font-family: Calibri, Arian, sans-serif;\">Les Romains ont am\u00e9nag\u00e9 et ma\u00eetris\u00e9 ce bel espace au bord de l&rsquo;Adour. Ils y ont laiss\u00e9 des amphores et des tessons antiques mais aussi le toponyme Marsac ou \u00ab\u00a0Marcius\u00a0\u00bb nom d&rsquo;homme latin. La simplicit\u00e9 du nom gascon \u00ab\u00a0le village nouveau\u00a0\u00bb prouve sa fondation au moyen \u00e2ge, attest\u00e9 d\u00e8s le XII\u00e8me si\u00e8cle.<\/span><\/p>\n<p style=\"text-align: justify;\">Le village est rest\u00e9 depuis la fin du moyen \u00e2ge sous la domination de seigneurs voisins puissants, les seigneurs de Marsac au XIV\u00e8me si\u00e8cle et les barons de Bazillac \u00e0 partir du si\u00e8cle suivant.<\/p>\n<h4 style=\"text-align: center;\"><strong><span style=\"color: #ff6600;\">L&rsquo;Eglise de la Nativit\u00e9<\/span><\/strong><\/h4>\n<p><a href=\"https:\/\/paroisses-vic-bigorre.fr\/wp-content\/uploads\/2024\/06\/Villenave-PM.jpg\"><img loading=\"lazy\" decoding=\"async\" class=\"aligncenter wp-image-13954 size-medium\" src=\"https:\/\/paroisses-vic-bigorre.fr\/wp-content\/uploads\/2024\/06\/Villenave-PM-300x204.jpg\" alt=\"\" width=\"300\" height=\"204\" srcset=\"https:\/\/paroisses-vic-bigorre.fr\/wp-content\/uploads\/2024\/06\/Villenave-PM-300x204.jpg 300w, https:\/\/paroisses-vic-bigorre.fr\/wp-content\/uploads\/2024\/06\/Villenave-PM-768x522.jpg 768w, https:\/\/paroisses-vic-bigorre.fr\/wp-content\/uploads\/2024\/06\/Villenave-PM-150x102.jpg 150w, https:\/\/paroisses-vic-bigorre.fr\/wp-content\/uploads\/2024\/06\/Villenave-PM-412x280.jpg 412w, https:\/\/paroisses-vic-bigorre.fr\/wp-content\/uploads\/2024\/06\/Villenave-PM.jpg 800w\" sizes=\"auto, (max-width: 300px) 100vw, 300px\" \/><\/a><\/p>\n<p style=\"text-align: justify;\">Eglise romane, restaur\u00e9e au XVIII\u00e8me si\u00e8cle, elle compte encore quelques vestiges du XII-XIII\u00e8me si\u00e8cle. Elle a d&rsquo;abord \u00e9t\u00e9 d\u00e9di\u00e9e \u00e0 Sainte Foy, comme \u00e0 Morlaas, avant de l&rsquo;\u00eatre\u00a0 \u00e0 Saint Bruno puis\u00a0 la Vierge (nativit\u00e9) Cet \u00e9difice est construit en brique et en galets. C&rsquo;est un b\u00e2timent \u00e0 nef unique charpent\u00e9e, avec un abside en cul-de-four et un clocher-mur \u00e0 deux arcades. Toutes les ouvertures ont \u00e9t\u00e9 remani\u00e9es au XVIII\u00e8me si\u00e8cle, ainsi que le mobilier et les boiseries qui datent de cette p\u00e9riode. A noter que cette \u00e9glise est actuellement ferm\u00e9e pour des raisons de s\u00e9curit\u00e9. Le culte se d\u00e9roule dans l&rsquo;\u00e9glise St-Pierre de la commune limitrophe de Marsac.<\/p>\n<h4 style=\"text-align: center;\"><strong><span style=\"color: #ff6600;\">La Nativit\u00e9 de la Vierge Marie<\/span><\/strong><\/h4>\n<p style=\"text-align: justify;\">Les \u00e9vang\u00e9listes ne nous disent pas o\u00f9 est n\u00e9e Marie. On sait seulement qu&rsquo;elle \u00e9tait parente d&rsquo;\u00c9lisabeth qui habitait en Jud\u00e9e. Il n&rsquo;est donc pas impossible qu&rsquo;elle soit elle-m\u00eame originaire de J\u00e9rusalem comme le veut une antique tradition dont on trouve trace dans l&rsquo;\u00e9vangile apocryphe de Jacques, qui nous parle des parents de la Vierge, Joachim et Anne Il existait \u00e9galement et tr\u00e8s anciennement, \u00e0 J\u00e9rusalem, une maison appel\u00e9e \u00ab\u00a0la Maison d&rsquo;Anne.\u00a0\u00bb Pr\u00e8s de cette maison fut \u00e9rig\u00e9e une \u00e9glise dont la d\u00e9dicace eut lieu un 8 septembre. L&rsquo;anniversaire de cette d\u00e9dicace fut comm\u00e9mor\u00e9 chaque ann\u00e9e. La f\u00eate s&rsquo;\u00e9tendit \u00e0 Constantinople au Ve si\u00e8cle puis en Occident. Plus tard, on lui adjoignit la f\u00eate de sa conception, neuf mois auparavant d&rsquo;o\u00f9 le 8 d\u00e9cembre. Nativit\u00e9 de la Vierge, enluminure du XVe si\u00e8cle. La Nativit\u00e9 de Marie est une des grandes f\u00eates de l&rsquo;ann\u00e9e liturgique byzantine car elle inaugure l&rsquo;\u00e9conomie du salut et l&rsquo;inscription du Verbe de Dieu dans l&rsquo;histoire des hommes.<br \/>\nIllustration: Nativit\u00e9 de la Vierge, enluminure du XVe sc. dans l&rsquo;ouvrage &lsquo;Roman de Dieu et de sa m\u00e8re&rsquo;, source: Institut de recherche et d&rsquo;histoire des textes &#8211; CNRS.<br \/>\n\u00ab\u00a0Depuis le VIe si\u00e8cle, on v\u00e9n\u00e8re \u00e0 J\u00e9rusalem, pr\u00e8s de la piscine de B\u00e9zatha, le lieu o\u00f9 serait n\u00e9e la Vierge Marie. C&rsquo;est dans la basilique de la Nativit\u00e9 de Marie, que saint Jean Damasc\u00e8ne proclamait de f\u00eater dans la joie ce jour qui a vu na\u00eetre la M\u00e8re du Christ, elle qui est le &lsquo;commencement du salut&rsquo;. Elle est la patronne principale du dioc\u00e8se de Tarbes et Lourdes.<br \/>\nElle est actuellement sainte patronne de la Cath\u00e9drale de Tarbes, mais aussi \u00e0 Ansost, Auri\u00e9bat, Banios, B\u00e9nac, Bourisp, Houeydets, Lagarde, Lahitte-Bonnefont, Lutilhous, Montastruc, Ol\u00e9ac-Debat, P\u00e9r\u00e9, Pinas, S\u00e9galas et Villenave-pr\u00e8s-Marsac.\u00a0\u00bb (dioc\u00e8se de Tarbes et Lourdes).<\/p>\n<p style=\"text-align: center;\"><span style=\"color: #0000ff;\">F\u00eate :\u00a0 8 septembre<\/span><\/p>\n<p style=\"text-align: right;\">Source : Martyrologe romain &#8211; Nominis<\/p>\n<p style=\"text-align: center;\"><img decoding=\"async\" src=\"https:\/\/nominis.cef.fr\/images\/gallerie\/nativitemarie.jpg\" alt=\"Nativit\u00e9 de la Vierge, enluminure du XVe sc\" \/><\/p>\n","protected":false},"excerpt":{"rendered":"<p>&nbsp; La Commune 110 habitants (2023) Villenave-pr\u00e8s-Marsac est une petite commune dont les habitants sont appel\u00e9s les Villenaviens et les Villenaviennes. Les 110 habitants du village de Villenave-pr\u00e8s-Marsac vivent sur&#8230;<\/p>\n<p> <a class=\"continue-reading-link\" href=\"https:\/\/paroisses-vic-bigorre.fr\/?page_id=1137\"><span>LIRE LA SUITE<\/span><i class=\"crycon-right-dir\"><\/i><\/a> <\/p>\n","protected":false},"author":2,"featured_media":0,"parent":0,"menu_order":0,"comment_status":"closed","ping_status":"closed","template":"","meta":{"footnotes":""},"class_list":["post-1137","page","type-page","status-publish","hentry"],"jetpack_sharing_enabled":true,"_links":{"self":[{"href":"https:\/\/paroisses-vic-bigorre.fr\/index.php?rest_route=\/wp\/v2\/pages\/1137","targetHints":{"allow":["GET"]}}],"collection":[{"href":"https:\/\/paroisses-vic-bigorre.fr\/index.php?rest_route=\/wp\/v2\/pages"}],"about":[{"href":"https:\/\/paroisses-vic-bigorre.fr\/index.php?rest_route=\/wp\/v2\/types\/page"}],"author":[{"embeddable":true,"href":"https:\/\/paroisses-vic-bigorre.fr\/index.php?rest_route=\/wp\/v2\/users\/2"}],"replies":[{"embeddable":true,"href":"https:\/\/paroisses-vic-bigorre.fr\/index.php?rest_route=%2Fwp%2Fv2%2Fcomments&post=1137"}],"version-history":[{"count":3,"href":"https:\/\/paroisses-vic-bigorre.fr\/index.php?rest_route=\/wp\/v2\/pages\/1137\/revisions"}],"predecessor-version":[{"id":16272,"href":"https:\/\/paroisses-vic-bigorre.fr\/index.php?rest_route=\/wp\/v2\/pages\/1137\/revisions\/16272"}],"wp:attachment":[{"href":"https:\/\/paroisses-vic-bigorre.fr\/index.php?rest_route=%2Fwp%2Fv2%2Fmedia&parent=1137"}],"curies":[{"name":"wp","href":"https:\/\/api.w.org\/{rel}","templated":true}]}}