{"id":11176,"date":"2022-12-08T18:06:19","date_gmt":"2022-12-08T17:06:19","guid":{"rendered":"http:\/\/paroisses-vic-bigorre.com\/?page_id=11176"},"modified":"2025-10-31T17:40:53","modified_gmt":"2025-10-31T16:40:53","slug":"le-pere-claude-roland-ramboanandrasana","status":"publish","type":"page","link":"https:\/\/paroisses-vic-bigorre.fr\/?page_id=11176","title":{"rendered":"L&rsquo;Abb\u00e9 Claude Roland RAMBOANANDRASANA"},"content":{"rendered":"<p>Le P\u00e8re Claude Roland RAMBOANANDRASANA est arriv\u00e9 dans notre paroisse depuis le 25 novembre. Il est \u00e9tudiant \u00e0 l\u2019Institut Catholique de Toulouse et il r\u00e9side au presbyt\u00e8re de Vic. Il passera trois ann\u00e9es dans le dioc\u00e8se de Tarbes et Lourdes.\u00a0 Il se pr\u00e9sente \u00e0 nous :<\/p>\n<blockquote><p>Je suis n\u00e9 le\u00a0 8 Janvier 1987 \u00e0 Farihitsara -Antsirabe- (R\u00e9publique de Madagascar), de\u00a0 RAFANOMEZANTSOA Martial et de RAZAFINDRAVAO Fran\u00e7oise.\u00a0 J\u2019ai fait mes \u00e9tudes primaire, et secondaire, avant d\u2019entrer au S\u00e9minaire, en 2003. J\u2019ai \u00e9t\u00e9 ordonn\u00e9 pr\u00eatre le 29 juillet 2017.<\/p>\n<p>Pendant mes trois ann\u00e9es de sacerdoce, j\u2019ai \u00e9t\u00e9 vicaire de la paroisse d\u2019Antsiriribe. Apr\u00e8s deux ann\u00e9es, l\u2019Ev\u00eaque m\u2019a nomm\u00e9 vicaire \u00e0 la Paroisse-cath\u00e9drale Antsirabe. Aujourd\u2019hui, mon dioc\u00e8se m\u2019a envoy\u00e9 pr\u00e9parer\u00a0 la licence canonique en th\u00e9ologie biblique \u00e0 l\u2019Institut Catholique de Toulouse.<\/p>\n<p>Durant\u00a0 mon s\u00e9jour en France, l\u2019\u00e9v\u00eaque de Tarbes et Lourdes m\u2019a envoy\u00e9 ici \u00e0 la paroisse Vic-en-Bigorre, pour une insertion pastorale. Je suis arriv\u00e9 le 25 Novembre, et suis ravi de vous avoir, chers fr\u00e8res et s\u0153urs paroissiens, chers pr\u00eatres, pour m\u2019aider dans la mission que l\u2019Eglise m\u2019a confi\u00e9.<\/p><\/blockquote>\n","protected":false},"excerpt":{"rendered":"<p>Le P\u00e8re Claude Roland RAMBOANANDRASANA est arriv\u00e9 dans notre paroisse depuis le 25 novembre. Il est \u00e9tudiant \u00e0 l\u2019Institut Catholique de Toulouse et il r\u00e9side au presbyt\u00e8re de Vic. Il&#8230;<\/p>\n<p> <a class=\"continue-reading-link\" href=\"https:\/\/paroisses-vic-bigorre.fr\/?page_id=11176\"><span>LIRE LA SUITE<\/span><i class=\"crycon-right-dir\"><\/i><\/a> <\/p>\n","protected":false},"author":2,"featured_media":0,"parent":0,"menu_order":0,"comment_status":"closed","ping_status":"closed","template":"","meta":{"footnotes":""},"class_list":["post-11176","page","type-page","status-publish","hentry"],"jetpack_sharing_enabled":true,"_links":{"self":[{"href":"https:\/\/paroisses-vic-bigorre.fr\/index.php?rest_route=\/wp\/v2\/pages\/11176","targetHints":{"allow":["GET"]}}],"collection":[{"href":"https:\/\/paroisses-vic-bigorre.fr\/index.php?rest_route=\/wp\/v2\/pages"}],"about":[{"href":"https:\/\/paroisses-vic-bigorre.fr\/index.php?rest_route=\/wp\/v2\/types\/page"}],"author":[{"embeddable":true,"href":"https:\/\/paroisses-vic-bigorre.fr\/index.php?rest_route=\/wp\/v2\/users\/2"}],"replies":[{"embeddable":true,"href":"https:\/\/paroisses-vic-bigorre.fr\/index.php?rest_route=%2Fwp%2Fv2%2Fcomments&post=11176"}],"version-history":[{"count":2,"href":"https:\/\/paroisses-vic-bigorre.fr\/index.php?rest_route=\/wp\/v2\/pages\/11176\/revisions"}],"predecessor-version":[{"id":15625,"href":"https:\/\/paroisses-vic-bigorre.fr\/index.php?rest_route=\/wp\/v2\/pages\/11176\/revisions\/15625"}],"wp:attachment":[{"href":"https:\/\/paroisses-vic-bigorre.fr\/index.php?rest_route=%2Fwp%2Fv2%2Fmedia&parent=11176"}],"curies":[{"name":"wp","href":"https:\/\/api.w.org\/{rel}","templated":true}]}}