{"id":1112,"date":"2019-11-27T08:55:47","date_gmt":"2019-11-27T07:55:47","guid":{"rendered":"http:\/\/paroisses-vic-bigorre.com\/?page_id=1112"},"modified":"2024-06-19T11:54:10","modified_gmt":"2024-06-19T09:54:10","slug":"sacrement-des-malades","status":"publish","type":"page","link":"https:\/\/paroisses-vic-bigorre.fr\/?page_id=1112","title":{"rendered":"Sacrement des malades"},"content":{"rendered":"<p><img loading=\"lazy\" decoding=\"async\" class=\"aligncenter\" src=\"https:\/\/eglise.catholique.fr\/wp-content\/uploads\/sites\/2\/2014\/05\/Signe-de-la-tendresse-du-Pe%CC%80re.jpg\" alt=\"Le sacrement des malades\" width=\"372\" height=\"279\" \/><\/p>\n<p style=\"text-align: justify;\">L&rsquo;onction des malades, appel\u00e9e extr\u00eame-onction avant le concile Vatican II, est un sacrement des \u00c9glises catholique romaine, orthodoxes de tout genre et anglicane par lequel celui qui souffre est confi\u00e9 \u00e0 la compassion du Christ (parfois dit Christ m\u00e9decin). L&rsquo;onction est faite avec une huile b\u00e9nite et est c\u00e9l\u00e9br\u00e9e par un pr\u00eatre.<\/p>\n<p style=\"text-align: center;\"><a href=\"https:\/\/eglise.catholique.fr\/approfondir-sa-foi\/la-celebration-de-la-foi\/les-sacrements\/le-sacrement-des-malades\/\" target=\"_blank\" rel=\"noopener noreferrer\"><span style=\"text-decoration: underline;\">En savoir plus sur le sacrement des malades<\/span><\/a><\/p>\n<p>&nbsp;<\/p>\n","protected":false},"excerpt":{"rendered":"<p>L&rsquo;onction des malades, appel\u00e9e extr\u00eame-onction avant le concile Vatican II, est un sacrement des \u00c9glises catholique romaine, orthodoxes de tout genre et anglicane par lequel celui qui souffre est confi\u00e9&#8230;<\/p>\n<p> <a class=\"continue-reading-link\" href=\"https:\/\/paroisses-vic-bigorre.fr\/?page_id=1112\"><span>LIRE LA SUITE<\/span><i class=\"crycon-right-dir\"><\/i><\/a> <\/p>\n","protected":false},"author":2,"featured_media":0,"parent":0,"menu_order":0,"comment_status":"closed","ping_status":"closed","template":"","meta":{"footnotes":""},"class_list":["post-1112","page","type-page","status-publish","hentry"],"jetpack_sharing_enabled":true,"_links":{"self":[{"href":"https:\/\/paroisses-vic-bigorre.fr\/index.php?rest_route=\/wp\/v2\/pages\/1112","targetHints":{"allow":["GET"]}}],"collection":[{"href":"https:\/\/paroisses-vic-bigorre.fr\/index.php?rest_route=\/wp\/v2\/pages"}],"about":[{"href":"https:\/\/paroisses-vic-bigorre.fr\/index.php?rest_route=\/wp\/v2\/types\/page"}],"author":[{"embeddable":true,"href":"https:\/\/paroisses-vic-bigorre.fr\/index.php?rest_route=\/wp\/v2\/users\/2"}],"replies":[{"embeddable":true,"href":"https:\/\/paroisses-vic-bigorre.fr\/index.php?rest_route=%2Fwp%2Fv2%2Fcomments&post=1112"}],"version-history":[{"count":3,"href":"https:\/\/paroisses-vic-bigorre.fr\/index.php?rest_route=\/wp\/v2\/pages\/1112\/revisions"}],"predecessor-version":[{"id":14205,"href":"https:\/\/paroisses-vic-bigorre.fr\/index.php?rest_route=\/wp\/v2\/pages\/1112\/revisions\/14205"}],"wp:attachment":[{"href":"https:\/\/paroisses-vic-bigorre.fr\/index.php?rest_route=%2Fwp%2Fv2%2Fmedia&parent=1112"}],"curies":[{"name":"wp","href":"https:\/\/api.w.org\/{rel}","templated":true}]}}