{"id":1083,"date":"2019-11-26T18:32:05","date_gmt":"2019-11-26T17:32:05","guid":{"rendered":"http:\/\/paroisses-vic-bigorre.com\/?page_id=1083"},"modified":"2026-01-14T11:13:52","modified_gmt":"2026-01-14T10:13:52","slug":"tarasteix-eglise-de-la-ste-croix","status":"publish","type":"page","link":"https:\/\/paroisses-vic-bigorre.fr\/?page_id=1083","title":{"rendered":"Tarasteix : \u00e9glise de la Ste-Croix"},"content":{"rendered":"<p><img loading=\"lazy\" decoding=\"async\" class=\"aligncenter\" src=\"https:\/\/upload.wikimedia.org\/wikipedia\/commons\/thumb\/e\/e9\/Blason_ville_fr_Tarasteix_%2865%29.svg\/545px-Blason_ville_fr_Tarasteix_%2865%29.svg.png\" alt=\"Fichier:Blason ville fr Tarasteix (65).svg\" width=\"121\" height=\"133\" \/><\/p>\n<p>&nbsp;<\/p>\n<p style=\"text-align: right;\"><em>267 habitants (2023)<\/em><\/p>\n<p style=\"text-align: justify;\">Tarasteix \u00e9tait au Moyen \u00c2ge une seigneurie qui ne devait l&rsquo;hommage \u00e0 aucun suzerain et qui se consid\u00e9rait donc comme souveraine. Cette seigneurie fut achet\u00e9e en 1664 par Henri de Montesquiou seigneur d&rsquo;Artagnan. Son blason t\u00e9moigne du pouvoir \u00e9piscopal sur la commune.<\/p>\n<p style=\"text-align: center;\"><span style=\"color: #ff6600;\"><strong>Eglise paroissiale\u00a0 Sainte-Croix<\/strong><\/span><\/p>\n<p><a href=\"https:\/\/paroisses-vic-bigorre.fr\/wp-content\/uploads\/2024\/06\/Tarasteix.jpg\"><img loading=\"lazy\" decoding=\"async\" class=\"aligncenter wp-image-14013 size-medium\" src=\"https:\/\/paroisses-vic-bigorre.fr\/wp-content\/uploads\/2024\/06\/Tarasteix-300x202.jpg\" alt=\"\" width=\"300\" height=\"202\" srcset=\"https:\/\/paroisses-vic-bigorre.fr\/wp-content\/uploads\/2024\/06\/Tarasteix-300x202.jpg 300w, https:\/\/paroisses-vic-bigorre.fr\/wp-content\/uploads\/2024\/06\/Tarasteix-768x518.jpg 768w, https:\/\/paroisses-vic-bigorre.fr\/wp-content\/uploads\/2024\/06\/Tarasteix-150x101.jpg 150w, https:\/\/paroisses-vic-bigorre.fr\/wp-content\/uploads\/2024\/06\/Tarasteix-416x280.jpg 416w, https:\/\/paroisses-vic-bigorre.fr\/wp-content\/uploads\/2024\/06\/Tarasteix.jpg 1024w\" sizes=\"auto, (max-width: 300px) 100vw, 300px\" \/><\/a><\/p>\n<p>Sur la porte est grav\u00e9e la date de 1663 ce qui pr\u00e9sume que son \u00e9tat actuel est du XVII\u00e8me si\u00e8cle.<\/p>\n<p style=\"text-align: center;\"><strong><span style=\"color: #ff6600;\">ND de l&rsquo;ESPERANCE<\/span><\/strong><\/p>\n<p style=\"text-align: justify;\">A Tarasteix se trouve, \u00e0 l&rsquo;est du bourg, un ancien monast\u00e8re de l&rsquo;ordre des <a href=\"https:\/\/fr.wikipedia.org\/wiki\/Ordre_des_Carmes_d%C3%A9chaux\" target=\"_blank\" rel=\"noopener noreferrer\">Carmes D\u00e9chaux.<\/a> Fond\u00e9e en 1859 par Herman Cohen, pianiste allemand c\u00e9l\u00e8bre, devenu le p\u00e8re Augustin-Marie du TS. Le p\u00e8re Augustin-Marie s&rsquo;y \u00e9tabli en solitude dans son \u00ab\u00a0saint-d\u00e9sert\u00a0\u00bb. Durant la guerre de 1870, il en est expuls\u00e9 en raison de sa nationalit\u00e9. Les lieux furent alors utilis\u00e9s comme prison, colonie de vacances et enfin maison d&rsquo;habitation avant d&rsquo;\u00eatre abandonn\u00e9s. En 1977, un pr\u00eatre breton l&rsquo;Abb\u00e9 Jean-Claude Mercier a entrepris la restauration (remarquable) des lieux et en fait une maison d&rsquo;accueil sous le vocable de \u00ab\u00a0Abbaye ND de l&rsquo;Esp\u00e9rance\u00a0\u00bb . A noter que celle-ci n&rsquo;a jamais \u00e9t\u00e9 reconnue comme \u00e9tablissement religieux par l&rsquo;\u00e9v\u00eaque dioc\u00e9sain. Au terme d&rsquo;une enqu\u00eate canonique,\u00a0 le pape Fran\u00e7ois a sign\u00e9 Le 9 d\u00e9cembre 2022, un d\u00e9cret renvoyant M. Jean-Claude Mercier \u00e0 l&rsquo;\u00e9tat la\u00efque. En cons\u00e9quence, celui-ci ne peut plus officier en tant que pr\u00eatre. De plus celui-ci a \u00e9t\u00e9 condamn\u00e9 par la justice dans une affaire de meurs.<\/p>\n<h5 style=\"text-align: center;\"><strong><span style=\"color: #ff6600;\">F\u00eate de la Croix glorieuse<\/span><\/strong><\/h5>\n<p style=\"text-align: justify;\">Quand, \u00e0 J\u00e9rusalem, la reine sainte H\u00e9l\u00e8ne, m\u00e8re de l&#8217;empereur Constantin, fut convaincue d&rsquo;avoir retrouv\u00e9 sur le Mont Calvaire la vraie croix du Christ, elle fit \u00e9difier en ce lieu, avec l&rsquo;aide de son fils, une basilique englobant le Calvaire et le Saint S\u00e9pulcre. Cette basilique qui eut pour nom \u00ab\u00a0R\u00e9surrection\u00a0\u00bb fut consacr\u00e9e un 14 septembre.\u00a0 Par la suite, ce jour fut choisi pour c\u00e9l\u00e9brer une f\u00eate qu&rsquo;on appela \u00ab\u00a0Exaltation de la pr\u00e9cieuse et vivifiante Croix\u00a0\u00bb parce que son rite principal consistait en une ostension solennelle d&rsquo;une relique de la vraie croix. Ce geste manifestait devant tous que la Croix est glorieuse parce qu&rsquo;en elle la mort est vaincue par la vie. La f\u00eate se r\u00e9pandit \u00e0 Constantinople o\u00f9 elle connut un \u00e9clat nouveau \u00e0 partir du VIIe si\u00e8cle parce que les Perses infid\u00e8les s&rsquo;\u00e9taient empar\u00e9s de J\u00e9rusalem et avaient emport\u00e9 dans leur pays la vraie Croix comme troph\u00e9e de victoire. L&#8217;empereur Heraclius alla la reprendre et ramena triomphalement \u00e0 Constantinople le symbole de la victoire du Christ sur la mort. Progressivement la f\u00eate fut c\u00e9l\u00e9br\u00e9e dans toute l&rsquo;\u00c9glise et des parcelles de cette relique furent distribu\u00e9es \u00e0 travers le monde chr\u00e9tien.<br \/>\n\u00ab\u00a0\u00d4 Croix mon refuge, \u00f4 Croix mon chemin et ma force, \u00f4 Croix \u00e9tendard imprenable, \u00f4 Croix arme invincible. La Croix repousse tout mal, la Croix met les t\u00e9n\u00e8bres en fuite; par cette Croix je parcourrai le chemin qui m\u00e8ne \u00e0 Dieu.\u00a0\u00bb<br \/>\n(Invocation \u00e0 la Croix par Saint Odilon &#8211; \u00c9glise catholique en France)<br \/>\nF\u00eate de la Croix glorieuse. Au lendemain de la d\u00e9dicace de la basilique de la R\u00e9surrection, \u00e9rig\u00e9e sur le tombeau du Christ, la sainte Croix est exalt\u00e9e et honor\u00e9e, comme le troph\u00e9e de sa victoire pascale et le signe qui appara\u00eetra dans le ciel, annon\u00e7ant d\u00e9j\u00e0 d&rsquo;avance \u00e0 tous son glorieux av\u00e8nement.<\/p>\n<p><img loading=\"lazy\" decoding=\"async\" class=\"aligncenter\" src=\"https:\/\/www.abbaye-tarasteix.fr\/images\/dsc3350.jpg\" alt=\"Abbaye de Tarasteix\" width=\"373\" height=\"559\" \/><\/p>\n<p>&nbsp;<\/p>\n<p style=\"text-align: right;\">Source : Martyrologe romain &#8211; Nominis<\/p>\n<p style=\"text-align: right;\">\n","protected":false},"excerpt":{"rendered":"<p>&nbsp; 267 habitants (2023) Tarasteix \u00e9tait au Moyen \u00c2ge une seigneurie qui ne devait l&rsquo;hommage \u00e0 aucun suzerain et qui se consid\u00e9rait donc comme souveraine. Cette seigneurie fut achet\u00e9e en&#8230;<\/p>\n<p> <a class=\"continue-reading-link\" href=\"https:\/\/paroisses-vic-bigorre.fr\/?page_id=1083\"><span>LIRE LA SUITE<\/span><i class=\"crycon-right-dir\"><\/i><\/a> <\/p>\n","protected":false},"author":2,"featured_media":0,"parent":0,"menu_order":0,"comment_status":"closed","ping_status":"closed","template":"","meta":{"footnotes":""},"class_list":["post-1083","page","type-page","status-publish","hentry"],"jetpack_sharing_enabled":true,"_links":{"self":[{"href":"https:\/\/paroisses-vic-bigorre.fr\/index.php?rest_route=\/wp\/v2\/pages\/1083","targetHints":{"allow":["GET"]}}],"collection":[{"href":"https:\/\/paroisses-vic-bigorre.fr\/index.php?rest_route=\/wp\/v2\/pages"}],"about":[{"href":"https:\/\/paroisses-vic-bigorre.fr\/index.php?rest_route=\/wp\/v2\/types\/page"}],"author":[{"embeddable":true,"href":"https:\/\/paroisses-vic-bigorre.fr\/index.php?rest_route=\/wp\/v2\/users\/2"}],"replies":[{"embeddable":true,"href":"https:\/\/paroisses-vic-bigorre.fr\/index.php?rest_route=%2Fwp%2Fv2%2Fcomments&post=1083"}],"version-history":[{"count":4,"href":"https:\/\/paroisses-vic-bigorre.fr\/index.php?rest_route=\/wp\/v2\/pages\/1083\/revisions"}],"predecessor-version":[{"id":16265,"href":"https:\/\/paroisses-vic-bigorre.fr\/index.php?rest_route=\/wp\/v2\/pages\/1083\/revisions\/16265"}],"wp:attachment":[{"href":"https:\/\/paroisses-vic-bigorre.fr\/index.php?rest_route=%2Fwp%2Fv2%2Fmedia&parent=1083"}],"curies":[{"name":"wp","href":"https:\/\/api.w.org\/{rel}","templated":true}]}}